{"id":12265,"date":"2018-03-13T16:40:10","date_gmt":"2018-03-13T14:40:10","guid":{"rendered":"http:\/\/www.padaste.ee\/?page_id=12265"},"modified":"2023-12-13T10:13:12","modified_gmt":"2023-12-13T10:13:12","slug":"rahustav","status":"publish","type":"page","link":"https:\/\/www.xn--pdaste-bua.ee\/et\/puhkehetked\/rahustav\/","title":{"rendered":"Rahustav"},"content":{"rendered":"<p><a href=\"http:\/\/www.padaste.ee\/wp-content\/uploads\/2018\/02\/seawater-hottub2.jpg\"><img loading=\"lazy\" class=\"alignright wp-image-11733 size-medium\" src=\"http:\/\/www.padaste.ee\/wp-content\/uploads\/2018\/02\/seawater-hottub2-300x169.jpg\" alt=\"\" width=\"300\" height=\"169\" srcset=\"https:\/\/www.xn--pdaste-bua.ee\/wp-content\/uploads\/2018\/02\/seawater-hottub2-300x169.jpg 300w, https:\/\/www.xn--pdaste-bua.ee\/wp-content\/uploads\/2018\/02\/seawater-hottub2-768x432.jpg 768w, https:\/\/www.xn--pdaste-bua.ee\/wp-content\/uploads\/2018\/02\/seawater-hottub2-1024x576.jpg 1024w, https:\/\/www.xn--pdaste-bua.ee\/wp-content\/uploads\/2018\/02\/seawater-hottub2-24x14.jpg 24w, https:\/\/www.xn--pdaste-bua.ee\/wp-content\/uploads\/2018\/02\/seawater-hottub2-36x20.jpg 36w, https:\/\/www.xn--pdaste-bua.ee\/wp-content\/uploads\/2018\/02\/seawater-hottub2-48x27.jpg 48w\" sizes=\"(max-width: 300px) 100vw, 300px\" \/><\/a><\/p>\n<h1><span style=\"font-size: 18px; color: #ff0000;\">Vana Muhu traditsiooniliste ravimtaimede hoolitsused \u2013 soovitame Kuuma merevee t\u00f5rt P\u00e4daste Lahel<\/span><\/h1>\n<p>L\u00f5\u00f5gastu id\u00fcllilises P\u00e4daste Spas, naudi autentset Muhu puuk\u00fcttega sauna ning P\u00f5hjala k\u00fclmavee t\u00f5rt; rahustav \u00fcrdih\u00f5nguline aurusaun ning Kuuma merevee t\u00f5rs P\u00e4daste lahel.<\/p>\n<p>&nbsp;<\/p>\n<p>&nbsp;<\/p>\n<h1><span style=\"font-size: 18px; color: #ff0000;\">Avasta Muhumaa heinamaid ning metsasid koos P\u00e4daste hortikulturistiga<\/span><\/h1>\n<p>P\u00e4daste M\u00f5isa hortikulturist viib teid v\u00e4rskendavale jalutusk\u00e4igule m\u00f5isa \u00fcmbritsevas looduses.<\/p>\n<p>&nbsp;<\/p>\n<p>&nbsp;<\/p>\n<h1><span style=\"font-size: 18px; color: #ff0000;\"><strong>Privaatne seeneretk ja loodusmatk koos suupistega metsas<a href=\"http:\/\/www.padaste.ee\/wp-content\/uploads\/2020\/12\/mushrooms-454172_1920.jpg\"><img loading=\"lazy\" class=\"size-medium wp-image-16285 alignright\" src=\"http:\/\/www.padaste.ee\/wp-content\/uploads\/2020\/12\/mushrooms-454172_1920-300x200.jpg\" alt=\"\" width=\"300\" height=\"200\" srcset=\"https:\/\/www.xn--pdaste-bua.ee\/wp-content\/uploads\/2020\/12\/mushrooms-454172_1920-300x200.jpg 300w, https:\/\/www.xn--pdaste-bua.ee\/wp-content\/uploads\/2020\/12\/mushrooms-454172_1920-768x512.jpg 768w, https:\/\/www.xn--pdaste-bua.ee\/wp-content\/uploads\/2020\/12\/mushrooms-454172_1920-1024x683.jpg 1024w, https:\/\/www.xn--pdaste-bua.ee\/wp-content\/uploads\/2020\/12\/mushrooms-454172_1920-24x16.jpg 24w, https:\/\/www.xn--pdaste-bua.ee\/wp-content\/uploads\/2020\/12\/mushrooms-454172_1920-36x24.jpg 36w, https:\/\/www.xn--pdaste-bua.ee\/wp-content\/uploads\/2020\/12\/mushrooms-454172_1920-48x32.jpg 48w, https:\/\/www.xn--pdaste-bua.ee\/wp-content\/uploads\/2020\/12\/mushrooms-454172_1920.jpg 1920w\" sizes=\"(max-width: 300px) 100vw, 300px\" \/><\/a><\/strong><\/span><\/h1>\n<p>P\u00f5nev loodusmatk P\u00e4daste hortikulturisti juhendamisel, kes hoolitseb restorani Alexander igap\u00e4evaste aiasaaduste eest. Loodusmatkal \u00fchineb meiega ka m\u00fckoloog, kellel on r\u00e4\u00e4kida iga metsas n\u00e4htud seene kohta oma lugu. See v\u00f5ib olla t\u00f5eliselt \u00fcllatav, kui palju erinevaid seeni meie metsades kasvab ja mida me oma tavap\u00e4rastel seenek\u00e4ikudel ei pruugi kunagi m\u00e4rgata.&nbsp;Seente ja looduse keskel valmistab meie kokk maitsva suupiste teie jalutusk\u00e4igul korjatud seentest. T\u00f5eline maiuspala igale korilasele!<\/p>\n<p>&nbsp;<\/p>\n<p>&nbsp;<\/p>\n<p><a href=\"http:\/\/www.padaste.ee\/wp-content\/uploads\/2018\/02\/screen-shot-2018-02-13-at-15-19-07.png\"><img loading=\"lazy\" class=\"alignright wp-image-11644 size-medium\" src=\"http:\/\/www.padaste.ee\/wp-content\/uploads\/2018\/02\/screen-shot-2018-02-13-at-15-19-07-300x143.png\" alt=\"\" width=\"300\" height=\"143\" srcset=\"https:\/\/www.xn--pdaste-bua.ee\/wp-content\/uploads\/2018\/02\/screen-shot-2018-02-13-at-15-19-07-300x143.png 300w, https:\/\/www.xn--pdaste-bua.ee\/wp-content\/uploads\/2018\/02\/screen-shot-2018-02-13-at-15-19-07-768x366.png 768w, https:\/\/www.xn--pdaste-bua.ee\/wp-content\/uploads\/2018\/02\/screen-shot-2018-02-13-at-15-19-07-1024x488.png 1024w, https:\/\/www.xn--pdaste-bua.ee\/wp-content\/uploads\/2018\/02\/screen-shot-2018-02-13-at-15-19-07-24x11.png 24w, https:\/\/www.xn--pdaste-bua.ee\/wp-content\/uploads\/2018\/02\/screen-shot-2018-02-13-at-15-19-07-36x17.png 36w, https:\/\/www.xn--pdaste-bua.ee\/wp-content\/uploads\/2018\/02\/screen-shot-2018-02-13-at-15-19-07-48x23.png 48w, https:\/\/www.xn--pdaste-bua.ee\/wp-content\/uploads\/2018\/02\/screen-shot-2018-02-13-at-15-19-07.png 1434w\" sizes=\"(max-width: 300px) 100vw, 300px\" \/><\/a><\/p>\n<h1><span style=\"font-size: 18px; color: #ff0000;\">Kesk\u00f6ine pidu Armastuse saarel koos akustilise muusika, l\u00f5kke ja maitsvate jookidega<\/span><\/h1>\n<p>Peale \u00f5htus\u00f6\u00f6ki viivad aerupaadid teid \u00fcle P\u00e4daste lahe Armastuse saarele. Koht, kus muusika flirdib peakohal olevate t\u00e4htede ja kuuga&#8230;<\/p>\n<p>&nbsp;<\/p>\n<p>&nbsp;<\/p>\n<h1><span style=\"font-size: 18px; color: #ff0000;\">Traditsiooniline l\u00f5kketuli mere \u00e4\u00e4res<\/span><\/h1>\n<p>Traditsiooniline Muhu l\u00f5kketuli nautimaks romantilist \u00f5htut P\u00e4daste M\u00f5isa mere\u00e4\u00e4rsel alal.<\/p>\n<p>&nbsp;<\/p>\n<p>&nbsp;<\/p>\n<p>K\u00f5ik pakutavad puhkehetked organiseeritakse eraldi vastavalt soovile; pakkumise l\u00f5plik hind ja kinnitus s\u00f5ltub kuup\u00e4evast ning k\u00fclaliste arvust.<\/p>\n<p>&nbsp;<\/p>\n<p>Lisainformatsiooniks v\u00f5tke meiega \u00fchendust e-mailil&nbsp;<a href=\"mailto:info@padaste.ee\">info@padaste.ee<\/a>&nbsp;v\u00f5i helistage numbril +372 45 48 800<\/p>\n<p>&nbsp;<\/p>\n<p>&nbsp;<\/p>\n<p><strong>Vaata lisaks<\/strong><\/p>\n<p>&nbsp;<\/p>\n<p style=\"padding-left: 60px;\"><a href=\"http:\/\/www.padaste.ee\/et\/puhkehetked\/inspireeriv\/\">Inspireeriv<\/a><\/p>\n<p style=\"padding-left: 60px;\"><a href=\"http:\/\/www.padaste.ee\/et\/puhkehetked\/toeline-muhu\/\">T\u00f5eline Muhu<\/a><\/p>\n<p style=\"padding-left: 60px;\"><a href=\"http:\/\/www.padaste.ee\/et\/puhkehetked\/hoogne\/\">Hoogne<\/a><\/p>\n","protected":false},"excerpt":{"rendered":"<p>Vana Muhu traditsiooniliste ravimtaimede hoolitsused \u2013 soovitame Kuuma merevee t\u00f5rt P\u00e4daste Lahel L\u00f5\u00f5gastu id\u00fcllilises P\u00e4daste Spas, naudi autentset Muhu puuk\u00fcttega sauna ning P\u00f5hjala k\u00fclmavee t\u00f5rt; rahustav \u00fcrdih\u00f5nguline aurusaun ning Kuuma merevee t\u00f5rs P\u00e4daste lahel. &nbsp; &nbsp; Avasta Muhumaa heinamaid ning metsasid koos P\u00e4daste hortikulturistiga P\u00e4daste M\u00f5isa hortikulturist viib teid v\u00e4rskendavale jalutusk\u00e4igule m\u00f5isa \u00fcmbritsevas looduses. &nbsp; [&hellip;]<\/p>\n","protected":false},"author":52,"featured_media":11644,"parent":8986,"menu_order":0,"comment_status":"closed","ping_status":"closed","template":"","meta":{"ngg_post_thumbnail":0,"_links_to":"","_links_to_target":""},"yoast_head":"<!-- This site is optimized with the Yoast SEO plugin v16.1.1 - https:\/\/yoast.com\/wordpress\/plugins\/seo\/ -->\n<title>Rahustav -<\/title>\n<link rel=\"canonical\" href=\"https:\/\/padaste.ee\/et\/puhkehetked\/rahustav\/\" \/>\n<meta property=\"og:locale\" content=\"et_EE\" \/>\n<meta property=\"og:type\" content=\"article\" \/>\n<meta property=\"og:title\" content=\"Rahustav -\" \/>\n<meta property=\"og:description\" content=\"Vana Muhu traditsiooniliste ravimtaimede hoolitsused \u2013 soovitame Kuuma merevee t\u00f5rt P\u00e4daste Lahel L\u00f5\u00f5gastu id\u00fcllilises P\u00e4daste Spas, naudi autentset Muhu puuk\u00fcttega sauna ning P\u00f5hjala k\u00fclmavee t\u00f5rt; rahustav \u00fcrdih\u00f5nguline aurusaun ning Kuuma merevee t\u00f5rs P\u00e4daste lahel. &nbsp; &nbsp; Avasta Muhumaa heinamaid ning metsasid koos P\u00e4daste hortikulturistiga P\u00e4daste M\u00f5isa hortikulturist viib teid v\u00e4rskendavale jalutusk\u00e4igule m\u00f5isa \u00fcmbritsevas looduses. &nbsp; [&hellip;]\" \/>\n<meta property=\"og:url\" content=\"https:\/\/padaste.ee\/et\/puhkehetked\/rahustav\/\" \/>\n<meta property=\"article:publisher\" content=\"https:\/\/www.facebook.com\/Padastemanor\/\" \/>\n<meta property=\"article:modified_time\" content=\"2023-12-13T10:13:12+00:00\" \/>\n<meta property=\"og:image\" content=\"https:\/\/www.xn--pdaste-bua.ee\/wp-content\/uploads\/2018\/02\/screen-shot-2018-02-13-at-15-19-07.png\" \/>\n\t<meta property=\"og:image:width\" content=\"1434\" \/>\n\t<meta property=\"og:image:height\" content=\"683\" \/>\n<meta name=\"twitter:card\" content=\"summary_large_image\" \/>\n<meta name=\"twitter:label1\" content=\"Est. reading time\">\n\t<meta name=\"twitter:data1\" content=\"2 minutit\">\n<script type=\"application\/ld+json\" class=\"yoast-schema-graph\">{\"@context\":\"https:\/\/schema.org\",\"@graph\":[{\"@type\":\"Organization\",\"@id\":\"https:\/\/padaste.ee\/#organization\",\"name\":\"P\\u00e4daste M\\u00f5is\",\"url\":\"https:\/\/padaste.ee\/\",\"sameAs\":[\"https:\/\/www.facebook.com\/Padastemanor\/\"],\"logo\":{\"@type\":\"ImageObject\",\"@id\":\"https:\/\/padaste.ee\/#logo\",\"inLanguage\":\"et\",\"url\":\"https:\/\/padaste.ee\/wp-content\/uploads\/2018\/12\/padaste_2011.jpg\",\"contentUrl\":\"https:\/\/padaste.ee\/wp-content\/uploads\/2018\/12\/padaste_2011.jpg\",\"width\":154,\"height\":61,\"caption\":\"P\\u00e4daste M\\u00f5is\"},\"image\":{\"@id\":\"https:\/\/padaste.ee\/#logo\"}},{\"@type\":\"WebSite\",\"@id\":\"https:\/\/padaste.ee\/#website\",\"url\":\"https:\/\/padaste.ee\/\",\"name\":\"\",\"description\":\"\",\"publisher\":{\"@id\":\"https:\/\/padaste.ee\/#organization\"},\"potentialAction\":[{\"@type\":\"SearchAction\",\"target\":\"https:\/\/padaste.ee\/?s={search_term_string}\",\"query-input\":\"required name=search_term_string\"}],\"inLanguage\":\"et\"},{\"@type\":\"ImageObject\",\"@id\":\"https:\/\/padaste.ee\/et\/puhkehetked\/rahustav\/#primaryimage\",\"inLanguage\":\"et\",\"url\":\"https:\/\/www.xn--pdaste-bua.ee\/wp-content\/uploads\/2018\/02\/screen-shot-2018-02-13-at-15-19-07.png\",\"contentUrl\":\"https:\/\/www.xn--pdaste-bua.ee\/wp-content\/uploads\/2018\/02\/screen-shot-2018-02-13-at-15-19-07.png\",\"width\":1434,\"height\":683},{\"@type\":\"WebPage\",\"@id\":\"https:\/\/padaste.ee\/et\/puhkehetked\/rahustav\/#webpage\",\"url\":\"https:\/\/padaste.ee\/et\/puhkehetked\/rahustav\/\",\"name\":\"Rahustav -\",\"isPartOf\":{\"@id\":\"https:\/\/padaste.ee\/#website\"},\"primaryImageOfPage\":{\"@id\":\"https:\/\/padaste.ee\/et\/puhkehetked\/rahustav\/#primaryimage\"},\"datePublished\":\"2018-03-13T14:40:10+00:00\",\"dateModified\":\"2023-12-13T10:13:12+00:00\",\"breadcrumb\":{\"@id\":\"https:\/\/padaste.ee\/et\/puhkehetked\/rahustav\/#breadcrumb\"},\"inLanguage\":\"et\",\"potentialAction\":[{\"@type\":\"ReadAction\",\"target\":[\"https:\/\/padaste.ee\/et\/puhkehetked\/rahustav\/\"]}]},{\"@type\":\"BreadcrumbList\",\"@id\":\"https:\/\/padaste.ee\/et\/puhkehetked\/rahustav\/#breadcrumb\",\"itemListElement\":[{\"@type\":\"ListItem\",\"position\":1,\"item\":{\"@type\":\"WebPage\",\"@id\":\"https:\/\/padaste.ee\/et\/\",\"url\":\"https:\/\/padaste.ee\/et\/\",\"name\":\"Home\"}},{\"@type\":\"ListItem\",\"position\":2,\"item\":{\"@type\":\"WebPage\",\"@id\":\"https:\/\/xn--pdaste-bua.ee\/et\/puhkehetked\/\",\"url\":\"https:\/\/xn--pdaste-bua.ee\/et\/puhkehetked\/\",\"name\":\"Puhkehetked\"}},{\"@type\":\"ListItem\",\"position\":3,\"item\":{\"@type\":\"WebPage\",\"@id\":\"https:\/\/padaste.ee\/et\/puhkehetked\/rahustav\/\",\"url\":\"https:\/\/padaste.ee\/et\/puhkehetked\/rahustav\/\",\"name\":\"Rahustav\"}}]}]}<\/script>\n<!-- \/ Yoast SEO plugin. -->","_links":{"self":[{"href":"https:\/\/www.xn--pdaste-bua.ee\/et\/wp-json\/wp\/v2\/pages\/12265"}],"collection":[{"href":"https:\/\/www.xn--pdaste-bua.ee\/et\/wp-json\/wp\/v2\/pages"}],"about":[{"href":"https:\/\/www.xn--pdaste-bua.ee\/et\/wp-json\/wp\/v2\/types\/page"}],"author":[{"embeddable":true,"href":"https:\/\/www.xn--pdaste-bua.ee\/et\/wp-json\/wp\/v2\/users\/52"}],"replies":[{"embeddable":true,"href":"https:\/\/www.xn--pdaste-bua.ee\/et\/wp-json\/wp\/v2\/comments?post=12265"}],"version-history":[{"count":10,"href":"https:\/\/www.xn--pdaste-bua.ee\/et\/wp-json\/wp\/v2\/pages\/12265\/revisions"}],"predecessor-version":[{"id":20922,"href":"https:\/\/www.xn--pdaste-bua.ee\/et\/wp-json\/wp\/v2\/pages\/12265\/revisions\/20922"}],"up":[{"embeddable":true,"href":"https:\/\/www.xn--pdaste-bua.ee\/et\/wp-json\/wp\/v2\/pages\/8986"}],"wp:featuredmedia":[{"embeddable":true,"href":"https:\/\/www.xn--pdaste-bua.ee\/et\/wp-json\/wp\/v2\/media\/11644"}],"wp:attachment":[{"href":"https:\/\/www.xn--pdaste-bua.ee\/et\/wp-json\/wp\/v2\/media?parent=12265"}],"curies":[{"name":"wp","href":"https:\/\/api.w.org\/{rel}","templated":true}]}}