{"id":12274,"date":"2018-03-13T16:54:15","date_gmt":"2018-03-13T14:54:15","guid":{"rendered":"http:\/\/www.padaste.ee\/?page_id=12274"},"modified":"2022-11-09T19:48:18","modified_gmt":"2022-11-09T19:48:18","slug":"toeline-muhu","status":"publish","type":"page","link":"https:\/\/www.xn--pdaste-bua.ee\/et\/puhkehetked\/toeline-muhu\/","title":{"rendered":"T\u00f5eline Muhu"},"content":{"rendered":"<p><a href=\"http:\/\/www.padaste.ee\/wp-content\/uploads\/2018\/02\/2797143889.jpg\"><img loading=\"lazy\" class=\"alignright wp-image-11705 size-medium\" src=\"http:\/\/www.padaste.ee\/wp-content\/uploads\/2018\/02\/2797143889-300x200.jpg\" alt=\"\" width=\"300\" height=\"200\" srcset=\"https:\/\/www.xn--pdaste-bua.ee\/wp-content\/uploads\/2018\/02\/2797143889-300x200.jpg 300w, https:\/\/www.xn--pdaste-bua.ee\/wp-content\/uploads\/2018\/02\/2797143889-768x512.jpg 768w, https:\/\/www.xn--pdaste-bua.ee\/wp-content\/uploads\/2018\/02\/2797143889-1024x683.jpg 1024w, https:\/\/www.xn--pdaste-bua.ee\/wp-content\/uploads\/2018\/02\/2797143889-24x16.jpg 24w, https:\/\/www.xn--pdaste-bua.ee\/wp-content\/uploads\/2018\/02\/2797143889-36x24.jpg 36w, https:\/\/www.xn--pdaste-bua.ee\/wp-content\/uploads\/2018\/02\/2797143889-48x32.jpg 48w, https:\/\/www.xn--pdaste-bua.ee\/wp-content\/uploads\/2018\/02\/2797143889.jpg 2048w\" sizes=\"(max-width: 300px) 100vw, 300px\" \/><\/a><\/p>\n<h1><span style=\"font-size: 18px; color: #ff0000;\">Muhu rahvatantsud koos esindusliku moderntantsu koreograafiaga<\/span><\/h1>\n<p>Suurep\u00e4rane eeskava Muhu memmedelt, kes on rahvatantsuga tegelenud terve elu, nii nagu k\u00f5ik Muhu poisid ja t\u00fcdrukud. \u00dcks saare ilusamaid igihaljaid traditsioone.<\/p>\n<p>&nbsp;<\/p>\n<p>&nbsp;<\/p>\n<h1><span style=\"font-size: 18px; color: #ff0000;\">Muhu portselani t\u00f6\u00f6tuba<\/span><\/h1>\n<p>\u00d5pi traditsioonilisi Muhu portselani valmistamise tehnikaid.<\/p>\n<p>&nbsp;<\/p>\n<p><a href=\"http:\/\/www.padaste.ee\/wp-content\/uploads\/2018\/02\/dsc2253.jpg\"><img loading=\"lazy\" class=\"alignright wp-image-11706 size-medium\" src=\"http:\/\/www.padaste.ee\/wp-content\/uploads\/2018\/02\/dsc2253-300x200.jpg\" alt=\"\" width=\"300\" height=\"200\" srcset=\"https:\/\/www.xn--pdaste-bua.ee\/wp-content\/uploads\/2018\/02\/dsc2253-300x200.jpg 300w, https:\/\/www.xn--pdaste-bua.ee\/wp-content\/uploads\/2018\/02\/dsc2253-768x512.jpg 768w, https:\/\/www.xn--pdaste-bua.ee\/wp-content\/uploads\/2018\/02\/dsc2253-1024x683.jpg 1024w, https:\/\/www.xn--pdaste-bua.ee\/wp-content\/uploads\/2018\/02\/dsc2253-24x16.jpg 24w, https:\/\/www.xn--pdaste-bua.ee\/wp-content\/uploads\/2018\/02\/dsc2253-36x24.jpg 36w, https:\/\/www.xn--pdaste-bua.ee\/wp-content\/uploads\/2018\/02\/dsc2253-48x32.jpg 48w\" sizes=\"(max-width: 300px) 100vw, 300px\" \/><\/a><\/p>\n<h1>&nbsp;<\/h1>\n<h1><span style=\"font-size: 18px; color: #ff0000;\"><strong>Varahommikune v\u00e4ljas\u00f5it kohaliku kalamehega ja v\u00f5rkude t\u00fchjendamine<\/strong><\/span><\/h1>\n<p>Ainulaadne varahommikune v\u00e4ljas\u00f5it merele &#8211; kalap\u00fc\u00fcgiretk v\u00f5rkude t\u00fchjendamiseks koos kohaliku kalamehega.&nbsp;Kui veab, v\u00f5ib teid tervitada v\u00f5rgu k\u00f5rval meres askeldav h\u00fcljes, kes uudishimulikult tervitab ka teisi hommikus\u00f6\u00f6gile saabunuid. Merel pakume ka napsu kalap\u00fc\u00fcgi\u00f5nne terviseks.<\/p>\n<p>&nbsp;<\/p>\n<p>&nbsp;<\/p>\n<h1><span style=\"font-size: 18px; color: #ff0000;\">Muhumaa ringreis giidiga<\/span><\/h1>\n<p>Muhumaa ringreis asjatundliku giidiga tutvustamaks Muhu saare ajaloolisi ehitisi, mille ajalugu ulatub tagasi 13. sajandisse.<\/p>\n<p>&nbsp;<\/p>\n<p>&nbsp;<\/p>\n<h1><span style=\"font-size: 18px; color: #ff0000;\">Cocktails au natuure \u2013 laske meil viia teid hobukaarikuga kohta, kus loodus on aegumatu ning saate rahus kokteile nautida<\/span><\/h1>\n<p>Astelpaju naps v\u00f5i pigem traditsiooniline dry martini? Me valime imelise koha, teie keelekastme.<\/p>\n<p>&nbsp;<\/p>\n<p>&nbsp;<\/p>\n<p>&nbsp;<\/p>\n<p>&nbsp;<\/p>\n<p>K\u00f5ik pakutavad puhkehetked organiseeritakse eraldi vastavalt soovile; pakkumise l\u00f5plik hind ja kinnitus s\u00f5ltub kuup\u00e4evast ning k\u00fclaliste arvust.<\/p>\n<p>&nbsp;<\/p>\n<p>Lisainformatsiooniks v\u00f5tke meiega \u00fchendust e-mailil&nbsp;<a href=\"mailto:info@padaste.ee\">info@padaste.ee<\/a>&nbsp;v\u00f5i helistage numbril +372 45 48 800<\/p>\n<p>&nbsp;<\/p>\n<p>&nbsp;<\/p>\n<p><strong>Vaata lisaks<\/strong><\/p>\n<p>&nbsp;<\/p>\n<p style=\"padding-left: 60px;\"><a href=\"http:\/\/www.padaste.ee\/et\/puhkehetked\/rahustav\/\">Rahustav<\/a><\/p>\n<p style=\"padding-left: 60px;\"><a href=\"http:\/\/www.padaste.ee\/et\/puhkehetked\/inspireeriv\/\">Inspireeriv<\/a><\/p>\n<p style=\"padding-left: 60px;\"><a href=\"http:\/\/www.padaste.ee\/et\/puhkehetked\/hoogne\/\">Hoogne<\/a><\/p>\n","protected":false},"excerpt":{"rendered":"<p>Muhu rahvatantsud koos esindusliku moderntantsu koreograafiaga Suurep\u00e4rane eeskava Muhu memmedelt, kes on rahvatantsuga tegelenud terve elu, nii nagu k\u00f5ik Muhu poisid ja t\u00fcdrukud. \u00dcks saare ilusamaid igihaljaid traditsioone. &nbsp; &nbsp; Muhu portselani t\u00f6\u00f6tuba \u00d5pi traditsioonilisi Muhu portselani valmistamise tehnikaid. &nbsp; &nbsp; Varahommikune v\u00e4ljas\u00f5it kohaliku kalamehega ja v\u00f5rkude t\u00fchjendamine Ainulaadne varahommikune v\u00e4ljas\u00f5it merele &#8211; kalap\u00fc\u00fcgiretk v\u00f5rkude [&hellip;]<\/p>\n","protected":false},"author":52,"featured_media":11705,"parent":8986,"menu_order":0,"comment_status":"closed","ping_status":"closed","template":"","meta":{"ngg_post_thumbnail":0,"_links_to":"","_links_to_target":""},"yoast_head":"<!-- This site is optimized with the Yoast SEO plugin v16.1.1 - https:\/\/yoast.com\/wordpress\/plugins\/seo\/ -->\n<title>T\u00f5eline Muhu -<\/title>\n<link rel=\"canonical\" href=\"https:\/\/padaste.ee\/et\/puhkehetked\/toeline-muhu\/\" \/>\n<meta property=\"og:locale\" content=\"et_EE\" \/>\n<meta property=\"og:type\" content=\"article\" \/>\n<meta property=\"og:title\" content=\"T\u00f5eline Muhu -\" \/>\n<meta property=\"og:description\" content=\"Muhu rahvatantsud koos esindusliku moderntantsu koreograafiaga Suurep\u00e4rane eeskava Muhu memmedelt, kes on rahvatantsuga tegelenud terve elu, nii nagu k\u00f5ik Muhu poisid ja t\u00fcdrukud. \u00dcks saare ilusamaid igihaljaid traditsioone. &nbsp; &nbsp; Muhu portselani t\u00f6\u00f6tuba \u00d5pi traditsioonilisi Muhu portselani valmistamise tehnikaid. &nbsp; &nbsp; Varahommikune v\u00e4ljas\u00f5it kohaliku kalamehega ja v\u00f5rkude t\u00fchjendamine Ainulaadne varahommikune v\u00e4ljas\u00f5it merele &#8211; kalap\u00fc\u00fcgiretk v\u00f5rkude [&hellip;]\" \/>\n<meta property=\"og:url\" content=\"https:\/\/padaste.ee\/et\/puhkehetked\/toeline-muhu\/\" \/>\n<meta property=\"article:publisher\" content=\"https:\/\/www.facebook.com\/Padastemanor\/\" \/>\n<meta property=\"article:modified_time\" content=\"2022-11-09T19:48:18+00:00\" \/>\n<meta property=\"og:image\" content=\"https:\/\/www.xn--pdaste-bua.ee\/wp-content\/uploads\/2018\/02\/2797143889.jpg\" \/>\n\t<meta property=\"og:image:width\" content=\"2048\" \/>\n\t<meta property=\"og:image:height\" content=\"1365\" \/>\n<meta name=\"twitter:card\" content=\"summary_large_image\" \/>\n<meta name=\"twitter:label1\" content=\"Est. reading time\">\n\t<meta name=\"twitter:data1\" content=\"2 minutit\">\n<script type=\"application\/ld+json\" class=\"yoast-schema-graph\">{\"@context\":\"https:\/\/schema.org\",\"@graph\":[{\"@type\":\"Organization\",\"@id\":\"https:\/\/padaste.ee\/#organization\",\"name\":\"P\\u00e4daste M\\u00f5is\",\"url\":\"https:\/\/padaste.ee\/\",\"sameAs\":[\"https:\/\/www.facebook.com\/Padastemanor\/\"],\"logo\":{\"@type\":\"ImageObject\",\"@id\":\"https:\/\/padaste.ee\/#logo\",\"inLanguage\":\"et\",\"url\":\"https:\/\/padaste.ee\/wp-content\/uploads\/2018\/12\/padaste_2011.jpg\",\"contentUrl\":\"https:\/\/padaste.ee\/wp-content\/uploads\/2018\/12\/padaste_2011.jpg\",\"width\":154,\"height\":61,\"caption\":\"P\\u00e4daste M\\u00f5is\"},\"image\":{\"@id\":\"https:\/\/padaste.ee\/#logo\"}},{\"@type\":\"WebSite\",\"@id\":\"https:\/\/padaste.ee\/#website\",\"url\":\"https:\/\/padaste.ee\/\",\"name\":\"\",\"description\":\"\",\"publisher\":{\"@id\":\"https:\/\/padaste.ee\/#organization\"},\"potentialAction\":[{\"@type\":\"SearchAction\",\"target\":\"https:\/\/padaste.ee\/?s={search_term_string}\",\"query-input\":\"required name=search_term_string\"}],\"inLanguage\":\"et\"},{\"@type\":\"ImageObject\",\"@id\":\"https:\/\/padaste.ee\/et\/puhkehetked\/toeline-muhu\/#primaryimage\",\"inLanguage\":\"et\",\"url\":\"https:\/\/www.xn--pdaste-bua.ee\/wp-content\/uploads\/2018\/02\/2797143889.jpg\",\"contentUrl\":\"https:\/\/www.xn--pdaste-bua.ee\/wp-content\/uploads\/2018\/02\/2797143889.jpg\",\"width\":2048,\"height\":1365},{\"@type\":\"WebPage\",\"@id\":\"https:\/\/padaste.ee\/et\/puhkehetked\/toeline-muhu\/#webpage\",\"url\":\"https:\/\/padaste.ee\/et\/puhkehetked\/toeline-muhu\/\",\"name\":\"T\\u00f5eline Muhu -\",\"isPartOf\":{\"@id\":\"https:\/\/padaste.ee\/#website\"},\"primaryImageOfPage\":{\"@id\":\"https:\/\/padaste.ee\/et\/puhkehetked\/toeline-muhu\/#primaryimage\"},\"datePublished\":\"2018-03-13T14:54:15+00:00\",\"dateModified\":\"2022-11-09T19:48:18+00:00\",\"breadcrumb\":{\"@id\":\"https:\/\/padaste.ee\/et\/puhkehetked\/toeline-muhu\/#breadcrumb\"},\"inLanguage\":\"et\",\"potentialAction\":[{\"@type\":\"ReadAction\",\"target\":[\"https:\/\/padaste.ee\/et\/puhkehetked\/toeline-muhu\/\"]}]},{\"@type\":\"BreadcrumbList\",\"@id\":\"https:\/\/padaste.ee\/et\/puhkehetked\/toeline-muhu\/#breadcrumb\",\"itemListElement\":[{\"@type\":\"ListItem\",\"position\":1,\"item\":{\"@type\":\"WebPage\",\"@id\":\"https:\/\/padaste.ee\/et\/\",\"url\":\"https:\/\/padaste.ee\/et\/\",\"name\":\"Home\"}},{\"@type\":\"ListItem\",\"position\":2,\"item\":{\"@type\":\"WebPage\",\"@id\":\"https:\/\/xn--pdaste-bua.ee\/et\/puhkehetked\/\",\"url\":\"https:\/\/xn--pdaste-bua.ee\/et\/puhkehetked\/\",\"name\":\"Puhkehetked\"}},{\"@type\":\"ListItem\",\"position\":3,\"item\":{\"@type\":\"WebPage\",\"@id\":\"https:\/\/padaste.ee\/et\/puhkehetked\/toeline-muhu\/\",\"url\":\"https:\/\/padaste.ee\/et\/puhkehetked\/toeline-muhu\/\",\"name\":\"T\\u00f5eline Muhu\"}}]}]}<\/script>\n<!-- \/ Yoast SEO plugin. -->","_links":{"self":[{"href":"https:\/\/www.xn--pdaste-bua.ee\/et\/wp-json\/wp\/v2\/pages\/12274"}],"collection":[{"href":"https:\/\/www.xn--pdaste-bua.ee\/et\/wp-json\/wp\/v2\/pages"}],"about":[{"href":"https:\/\/www.xn--pdaste-bua.ee\/et\/wp-json\/wp\/v2\/types\/page"}],"author":[{"embeddable":true,"href":"https:\/\/www.xn--pdaste-bua.ee\/et\/wp-json\/wp\/v2\/users\/52"}],"replies":[{"embeddable":true,"href":"https:\/\/www.xn--pdaste-bua.ee\/et\/wp-json\/wp\/v2\/comments?post=12274"}],"version-history":[{"count":6,"href":"https:\/\/www.xn--pdaste-bua.ee\/et\/wp-json\/wp\/v2\/pages\/12274\/revisions"}],"predecessor-version":[{"id":19119,"href":"https:\/\/www.xn--pdaste-bua.ee\/et\/wp-json\/wp\/v2\/pages\/12274\/revisions\/19119"}],"up":[{"embeddable":true,"href":"https:\/\/www.xn--pdaste-bua.ee\/et\/wp-json\/wp\/v2\/pages\/8986"}],"wp:featuredmedia":[{"embeddable":true,"href":"https:\/\/www.xn--pdaste-bua.ee\/et\/wp-json\/wp\/v2\/media\/11705"}],"wp:attachment":[{"href":"https:\/\/www.xn--pdaste-bua.ee\/et\/wp-json\/wp\/v2\/media?parent=12274"}],"curies":[{"name":"wp","href":"https:\/\/api.w.org\/{rel}","templated":true}]}}