{"id":12599,"date":"2018-05-24T16:53:42","date_gmt":"2018-05-24T13:53:42","guid":{"rendered":"http:\/\/www.padaste.ee\/?page_id=12599"},"modified":"2024-02-19T13:35:58","modified_gmt":"2024-02-19T13:35:58","slug":"privaatsuspoliitika","status":"publish","type":"page","link":"https:\/\/www.xn--pdaste-bua.ee\/et\/jalus\/privaatsuspoliitika\/","title":{"rendered":"Privaatsuspoliitika"},"content":{"rendered":"<p><span style=\"color: #ff0000;\"><strong><span style=\"font-size: 22px;\">P\u00c4DASTE M\u00d5ISA PRIVAATSUSPOLIITIKA<\/span><\/strong><\/span><\/p>\n<p>&nbsp;<\/p>\n<p><strong>Antud Privaatsuspoliitika&nbsp;rakendub k\u00f5ikidele internetilehek\u00fclgedele ning aplikatsioonidele, kus ta kirjas on, ning \u00e4ridele, mida nad esindavad.<\/strong><\/p>\n<p>&nbsp;<\/p>\n<p>Antud Privaatsuspoliitika kirjeldab kuidas P\u00e4daste O\u00dc ja teised \u00f5iguslikud kehad P\u00e4daste Manor Grupis t\u00f6\u00f6tlevad isiklikku informatsiooni, mis on kogutud l\u00e4bi internetilehek\u00fclgede ja aplikatsioonide (m\u00f5nikord viidates kui \u201cinternetilehek\u00fcljed\u201d) ning P\u00e4daste M\u00f5isa valdustes ning P\u00e4daste O\u00dc isikliku informatsiooni t\u00f6\u00f6tlemist seoses EU 2016\/679 regulatsiooniga.<\/p>\n<p>&nbsp;<\/p>\n<p>Antud Privaatsuspoliitikas, termin \u201cP\u00e4daste M\u00f5is\u201d viitab P\u00e4daste O\u00dc-le ning k\u00f5ikidele br\u00e4ndidele, mis opereerivad P\u00e4daste O\u00dc all. V\u00f5ime neile viidata ka kui \u201cmeie\u201d v\u00f5i \u201cGrupp\u201d.<\/p>\n<p>&nbsp;<\/p>\n<p>Antud Privaatsuspoliitika kehtib isiklikule informatsioonile kogutud meie internetilehek\u00fclgedelt, l\u00e4bi Guest Relations Manageri, nii meie valdustes kui ka telefoni v\u00f5i e-maili teel, v\u00f5i l\u00e4bi broneeringute, mis on toimetatud meieni teistelt hotellidelt v\u00f5i reisivahendajatelt.<\/p>\n<p>&nbsp;<\/p>\n<p><strong>Teie n\u00f5usolek<\/strong><\/p>\n<p>&nbsp;<\/p>\n<p>Enne meie internetilehek\u00fclgede kasutamist soovitame hoolikalt tutvuda antud Privaatsuspoliitikaga. Kasutades antud internetilehek\u00fclge v\u00f5i meie tooteid ja teenuseid n\u00f5ustute isikliku informatsiooni kogumisega ja t\u00f6\u00f6tlemisega n\u00f5nda nagu on antud Privaatsuspoliitikaga s\u00e4testatud. Kui te ei n\u00f5ustu antud Privaatsuspoliitikaga, siis palume teil mitte kasutada meie internetilehek\u00fclge.<\/p>\n<p>&nbsp;<\/p>\n<p><strong>Me kogume informatsiooni teilt ja teie kohta.<\/strong><\/p>\n<p>&nbsp;<\/p>\n<p><strong>Me kogume kontaktinformatsiooni.<\/strong> N\u00e4iteks v\u00f5ime koguda teie nime, e-maili, telefoni numbri ja aadressi.<\/p>\n<p>&nbsp;<\/p>\n<p><strong>Me kogume informatsiooni reisiagentuuride kohta.<\/strong> Kui te olete reisib\u00fcroo ning s\u00f5lmite meiega partnerlepingu, v\u00f5ime koguda teie reisib\u00fcroo ID numbrit, nime, e-maili ja telefoni numbrit.<\/p>\n<p>&nbsp;<\/p>\n<p><strong>Me kogume demograafilist informatsiooni.<\/strong> Me v\u00f5ime koguda informatsiooni teie soo, vanuse ja k\u00f5neldava keele kohta.<\/p>\n<p>&nbsp;<\/p>\n<p><strong>Me kogume k\u00fclaliste \u00f6\u00f6bimisega seotud informatsiooni.<\/strong> Me v\u00f5ime koguda informatsiooni teie saabumise ja lahkumise, tarbitud toodete ja teenuste, erin\u00f5uete v\u00f5i teenuste eelistuste kohta.<\/p>\n<p>&nbsp;<\/p>\n<p><strong>Me kogume informatsiooni maksete kohta<\/strong>. Me v\u00f5ime koguda informatsiooni teie krediitkaardi detailide kohta, juhul kui teete broneeringu l\u00e4bi meie broneeringus\u00fcsteemi.<\/p>\n<p>&nbsp;<\/p>\n<p><strong>Me kogume informatsiooni \u00e4ri\u00fchingute kohta.<\/strong> Me v\u00f5ime koguda informatsiooni \u00e4ri\u00fchingute kohta juhul kui olete meie juures \u00f6\u00f6binud v\u00f5i juhul kui teie t\u00f6\u00f6taja kasutab \u00e4ri\u00fchinguga seotud andmeid.<\/p>\n<p>&nbsp;<\/p>\n<p><strong>Me kogume informatsiooni teie poolt postitatud tagasiside kohta.<\/strong> Me v\u00f5ime koguda informatsiooni teie tagasiside kohta, juhul kui te olete meil \u00f6\u00f6binud v\u00f5i tarbinud meie valdustes meie poolt pakutavaid teenuseid. Me kogume informatsiooni juhul kui te kandideerite meile t\u00f6\u00f6le.<\/p>\n<p>&nbsp;<\/p>\n<p><strong>Me kogume ka muud informatsiooni<\/strong>. Juhul kui te kasutate meie internetilehek\u00fclge, v\u00f5ime koguda informatsiooni teie poolt kasutatud veebilehitseja kohta. Me v\u00f5ime vaadata, millise internetilehek\u00fclje kaudu te meie lehek\u00fcljele tulite.<\/p>\n<p>&nbsp;<\/p>\n<p><strong>Me kogume informatsiooni erinevatel meetoditel.<\/strong><\/p>\n<p>&nbsp;<\/p>\n<p><strong>Me kogume informatsiooni mida te meile annate.<\/strong> N\u00e4iteks kui te teete broneeringu l\u00e4bi meie broneeringu s\u00fcsteemi. Me kogume informatsiooni kui te v\u00f5tate meiega \u00fchendust v\u00f5i osalete meie kampaaniates.<\/p>\n<p>&nbsp;<\/p>\n<p><strong>Me kogume informatsiooni automaatselt.<\/strong> Juhul kui seadused lubavad, kasutame t\u00f6\u00f6riistu nagu veebilehitseja k\u00fcpsised.<\/p>\n<p>&nbsp;<\/p>\n<p><strong>Me kogume informatsiooni kolmandatelt osapooltelt.<\/strong> Juhul kui seadus lubab, jagame informatsiooni P\u00e4daste Manor Grupi siseselt. Me v\u00f5ime koguda informatsiooni inimestelt, kes esindavad teid, n\u00e4iteks kui keegi teeb teie nimele broneeringu. Me v\u00f5ima koguda informatsiooni ka sotsiaalmeedia platvormidelt.<\/p>\n<p>&nbsp;<\/p>\n<p><strong>Me kombineerime informatsiooni.<\/strong> Me v\u00f5ime kombineerida informatsiooni mille oleme kogunud v\u00e4ljaspoolt internetti koos internetist kogutud informatsiooniga. V\u00f5ime kombineerida ka informatsiooniga, mille oleme saanud kolmandalt osapoolelt.<\/p>\n<p>&nbsp;<\/p>\n<p><strong>Me kasutame Privaatsuspoliitikas mainitud informatsiooni seadusega koosk\u00f5las.<\/strong><\/p>\n<p>&nbsp;<\/p>\n<p><strong>Me kasutame informatsiooni, et vastata teie soovidele ja k\u00fcsimustele.<\/strong> Me kasutame teie informatsiooni, et pakkuda teile teenuseid teie soovi j\u00e4rgi nagu n\u00e4iteks hotelli broneeringud, saabumiseelse kirja saatmine, lahkumisj\u00e4rgse kirja saatmine v\u00f5i palume teil osaled kasutajauuringus.&nbsp;<\/p>\n<p>&nbsp;<\/p>\n<p><strong>Me kasutame informatsiooni parandamaks meie teenust ning internetilehek\u00fclge.<\/strong> Me v\u00f5ime kasutada teie informatsiooni, et muuta meie hotelli ja pakutavaid teenuseid paremaks.<\/p>\n<p>&nbsp;<\/p>\n<p><strong>Me kasutame informatsiooni turvakaalutlustel.<\/strong> Seaduse piires v\u00f5ime kasutada teie informatsiooni, et kaitsta meie firmat, kliente ja internetilehek\u00fclgesid.<\/p>\n<p>&nbsp;<\/p>\n<p><strong>Me kasutame informatsiooni turunduslikel eesm\u00e4rkidel.<\/strong> Me v\u00f5ime teile saata informatsiooni meie uute teenuste ja pakkumiste kohta, juhul kui olete selleks soovi avaldanud.<\/p>\n<p>&nbsp;<\/p>\n<p><strong>Me kasutame informatsiooni, et teiega suhelda.<\/strong> Me v\u00f5ime teiega kontakteeruda tagasiside v\u00f5i antud Privaatsuspoliitika osas, juhul kui olete selleks soovi avaldanud.<\/p>\n<p>&nbsp;<\/p>\n<p><strong>Me kasutame informatsiooni seadusp\u00e4raselt.<\/strong><\/p>\n<p>&nbsp;<\/p>\n<p><strong>Me v\u00f5ime jagada teie informatsiooni kolmandate osapooltega.<\/strong><\/p>\n<p>&nbsp;<\/p>\n<p><b>Me jagame teie informatsiooni P\u00e4daste Manor Grupi siseselt seaduse piires.<\/b> Me v\u00f5ime jagada teie informatsiooni broneeringute tarvis v\u00f5i, et kujundada teie elamus teie eelistuste j\u00e4rgi.<\/p>\n<p>&nbsp;<\/p>\n<p><strong>Me jagame teie informatsiooni, kui me peame seda seaduslikult vajalikuks, et kaitsta meid, meie kliente v\u00f5i teisi k\u00fclalisi.<\/strong> Me jagame informatsiooni, et vastata kohtu kutsetele ja \u00f5iguslikele k\u00fcsimustele. Me v\u00f5ime jagada informatsiooni kui on tegu t\u00f5en\u00e4olise pettusega.<\/p>\n<p>&nbsp;<\/p>\n<p><strong>Te v\u00f5ite loobuda meie turunduslikest mailidest.<\/strong> Et loobuda meie turunduslikest emailidest palume teil muuta s\u00e4tteid oma kasutaja alt v\u00f5i reageerida meilt e-maili saades. Juhul kui te loobute meie turunduslikest emailidest v\u00f5ite te meilt saada e-maile, mis on seotud teie \u00f6\u00f6bimisega meil.<\/p>\n<p>&nbsp;<\/p>\n<p><strong>Meie lehek\u00fclg ja lapsed.<\/strong><\/p>\n<p>Meie lehek\u00fcljed ja aplikatsioonid, kus antud Privaatsuspoliitika on leitav, on m\u00f5eldud t\u00e4iskasvanutele. Me ei kogu teadlikult informatsiooni laste kohta vanuses alla 18 aastat ilma vanemate v\u00f5i hooldaja loata. Juhul kui te olete vanem v\u00f5i kellegi ametlik hooldaja ning te arvate, et teie laps on andnud meile informatsiooni, palume \u00fchendust v\u00f5tta privacypolicy@padaste.ee.<\/p>\n<p>&nbsp;<\/p>\n<p><strong>Me kasutame standardseid ohutusv\u00f5tteid.<\/strong> Internet ei ole 100% ohutu. Me ei saa teile garanteerida, et meie internetilehek\u00fcljed on 100% ohutud. K\u00f5ik teie andmesisestused meie lehek\u00fclgedel toimuvad teie omal vastutusel. Me soovitame kasutada internetti ettevaatlikult.<\/p>\n<p>&nbsp;<\/p>\n<p><strong>Me s\u00e4ilitame informatsiooni.<\/strong> Me hoiame teie informatsiooni nii kaua kui see on vajalik vastavalt s\u00e4testatud Privaatsuspoliitikale. Me hoiame informatsiooni, mis on s\u00e4testatud seadusega.<\/p>\n<p>&nbsp;<\/p>\n<p><strong>Me v\u00f5ime linkida teiste internetilehek\u00fclgedega mida me ei kontrolli.<\/strong> Kui te klikite kolmandate osapoolte lehek\u00fclgedele viiakse teid lehek\u00fclgedele, mida me ei kontrolli. Antud Privaatsuspoliitika ei kehti nendele veebilehtedele. Palume teil lugeda kolmandate osapoolte privaatsuspoliitikaid hoolega.<\/p>\n<p>&nbsp;<\/p>\n<p><strong>Sobivus GDPR-iga&nbsp;<\/strong><\/p>\n<p>P\u00e4daste Manor Grupp on \u00fchildanud oma tavad vastavalt EU 2016\/679 regulatsioonidele ja GDPR-ile.&nbsp;<\/p>\n<p>&nbsp;<\/p>\n<p><strong>K\u00fcsimuste korral palun v\u00f5tke julgelt \u00fchendust.<\/strong><\/p>\n<p>Juhul kui teil tekib k\u00fcsimusi uue andmekaitseseaduse v\u00f5i meie tavade kohta, palun v\u00f5tke meiega otse \u00fchendust. Kui teil tekib k\u00fcsimusi antud Privaatsuspoliitika kohta, v\u00f5i soovite uuendad v\u00f5i kustutada meie poolt hallatavat informatsiooni teie kohta, kirjutage meile privacypolicy@padaste.ee. Teie ja meie ohutuse huvides peame teid esmalt identifitseerima.<\/p>\n<p>&nbsp;<\/p>\n<p><strong>Me v\u00f5ime uuendada antud Privaatsuspoliitikat.<\/strong><\/p>\n<p>P\u00e4daste O\u00dc j\u00e4tab endale \u00f5iguse vajadusel k\u00e4esolevaid Privaatsustingimusi muuta, millest teavitame oma veebilehel.<\/p>\n<p>&nbsp;<\/p>\n<p>Antud versioon P\u00e4daste M\u00f5isa Privaatsuspoliitikast koostati 20. M\u00e4rts 2018.<br \/>\nViimati uuendatud: 19. veebruaril 2024<\/p>\n","protected":false},"excerpt":{"rendered":"<p>P\u00c4DASTE M\u00d5ISA PRIVAATSUSPOLIITIKA &nbsp; Antud Privaatsuspoliitika&nbsp;rakendub k\u00f5ikidele internetilehek\u00fclgedele ning aplikatsioonidele, kus ta kirjas on, ning \u00e4ridele, mida nad esindavad. &nbsp; Antud Privaatsuspoliitika kirjeldab kuidas P\u00e4daste O\u00dc ja teised \u00f5iguslikud kehad P\u00e4daste Manor Grupis t\u00f6\u00f6tlevad isiklikku informatsiooni, mis on kogutud l\u00e4bi internetilehek\u00fclgede ja aplikatsioonide (m\u00f5nikord viidates kui \u201cinternetilehek\u00fcljed\u201d) ning P\u00e4daste M\u00f5isa valdustes ning P\u00e4daste O\u00dc isikliku [&hellip;]<\/p>\n","protected":false},"author":52,"featured_media":0,"parent":9118,"menu_order":0,"comment_status":"closed","ping_status":"closed","template":"","meta":{"ngg_post_thumbnail":0,"_links_to":"","_links_to_target":""},"yoast_head":"<!-- This site is optimized with the Yoast SEO plugin v16.1.1 - https:\/\/yoast.com\/wordpress\/plugins\/seo\/ -->\n<title>Privaatsuspoliitika -<\/title>\n<link rel=\"canonical\" href=\"https:\/\/xn--pdaste-bua.ee\/et\/jalus\/privaatsuspoliitika\/\" \/>\n<meta property=\"og:locale\" content=\"et_EE\" \/>\n<meta property=\"og:type\" content=\"article\" \/>\n<meta property=\"og:title\" content=\"Privaatsuspoliitika -\" \/>\n<meta property=\"og:description\" content=\"P\u00c4DASTE M\u00d5ISA PRIVAATSUSPOLIITIKA &nbsp; Antud Privaatsuspoliitika&nbsp;rakendub k\u00f5ikidele internetilehek\u00fclgedele ning aplikatsioonidele, kus ta kirjas on, ning \u00e4ridele, mida nad esindavad. &nbsp; Antud Privaatsuspoliitika kirjeldab kuidas P\u00e4daste O\u00dc ja teised \u00f5iguslikud kehad P\u00e4daste Manor Grupis t\u00f6\u00f6tlevad isiklikku informatsiooni, mis on kogutud l\u00e4bi internetilehek\u00fclgede ja aplikatsioonide (m\u00f5nikord viidates kui \u201cinternetilehek\u00fcljed\u201d) ning P\u00e4daste M\u00f5isa valdustes ning P\u00e4daste O\u00dc isikliku [&hellip;]\" \/>\n<meta property=\"og:url\" content=\"https:\/\/xn--pdaste-bua.ee\/et\/jalus\/privaatsuspoliitika\/\" \/>\n<meta property=\"article:publisher\" content=\"https:\/\/www.facebook.com\/Padastemanor\/\" \/>\n<meta property=\"article:modified_time\" content=\"2024-02-19T13:35:58+00:00\" \/>\n<meta name=\"twitter:card\" content=\"summary_large_image\" \/>\n<meta name=\"twitter:label1\" content=\"Est. reading time\">\n\t<meta name=\"twitter:data1\" content=\"5 minutit\">\n<script type=\"application\/ld+json\" class=\"yoast-schema-graph\">{\"@context\":\"https:\/\/schema.org\",\"@graph\":[{\"@type\":\"Organization\",\"@id\":\"https:\/\/padaste.ee\/#organization\",\"name\":\"P\\u00e4daste M\\u00f5is\",\"url\":\"https:\/\/padaste.ee\/\",\"sameAs\":[\"https:\/\/www.facebook.com\/Padastemanor\/\"],\"logo\":{\"@type\":\"ImageObject\",\"@id\":\"https:\/\/padaste.ee\/#logo\",\"inLanguage\":\"et\",\"url\":\"https:\/\/padaste.ee\/wp-content\/uploads\/2018\/12\/padaste_2011.jpg\",\"contentUrl\":\"https:\/\/padaste.ee\/wp-content\/uploads\/2018\/12\/padaste_2011.jpg\",\"width\":154,\"height\":61,\"caption\":\"P\\u00e4daste M\\u00f5is\"},\"image\":{\"@id\":\"https:\/\/padaste.ee\/#logo\"}},{\"@type\":\"WebSite\",\"@id\":\"https:\/\/padaste.ee\/#website\",\"url\":\"https:\/\/padaste.ee\/\",\"name\":\"\",\"description\":\"\",\"publisher\":{\"@id\":\"https:\/\/padaste.ee\/#organization\"},\"potentialAction\":[{\"@type\":\"SearchAction\",\"target\":\"https:\/\/padaste.ee\/?s={search_term_string}\",\"query-input\":\"required name=search_term_string\"}],\"inLanguage\":\"et\"},{\"@type\":\"WebPage\",\"@id\":\"https:\/\/xn--pdaste-bua.ee\/et\/jalus\/privaatsuspoliitika\/#webpage\",\"url\":\"https:\/\/xn--pdaste-bua.ee\/et\/jalus\/privaatsuspoliitika\/\",\"name\":\"Privaatsuspoliitika -\",\"isPartOf\":{\"@id\":\"https:\/\/padaste.ee\/#website\"},\"datePublished\":\"2018-05-24T13:53:42+00:00\",\"dateModified\":\"2024-02-19T13:35:58+00:00\",\"breadcrumb\":{\"@id\":\"https:\/\/xn--pdaste-bua.ee\/et\/jalus\/privaatsuspoliitika\/#breadcrumb\"},\"inLanguage\":\"et\",\"potentialAction\":[{\"@type\":\"ReadAction\",\"target\":[\"https:\/\/xn--pdaste-bua.ee\/et\/jalus\/privaatsuspoliitika\/\"]}]},{\"@type\":\"BreadcrumbList\",\"@id\":\"https:\/\/xn--pdaste-bua.ee\/et\/jalus\/privaatsuspoliitika\/#breadcrumb\",\"itemListElement\":[{\"@type\":\"ListItem\",\"position\":1,\"item\":{\"@type\":\"WebPage\",\"@id\":\"https:\/\/padaste.ee\/et\/\",\"url\":\"https:\/\/padaste.ee\/et\/\",\"name\":\"Home\"}},{\"@type\":\"ListItem\",\"position\":2,\"item\":{\"@type\":\"WebPage\",\"@id\":\"https:\/\/xn--pdaste-bua.ee\/et\/jalus\/\",\"url\":\"https:\/\/xn--pdaste-bua.ee\/et\/jalus\/\",\"name\":\"Jalus\"}},{\"@type\":\"ListItem\",\"position\":3,\"item\":{\"@type\":\"WebPage\",\"@id\":\"https:\/\/xn--pdaste-bua.ee\/et\/jalus\/privaatsuspoliitika\/\",\"url\":\"https:\/\/xn--pdaste-bua.ee\/et\/jalus\/privaatsuspoliitika\/\",\"name\":\"Privaatsuspoliitika\"}}]}]}<\/script>\n<!-- \/ Yoast SEO plugin. -->","_links":{"self":[{"href":"https:\/\/www.xn--pdaste-bua.ee\/et\/wp-json\/wp\/v2\/pages\/12599"}],"collection":[{"href":"https:\/\/www.xn--pdaste-bua.ee\/et\/wp-json\/wp\/v2\/pages"}],"about":[{"href":"https:\/\/www.xn--pdaste-bua.ee\/et\/wp-json\/wp\/v2\/types\/page"}],"author":[{"embeddable":true,"href":"https:\/\/www.xn--pdaste-bua.ee\/et\/wp-json\/wp\/v2\/users\/52"}],"replies":[{"embeddable":true,"href":"https:\/\/www.xn--pdaste-bua.ee\/et\/wp-json\/wp\/v2\/comments?post=12599"}],"version-history":[{"count":6,"href":"https:\/\/www.xn--pdaste-bua.ee\/et\/wp-json\/wp\/v2\/pages\/12599\/revisions"}],"predecessor-version":[{"id":21246,"href":"https:\/\/www.xn--pdaste-bua.ee\/et\/wp-json\/wp\/v2\/pages\/12599\/revisions\/21246"}],"up":[{"embeddable":true,"href":"https:\/\/www.xn--pdaste-bua.ee\/et\/wp-json\/wp\/v2\/pages\/9118"}],"wp:attachment":[{"href":"https:\/\/www.xn--pdaste-bua.ee\/et\/wp-json\/wp\/v2\/media?parent=12599"}],"curies":[{"name":"wp","href":"https:\/\/api.w.org\/{rel}","templated":true}]}}