{"id":13544,"date":"2019-04-17T16:37:41","date_gmt":"2019-04-17T13:37:41","guid":{"rendered":"http:\/\/www.padaste.ee\/?page_id=13544"},"modified":"2025-10-14T08:08:18","modified_gmt":"2025-10-14T08:08:18","slug":"viis-ood-full-board","status":"publish","type":"page","link":"https:\/\/www.xn--pdaste-bua.ee\/et\/eripakkumised\/viis-ood-full-board\/","title":{"rendered":"Viis \u00f6\u00f6d full board"},"content":{"rendered":"<h1><img loading=\"lazy\" class=\"alignright wp-image-13549\" src=\"http:\/\/www.padaste.ee\/wp-content\/uploads\/2019\/04\/2575378524-2-300x200.jpg\" alt=\"\" width=\"400\" height=\"267\" srcset=\"https:\/\/www.xn--pdaste-bua.ee\/wp-content\/uploads\/2019\/04\/2575378524-2-300x200.jpg 300w, https:\/\/www.xn--pdaste-bua.ee\/wp-content\/uploads\/2019\/04\/2575378524-2-768x512.jpg 768w, https:\/\/www.xn--pdaste-bua.ee\/wp-content\/uploads\/2019\/04\/2575378524-2-1024x683.jpg 1024w, https:\/\/www.xn--pdaste-bua.ee\/wp-content\/uploads\/2019\/04\/2575378524-2-24x16.jpg 24w, https:\/\/www.xn--pdaste-bua.ee\/wp-content\/uploads\/2019\/04\/2575378524-2-36x24.jpg 36w, https:\/\/www.xn--pdaste-bua.ee\/wp-content\/uploads\/2019\/04\/2575378524-2-48x32.jpg 48w\" sizes=\"(max-width: 400px) 100vw, 400px\" \/><\/h1>\n<h1><span style=\"font-size: 20px; color: #ff0000;\">VIIS \u00d6\u00d6D FULL BOARD, 5 \u00f6\u00f6d<\/span><\/h1>\n<p>&nbsp;<\/p>\n<p>\u00dcmbritsetuna k\u00fclluslikust ja rikkumata loodusest, puutumatuna ruttavast ja l\u00e4rmakast linnaelust, m\u00f5jub id\u00fclliline Muhu saar justkui p\u00e4\u00e4semisena. Samal ajal on seal palju mida nautida!<\/p>\n<p>&nbsp;<\/p>\n<p>P\u00e4dastes hindame aeglast ning kogemusterikast puhkamist. Hellitage ennast viis \u00f6\u00f6d full board pakkumisega ning laske meil teie eest hoolitseda!<\/p>\n<p>&nbsp;<\/p>\n<p><strong>Viis \u00f6\u00f6d full board pakkumine sisaldab<\/strong><\/p>\n<p>&nbsp;<\/p>\n<ul>\n<li>Viis \u00f6\u00f6d majutust Deluxe kahekohalises toas h\u00e4rrastemajas<\/li>\n<li>Rikkalikku hommikus\u00f6\u00f6ki igal hommikul<\/li>\n<li>Neli p\u00e4eva full board, kaasa arvatud saabumis\u00f5htul\n<ul>\n<li>2-k\u00e4iguline igap\u00e4evaselt muutuv l\u00f5unas\u00f6\u00f6k<\/li>\n<li>4-k\u00e4iguline igap\u00e4evaselt muutuv <em>Table d\u2019H\u00f4te<\/em> \u00f5htus\u00f6\u00f6k<\/li>\n<\/ul>\n<\/li>\n<li>\u201cT\u00f5use ja s\u00e4ra\u201d hommikuv\u00f5imlemine iga p\u00e4ev kell 09:00 \u2013 joogal p\u00f5hinev virgutus ja venitused parima p\u00e4eva alustamiseks!<\/li>\n<\/ul>\n<p>&nbsp;<\/p>\n<p>&nbsp;<\/p>\n<p><strong>Meie soovitused meeldiva aja veetmiseks<\/strong><\/p>\n<p>&nbsp;<\/p>\n<ul>\n<li>Nautide Muhu traditsioonilisi ravimtaimede hoolitsusi P\u00e4daste Spas<\/li>\n<li>Muhumaa ringreis giidiga<\/li>\n<li>Eksle looduses \u2013 suve\u00f5htune jalutusk\u00e4ik<\/li>\n<li>S\u00f5it hobukaarikul l\u00e4bi Muhumaa metsaradade<\/li>\n<li>Varahommikune kalastusretk kohaliku kalamehega<\/li>\n<li>Avasta P\u00e4daste lahte kanuuga<\/li>\n<\/ul>\n<p>&nbsp;<\/p>\n<p><strong>Hind alates 1499 eur<\/strong><\/p>\n<p>&nbsp;<\/p>\n<p><strong><a href=\"http:\/\/www.padaste.ee\/et\/eripakkumised\/viis-ood-full-board\/eripakkumise-detailid-viis-ood-full-board\/\">Eripakkumise hind ja detailid<\/a><\/strong><\/p>\n<p>&nbsp;<\/p>\n<p>Broneerimiseks v\u00f5tke meiega \u00fchendust <a href=\"mailto:info@padaste.ee\">info@padaste.ee<\/a> v\u00f5i helistage +372 45 48 800.<\/p>\n","protected":false},"excerpt":{"rendered":"<p>VIIS \u00d6\u00d6D FULL BOARD, 5 \u00f6\u00f6d &nbsp; \u00dcmbritsetuna k\u00fclluslikust ja rikkumata loodusest, puutumatuna ruttavast ja l\u00e4rmakast linnaelust, m\u00f5jub id\u00fclliline Muhu saar justkui p\u00e4\u00e4semisena. Samal ajal on seal palju mida nautida! &nbsp; P\u00e4dastes hindame aeglast ning kogemusterikast puhkamist. Hellitage ennast viis \u00f6\u00f6d full board pakkumisega ning laske meil teie eest hoolitseda! &nbsp; Viis \u00f6\u00f6d full board [&hellip;]<\/p>\n","protected":false},"author":52,"featured_media":13545,"parent":8975,"menu_order":0,"comment_status":"closed","ping_status":"closed","template":"","meta":{"ngg_post_thumbnail":0,"_links_to":"","_links_to_target":""},"yoast_head":"<!-- This site is optimized with the Yoast SEO plugin v16.1.1 - https:\/\/yoast.com\/wordpress\/plugins\/seo\/ -->\n<title>Viis \u00f6\u00f6d full board -<\/title>\n<link rel=\"canonical\" href=\"https:\/\/xn--pdaste-bua.ee\/et\/eripakkumised\/viis-ood-full-board\/\" \/>\n<meta property=\"og:locale\" content=\"et_EE\" \/>\n<meta property=\"og:type\" content=\"article\" \/>\n<meta property=\"og:title\" content=\"Viis \u00f6\u00f6d full board -\" \/>\n<meta property=\"og:description\" content=\"VIIS \u00d6\u00d6D FULL BOARD, 5 \u00f6\u00f6d &nbsp; \u00dcmbritsetuna k\u00fclluslikust ja rikkumata loodusest, puutumatuna ruttavast ja l\u00e4rmakast linnaelust, m\u00f5jub id\u00fclliline Muhu saar justkui p\u00e4\u00e4semisena. Samal ajal on seal palju mida nautida! &nbsp; P\u00e4dastes hindame aeglast ning kogemusterikast puhkamist. Hellitage ennast viis \u00f6\u00f6d full board pakkumisega ning laske meil teie eest hoolitseda! &nbsp; Viis \u00f6\u00f6d full board [&hellip;]\" \/>\n<meta property=\"og:url\" content=\"https:\/\/xn--pdaste-bua.ee\/et\/eripakkumised\/viis-ood-full-board\/\" \/>\n<meta property=\"article:publisher\" content=\"https:\/\/www.facebook.com\/Padastemanor\/\" \/>\n<meta property=\"article:modified_time\" content=\"2025-10-14T08:08:18+00:00\" \/>\n<meta property=\"og:image\" content=\"https:\/\/www.xn--pdaste-bua.ee\/wp-content\/uploads\/2019\/04\/2575378524-1-1024x683.jpg\" \/>\n\t<meta property=\"og:image:width\" content=\"1024\" \/>\n\t<meta property=\"og:image:height\" content=\"683\" \/>\n<meta name=\"twitter:card\" content=\"summary_large_image\" \/>\n<meta name=\"twitter:label1\" content=\"Est. reading time\">\n\t<meta name=\"twitter:data1\" content=\"1 minut\">\n<script type=\"application\/ld+json\" class=\"yoast-schema-graph\">{\"@context\":\"https:\/\/schema.org\",\"@graph\":[{\"@type\":\"Organization\",\"@id\":\"https:\/\/padaste.ee\/#organization\",\"name\":\"P\\u00e4daste M\\u00f5is\",\"url\":\"https:\/\/padaste.ee\/\",\"sameAs\":[\"https:\/\/www.facebook.com\/Padastemanor\/\"],\"logo\":{\"@type\":\"ImageObject\",\"@id\":\"https:\/\/padaste.ee\/#logo\",\"inLanguage\":\"et\",\"url\":\"https:\/\/padaste.ee\/wp-content\/uploads\/2018\/12\/padaste_2011.jpg\",\"contentUrl\":\"https:\/\/padaste.ee\/wp-content\/uploads\/2018\/12\/padaste_2011.jpg\",\"width\":154,\"height\":61,\"caption\":\"P\\u00e4daste M\\u00f5is\"},\"image\":{\"@id\":\"https:\/\/padaste.ee\/#logo\"}},{\"@type\":\"WebSite\",\"@id\":\"https:\/\/padaste.ee\/#website\",\"url\":\"https:\/\/padaste.ee\/\",\"name\":\"\",\"description\":\"\",\"publisher\":{\"@id\":\"https:\/\/padaste.ee\/#organization\"},\"potentialAction\":[{\"@type\":\"SearchAction\",\"target\":\"https:\/\/padaste.ee\/?s={search_term_string}\",\"query-input\":\"required name=search_term_string\"}],\"inLanguage\":\"et\"},{\"@type\":\"ImageObject\",\"@id\":\"https:\/\/xn--pdaste-bua.ee\/et\/eripakkumised\/viis-ood-full-board\/#primaryimage\",\"inLanguage\":\"et\",\"url\":\"https:\/\/www.xn--pdaste-bua.ee\/wp-content\/uploads\/2019\/04\/2575378524-1.jpg\",\"contentUrl\":\"https:\/\/www.xn--pdaste-bua.ee\/wp-content\/uploads\/2019\/04\/2575378524-1.jpg\",\"width\":3500,\"height\":2334},{\"@type\":\"WebPage\",\"@id\":\"https:\/\/xn--pdaste-bua.ee\/et\/eripakkumised\/viis-ood-full-board\/#webpage\",\"url\":\"https:\/\/xn--pdaste-bua.ee\/et\/eripakkumised\/viis-ood-full-board\/\",\"name\":\"Viis \\u00f6\\u00f6d full board -\",\"isPartOf\":{\"@id\":\"https:\/\/padaste.ee\/#website\"},\"primaryImageOfPage\":{\"@id\":\"https:\/\/xn--pdaste-bua.ee\/et\/eripakkumised\/viis-ood-full-board\/#primaryimage\"},\"datePublished\":\"2019-04-17T13:37:41+00:00\",\"dateModified\":\"2025-10-14T08:08:18+00:00\",\"breadcrumb\":{\"@id\":\"https:\/\/xn--pdaste-bua.ee\/et\/eripakkumised\/viis-ood-full-board\/#breadcrumb\"},\"inLanguage\":\"et\",\"potentialAction\":[{\"@type\":\"ReadAction\",\"target\":[\"https:\/\/xn--pdaste-bua.ee\/et\/eripakkumised\/viis-ood-full-board\/\"]}]},{\"@type\":\"BreadcrumbList\",\"@id\":\"https:\/\/xn--pdaste-bua.ee\/et\/eripakkumised\/viis-ood-full-board\/#breadcrumb\",\"itemListElement\":[{\"@type\":\"ListItem\",\"position\":1,\"item\":{\"@type\":\"WebPage\",\"@id\":\"https:\/\/padaste.ee\/et\/\",\"url\":\"https:\/\/padaste.ee\/et\/\",\"name\":\"Home\"}},{\"@type\":\"ListItem\",\"position\":2,\"item\":{\"@type\":\"WebPage\",\"@id\":\"https:\/\/xn--pdaste-bua.ee\/et\/eripakkumised\/\",\"url\":\"https:\/\/xn--pdaste-bua.ee\/et\/eripakkumised\/\",\"name\":\"Eripakkumised\"}},{\"@type\":\"ListItem\",\"position\":3,\"item\":{\"@type\":\"WebPage\",\"@id\":\"https:\/\/xn--pdaste-bua.ee\/et\/eripakkumised\/viis-ood-full-board\/\",\"url\":\"https:\/\/xn--pdaste-bua.ee\/et\/eripakkumised\/viis-ood-full-board\/\",\"name\":\"Viis \\u00f6\\u00f6d full board\"}}]}]}<\/script>\n<!-- \/ Yoast SEO plugin. -->","_links":{"self":[{"href":"https:\/\/www.xn--pdaste-bua.ee\/et\/wp-json\/wp\/v2\/pages\/13544"}],"collection":[{"href":"https:\/\/www.xn--pdaste-bua.ee\/et\/wp-json\/wp\/v2\/pages"}],"about":[{"href":"https:\/\/www.xn--pdaste-bua.ee\/et\/wp-json\/wp\/v2\/types\/page"}],"author":[{"embeddable":true,"href":"https:\/\/www.xn--pdaste-bua.ee\/et\/wp-json\/wp\/v2\/users\/52"}],"replies":[{"embeddable":true,"href":"https:\/\/www.xn--pdaste-bua.ee\/et\/wp-json\/wp\/v2\/comments?post=13544"}],"version-history":[{"count":16,"href":"https:\/\/www.xn--pdaste-bua.ee\/et\/wp-json\/wp\/v2\/pages\/13544\/revisions"}],"predecessor-version":[{"id":25496,"href":"https:\/\/www.xn--pdaste-bua.ee\/et\/wp-json\/wp\/v2\/pages\/13544\/revisions\/25496"}],"up":[{"embeddable":true,"href":"https:\/\/www.xn--pdaste-bua.ee\/et\/wp-json\/wp\/v2\/pages\/8975"}],"wp:featuredmedia":[{"embeddable":true,"href":"https:\/\/www.xn--pdaste-bua.ee\/et\/wp-json\/wp\/v2\/media\/13545"}],"wp:attachment":[{"href":"https:\/\/www.xn--pdaste-bua.ee\/et\/wp-json\/wp\/v2\/media?parent=13544"}],"curies":[{"name":"wp","href":"https:\/\/api.w.org\/{rel}","templated":true}]}}