{"id":18973,"date":"2022-10-03T19:48:51","date_gmt":"2022-10-03T19:48:51","guid":{"rendered":"https:\/\/www.padaste.ee\/?page_id=18973"},"modified":"2025-06-27T11:07:20","modified_gmt":"2025-06-27T11:07:20","slug":"suitsusaun","status":"publish","type":"page","link":"https:\/\/www.xn--pdaste-bua.ee\/et\/suitsusaun\/","title":{"rendered":"Kuue meele p\u00fchamu"},"content":{"rendered":"<p>P\u00e4daste M\u00f5isa Kuue meele p\u00fchamu projekt, mida rahastas EASi ja KredExi \u00fchendasutus, on l\u00f5pule j\u00f5udnud ning P\u00e4daste Spa on t\u00e4ienenud kolme uue eksklusiivse teenusega: Soolakristall-saun, modernne P\u00e4daste suitsusaun koos saunarituaalidega ning Tervendav kuumaveeallikas, lisaks on l\u00e4binud uuenduskuuri saunakompleksi siseruumid.<\/p>\n<p>&nbsp;<\/p>\n<p>Uued teenused on loodud austusega Muhu saare ja Eesti ajalooliste traditsioonide vastu ning pakuvad k\u00fclalistele v\u00f5imalust kogeda meie kultuurip\u00e4randit kaasaegses v\u00f5tmes. Soolakristall-saun, P\u00e4daste suitsusaun ja Tervendav kuumaveeallikas on k\u00f5ik omal moel p\u00f5imitud kohaliku p\u00e4randiga, pakkudes nii kohalikele elanikele kui ka rahvusvahelistele k\u00fclastajatele unikaalset spaakogemust, t\u00f5stes omakorda Muhu saare ning Eesti tuntust maailmas.<\/p>\n<p>&nbsp;<\/p>\n<p>&nbsp;<\/p>\n<p>&nbsp;<\/p>\n<p>&nbsp;<\/p>\n<p>P\u00e4daste M\u00f5isa kuumaveeallikad on Eestis unikaalsed nii omadustelt kui v\u00f5imalustelt ja annab p\u00f5hjuse reisida Muhumaale ning kogeda saare loodust, ajalugu ja kultuuri l\u00e4bi t\u00e4iesti uute elamuste.&nbsp;<\/p>\n<p>&nbsp;<\/p>\n<p>Projekti eesm\u00e4rk:<br \/>\nProjekti eesm\u00e4rgiks on tuua turule unikaalne toode. P\u00e4daste M\u00f5is arendatakse edasi terviklikuks tervise- ja heaoluretriidiks. Uue toote arendamisega mitmekesistatakse P\u00e4daste M\u00f5isa poolt pakutavaid teenuseid.<\/p>\n<p>&nbsp;<\/p>\n<p>Projekti tulemus:<br \/>\nUue unikaalse toote turule toomine aitab kaasa P\u00e4daste M\u00f5isa k\u00fclalistele pakuvate teenuste k\u00f5rge kvaliteedi mitmekesistamisele ja Muhu saare ning Eesti rahvusvahelise tuntuse suurendamisele.<\/p>\n<p>&nbsp;<\/p>\n<p>Toetav programm: Turismisektori tootearenduse toetus (05.11.2021- 05.01.2022 15.3.1)<br \/>\nProjekti nimi: P\u00e4daste M\u00f5is &#8211; Kuue Meele P\u00fchamu ja Kuumaveeallikad<br \/>\nProjekti kestvus: 01.04.2022 &#8211; 31.10.2023<\/p>\n<p><em>Projekti toetatakse Euroopa Regionaalarengu Fondi vahenditest ning rahastatakse liidu COVID-19 pandeemiale reageerimise raames.<\/p>\n<p><\/em><\/p>\n<p><img loading=\"lazy\" class=\"alignnone size-medium wp-image-16800\" src=\"http:\/\/www.padaste.ee\/wp-content\/uploads\/2021\/03\/eas-logo-300x94.jpg\" alt=\"\" width=\"300\" height=\"94\" srcset=\"https:\/\/www.xn--pdaste-bua.ee\/wp-content\/uploads\/2021\/03\/eas-logo-300x94.jpg 300w, https:\/\/www.xn--pdaste-bua.ee\/wp-content\/uploads\/2021\/03\/eas-logo-768x242.jpg 768w, https:\/\/www.xn--pdaste-bua.ee\/wp-content\/uploads\/2021\/03\/eas-logo-1024x322.jpg 1024w, https:\/\/www.xn--pdaste-bua.ee\/wp-content\/uploads\/2021\/03\/eas-logo-24x8.jpg 24w, https:\/\/www.xn--pdaste-bua.ee\/wp-content\/uploads\/2021\/03\/eas-logo-36x11.jpg 36w, https:\/\/www.xn--pdaste-bua.ee\/wp-content\/uploads\/2021\/03\/eas-logo-48x15.jpg 48w, https:\/\/www.xn--pdaste-bua.ee\/wp-content\/uploads\/2021\/03\/eas-logo.jpg 1790w\" sizes=\"(max-width: 300px) 100vw, 300px\" \/><\/p>\n","protected":false},"excerpt":{"rendered":"<p>P\u00e4daste M\u00f5isa Kuue meele p\u00fchamu projekt, mida rahastas EASi ja KredExi \u00fchendasutus, on l\u00f5pule j\u00f5udnud ning P\u00e4daste Spa on t\u00e4ienenud kolme uue eksklusiivse teenusega: Soolakristall-saun, modernne P\u00e4daste suitsusaun koos saunarituaalidega ning Tervendav kuumaveeallikas, lisaks on l\u00e4binud uuenduskuuri saunakompleksi siseruumid. &nbsp; Uued teenused on loodud austusega Muhu saare ja Eesti ajalooliste traditsioonide vastu ning pakuvad k\u00fclalistele [&hellip;]<\/p>\n","protected":false},"author":56,"featured_media":0,"parent":0,"menu_order":74,"comment_status":"closed","ping_status":"closed","template":"","meta":{"ngg_post_thumbnail":0,"_links_to":"","_links_to_target":""},"yoast_head":"<!-- This site is optimized with the Yoast SEO plugin v16.1.1 - https:\/\/yoast.com\/wordpress\/plugins\/seo\/ -->\n<title>Kuue meele p\u00fchamu -<\/title>\n<link rel=\"canonical\" href=\"https:\/\/www.xn--pdaste-bua.ee\/et\/suitsusaun\/\" \/>\n<meta property=\"og:locale\" content=\"et_EE\" \/>\n<meta property=\"og:type\" content=\"article\" \/>\n<meta property=\"og:title\" content=\"Kuue meele p\u00fchamu -\" \/>\n<meta property=\"og:description\" content=\"P\u00e4daste M\u00f5isa Kuue meele p\u00fchamu projekt, mida rahastas EASi ja KredExi \u00fchendasutus, on l\u00f5pule j\u00f5udnud ning P\u00e4daste Spa on t\u00e4ienenud kolme uue eksklusiivse teenusega: Soolakristall-saun, modernne P\u00e4daste suitsusaun koos saunarituaalidega ning Tervendav kuumaveeallikas, lisaks on l\u00e4binud uuenduskuuri saunakompleksi siseruumid. &nbsp; Uued teenused on loodud austusega Muhu saare ja Eesti ajalooliste traditsioonide vastu ning pakuvad k\u00fclalistele [&hellip;]\" \/>\n<meta property=\"og:url\" content=\"https:\/\/www.xn--pdaste-bua.ee\/et\/suitsusaun\/\" \/>\n<meta property=\"article:publisher\" content=\"https:\/\/www.facebook.com\/Padastemanor\/\" \/>\n<meta property=\"article:modified_time\" content=\"2025-06-27T11:07:20+00:00\" \/>\n<meta property=\"og:image\" content=\"http:\/\/www.padaste.ee\/wp-content\/uploads\/2021\/03\/eas-logo-300x94.jpg\" \/>\n<meta name=\"twitter:card\" content=\"summary_large_image\" \/>\n<meta name=\"twitter:label1\" content=\"Est. reading time\">\n\t<meta name=\"twitter:data1\" content=\"2 minutit\">\n<script type=\"application\/ld+json\" class=\"yoast-schema-graph\">{\"@context\":\"https:\/\/schema.org\",\"@graph\":[{\"@type\":\"Organization\",\"@id\":\"https:\/\/padaste.ee\/#organization\",\"name\":\"P\\u00e4daste M\\u00f5is\",\"url\":\"https:\/\/padaste.ee\/\",\"sameAs\":[\"https:\/\/www.facebook.com\/Padastemanor\/\"],\"logo\":{\"@type\":\"ImageObject\",\"@id\":\"https:\/\/padaste.ee\/#logo\",\"inLanguage\":\"et\",\"url\":\"https:\/\/padaste.ee\/wp-content\/uploads\/2018\/12\/padaste_2011.jpg\",\"contentUrl\":\"https:\/\/padaste.ee\/wp-content\/uploads\/2018\/12\/padaste_2011.jpg\",\"width\":154,\"height\":61,\"caption\":\"P\\u00e4daste M\\u00f5is\"},\"image\":{\"@id\":\"https:\/\/padaste.ee\/#logo\"}},{\"@type\":\"WebSite\",\"@id\":\"https:\/\/padaste.ee\/#website\",\"url\":\"https:\/\/padaste.ee\/\",\"name\":\"\",\"description\":\"\",\"publisher\":{\"@id\":\"https:\/\/padaste.ee\/#organization\"},\"potentialAction\":[{\"@type\":\"SearchAction\",\"target\":\"https:\/\/padaste.ee\/?s={search_term_string}\",\"query-input\":\"required name=search_term_string\"}],\"inLanguage\":\"et\"},{\"@type\":\"ImageObject\",\"@id\":\"https:\/\/www.xn--pdaste-bua.ee\/et\/suitsusaun\/#primaryimage\",\"inLanguage\":\"et\",\"url\":\"http:\/\/www.padaste.ee\/wp-content\/uploads\/2021\/03\/eas-logo-300x94.jpg\",\"contentUrl\":\"http:\/\/www.padaste.ee\/wp-content\/uploads\/2021\/03\/eas-logo-300x94.jpg\"},{\"@type\":\"WebPage\",\"@id\":\"https:\/\/www.xn--pdaste-bua.ee\/et\/suitsusaun\/#webpage\",\"url\":\"https:\/\/www.xn--pdaste-bua.ee\/et\/suitsusaun\/\",\"name\":\"Kuue meele p\\u00fchamu -\",\"isPartOf\":{\"@id\":\"https:\/\/padaste.ee\/#website\"},\"primaryImageOfPage\":{\"@id\":\"https:\/\/www.xn--pdaste-bua.ee\/et\/suitsusaun\/#primaryimage\"},\"datePublished\":\"2022-10-03T19:48:51+00:00\",\"dateModified\":\"2025-06-27T11:07:20+00:00\",\"breadcrumb\":{\"@id\":\"https:\/\/www.xn--pdaste-bua.ee\/et\/suitsusaun\/#breadcrumb\"},\"inLanguage\":\"et\",\"potentialAction\":[{\"@type\":\"ReadAction\",\"target\":[\"https:\/\/www.xn--pdaste-bua.ee\/et\/suitsusaun\/\"]}]},{\"@type\":\"BreadcrumbList\",\"@id\":\"https:\/\/www.xn--pdaste-bua.ee\/et\/suitsusaun\/#breadcrumb\",\"itemListElement\":[{\"@type\":\"ListItem\",\"position\":1,\"item\":{\"@type\":\"WebPage\",\"@id\":\"https:\/\/padaste.ee\/et\/\",\"url\":\"https:\/\/padaste.ee\/et\/\",\"name\":\"Home\"}},{\"@type\":\"ListItem\",\"position\":2,\"item\":{\"@type\":\"WebPage\",\"@id\":\"https:\/\/www.xn--pdaste-bua.ee\/et\/suitsusaun\/\",\"url\":\"https:\/\/www.xn--pdaste-bua.ee\/et\/suitsusaun\/\",\"name\":\"Kuue meele p\\u00fchamu\"}}]}]}<\/script>\n<!-- \/ Yoast SEO plugin. -->","_links":{"self":[{"href":"https:\/\/www.xn--pdaste-bua.ee\/et\/wp-json\/wp\/v2\/pages\/18973"}],"collection":[{"href":"https:\/\/www.xn--pdaste-bua.ee\/et\/wp-json\/wp\/v2\/pages"}],"about":[{"href":"https:\/\/www.xn--pdaste-bua.ee\/et\/wp-json\/wp\/v2\/types\/page"}],"author":[{"embeddable":true,"href":"https:\/\/www.xn--pdaste-bua.ee\/et\/wp-json\/wp\/v2\/users\/56"}],"replies":[{"embeddable":true,"href":"https:\/\/www.xn--pdaste-bua.ee\/et\/wp-json\/wp\/v2\/comments?post=18973"}],"version-history":[{"count":15,"href":"https:\/\/www.xn--pdaste-bua.ee\/et\/wp-json\/wp\/v2\/pages\/18973\/revisions"}],"predecessor-version":[{"id":18976,"href":"https:\/\/www.xn--pdaste-bua.ee\/et\/wp-json\/wp\/v2\/pages\/18973\/revisions\/18976"}],"wp:attachment":[{"href":"https:\/\/www.xn--pdaste-bua.ee\/et\/wp-json\/wp\/v2\/media?parent=18973"}],"curies":[{"name":"wp","href":"https:\/\/api.w.org\/{rel}","templated":true}]}}