{"id":21310,"date":"2024-02-29T13:54:02","date_gmt":"2024-02-29T13:54:02","guid":{"rendered":"https:\/\/www.padaste.ee\/padaste-voucher\/"},"modified":"2025-06-27T11:07:21","modified_gmt":"2025-06-27T11:07:21","slug":"padaste-voucher","status":"publish","type":"page","link":"https:\/\/www.xn--pdaste-bua.ee\/et\/padaste-voucher\/","title":{"rendered":"P\u00e4daste kinkekaart"},"content":{"rendered":"<p><span style=\"color: #ff0000;\"><strong>Rahalised ja eritellimusel koostatud P\u00e4daste kinkekaardid<\/strong><\/span><\/p>\n<p>&nbsp;<\/p>\n<p>P\u00e4daste M\u00f5isa rahaline v\u00f5i eritellimusel koostatud kinkekaart on l\u00e4bim\u00f5eldud ja elegantne kink. Ideaalne valik teie kallitele l\u00e4hedastele ja s\u00f5pradele v\u00f5i lugupeetud koost\u00f6\u00f6partneritele. Kinkige oma l\u00e4hedastele unustamatu elamus t\u00e4is luksust ja elegantsi.<\/p>\n<p>&nbsp;<\/p>\n<p>P\u00e4daste M\u00f5isa kinkekaardid on elegantselt pakendatud ja vahapitseriga suletud ning neile on v\u00f5imalik lisada personaalne p\u00fchendus.<\/p>\n<p>&nbsp;<\/p>\n<p>Kink vastavalt teie eelarvele \u2013 valige meie rahaliste kinkekaartide hulgast, mis on saadaval 100, 250 ja 1000 euro v\u00e4\u00e4rtuses. See paindlikkus v\u00f5imaldab teil leida t\u00e4iusliku sobivuse nii teie suuremeelsuse kui ka \u00f5nneliku saaja ootuste vahel.<\/p>\n<p>Eritellimusel koostatud kinkekaardid v\u00f5ivad sisaldada mis tahes P\u00e4daste M\u00f5isa teenuseid, olgu selleks meie soovitatud kingiidee v\u00f5i teate ise juba, mida soovite \u2013 \u00fcheskoos suudame v\u00e4lja m\u00f5elda ja ellu viia k\u00f5ige imelisemad \u00fcllatused!&nbsp; Koostame teile hea meelega pakkumise.<\/p>\n<p>&nbsp;<\/p>\n<p>P\u00e4daste kinkekaardi ostmiseks k\u00fclastage meie <a href=\"https:\/\/t.e2ma.net\/click\/y6lryj\/ii87d1f\/2xpjtt\" data-name=\"veebipoodi\" data-type=\"url\"><strong>veebipoodi<\/strong><\/a> v\u00f5i v\u00f5tke \u00fchendust meie <em>Guest Relations Manageriga<\/em> aadressil <a href=\"mailto:info@padaste.ee?subject=Innustage%20oma%20l%E4hedasi%20eriliste%20hetkedega\" data-name=\"info@padaste.ee\" data-type=\"email\"><strong>info@padaste.ee<\/strong><\/a><\/p>\n<p>&nbsp;<\/p>\n<p>&nbsp;<\/p>\n<p><a href=\"http:\/\/www.padaste.ee\/wp-content\/uploads\/2021\/11\/giftcard-pic2.jpg\"><img loading=\"lazy\" class=\"aligncenter wp-image-17691 size-full\" src=\"http:\/\/www.padaste.ee\/wp-content\/uploads\/2021\/11\/giftcard-pic2.jpg\" alt=\"\" width=\"691\" height=\"642\" srcset=\"https:\/\/www.xn--pdaste-bua.ee\/wp-content\/uploads\/2021\/11\/giftcard-pic2.jpg 691w, https:\/\/www.xn--pdaste-bua.ee\/wp-content\/uploads\/2021\/11\/giftcard-pic2-300x279.jpg 300w, https:\/\/www.xn--pdaste-bua.ee\/wp-content\/uploads\/2021\/11\/giftcard-pic2-24x22.jpg 24w, https:\/\/www.xn--pdaste-bua.ee\/wp-content\/uploads\/2021\/11\/giftcard-pic2-36x33.jpg 36w, https:\/\/www.xn--pdaste-bua.ee\/wp-content\/uploads\/2021\/11\/giftcard-pic2-48x45.jpg 48w\" sizes=\"(max-width: 691px) 100vw, 691px\" \/><\/a><\/p>\n","protected":false},"excerpt":{"rendered":"<p>Rahalised ja eritellimusel koostatud P\u00e4daste kinkekaardid &nbsp; P\u00e4daste M\u00f5isa rahaline v\u00f5i eritellimusel koostatud kinkekaart on l\u00e4bim\u00f5eldud ja elegantne kink. Ideaalne valik teie kallitele l\u00e4hedastele ja s\u00f5pradele v\u00f5i lugupeetud koost\u00f6\u00f6partneritele. Kinkige oma l\u00e4hedastele unustamatu elamus t\u00e4is luksust ja elegantsi. &nbsp; P\u00e4daste M\u00f5isa kinkekaardid on elegantselt pakendatud ja vahapitseriga suletud ning neile on v\u00f5imalik lisada personaalne p\u00fchendus. [&hellip;]<\/p>\n","protected":false},"author":56,"featured_media":0,"parent":0,"menu_order":104,"comment_status":"closed","ping_status":"closed","template":"","meta":{"ngg_post_thumbnail":0,"_links_to":"","_links_to_target":""},"yoast_head":"<!-- This site is optimized with the Yoast SEO plugin v16.1.1 - https:\/\/yoast.com\/wordpress\/plugins\/seo\/ -->\n<title>P\u00e4daste kinkekaart -<\/title>\n<link rel=\"canonical\" href=\"https:\/\/www.xn--pdaste-bua.ee\/et\/padaste-voucher\/\" \/>\n<meta property=\"og:locale\" content=\"et_EE\" \/>\n<meta property=\"og:type\" content=\"article\" \/>\n<meta property=\"og:title\" content=\"P\u00e4daste kinkekaart -\" \/>\n<meta property=\"og:description\" content=\"Rahalised ja eritellimusel koostatud P\u00e4daste kinkekaardid &nbsp; P\u00e4daste M\u00f5isa rahaline v\u00f5i eritellimusel koostatud kinkekaart on l\u00e4bim\u00f5eldud ja elegantne kink. Ideaalne valik teie kallitele l\u00e4hedastele ja s\u00f5pradele v\u00f5i lugupeetud koost\u00f6\u00f6partneritele. Kinkige oma l\u00e4hedastele unustamatu elamus t\u00e4is luksust ja elegantsi. &nbsp; P\u00e4daste M\u00f5isa kinkekaardid on elegantselt pakendatud ja vahapitseriga suletud ning neile on v\u00f5imalik lisada personaalne p\u00fchendus. [&hellip;]\" \/>\n<meta property=\"og:url\" content=\"https:\/\/www.xn--pdaste-bua.ee\/et\/padaste-voucher\/\" \/>\n<meta property=\"article:publisher\" content=\"https:\/\/www.facebook.com\/Padastemanor\/\" \/>\n<meta property=\"article:modified_time\" content=\"2025-06-27T11:07:21+00:00\" \/>\n<meta property=\"og:image\" content=\"http:\/\/www.padaste.ee\/wp-content\/uploads\/2021\/11\/giftcard-pic2.jpg\" \/>\n<meta name=\"twitter:card\" content=\"summary_large_image\" \/>\n<meta name=\"twitter:label1\" content=\"Est. reading time\">\n\t<meta name=\"twitter:data1\" content=\"1 minut\">\n<script type=\"application\/ld+json\" class=\"yoast-schema-graph\">{\"@context\":\"https:\/\/schema.org\",\"@graph\":[{\"@type\":\"Organization\",\"@id\":\"https:\/\/padaste.ee\/#organization\",\"name\":\"P\\u00e4daste M\\u00f5is\",\"url\":\"https:\/\/padaste.ee\/\",\"sameAs\":[\"https:\/\/www.facebook.com\/Padastemanor\/\"],\"logo\":{\"@type\":\"ImageObject\",\"@id\":\"https:\/\/padaste.ee\/#logo\",\"inLanguage\":\"et\",\"url\":\"https:\/\/padaste.ee\/wp-content\/uploads\/2018\/12\/padaste_2011.jpg\",\"contentUrl\":\"https:\/\/padaste.ee\/wp-content\/uploads\/2018\/12\/padaste_2011.jpg\",\"width\":154,\"height\":61,\"caption\":\"P\\u00e4daste M\\u00f5is\"},\"image\":{\"@id\":\"https:\/\/padaste.ee\/#logo\"}},{\"@type\":\"WebSite\",\"@id\":\"https:\/\/padaste.ee\/#website\",\"url\":\"https:\/\/padaste.ee\/\",\"name\":\"\",\"description\":\"\",\"publisher\":{\"@id\":\"https:\/\/padaste.ee\/#organization\"},\"potentialAction\":[{\"@type\":\"SearchAction\",\"target\":\"https:\/\/padaste.ee\/?s={search_term_string}\",\"query-input\":\"required name=search_term_string\"}],\"inLanguage\":\"et\"},{\"@type\":\"ImageObject\",\"@id\":\"https:\/\/www.xn--pdaste-bua.ee\/et\/padaste-voucher\/#primaryimage\",\"inLanguage\":\"et\",\"url\":\"http:\/\/www.padaste.ee\/wp-content\/uploads\/2021\/11\/giftcard-pic2.jpg\",\"contentUrl\":\"http:\/\/www.padaste.ee\/wp-content\/uploads\/2021\/11\/giftcard-pic2.jpg\"},{\"@type\":\"WebPage\",\"@id\":\"https:\/\/www.xn--pdaste-bua.ee\/et\/padaste-voucher\/#webpage\",\"url\":\"https:\/\/www.xn--pdaste-bua.ee\/et\/padaste-voucher\/\",\"name\":\"P\\u00e4daste kinkekaart -\",\"isPartOf\":{\"@id\":\"https:\/\/padaste.ee\/#website\"},\"primaryImageOfPage\":{\"@id\":\"https:\/\/www.xn--pdaste-bua.ee\/et\/padaste-voucher\/#primaryimage\"},\"datePublished\":\"2024-02-29T13:54:02+00:00\",\"dateModified\":\"2025-06-27T11:07:21+00:00\",\"breadcrumb\":{\"@id\":\"https:\/\/www.xn--pdaste-bua.ee\/et\/padaste-voucher\/#breadcrumb\"},\"inLanguage\":\"et\",\"potentialAction\":[{\"@type\":\"ReadAction\",\"target\":[\"https:\/\/www.xn--pdaste-bua.ee\/et\/padaste-voucher\/\"]}]},{\"@type\":\"BreadcrumbList\",\"@id\":\"https:\/\/www.xn--pdaste-bua.ee\/et\/padaste-voucher\/#breadcrumb\",\"itemListElement\":[{\"@type\":\"ListItem\",\"position\":1,\"item\":{\"@type\":\"WebPage\",\"@id\":\"https:\/\/padaste.ee\/et\/\",\"url\":\"https:\/\/padaste.ee\/et\/\",\"name\":\"Home\"}},{\"@type\":\"ListItem\",\"position\":2,\"item\":{\"@type\":\"WebPage\",\"@id\":\"https:\/\/www.xn--pdaste-bua.ee\/et\/padaste-voucher\/\",\"url\":\"https:\/\/www.xn--pdaste-bua.ee\/et\/padaste-voucher\/\",\"name\":\"P\\u00e4daste kinkekaart\"}}]}]}<\/script>\n<!-- \/ Yoast SEO plugin. -->","_links":{"self":[{"href":"https:\/\/www.xn--pdaste-bua.ee\/et\/wp-json\/wp\/v2\/pages\/21310"}],"collection":[{"href":"https:\/\/www.xn--pdaste-bua.ee\/et\/wp-json\/wp\/v2\/pages"}],"about":[{"href":"https:\/\/www.xn--pdaste-bua.ee\/et\/wp-json\/wp\/v2\/types\/page"}],"author":[{"embeddable":true,"href":"https:\/\/www.xn--pdaste-bua.ee\/et\/wp-json\/wp\/v2\/users\/56"}],"replies":[{"embeddable":true,"href":"https:\/\/www.xn--pdaste-bua.ee\/et\/wp-json\/wp\/v2\/comments?post=21310"}],"version-history":[{"count":2,"href":"https:\/\/www.xn--pdaste-bua.ee\/et\/wp-json\/wp\/v2\/pages\/21310\/revisions"}],"predecessor-version":[{"id":21312,"href":"https:\/\/www.xn--pdaste-bua.ee\/et\/wp-json\/wp\/v2\/pages\/21310\/revisions\/21312"}],"wp:attachment":[{"href":"https:\/\/www.xn--pdaste-bua.ee\/et\/wp-json\/wp\/v2\/media?parent=21310"}],"curies":[{"name":"wp","href":"https:\/\/api.w.org\/{rel}","templated":true}]}}