{"id":25276,"date":"2025-09-16T13:59:36","date_gmt":"2025-09-16T13:59:36","guid":{"rendered":"https:\/\/padaste.ee\/?page_id=25276"},"modified":"2025-10-01T10:24:51","modified_gmt":"2025-10-01T10:24:51","slug":"kuldne-sugislummus","status":"publish","type":"page","link":"https:\/\/www.xn--pdaste-bua.ee\/et\/eripakkumised\/kuldne-sugislummus\/","title":{"rendered":"Kuldne s\u00fcgislummus"},"content":{"rendered":"<h1 data-start=\"95\" data-end=\"143\"><span style=\"color: #ea2135;\"><strong data-start=\"95\" data-end=\"141\">Kogege Muhu saare kuldset varas\u00fcgise lummust<\/strong><\/span><\/h1>\n<p>&nbsp;<\/p>\n<p data-start=\"145\" data-end=\"459\">Suvep\u00e4evad on \u00f5rnalt kahanemas, loodus transformeerib end vaikselt soojadesse kuldsetesse toonidesse ning P\u00e4daste M\u00f5is kutsub teid nautima varas\u00fcgise rahulikku meeleolu l\u00e4bi eksklusiivse <strong>Kuldse s\u00fcgislummuse<\/strong>.<\/p>\n<p data-start=\"145\" data-end=\"459\"><a href=\"http:\/\/padaste.ee\/wp-content\/uploads\/2025\/09\/p7193260-scaled.jpg\"><img loading=\"lazy\" class=\"wp-image-25297 aligncenter\" src=\"http:\/\/padaste.ee\/wp-content\/uploads\/2025\/09\/p7193260-scaled.jpg\" alt=\"\" width=\"563\" height=\"317\" srcset=\"https:\/\/www.xn--pdaste-bua.ee\/wp-content\/uploads\/2025\/09\/p7193260-scaled.jpg 2560w, https:\/\/www.xn--pdaste-bua.ee\/wp-content\/uploads\/2025\/09\/p7193260-300x169.jpg 300w, https:\/\/www.xn--pdaste-bua.ee\/wp-content\/uploads\/2025\/09\/p7193260-1024x576.jpg 1024w, https:\/\/www.xn--pdaste-bua.ee\/wp-content\/uploads\/2025\/09\/p7193260-768x432.jpg 768w, https:\/\/www.xn--pdaste-bua.ee\/wp-content\/uploads\/2025\/09\/p7193260-1536x864.jpg 1536w, https:\/\/www.xn--pdaste-bua.ee\/wp-content\/uploads\/2025\/09\/p7193260-2048x1152.jpg 2048w, https:\/\/www.xn--pdaste-bua.ee\/wp-content\/uploads\/2025\/09\/p7193260-24x14.jpg 24w, https:\/\/www.xn--pdaste-bua.ee\/wp-content\/uploads\/2025\/09\/p7193260-36x20.jpg 36w, https:\/\/www.xn--pdaste-bua.ee\/wp-content\/uploads\/2025\/09\/p7193260-48x27.jpg 48w\" sizes=\"(max-width: 563px) 100vw, 563px\" \/><\/a><\/p>\n<p data-start=\"145\" data-end=\"459\">Kr\u00f5be \u00f5hk, k\u00fc\u00fcnlavalgus ja m\u00f5isa peened mugavused loovad luksusliku raamistiku s\u00fcgise \u00f5rnale puudutusele.<\/p>\n<p data-start=\"145\" data-end=\"459\">&nbsp;<\/p>\n<p data-start=\"461\" data-end=\"498\"><strong data-start=\"461\" data-end=\"487\">Kuldne s\u00fcgislummus:<\/strong><\/p>\n<ul data-start=\"500\" data-end=\"821\">\n<li data-start=\"500\" data-end=\"532\">\n<p data-start=\"502\" data-end=\"532\">Luksuslik majutus H\u00e4rrastemajas<\/p>\n<\/li>\n<li data-start=\"533\" data-end=\"619\">\n<p data-start=\"535\" data-end=\"619\">4-k\u00e4iguline <em>Table d\u2019H\u00f4te<\/em> \u00f5htus\u00f6\u00f6k restoranis Alexander&nbsp;koos klaasi vahuveiniga<\/p>\n<\/li>\n<li data-start=\"620\" data-end=\"660\">\n<p data-start=\"622\" data-end=\"660\"><em>\u00c0 la carte<\/em> hommikus\u00f6\u00f6k restorani Alexander Talveaias<\/p>\n<\/li>\n<li data-start=\"661\" data-end=\"707\">\n<p data-start=\"663\" data-end=\"707\">Privaatne \u00fcrdi-aurusaun 40\u00b0C, 60 minutit<\/p>\n<\/li>\n<li data-start=\"708\" data-end=\"762\">\n<p data-start=\"710\" data-end=\"762\">Kaks tundi jalgratta renti <em>(s\u00f5ltuvalt saadavusest)<\/em><\/p>\n<\/li>\n<li data-start=\"763\" data-end=\"821\">\n<p data-start=\"765\" data-end=\"821\">\u201cT\u00f5use ja s\u00e4ra\u201d hommikuv\u00f5imlemine iga p\u00e4ev kell 09:00<\/p>\n<\/li>\n<\/ul>\n<hr \/>\n<p data-start=\"823\" data-end=\"843\"><strong data-start=\"823\" data-end=\"841\">\u00dche\u00f6ine puhkus<\/strong><\/p>\n<ul data-start=\"844\" data-end=\"1020\">\n<li data-start=\"844\" data-end=\"900\">\n<p data-start=\"846\" data-end=\"900\">Ideaalne l\u00fchikeseks ja magusaks hooajal\u00f5pu puhkuseks<\/p>\n<\/li>\n<li data-start=\"901\" data-end=\"978\">\n<p data-start=\"903\" data-end=\"978\">Saabumine alates 14:00, hiline v\u00e4ljaregistreerimine vastavalt saadavusele<\/p>\n<\/li>\n<\/ul>\n<p>alates <strong data-start=\"993\" data-end=\"1018\">269 EUR inimese kohta<\/strong><\/p>\n<p>&nbsp;<\/p>\n<p data-start=\"1022\" data-end=\"1043\"><strong data-start=\"1022\" data-end=\"1041\">Kahe\u00f6ine puhkus sisaldab<\/strong><\/p>\n<ul data-start=\"1044\" data-end=\"1206\">\n<li data-start=\"1044\" data-end=\"1112\">\n<p data-start=\"1046\" data-end=\"1112\">Rohkem aega l\u00f5\u00f5gastumiseks, avastamiseks ja meelte hellitamiseks<\/p>\n<\/li>\n<li data-start=\"1113\" data-end=\"1164\">\n<p data-start=\"1115\" data-end=\"1164\">Kahe \u00f6\u00f6 majutus M\u00f5isa H\u00e4rrastemajas<\/p>\n<\/li>\n<li>Saabumise \u00f5htul 4-k\u00e4iguline <em>Table d\u2019H\u00f4te<\/em> \u00f5htus\u00f6\u00f6k restoranis Alexander&nbsp;koos klaasi vahuveiniga\n<\/li>\n<li><em>\u00c0 la carte<\/em> hommikus\u00f6\u00f6k restorani Alexander Talveaias<\/li>\n<li data-start=\"661\" data-end=\"707\">\n<p data-start=\"663\" data-end=\"707\">Privaatne \u00fcrdi-aurusaun 40\u00b0C, 60 minutit<\/p>\n<\/li>\n<li data-start=\"708\" data-end=\"762\">\n<p data-start=\"710\" data-end=\"762\">Kaks tundi jalgratta renti <em>(s\u00f5ltuvalt saadavusest)<\/em><\/p>\n<\/li>\n<li data-start=\"763\" data-end=\"821\">\n<p data-start=\"765\" data-end=\"821\">\u201cT\u00f5use ja s\u00e4ra\u201d hommikuv\u00f5imlemine iga p\u00e4ev kell 09:00<\/p>\n<\/li>\n<\/ul>\n<p>alates <strong data-start=\"1179\" data-end=\"1204\">359 EUR inimese kohta.<\/strong><\/p>\n<hr \/>\n<p data-start=\"1208\" data-end=\"1235\">S\u00f5ltuvalt saadavusest on&nbsp;<strong>Kuldne s\u00fcgislummus <\/strong>broneeritav&nbsp;<strong data-start=\"1247\" data-end=\"1291\">22. septembrist kuni 31. oktoobrini 2025. <\/strong>Hind kehtib kahekohalise majutuse puhul. Vajalik eelnev broneerimine ja ettemaks<\/p>\n<p data-start=\"1404\" data-end=\"1523\">Broneerimise v\u00f5i p\u00e4ringute korral v\u00f5tke \u00fchendust meie <em>Guest Relations Manager<\/em>&#8216;iga <a class=\"decorated-link cursor-pointer\" href=\"mailto:info@padaste.ee\" target=\"_blank\" rel=\"noopener\" data-start=\"1485\" data-end=\"1500\">info@padaste.ee<\/a> v\u00f5i <a href=\"tel:+3724548800\">+372 45 48 800<\/a>.<\/p>\n","protected":false},"excerpt":{"rendered":"<p>Kogege Muhu saare kuldset varas\u00fcgise lummust &nbsp; Suvep\u00e4evad on \u00f5rnalt kahanemas, loodus transformeerib end vaikselt soojadesse kuldsetesse toonidesse ning P\u00e4daste M\u00f5is kutsub teid nautima varas\u00fcgise rahulikku meeleolu l\u00e4bi eksklusiivse Kuldse s\u00fcgislummuse. Kr\u00f5be \u00f5hk, k\u00fc\u00fcnlavalgus ja m\u00f5isa peened mugavused loovad luksusliku raamistiku s\u00fcgise \u00f5rnale puudutusele. &nbsp; Kuldne s\u00fcgislummus: Luksuslik majutus H\u00e4rrastemajas 4-k\u00e4iguline Table d\u2019H\u00f4te \u00f5htus\u00f6\u00f6k restoranis [&hellip;]<\/p>\n","protected":false},"author":61,"featured_media":0,"parent":8975,"menu_order":0,"comment_status":"closed","ping_status":"closed","template":"","meta":{"ngg_post_thumbnail":0,"_links_to":"","_links_to_target":""},"yoast_head":"<!-- This site is optimized with the Yoast SEO plugin v16.1.1 - https:\/\/yoast.com\/wordpress\/plugins\/seo\/ -->\n<title>Kuldne s\u00fcgislummus -<\/title>\n<link rel=\"canonical\" href=\"https:\/\/xn--pdaste-bua.ee\/et\/eripakkumised\/kuldne-sugislummus\/\" \/>\n<meta property=\"og:locale\" content=\"et_EE\" \/>\n<meta property=\"og:type\" content=\"article\" \/>\n<meta property=\"og:title\" content=\"Kuldne s\u00fcgislummus -\" \/>\n<meta property=\"og:description\" content=\"Kogege Muhu saare kuldset varas\u00fcgise lummust &nbsp; Suvep\u00e4evad on \u00f5rnalt kahanemas, loodus transformeerib end vaikselt soojadesse kuldsetesse toonidesse ning P\u00e4daste M\u00f5is kutsub teid nautima varas\u00fcgise rahulikku meeleolu l\u00e4bi eksklusiivse Kuldse s\u00fcgislummuse. Kr\u00f5be \u00f5hk, k\u00fc\u00fcnlavalgus ja m\u00f5isa peened mugavused loovad luksusliku raamistiku s\u00fcgise \u00f5rnale puudutusele. &nbsp; Kuldne s\u00fcgislummus: Luksuslik majutus H\u00e4rrastemajas 4-k\u00e4iguline Table d\u2019H\u00f4te \u00f5htus\u00f6\u00f6k restoranis [&hellip;]\" \/>\n<meta property=\"og:url\" content=\"https:\/\/xn--pdaste-bua.ee\/et\/eripakkumised\/kuldne-sugislummus\/\" \/>\n<meta property=\"article:publisher\" content=\"https:\/\/www.facebook.com\/Padastemanor\/\" \/>\n<meta property=\"article:modified_time\" content=\"2025-10-01T10:24:51+00:00\" \/>\n<meta property=\"og:image\" content=\"http:\/\/padaste.ee\/wp-content\/uploads\/2025\/09\/p7193260-scaled.jpg\" \/>\n<meta name=\"twitter:card\" content=\"summary_large_image\" \/>\n<meta name=\"twitter:label1\" content=\"Est. reading time\">\n\t<meta name=\"twitter:data1\" content=\"2 minutit\">\n<script type=\"application\/ld+json\" class=\"yoast-schema-graph\">{\"@context\":\"https:\/\/schema.org\",\"@graph\":[{\"@type\":\"Organization\",\"@id\":\"https:\/\/padaste.ee\/#organization\",\"name\":\"P\\u00e4daste M\\u00f5is\",\"url\":\"https:\/\/padaste.ee\/\",\"sameAs\":[\"https:\/\/www.facebook.com\/Padastemanor\/\"],\"logo\":{\"@type\":\"ImageObject\",\"@id\":\"https:\/\/padaste.ee\/#logo\",\"inLanguage\":\"et\",\"url\":\"https:\/\/padaste.ee\/wp-content\/uploads\/2018\/12\/padaste_2011.jpg\",\"contentUrl\":\"https:\/\/padaste.ee\/wp-content\/uploads\/2018\/12\/padaste_2011.jpg\",\"width\":154,\"height\":61,\"caption\":\"P\\u00e4daste M\\u00f5is\"},\"image\":{\"@id\":\"https:\/\/padaste.ee\/#logo\"}},{\"@type\":\"WebSite\",\"@id\":\"https:\/\/padaste.ee\/#website\",\"url\":\"https:\/\/padaste.ee\/\",\"name\":\"\",\"description\":\"\",\"publisher\":{\"@id\":\"https:\/\/padaste.ee\/#organization\"},\"potentialAction\":[{\"@type\":\"SearchAction\",\"target\":\"https:\/\/padaste.ee\/?s={search_term_string}\",\"query-input\":\"required name=search_term_string\"}],\"inLanguage\":\"et\"},{\"@type\":\"ImageObject\",\"@id\":\"https:\/\/xn--pdaste-bua.ee\/et\/eripakkumised\/kuldne-sugislummus\/#primaryimage\",\"inLanguage\":\"et\",\"url\":\"http:\/\/padaste.ee\/wp-content\/uploads\/2025\/09\/p7193260-scaled.jpg\",\"contentUrl\":\"http:\/\/padaste.ee\/wp-content\/uploads\/2025\/09\/p7193260-scaled.jpg\"},{\"@type\":\"WebPage\",\"@id\":\"https:\/\/xn--pdaste-bua.ee\/et\/eripakkumised\/kuldne-sugislummus\/#webpage\",\"url\":\"https:\/\/xn--pdaste-bua.ee\/et\/eripakkumised\/kuldne-sugislummus\/\",\"name\":\"Kuldne s\\u00fcgislummus -\",\"isPartOf\":{\"@id\":\"https:\/\/padaste.ee\/#website\"},\"primaryImageOfPage\":{\"@id\":\"https:\/\/xn--pdaste-bua.ee\/et\/eripakkumised\/kuldne-sugislummus\/#primaryimage\"},\"datePublished\":\"2025-09-16T13:59:36+00:00\",\"dateModified\":\"2025-10-01T10:24:51+00:00\",\"breadcrumb\":{\"@id\":\"https:\/\/xn--pdaste-bua.ee\/et\/eripakkumised\/kuldne-sugislummus\/#breadcrumb\"},\"inLanguage\":\"et\",\"potentialAction\":[{\"@type\":\"ReadAction\",\"target\":[\"https:\/\/xn--pdaste-bua.ee\/et\/eripakkumised\/kuldne-sugislummus\/\"]}]},{\"@type\":\"BreadcrumbList\",\"@id\":\"https:\/\/xn--pdaste-bua.ee\/et\/eripakkumised\/kuldne-sugislummus\/#breadcrumb\",\"itemListElement\":[{\"@type\":\"ListItem\",\"position\":1,\"item\":{\"@type\":\"WebPage\",\"@id\":\"https:\/\/padaste.ee\/et\/\",\"url\":\"https:\/\/padaste.ee\/et\/\",\"name\":\"Home\"}},{\"@type\":\"ListItem\",\"position\":2,\"item\":{\"@type\":\"WebPage\",\"@id\":\"https:\/\/xn--pdaste-bua.ee\/et\/eripakkumised\/\",\"url\":\"https:\/\/xn--pdaste-bua.ee\/et\/eripakkumised\/\",\"name\":\"Eripakkumised\"}},{\"@type\":\"ListItem\",\"position\":3,\"item\":{\"@type\":\"WebPage\",\"@id\":\"https:\/\/xn--pdaste-bua.ee\/et\/eripakkumised\/kuldne-sugislummus\/\",\"url\":\"https:\/\/xn--pdaste-bua.ee\/et\/eripakkumised\/kuldne-sugislummus\/\",\"name\":\"Kuldne s\\u00fcgislummus\"}}]}]}<\/script>\n<!-- \/ Yoast SEO plugin. -->","_links":{"self":[{"href":"https:\/\/www.xn--pdaste-bua.ee\/et\/wp-json\/wp\/v2\/pages\/25276"}],"collection":[{"href":"https:\/\/www.xn--pdaste-bua.ee\/et\/wp-json\/wp\/v2\/pages"}],"about":[{"href":"https:\/\/www.xn--pdaste-bua.ee\/et\/wp-json\/wp\/v2\/types\/page"}],"author":[{"embeddable":true,"href":"https:\/\/www.xn--pdaste-bua.ee\/et\/wp-json\/wp\/v2\/users\/61"}],"replies":[{"embeddable":true,"href":"https:\/\/www.xn--pdaste-bua.ee\/et\/wp-json\/wp\/v2\/comments?post=25276"}],"version-history":[{"count":14,"href":"https:\/\/www.xn--pdaste-bua.ee\/et\/wp-json\/wp\/v2\/pages\/25276\/revisions"}],"predecessor-version":[{"id":25320,"href":"https:\/\/www.xn--pdaste-bua.ee\/et\/wp-json\/wp\/v2\/pages\/25276\/revisions\/25320"}],"up":[{"embeddable":true,"href":"https:\/\/www.xn--pdaste-bua.ee\/et\/wp-json\/wp\/v2\/pages\/8975"}],"wp:attachment":[{"href":"https:\/\/www.xn--pdaste-bua.ee\/et\/wp-json\/wp\/v2\/media?parent=25276"}],"curies":[{"name":"wp","href":"https:\/\/api.w.org\/{rel}","templated":true}]}}