{"id":8623,"date":"2015-07-28T18:19:20","date_gmt":"2015-07-28T15:19:20","guid":{"rendered":"http:\/\/padastenew.local\/?page_id=8623"},"modified":"2018-03-08T11:31:19","modified_gmt":"2018-03-08T09:31:19","slug":"ajalugu","status":"publish","type":"page","link":"https:\/\/www.xn--pdaste-bua.ee\/et\/mois\/ajalugu\/","title":{"rendered":"Ajalugu"},"content":{"rendered":"<h1><span style=\"font-size: 20px; color: #ff0000;\">Varasemad \u00fclest\u00e4hendused<\/span><\/h1>\n<p><a href=\"http:\/\/padaste.ee\/wp-content\/uploads\/2012\/06\/5627826149_43b830c7a4.jpg\"><img loading=\"lazy\" class=\" size-medium wp-image-5703 alignright\" src=\"http:\/\/padaste.ee\/wp-content\/uploads\/2012\/06\/5627826149_43b830c7a4-300x227.jpg\" alt=\"5627826149_43b830c7a4\" width=\"300\" height=\"227\" srcset=\"https:\/\/www.xn--pdaste-bua.ee\/wp-content\/uploads\/2012\/06\/5627826149_43b830c7a4-300x227.jpg 300w, https:\/\/www.xn--pdaste-bua.ee\/wp-content\/uploads\/2012\/06\/5627826149_43b830c7a4-24x18.jpg 24w, https:\/\/www.xn--pdaste-bua.ee\/wp-content\/uploads\/2012\/06\/5627826149_43b830c7a4-36x27.jpg 36w, https:\/\/www.xn--pdaste-bua.ee\/wp-content\/uploads\/2012\/06\/5627826149_43b830c7a4-48x36.jpg 48w, https:\/\/www.xn--pdaste-bua.ee\/wp-content\/uploads\/2012\/06\/5627826149_43b830c7a4.jpg 500w\" sizes=\"(max-width: 300px) 100vw, 300px\" \/><\/a>Varaseimad \u00fclest\u00e4hendused P\u00e4daste M\u00f5isa kohta p\u00e4rinevad aastast 1566. Selle aasta 25.juunil andis Taani kuningas Fredrik II m\u00f5isa \u00fcle von Knorr\u2019ide perekonnale viimaste teenete eest Taani riigi ees. Juba tol aja oli m\u00f5is ja selle \u00fcmberkaudsed talupidamised p\u00f5lluharijate jaoks oluliseks keskuseks. Arvatavasti otsustati sellele kaunile kohale ehitada m\u00f5is varsti peale piiskop Albert von Buxhoeveden\u2019i juhitud viimast ja otsustavat lahingut eestlastest paganate vastu.<\/p>\n<p>&nbsp;<\/p>\n<h1><span style=\"font-size: 20px; color: #ff0000;\">M\u00f5isa algup\u00e4ra<\/span><\/h1>\n<p>P\u00e4daste m\u00f5isa s\u00fcnd viib meid tagasi 14. sajandisse, m\u00f5ningad tolleaegsetest iidsetest seintest on siiani s\u00e4ilinud m\u00f5isa kesksetes ruumides. 19. sajandi l\u00f5pul leidsid aset m\u00e4rkimisv\u00e4\u00e4rsed laiendust\u00f6\u00f6d ning m\u00f5isahoonele kujundati uus fassaad, sellest ajast p\u00e4rineb ka t\u00e4naseni iseloomulik harmooniline \u00fcldmulje. M\u00f5isa \u00f5ueala \u00fcmbritsevad hooned p\u00fcstitati aastatel 1870 kuni 1890 &#8211; perioodil, mil baltisakslased nautisid j\u00f5ukalt suurejoonelist ja k\u00fclluslikku eluviisi.<\/p>\n<p>&nbsp;<\/p>\n<h1><span style=\"font-size: 20px; color: #ff0000;\">Viimane parun<\/span><\/h1>\n<p><a href=\"http:\/\/padaste.ee\/wp-content\/uploads\/2012\/06\/107270003_62da0bb46d_z1.jpg\"><img loading=\"lazy\" class=\" size-medium wp-image-5704 alignright\" src=\"http:\/\/padaste.ee\/wp-content\/uploads\/2012\/06\/107270003_62da0bb46d_z1-180x300.jpg\" alt=\"107270003_62da0bb46d_z\" width=\"180\" height=\"300\" srcset=\"https:\/\/www.xn--pdaste-bua.ee\/wp-content\/uploads\/2012\/06\/107270003_62da0bb46d_z1-180x300.jpg 180w, https:\/\/www.xn--pdaste-bua.ee\/wp-content\/uploads\/2012\/06\/107270003_62da0bb46d_z1-14x24.jpg 14w, https:\/\/www.xn--pdaste-bua.ee\/wp-content\/uploads\/2012\/06\/107270003_62da0bb46d_z1-22x36.jpg 22w, https:\/\/www.xn--pdaste-bua.ee\/wp-content\/uploads\/2012\/06\/107270003_62da0bb46d_z1-29x48.jpg 29w, https:\/\/www.xn--pdaste-bua.ee\/wp-content\/uploads\/2012\/06\/107270003_62da0bb46d_z1.jpg 385w\" sizes=\"(max-width: 180px) 100vw, 180px\" \/><\/a>Tsaari poolt jahipidamise vastutusala juhiks m\u00e4\u00e4ratud parun Axel von Buxhoeveden omas selle positsiooni l\u00e4bi 19.sajandi l\u00f5pul \u00f5ukonnas suurt m\u00f5juv\u00f5imu. \u00dcheskoos Siemens\u2019i p\u00e4rijannast abikaasa Charlottega t\u00f5id nad unisele Muhu saarele laia maailma hiilgust ning s\u00e4ra. Von Buxhoeveden korrastas oma Kuivastus ja P\u00e4dastes asuvad m\u00f5isad imekauniteks ning P\u00e4daste suvedest said Charlotte ja tema kaaskonna Peterburgist saabumisel kunsti ja muusikak\u00fcllased kultuurinaudingud. Parun Alexander ise aga huvitus v\u00e4gagi maastikukujundusest ja haljastusest ning t\u00f5i oma sagedastelt reisidelt kaasa haruldasi taime-ja puuliike, millest m\u00f5ningad t\u00e4naseni m\u00f5isaparki kaunistavad. Peale maavanemaks valimist, lasi von Buxhoeveden restaureerida ka Kuressaare lossi ja nimetas selle uuesti valitsushooneks. 1919.aasta talvel teel P\u00e4dastest mandrile hukkus aga Axel von Buxhoeveden m\u00e4ssulste revolutsion\u00e4\u00e4ride k\u00e4e l\u00e4bi ning Charlotte von Siemens pages selle tulemusel j\u00e4rgmisel p\u00e4eval Brandenburgi. Nii ootamatult ja traagiliselt sai l\u00e4bi 1227.aastal Albert von Buxhoevedenist alguse saanud ja seitsesada aastat kestnud \u00fche perekonna unustamatu kohalolek Muhumaal .<\/p>\n<p>&nbsp;<\/p>\n<h1><span style=\"font-size: 20px; color: #ff0000;\">Hiljutine ajalugu<\/span><\/h1>\n<p>Peale N\u00f5ukogude-aegset aastatepikkust hooletut kohtlemist, mil m\u00f5isa kasutati nii s\u00f5jav\u00e4elise peakorterina, kalakasvatuse jaotuspunktina ja hooldekoduna, h\u00fcljati see 1980ndate aastate alguses sootuks. Kuniks m\u00f5isa n\u00fc\u00fcdsed omanikud 1996.aastal m\u00f5isa \u00fclesehitamise v\u00e4ljakutse enda kanda v\u00f5tsid, seades eesm\u00e4rgiks muuta looduskaunist kohast Baltimaade kauneim luksushotell.<\/p>\n","protected":false},"excerpt":{"rendered":"<p>Varasemad \u00fclest\u00e4hendused Varaseimad \u00fclest\u00e4hendused P\u00e4daste M\u00f5isa kohta p\u00e4rinevad aastast 1566. Selle aasta 25.juunil andis Taani kuningas Fredrik II m\u00f5isa \u00fcle von Knorr\u2019ide perekonnale viimaste teenete eest Taani riigi ees. Juba tol aja oli m\u00f5is ja selle \u00fcmberkaudsed talupidamised p\u00f5lluharijate jaoks oluliseks keskuseks. Arvatavasti otsustati sellele kaunile kohale ehitada m\u00f5is varsti peale piiskop Albert von Buxhoeveden\u2019i [&hellip;]<\/p>\n","protected":false},"author":50,"featured_media":14138,"parent":8574,"menu_order":1,"comment_status":"closed","ping_status":"closed","template":"","meta":{"ngg_post_thumbnail":0,"_links_to":"","_links_to_target":""},"yoast_head":"<!-- This site is optimized with the Yoast SEO plugin v16.1.1 - https:\/\/yoast.com\/wordpress\/plugins\/seo\/ -->\n<title>Ajalugu -<\/title>\n<link rel=\"canonical\" href=\"https:\/\/www.xn--pdaste-bua.ee\/et\/mois\/ajalugu\/\" \/>\n<meta property=\"og:locale\" content=\"et_EE\" \/>\n<meta property=\"og:type\" content=\"article\" \/>\n<meta property=\"og:title\" content=\"Ajalugu -\" \/>\n<meta property=\"og:description\" content=\"Varasemad \u00fclest\u00e4hendused Varaseimad \u00fclest\u00e4hendused P\u00e4daste M\u00f5isa kohta p\u00e4rinevad aastast 1566. Selle aasta 25.juunil andis Taani kuningas Fredrik II m\u00f5isa \u00fcle von Knorr\u2019ide perekonnale viimaste teenete eest Taani riigi ees. Juba tol aja oli m\u00f5is ja selle \u00fcmberkaudsed talupidamised p\u00f5lluharijate jaoks oluliseks keskuseks. Arvatavasti otsustati sellele kaunile kohale ehitada m\u00f5is varsti peale piiskop Albert von Buxhoeveden\u2019i [&hellip;]\" \/>\n<meta property=\"og:url\" content=\"https:\/\/www.xn--pdaste-bua.ee\/et\/mois\/ajalugu\/\" \/>\n<meta property=\"article:publisher\" content=\"https:\/\/www.facebook.com\/Padastemanor\/\" \/>\n<meta property=\"article:modified_time\" content=\"2018-03-08T09:31:19+00:00\" \/>\n<meta property=\"og:image\" content=\"https:\/\/www.xn--pdaste-bua.ee\/wp-content\/uploads\/2012\/06\/5627826149_43b830c7a4.jpg\" \/>\n\t<meta property=\"og:image:width\" content=\"500\" \/>\n\t<meta property=\"og:image:height\" content=\"379\" \/>\n<meta name=\"twitter:card\" content=\"summary_large_image\" \/>\n<meta name=\"twitter:label1\" content=\"Est. reading time\">\n\t<meta name=\"twitter:data1\" content=\"2 minutit\">\n<script type=\"application\/ld+json\" class=\"yoast-schema-graph\">{\"@context\":\"https:\/\/schema.org\",\"@graph\":[{\"@type\":\"Organization\",\"@id\":\"https:\/\/padaste.ee\/#organization\",\"name\":\"P\\u00e4daste M\\u00f5is\",\"url\":\"https:\/\/padaste.ee\/\",\"sameAs\":[\"https:\/\/www.facebook.com\/Padastemanor\/\"],\"logo\":{\"@type\":\"ImageObject\",\"@id\":\"https:\/\/padaste.ee\/#logo\",\"inLanguage\":\"et\",\"url\":\"https:\/\/padaste.ee\/wp-content\/uploads\/2018\/12\/padaste_2011.jpg\",\"contentUrl\":\"https:\/\/padaste.ee\/wp-content\/uploads\/2018\/12\/padaste_2011.jpg\",\"width\":154,\"height\":61,\"caption\":\"P\\u00e4daste M\\u00f5is\"},\"image\":{\"@id\":\"https:\/\/padaste.ee\/#logo\"}},{\"@type\":\"WebSite\",\"@id\":\"https:\/\/padaste.ee\/#website\",\"url\":\"https:\/\/padaste.ee\/\",\"name\":\"\",\"description\":\"\",\"publisher\":{\"@id\":\"https:\/\/padaste.ee\/#organization\"},\"potentialAction\":[{\"@type\":\"SearchAction\",\"target\":\"https:\/\/padaste.ee\/?s={search_term_string}\",\"query-input\":\"required name=search_term_string\"}],\"inLanguage\":\"et\"},{\"@type\":\"ImageObject\",\"@id\":\"https:\/\/www.xn--pdaste-bua.ee\/et\/mois\/ajalugu\/#primaryimage\",\"inLanguage\":\"et\",\"url\":\"https:\/\/www.xn--pdaste-bua.ee\/wp-content\/uploads\/2012\/06\/5627826149_43b830c7a4.jpg\",\"contentUrl\":\"https:\/\/www.xn--pdaste-bua.ee\/wp-content\/uploads\/2012\/06\/5627826149_43b830c7a4.jpg\",\"width\":500,\"height\":379},{\"@type\":\"WebPage\",\"@id\":\"https:\/\/www.xn--pdaste-bua.ee\/et\/mois\/ajalugu\/#webpage\",\"url\":\"https:\/\/www.xn--pdaste-bua.ee\/et\/mois\/ajalugu\/\",\"name\":\"Ajalugu -\",\"isPartOf\":{\"@id\":\"https:\/\/padaste.ee\/#website\"},\"primaryImageOfPage\":{\"@id\":\"https:\/\/www.xn--pdaste-bua.ee\/et\/mois\/ajalugu\/#primaryimage\"},\"datePublished\":\"2015-07-28T15:19:20+00:00\",\"dateModified\":\"2018-03-08T09:31:19+00:00\",\"breadcrumb\":{\"@id\":\"https:\/\/www.xn--pdaste-bua.ee\/et\/mois\/ajalugu\/#breadcrumb\"},\"inLanguage\":\"et\",\"potentialAction\":[{\"@type\":\"ReadAction\",\"target\":[\"https:\/\/www.xn--pdaste-bua.ee\/et\/mois\/ajalugu\/\"]}]},{\"@type\":\"BreadcrumbList\",\"@id\":\"https:\/\/www.xn--pdaste-bua.ee\/et\/mois\/ajalugu\/#breadcrumb\",\"itemListElement\":[{\"@type\":\"ListItem\",\"position\":1,\"item\":{\"@type\":\"WebPage\",\"@id\":\"https:\/\/padaste.ee\/et\/\",\"url\":\"https:\/\/padaste.ee\/et\/\",\"name\":\"Home\"}},{\"@type\":\"ListItem\",\"position\":2,\"item\":{\"@type\":\"WebPage\",\"@id\":\"https:\/\/padaste.ee\/et\/mois\/\",\"url\":\"https:\/\/padaste.ee\/et\/mois\/\",\"name\":\"M\\u00f5is\"}},{\"@type\":\"ListItem\",\"position\":3,\"item\":{\"@type\":\"WebPage\",\"@id\":\"https:\/\/www.xn--pdaste-bua.ee\/et\/mois\/ajalugu\/\",\"url\":\"https:\/\/www.xn--pdaste-bua.ee\/et\/mois\/ajalugu\/\",\"name\":\"Ajalugu\"}}]}]}<\/script>\n<!-- \/ Yoast SEO plugin. -->","_links":{"self":[{"href":"https:\/\/www.xn--pdaste-bua.ee\/et\/wp-json\/wp\/v2\/pages\/8623"}],"collection":[{"href":"https:\/\/www.xn--pdaste-bua.ee\/et\/wp-json\/wp\/v2\/pages"}],"about":[{"href":"https:\/\/www.xn--pdaste-bua.ee\/et\/wp-json\/wp\/v2\/types\/page"}],"author":[{"embeddable":true,"href":"https:\/\/www.xn--pdaste-bua.ee\/et\/wp-json\/wp\/v2\/users\/50"}],"replies":[{"embeddable":true,"href":"https:\/\/www.xn--pdaste-bua.ee\/et\/wp-json\/wp\/v2\/comments?post=8623"}],"version-history":[{"count":2,"href":"https:\/\/www.xn--pdaste-bua.ee\/et\/wp-json\/wp\/v2\/pages\/8623\/revisions"}],"predecessor-version":[{"id":12042,"href":"https:\/\/www.xn--pdaste-bua.ee\/et\/wp-json\/wp\/v2\/pages\/8623\/revisions\/12042"}],"up":[{"embeddable":true,"href":"https:\/\/www.xn--pdaste-bua.ee\/et\/wp-json\/wp\/v2\/pages\/8574"}],"wp:featuredmedia":[{"embeddable":true,"href":"https:\/\/www.xn--pdaste-bua.ee\/et\/wp-json\/wp\/v2\/media\/14138"}],"wp:attachment":[{"href":"https:\/\/www.xn--pdaste-bua.ee\/et\/wp-json\/wp\/v2\/media?parent=8623"}],"curies":[{"name":"wp","href":"https:\/\/api.w.org\/{rel}","templated":true}]}}