{"id":8633,"date":"2015-07-28T18:43:02","date_gmt":"2015-07-28T15:43:02","guid":{"rendered":"http:\/\/padastenew.local\/?page_id=8633"},"modified":"2022-05-30T07:52:06","modified_gmt":"2022-05-30T07:52:06","slug":"asukoht","status":"publish","type":"page","link":"https:\/\/www.xn--pdaste-bua.ee\/et\/mois\/asukoht\/","title":{"rendered":"Asukoht"},"content":{"rendered":"<p>P\u00e4daste M\u00f5is asub P\u00e4daste lahe \u00e4\u00e4res, id\u00fcllilisel Muhu saarel, Eestimaa l\u00e4\u00e4nekaldal &#8211; mugava 2-tunnise autos\u00f5idu kaugusel pealinnast Tallinnast.<\/p>\n<p>&nbsp;<\/p>\n<p>Meie privaatne <a title=\"limusiinitransfeer\" href=\"http:\/\/padaste.ee\/et\/mois\/asukoht\/limousine-transfer\/\">limusiinitransfeer<\/a> on mugav viis reisimiseks sellele kaunile saarele. Saare ja mandri vahel liigub ka regulaarne \u00fchistransport. Tulles P\u00e4daste M\u00f5isa \u00fchistranspordiga, on h\u00f5lpsasti korraldatav transfeer Kuivastu sadamast m\u00f5isa.&nbsp;<\/p>\n<p>&nbsp;<\/p>\n<p>Tallinna Lennart Meri nimelisest lennujaamast on hea \u00fchendus Skandinaavia ja Baltiriikide linnadega, nii nagu ka Londoni, Amsterdami, Pariisi, Berliini ja Frankfurdiga. Samuti on Tallinna lennujaamast igap\u00e4evane lennu\u00fchendus Kuressaarde, sealt omakorda on aga P\u00e4daste M\u00f5is vaid 45-minutilise autos\u00f5idu kaugusel. Kuressaare lennujaam v\u00f5tab vastu ka eralennukeid.<\/p>\n<p>&nbsp;<\/p>\n<p>P\u00e4daste M\u00f5isa on v\u00f5imalik tulla ka helikopteriga &#8211; m\u00f5isas on selleks olemas maandumisplats. Helikopteriga saabumise soovi korral, palume meid sellest eelnevalt teavitada. Vastasel juhul v\u00f5ib juhtuda, et maandumisplats on juba h\u00f5ivatud. Kopteri maandumistasu on 40 EUR\/kord.<\/p>\n<p>&nbsp;<\/p>\n<p><strong>Aadress: P\u00e4daste M\u00f5is, Muhu saar, 94716 Eesti<\/strong> <strong>Geograafilised koordinaadid:<\/strong> <strong>laiuskraad 58\u00ba32&#8217;58&#8221; pikkuskraad 23\u00ba16&#8217;38&#8221;<\/strong><\/p>\n<p>&nbsp;<\/p>\n<p style=\"text-align: center;\"><iframe loading=\"lazy\" style=\"border: 0;\" src=\"https:\/\/www.google.com\/maps\/embed?pb=!1m18!1m12!1m3!1d2081.683341824836!2d23.280703199999998!3d58.5503621!2m3!1f0!2f0!3f0!3m2!1i1024!2i768!4f13.1!3m3!1m2!1s0x46ed7e7fcbb1b6cd%3A0xc00b63274a54b92d!2sP%C3%A4daste+Manor!5e0!3m2!1sen!2sus!4v1440932613596\" width=\"600\" height=\"450\" frameborder=\"0\" allowfullscreen=\"allowfullscreen\"><\/iframe><\/p>\n<p>&nbsp;<\/p>\n<p>&nbsp;<\/p>\n<p align=\"center\"><a title=\"Eesti kaart\" href=\"https:\/\/www.google.ee\/maps\/place\/P%C3%A4daste+Manor\/@58.9677295,23.3328882,8z\/data=!4m5!3m4!1s0x46ed7e7fcbb1b6cd:0xc00b63274a54b92d!8m2!3d58.5503621!4d23.2807032?hl=en\" target=\"_blank\" rel=\"noopener\">Eesti kaart<\/a>&nbsp; &nbsp;<a title=\"Muhu saare kaart\" href=\"https:\/\/www.google.ee\/maps\/place\/P%C3%A4daste+Manor\/@58.6000523,23.2394226,11z\/data=!4m6!3m5!1s0x46ed7e7fcbb1b6cd:0xc00b63274a54b92d!4b1!8m2!3d58.5503621!4d23.2807032?hl=en\" target=\"_blank\" rel=\"noopener\">Muhu saare kaart<\/a>&nbsp; &nbsp;<a title=\"Praam Muhu saarele\" href=\"https:\/\/www.praamid.ee\/wp\/\" target=\"_blank\" rel=\"noopener\">Praam Muhu saarele<\/a>&nbsp;&nbsp; <a href=\"http:\/\/padaste.ee\/et\/mois\/asukoht\/autorent\/\">Autorent<\/a> &nbsp; <a href=\"http:\/\/padaste.ee\/et\/paketid\/elegantselt-helikopteriga\/\" target=\"_blank\" rel=\"noopener\">Helikopterlennud<\/a> &nbsp; <a href=\"http:\/\/www.muhu.info\/\" target=\"_blank\" rel=\"noopener\">Muhu Turismi\u00fchendus<\/a><\/p>\n","protected":false},"excerpt":{"rendered":"<p>P\u00e4daste M\u00f5is asub P\u00e4daste lahe \u00e4\u00e4res, id\u00fcllilisel Muhu saarel, Eestimaa l\u00e4\u00e4nekaldal &#8211; mugava 2-tunnise autos\u00f5idu kaugusel pealinnast Tallinnast. &nbsp; Meie privaatne limusiinitransfeer on mugav viis reisimiseks sellele kaunile saarele. Saare ja mandri vahel liigub ka regulaarne \u00fchistransport. Tulles P\u00e4daste M\u00f5isa \u00fchistranspordiga, on h\u00f5lpsasti korraldatav transfeer Kuivastu sadamast m\u00f5isa.&nbsp; &nbsp; Tallinna Lennart Meri nimelisest lennujaamast on [&hellip;]<\/p>\n","protected":false},"author":50,"featured_media":8538,"parent":8574,"menu_order":5,"comment_status":"closed","ping_status":"closed","template":"","meta":{"ngg_post_thumbnail":0,"_links_to":"","_links_to_target":""},"yoast_head":"<!-- This site is optimized with the Yoast SEO plugin v16.1.1 - https:\/\/yoast.com\/wordpress\/plugins\/seo\/ -->\n<title>Asukoht -<\/title>\n<link rel=\"canonical\" href=\"https:\/\/padaste.ee\/et\/mois\/asukoht\/\" \/>\n<meta property=\"og:locale\" content=\"et_EE\" \/>\n<meta property=\"og:type\" content=\"article\" \/>\n<meta property=\"og:title\" content=\"Asukoht -\" \/>\n<meta property=\"og:description\" content=\"P\u00e4daste M\u00f5is asub P\u00e4daste lahe \u00e4\u00e4res, id\u00fcllilisel Muhu saarel, Eestimaa l\u00e4\u00e4nekaldal &#8211; mugava 2-tunnise autos\u00f5idu kaugusel pealinnast Tallinnast. &nbsp; Meie privaatne limusiinitransfeer on mugav viis reisimiseks sellele kaunile saarele. Saare ja mandri vahel liigub ka regulaarne \u00fchistransport. Tulles P\u00e4daste M\u00f5isa \u00fchistranspordiga, on h\u00f5lpsasti korraldatav transfeer Kuivastu sadamast m\u00f5isa.&nbsp; &nbsp; Tallinna Lennart Meri nimelisest lennujaamast on [&hellip;]\" \/>\n<meta property=\"og:url\" content=\"https:\/\/padaste.ee\/et\/mois\/asukoht\/\" \/>\n<meta property=\"article:publisher\" content=\"https:\/\/www.facebook.com\/Padastemanor\/\" \/>\n<meta property=\"article:modified_time\" content=\"2022-05-30T07:52:06+00:00\" \/>\n<meta property=\"og:image\" content=\"https:\/\/www.xn--pdaste-bua.ee\/wp-content\/uploads\/2015\/07\/4989845302-1024x740.jpg\" \/>\n\t<meta property=\"og:image:width\" content=\"1024\" \/>\n\t<meta property=\"og:image:height\" content=\"740\" \/>\n<meta name=\"twitter:card\" content=\"summary_large_image\" \/>\n<meta name=\"twitter:label1\" content=\"Est. reading time\">\n\t<meta name=\"twitter:data1\" content=\"1 minut\">\n<script type=\"application\/ld+json\" class=\"yoast-schema-graph\">{\"@context\":\"https:\/\/schema.org\",\"@graph\":[{\"@type\":\"Organization\",\"@id\":\"https:\/\/padaste.ee\/#organization\",\"name\":\"P\\u00e4daste M\\u00f5is\",\"url\":\"https:\/\/padaste.ee\/\",\"sameAs\":[\"https:\/\/www.facebook.com\/Padastemanor\/\"],\"logo\":{\"@type\":\"ImageObject\",\"@id\":\"https:\/\/padaste.ee\/#logo\",\"inLanguage\":\"et\",\"url\":\"https:\/\/padaste.ee\/wp-content\/uploads\/2018\/12\/padaste_2011.jpg\",\"contentUrl\":\"https:\/\/padaste.ee\/wp-content\/uploads\/2018\/12\/padaste_2011.jpg\",\"width\":154,\"height\":61,\"caption\":\"P\\u00e4daste M\\u00f5is\"},\"image\":{\"@id\":\"https:\/\/padaste.ee\/#logo\"}},{\"@type\":\"WebSite\",\"@id\":\"https:\/\/padaste.ee\/#website\",\"url\":\"https:\/\/padaste.ee\/\",\"name\":\"\",\"description\":\"\",\"publisher\":{\"@id\":\"https:\/\/padaste.ee\/#organization\"},\"potentialAction\":[{\"@type\":\"SearchAction\",\"target\":\"https:\/\/padaste.ee\/?s={search_term_string}\",\"query-input\":\"required name=search_term_string\"}],\"inLanguage\":\"et\"},{\"@type\":\"ImageObject\",\"@id\":\"https:\/\/padaste.ee\/et\/mois\/asukoht\/#primaryimage\",\"inLanguage\":\"et\",\"url\":\"https:\/\/www.xn--pdaste-bua.ee\/wp-content\/uploads\/2015\/07\/4989845302.jpg\",\"contentUrl\":\"https:\/\/www.xn--pdaste-bua.ee\/wp-content\/uploads\/2015\/07\/4989845302.jpg\",\"width\":2000,\"height\":1446},{\"@type\":\"WebPage\",\"@id\":\"https:\/\/padaste.ee\/et\/mois\/asukoht\/#webpage\",\"url\":\"https:\/\/padaste.ee\/et\/mois\/asukoht\/\",\"name\":\"Asukoht -\",\"isPartOf\":{\"@id\":\"https:\/\/padaste.ee\/#website\"},\"primaryImageOfPage\":{\"@id\":\"https:\/\/padaste.ee\/et\/mois\/asukoht\/#primaryimage\"},\"datePublished\":\"2015-07-28T15:43:02+00:00\",\"dateModified\":\"2022-05-30T07:52:06+00:00\",\"breadcrumb\":{\"@id\":\"https:\/\/padaste.ee\/et\/mois\/asukoht\/#breadcrumb\"},\"inLanguage\":\"et\",\"potentialAction\":[{\"@type\":\"ReadAction\",\"target\":[\"https:\/\/padaste.ee\/et\/mois\/asukoht\/\"]}]},{\"@type\":\"BreadcrumbList\",\"@id\":\"https:\/\/padaste.ee\/et\/mois\/asukoht\/#breadcrumb\",\"itemListElement\":[{\"@type\":\"ListItem\",\"position\":1,\"item\":{\"@type\":\"WebPage\",\"@id\":\"https:\/\/padaste.ee\/et\/\",\"url\":\"https:\/\/padaste.ee\/et\/\",\"name\":\"Home\"}},{\"@type\":\"ListItem\",\"position\":2,\"item\":{\"@type\":\"WebPage\",\"@id\":\"https:\/\/padaste.ee\/et\/mois\/\",\"url\":\"https:\/\/padaste.ee\/et\/mois\/\",\"name\":\"M\\u00f5is\"}},{\"@type\":\"ListItem\",\"position\":3,\"item\":{\"@type\":\"WebPage\",\"@id\":\"https:\/\/padaste.ee\/et\/mois\/asukoht\/\",\"url\":\"https:\/\/padaste.ee\/et\/mois\/asukoht\/\",\"name\":\"Asukoht\"}}]}]}<\/script>\n<!-- \/ Yoast SEO plugin. -->","_links":{"self":[{"href":"https:\/\/www.xn--pdaste-bua.ee\/et\/wp-json\/wp\/v2\/pages\/8633"}],"collection":[{"href":"https:\/\/www.xn--pdaste-bua.ee\/et\/wp-json\/wp\/v2\/pages"}],"about":[{"href":"https:\/\/www.xn--pdaste-bua.ee\/et\/wp-json\/wp\/v2\/types\/page"}],"author":[{"embeddable":true,"href":"https:\/\/www.xn--pdaste-bua.ee\/et\/wp-json\/wp\/v2\/users\/50"}],"replies":[{"embeddable":true,"href":"https:\/\/www.xn--pdaste-bua.ee\/et\/wp-json\/wp\/v2\/comments?post=8633"}],"version-history":[{"count":15,"href":"https:\/\/www.xn--pdaste-bua.ee\/et\/wp-json\/wp\/v2\/pages\/8633\/revisions"}],"predecessor-version":[{"id":18583,"href":"https:\/\/www.xn--pdaste-bua.ee\/et\/wp-json\/wp\/v2\/pages\/8633\/revisions\/18583"}],"up":[{"embeddable":true,"href":"https:\/\/www.xn--pdaste-bua.ee\/et\/wp-json\/wp\/v2\/pages\/8574"}],"wp:featuredmedia":[{"embeddable":true,"href":"https:\/\/www.xn--pdaste-bua.ee\/et\/wp-json\/wp\/v2\/media\/8538"}],"wp:attachment":[{"href":"https:\/\/www.xn--pdaste-bua.ee\/et\/wp-json\/wp\/v2\/media?parent=8633"}],"curies":[{"name":"wp","href":"https:\/\/api.w.org\/{rel}","templated":true}]}}