{"id":8644,"date":"2015-07-28T18:56:54","date_gmt":"2015-07-28T15:56:54","guid":{"rendered":"http:\/\/padastenew.local\/?page_id=8644"},"modified":"2024-12-13T13:50:33","modified_gmt":"2024-12-13T13:50:33","slug":"privaatne-talumaja","status":"publish","type":"page","link":"https:\/\/www.xn--pdaste-bua.ee\/et\/toad\/privaatne-talumaja\/","title":{"rendered":"Privaatne talumaja"},"content":{"rendered":"<h2 class=\"p1\"><b>Taluromantika P\u00e4daste \u00f5unapuuaias<\/b><\/h2>\n<h1><span style=\"font-size: 18px; color: #ff0000;\"><a href=\"http:\/\/www.padaste.ee\/wp-content\/uploads\/2024\/12\/282314185-2-scaled-e1733656063539.jpg\"><img loading=\"lazy\" class=\"  aligncenter wp-image-22625 size-full\" src=\"http:\/\/www.padaste.ee\/wp-content\/uploads\/2024\/12\/282314185-2-scaled-e1733656063539.jpg\" alt=\"\" width=\"2560\" height=\"1707\"\/><\/a><\/span><\/h1>\n<p class=\"p1\">Kujutage ette, kuidas ajalugu ja lihtne luksus p\u00f5imuvad v\u00f5rratuks puhkuseelamuseks \u2013 seda k\u00f5ike pakub meie <b>Privaatne Talumaja<\/b>, endine 18. sajandist p\u00e4rit moonakamaja, mis on armastusega taastatud. See rookatusega p\u00e4rl on s\u00e4ilitanud oma algup\u00e4rase hinge, samal ajal kui sisemus vastab t\u00e4nap\u00e4eva k\u00f5ige n\u00f5udlikumatele ootustele.<\/p>\n<p>&nbsp;<\/p>\n<p class=\"p1\">Privaatne Talumaja asub m\u00f5isapargi eraldatud nurgas, kauni \u00f5unapuuaia keskel, vaid 50 meetri kaugusel T\u00f5llakuurist. Siin ootab teid ideaalne kooslus privaatsusest ja mugavusest: kaks suurt magamistuba, nendega k\u00fclgnevad vannitoad, hubane elutuba suure puuk\u00fcttega kaminaga, verandaga raamatukogu ning privaatne aed. Esimesel korrusel asuv Junior Double tuba mahutab 2 lisak\u00fclalist, samuti on v\u00f5imalik majutada veel lisaks neli inimest kokkupandavatele diivanitele teise korruse elutoas. Lisaks avaneb \u00fchest magamistoast ja esimese korruse terrassilt merevaade, mis j\u00e4\u00e4b alatiseks hinge \u2013 imeline P\u00e4daste laht ja selle keskel ootav Armastuse saar.<\/p>\n<p>&nbsp;<\/p>\n<p class=\"p1\">Privaatne Talumaja on loodud just teie jaoks \u2013 olgu tegu perev\u00f5i l\u00e4hedaste s\u00f5pradega, see koht kuulub vaid privaatselt teile. Majas on mugavalt ruumi 2\u20136 k\u00fclalisele, lisavoodid mahutavad vajadusel veel neli inimest. Kui soovite nautida Alexander restorani maitseelamusi, saab meie tipptasemel toidud tellida restorani lahtioleku ajal otse Talumajja v\u00f5i nautida neid terrassil.<\/p>\n<p>&nbsp;<\/p>\n<p class=\"p1\">Privaatne Talumaja (140 m2) ja selle hubased toad pakuvad:<\/p>\n<ul class=\"ul1\">\n<li class=\"li1\">T\u00e4ielikku privaatsust m\u00f5isakompleksi eraldiseisvas nurgas<\/li>\n<li class=\"li1\">Suurep\u00e4rane merevaade, privaatne terrass ja aed<\/li>\n<li class=\"li1\">Kaks suurt magamistuba, kus vanniga vannitioad, toas juuksef\u00f6\u00f6n<\/li>\n<li class=\"li1\">\u00dcks t\u00e4iendav Junior Double magamistuba<\/li>\n<li class=\"li1\">Kolmas du\u0161hiruum ja wc, juuksef\u00f6\u00f6nid toas<\/li>\n<li class=\"li1\">Ruumikas elutuba k\u00f6\u00f6ginurkakese puuk\u00fctte-kaminaga<\/li>\n<li class=\"li1\">Raamatukogu ja veranda<\/li>\n<li class=\"li1\">Privaatne saun, mille aknast avaneb vaade merele<\/li>\n<li class=\"li1\">Otsevalimisega telefonid tubades<\/li>\n<li class=\"li1\">iPad personaalseks kasutuseks m\u00f5isas peatumise v\u00e4ltel<\/li>\n<li class=\"li1\">Meelelahutustetuba privaatkino surround-helis\u00fcsteemiga<\/li>\n<li class=\"li1\">Juhtmeta Sonos audio juhtpult, valik muusikapalu ja v\u00f5imalus kuulata netiraadioid<\/li>\n<li class=\"li1\">Tasuta Wi-fi<\/li>\n<li class=\"li1\">Espresso kohvimasin, veekeedukann, k\u00fclmik, minibaar<\/li>\n<li class=\"li1\">Hotellipoolne tasuta lauavesi<\/li>\n<li class=\"li1\">Vannimantel ja sussid tubades. Molton Brown kosmeetika.<\/li>\n<\/ul>\n<p>&nbsp;<\/p>\n<p class=\"p1\">Kuigi P\u00e4daste M\u00f5is on suletud talvekuudel, siis Privaatne Talumaja on avatud broneeringuteks terve aasta v\u00e4ltel.<\/p>\n<p class=\"p1\">Broneerimiseks v\u00f5tke meiega \u00fchendust emailil&nbsp;<a href=\"mailto:info@padaste.ee\"><span class=\"s1\">info@padaste.ee<\/span><\/a>&nbsp;v\u00f5i helistage numbril +372 45 48 800<\/p>\n<p>&nbsp;<\/p>\n<style id=\"bwg-style-0\">    #bwg_container1_0 #bwg_container2_0 .bwg-container-0.bwg-standard-thumbnails {      width: 1354px;              justify-content: center;        margin:0 auto !important;              background-color: rgba(255, 255, 255, 0.00);            padding-left: 4px;      padding-top: 4px;      max-width: 100%;            }        #bwg_container1_0 #bwg_container2_0 .bwg-container-0.bwg-standard-thumbnails .bwg-item {      justify-content: flex-start;      max-width: 270px;            width: 270px !important;          }    #bwg_container1_0 #bwg_container2_0 .bwg-container-0.bwg-standard-thumbnails .bwg-item > a {       margin-right: 4px;       margin-bottom: 4px;    }    #bwg_container1_0 #bwg_container2_0 .bwg-container-0.bwg-standard-thumbnails .bwg-item0 {      padding: 0px;            background-color:rgba(255,255,255, 0.30);      border: 0px none #CCCCCC;      opacity: 1.00;      border-radius: 0;      box-shadow: 0px 0px 0px #888888;    }    #bwg_container1_0 #bwg_container2_0 .bwg-container-0.bwg-standard-thumbnails .bwg-item1 img {      max-height: none;      max-width: none;      padding: 0 !important;    }        @media only screen and (min-width: 480px) {      #bwg_container1_0 #bwg_container2_0 .bwg-container-0.bwg-standard-thumbnails .bwg-item0 {        transition: all 0.3s ease 0s;-webkit-transition: all 0.3s ease 0s;      }      #bwg_container1_0 #bwg_container2_0 .bwg-container-0.bwg-standard-thumbnails .bwg-item0:hover {        -ms-transform: scale(1.1);        -webkit-transform: scale(1.1);        transform: scale(1.1);      }    }          #bwg_container1_0 #bwg_container2_0 .bwg-container-0.bwg-standard-thumbnails .bwg-item1 {      padding-top: 66.6666666667%;    }        #bwg_container1_0 #bwg_container2_0 .bwg-container-0.bwg-standard-thumbnails .bwg-title2,    #bwg_container1_0 #bwg_container2_0 .bwg-container-0.bwg-standard-thumbnails .bwg-ecommerce2 {      color: #CCCCCC;      font-family: segoe ui;      font-size: 16px;      font-weight: bold;      padding: 2px;      text-shadow: 0px 0px 0px #888888;      max-height: 100%;    }    #bwg_container1_0 #bwg_container2_0 .bwg-container-0.bwg-standard-thumbnails .bwg-thumb-description span {    color: #323A45;    font-family: Ubuntu;    font-size: 12px;    max-height: 100%;    word-wrap: break-word;    }    #bwg_container1_0 #bwg_container2_0 .bwg-container-0.bwg-standard-thumbnails .bwg-play-icon2 {      font-size: 32px;    }    #bwg_container1_0 #bwg_container2_0 .bwg-container-0.bwg-standard-thumbnails .bwg-ecommerce2 {      font-size: 19.2px;      color: #CCCCCC;    }    <\/style>    <div id=\"bwg_container1_0\"         class=\"bwg_container bwg_thumbnail bwg_thumbnails\"         data-right-click-protection=\"0\"         data-bwg=\"0\"         data-gallery-type=\"thumbnails\"         data-current-url=\"https:\/\/www.xn--pdaste-bua.ee\/et\/wp-json\/wp\/v2\/pages\/8644\"         data-lightbox-url=\"https:\/\/www.xn--pdaste-bua.ee\/wp-admin\/admin-ajax.php?action=GalleryBox&current_view=0&gallery_id=15&tag=0&theme_id=1&shortcode_id=47&sort_by=order&order_by=asc&current_url=https%3A%2F%2Fwww.xn--pdaste-bua.ee%2Fet%2Fwp-json%2Fwp%2Fv2%2Fpages%2F8644\"         data-gallery-id=\"15\"         data-popup-width=\"1200\"         data-popup-height=\"800\"         data-is-album=\"gallery\"         data-buttons-position=\"bottom\">      <div id=\"bwg_container2_0\">             <div id=\"ajax_loading_0\" class=\"bwg_loading_div_1\">      <div class=\"bwg_loading_div_2\">        <div class=\"bwg_loading_div_3\">          <div id=\"loading_div_0\" class=\"bwg_spider_ajax_loading\">          <\/div>        <\/div>      <\/div>    <\/div>            <form id=\"gal_front_form_0\"              class=\"bwg-hidden\"              method=\"post\"              action=\"#\"              data-current=\"0\"              data-shortcode-id=\"47\"              data-gallery-type=\"thumbnails\"              data-gallery-id=\"15\"              data-tag=\"0\"              data-album-id=\"0\"              data-theme-id=\"1\"              data-ajax-url=\"https:\/\/www.xn--pdaste-bua.ee\/wp-admin\/admin-ajax.php?action=bwg_frontend_data\">          <div id=\"bwg_container3_0\" class=\"bwg-background bwg-background-0\">                <div data-max-count=\"5\"         data-thumbnail-width=\"270\"         data-bwg=\"0\"         data-gallery-id=\"15\"         data-lightbox-url=\"https:\/\/www.xn--pdaste-bua.ee\/wp-admin\/admin-ajax.php?action=GalleryBox&current_view=0&gallery_id=15&tag=0&theme_id=1&shortcode_id=47&sort_by=order&order_by=asc&current_url=https%3A%2F%2Fwww.xn--pdaste-bua.ee%2Fet%2Fwp-json%2Fwp%2Fv2%2Fpages%2F8644\"         id=\"bwg_thumbnails_0\"         class=\"bwg-container-0 bwg-thumbnails bwg-standard-thumbnails bwg-container bwg-border-box\">            <div class=\"bwg-item\">        <a class=\"bwg-a bwg_lightbox\"  data-image-id=\"272\" href=\"https:\/\/www.xn--pdaste-bua.ee\/wp-content\/uploads\/photo-gallery\/282314185_(2).jpg?bwg=1733656520\" data-elementor-open-lightbox=\"no\" >                <div class=\"bwg-item0 \">          <div class=\"bwg-item1 \">            <div class=\"bwg-item2\">              <img class=\"skip-lazy bwg_standart_thumb_img_0 \"                   data-id=\"272\"                   data-width=\"500\"                   data-height=\"333\"                   data-original=\"https:\/\/www.xn--pdaste-bua.ee\/wp-content\/uploads\/photo-gallery\/thumb\/282314185_(2).jpg?bwg=1733656520\"                   src=\"https:\/\/www.xn--pdaste-bua.ee\/wp-content\/uploads\/photo-gallery\/thumb\/282314185_(2).jpg?bwg=1733656520\"                   alt=\"282314185 (2)\" \/>            <\/div>            <div class=\"\">                                                      <\/div>          <\/div>        <\/div>                                <\/a>      <\/div>            <div class=\"bwg-item\">        <a class=\"bwg-a bwg_lightbox\"  data-image-id=\"273\" href=\"https:\/\/www.xn--pdaste-bua.ee\/wp-content\/uploads\/photo-gallery\/3190491653_(1).jpg?bwg=1733656545\" data-elementor-open-lightbox=\"no\" >                <div class=\"bwg-item0 \">          <div class=\"bwg-item1 \">            <div class=\"bwg-item2\">              <img class=\"skip-lazy bwg_standart_thumb_img_0 \"                   data-id=\"273\"                   data-width=\"500\"                   data-height=\"333\"                   data-original=\"https:\/\/www.xn--pdaste-bua.ee\/wp-content\/uploads\/photo-gallery\/thumb\/3190491653_(1).jpg?bwg=1733656545\"                   src=\"https:\/\/www.xn--pdaste-bua.ee\/wp-content\/uploads\/photo-gallery\/thumb\/3190491653_(1).jpg?bwg=1733656545\"                   alt=\"Muhumaa,P\u00e4daste m\u00f5is,07.01.2009\" \/>            <\/div>            <div class=\"\">                                                      <\/div>          <\/div>        <\/div>                                <\/a>      <\/div>            <div class=\"bwg-item\">        <a class=\"bwg-a bwg_lightbox\"  data-image-id=\"133\" href=\"https:\/\/www.xn--pdaste-bua.ee\/wp-content\/uploads\/photo-gallery\/108929119_(2).jpg\" data-elementor-open-lightbox=\"no\" >                <div class=\"bwg-item0 \">          <div class=\"bwg-item1 \">            <div class=\"bwg-item2\">              <img class=\"skip-lazy bwg_standart_thumb_img_0 \"                   data-id=\"133\"                   data-width=\"500\"                   data-height=\"333\"                   data-original=\"https:\/\/www.xn--pdaste-bua.ee\/wp-content\/uploads\/photo-gallery\/thumb\/108929119_(2).jpg\"                   src=\"https:\/\/www.xn--pdaste-bua.ee\/wp-content\/uploads\/photo-gallery\/thumb\/108929119_(2).jpg\"                   alt=\"108929119 (2)\" \/>            <\/div>            <div class=\"\">                                                      <\/div>          <\/div>        <\/div>                                <\/a>      <\/div>            <div class=\"bwg-item\">        <a class=\"bwg-a bwg_lightbox\"  data-image-id=\"130\" href=\"https:\/\/www.xn--pdaste-bua.ee\/wp-content\/uploads\/photo-gallery\/2453784853.jpg\" data-elementor-open-lightbox=\"no\" >                <div class=\"bwg-item0 \">          <div class=\"bwg-item1 \">            <div class=\"bwg-item2\">              <img class=\"skip-lazy bwg_standart_thumb_img_0 \"                   data-id=\"130\"                   data-width=\"500\"                   data-height=\"333\"                   data-original=\"https:\/\/www.xn--pdaste-bua.ee\/wp-content\/uploads\/photo-gallery\/thumb\/2453784853.jpg\"                   src=\"https:\/\/www.xn--pdaste-bua.ee\/wp-content\/uploads\/photo-gallery\/thumb\/2453784853.jpg\"                   alt=\"2453784853\" \/>            <\/div>            <div class=\"\">                                                      <\/div>          <\/div>        <\/div>                                <\/a>      <\/div>            <div class=\"bwg-item\">        <a class=\"bwg-a bwg_lightbox\"  data-image-id=\"128\" href=\"https:\/\/www.xn--pdaste-bua.ee\/wp-content\/uploads\/photo-gallery\/2575396076.jpg\" data-elementor-open-lightbox=\"no\" >                <div class=\"bwg-item0 \">          <div class=\"bwg-item1 \">            <div class=\"bwg-item2\">              <img class=\"skip-lazy bwg_standart_thumb_img_0 \"                   data-id=\"128\"                   data-width=\"500\"                   data-height=\"333\"                   data-original=\"https:\/\/www.xn--pdaste-bua.ee\/wp-content\/uploads\/photo-gallery\/thumb\/2575396076.jpg\"                   src=\"https:\/\/www.xn--pdaste-bua.ee\/wp-content\/uploads\/photo-gallery\/thumb\/2575396076.jpg\"                   alt=\"2575396076\" \/>            <\/div>            <div class=\"\">                                                      <\/div>          <\/div>        <\/div>                                <\/a>      <\/div>            <div class=\"bwg-item\">        <a class=\"bwg-a bwg_lightbox\"  data-image-id=\"136\" href=\"https:\/\/www.xn--pdaste-bua.ee\/wp-content\/uploads\/photo-gallery\/108929117.jpg\" data-elementor-open-lightbox=\"no\" >                <div class=\"bwg-item0 \">          <div class=\"bwg-item1 \">            <div class=\"bwg-item2\">              <img class=\"skip-lazy bwg_standart_thumb_img_0 \"                   data-id=\"136\"                   data-width=\"500\"                   data-height=\"333\"                   data-original=\"https:\/\/www.xn--pdaste-bua.ee\/wp-content\/uploads\/photo-gallery\/thumb\/108929117.jpg\"                   src=\"https:\/\/www.xn--pdaste-bua.ee\/wp-content\/uploads\/photo-gallery\/thumb\/108929117.jpg\"                   alt=\"108929117\" \/>            <\/div>            <div class=\"\">                                                      <\/div>          <\/div>        <\/div>                                <\/a>      <\/div>            <div class=\"bwg-item\">        <a class=\"bwg-a bwg_lightbox\"  data-image-id=\"129\" href=\"https:\/\/www.xn--pdaste-bua.ee\/wp-content\/uploads\/photo-gallery\/2453754975_(1).jpg\" data-elementor-open-lightbox=\"no\" >                <div class=\"bwg-item0 \">          <div class=\"bwg-item1 \">            <div class=\"bwg-item2\">              <img class=\"skip-lazy bwg_standart_thumb_img_0 \"                   data-id=\"129\"                   data-width=\"500\"                   data-height=\"333\"                   data-original=\"https:\/\/www.xn--pdaste-bua.ee\/wp-content\/uploads\/photo-gallery\/thumb\/2453754975_(1).jpg\"                   src=\"https:\/\/www.xn--pdaste-bua.ee\/wp-content\/uploads\/photo-gallery\/thumb\/2453754975_(1).jpg\"                   alt=\"2453754975 (1)\" \/>            <\/div>            <div class=\"\">                                                      <\/div>          <\/div>        <\/div>                                <\/a>      <\/div>            <div class=\"bwg-item\">        <a class=\"bwg-a bwg_lightbox\"  data-image-id=\"135\" href=\"https:\/\/www.xn--pdaste-bua.ee\/wp-content\/uploads\/photo-gallery\/108929111.jpg\" data-elementor-open-lightbox=\"no\" >                <div class=\"bwg-item0 \">          <div class=\"bwg-item1 \">            <div class=\"bwg-item2\">              <img class=\"skip-lazy bwg_standart_thumb_img_0 \"                   data-id=\"135\"                   data-width=\"500\"                   data-height=\"333\"                   data-original=\"https:\/\/www.xn--pdaste-bua.ee\/wp-content\/uploads\/photo-gallery\/thumb\/108929111.jpg\"                   src=\"https:\/\/www.xn--pdaste-bua.ee\/wp-content\/uploads\/photo-gallery\/thumb\/108929111.jpg\"                   alt=\"108929111\" \/>            <\/div>            <div class=\"\">                                                      <\/div>          <\/div>        <\/div>                                <\/a>      <\/div>            <div class=\"bwg-item\">        <a class=\"bwg-a bwg_lightbox\"  data-image-id=\"134\" href=\"https:\/\/www.xn--pdaste-bua.ee\/wp-content\/uploads\/photo-gallery\/316312170.jpg\" data-elementor-open-lightbox=\"no\" >                <div class=\"bwg-item0 \">          <div class=\"bwg-item1 \">            <div class=\"bwg-item2\">              <img class=\"skip-lazy bwg_standart_thumb_img_0 \"                   data-id=\"134\"                   data-width=\"500\"                   data-height=\"333\"                   data-original=\"https:\/\/www.xn--pdaste-bua.ee\/wp-content\/uploads\/photo-gallery\/thumb\/316312170.jpg\"                   src=\"https:\/\/www.xn--pdaste-bua.ee\/wp-content\/uploads\/photo-gallery\/thumb\/316312170.jpg\"                   alt=\"316312170\" \/>            <\/div>            <div class=\"\">                                                      <\/div>          <\/div>        <\/div>                                <\/a>      <\/div>            <div class=\"bwg-item\">        <a class=\"bwg-a bwg_lightbox\"  data-image-id=\"131\" href=\"https:\/\/www.xn--pdaste-bua.ee\/wp-content\/uploads\/photo-gallery\/108929114.jpg\" data-elementor-open-lightbox=\"no\" >                <div class=\"bwg-item0 \">          <div class=\"bwg-item1 \">            <div class=\"bwg-item2\">              <img class=\"skip-lazy bwg_standart_thumb_img_0 \"                   data-id=\"131\"                   data-width=\"500\"                   data-height=\"333\"                   data-original=\"https:\/\/www.xn--pdaste-bua.ee\/wp-content\/uploads\/photo-gallery\/thumb\/108929114.jpg\"                   src=\"https:\/\/www.xn--pdaste-bua.ee\/wp-content\/uploads\/photo-gallery\/thumb\/108929114.jpg\"                   alt=\"108929114\" \/>            <\/div>            <div class=\"\">                                                      <\/div>          <\/div>        <\/div>                                <\/a>      <\/div>            <div class=\"bwg-item\">        <a class=\"bwg-a bwg_lightbox\"  data-image-id=\"132\" href=\"https:\/\/www.xn--pdaste-bua.ee\/wp-content\/uploads\/photo-gallery\/316313836.jpg\" data-elementor-open-lightbox=\"no\" >                <div class=\"bwg-item0 \">          <div class=\"bwg-item1 \">            <div class=\"bwg-item2\">              <img class=\"skip-lazy bwg_standart_thumb_img_0 \"                   data-id=\"132\"                   data-width=\"500\"                   data-height=\"333\"                   data-original=\"https:\/\/www.xn--pdaste-bua.ee\/wp-content\/uploads\/photo-gallery\/thumb\/316313836.jpg\"                   src=\"https:\/\/www.xn--pdaste-bua.ee\/wp-content\/uploads\/photo-gallery\/thumb\/316313836.jpg\"                   alt=\"316313836\" \/>            <\/div>            <div class=\"\">                                                      <\/div>          <\/div>        <\/div>                                <\/a>      <\/div>          <\/div>              <\/div>        <\/form>          <style>          #bwg_container1_0 #bwg_container2_0 #spider_popup_overlay_0 {          background-color: #000000;          opacity: 0.70;          }          <\/style>        <div id=\"bwg_spider_popup_loading_0\" class=\"bwg_spider_popup_loading\"><\/div>        <div id=\"spider_popup_overlay_0\" class=\"spider_popup_overlay\" onclick=\"spider_destroypopup(1000)\"><\/div>        <input type=\"hidden\" id=\"bwg_random_seed_0\" value=\"1680504106\">                <\/div>    <\/div>    <script>      if (document.readyState === 'complete') {        if( typeof bwg_main_ready == 'function' ) {          if ( jQuery(\"#bwg_container1_0\").height() ) {            bwg_main_ready(jQuery(\"#bwg_container1_0\"));          }        }      } else {        document.addEventListener('DOMContentLoaded', function() {          if( typeof bwg_main_ready == 'function' ) {            if ( jQuery(\"#bwg_container1_0\").height() ) {             bwg_main_ready(jQuery(\"#bwg_container1_0\"));            }          }        });      }    <\/script>    \n","protected":false},"excerpt":{"rendered":"<p>Taluromantika P\u00e4daste \u00f5unapuuaias Kujutage ette, kuidas ajalugu ja lihtne luksus p\u00f5imuvad v\u00f5rratuks puhkuseelamuseks \u2013 seda k\u00f5ike pakub meie Privaatne Talumaja, endine 18. sajandist p\u00e4rit moonakamaja, mis on armastusega taastatud. See rookatusega p\u00e4rl on s\u00e4ilitanud oma algup\u00e4rase hinge, samal ajal kui sisemus vastab t\u00e4nap\u00e4eva k\u00f5ige n\u00f5udlikumatele ootustele. &nbsp; Privaatne Talumaja asub m\u00f5isapargi eraldatud nurgas, kauni \u00f5unapuuaia [&hellip;]<\/p>\n","protected":false},"author":50,"featured_media":5640,"parent":8576,"menu_order":3,"comment_status":"closed","ping_status":"closed","template":"","meta":{"ngg_post_thumbnail":0,"_links_to":"","_links_to_target":""},"yoast_head":"<!-- This site is optimized with the Yoast SEO plugin v16.1.1 - https:\/\/yoast.com\/wordpress\/plugins\/seo\/ -->\n<title>Privaatne talumaja -<\/title>\n<link rel=\"canonical\" href=\"https:\/\/www.xn--pdaste-bua.eu\/et\/toad\/privaatne-talumaja\/\" \/>\n<meta property=\"og:locale\" content=\"et_EE\" \/>\n<meta property=\"og:type\" content=\"article\" \/>\n<meta property=\"og:title\" content=\"Privaatne talumaja -\" \/>\n<meta property=\"og:description\" content=\"Taluromantika P\u00e4daste \u00f5unapuuaias Kujutage ette, kuidas ajalugu ja lihtne luksus p\u00f5imuvad v\u00f5rratuks puhkuseelamuseks \u2013 seda k\u00f5ike pakub meie Privaatne Talumaja, endine 18. sajandist p\u00e4rit moonakamaja, mis on armastusega taastatud. See rookatusega p\u00e4rl on s\u00e4ilitanud oma algup\u00e4rase hinge, samal ajal kui sisemus vastab t\u00e4nap\u00e4eva k\u00f5ige n\u00f5udlikumatele ootustele. &nbsp; Privaatne Talumaja asub m\u00f5isapargi eraldatud nurgas, kauni \u00f5unapuuaia [&hellip;]\" \/>\n<meta property=\"og:url\" content=\"https:\/\/www.xn--pdaste-bua.eu\/et\/toad\/privaatne-talumaja\/\" \/>\n<meta property=\"article:publisher\" content=\"https:\/\/www.facebook.com\/Padastemanor\/\" \/>\n<meta property=\"article:modified_time\" content=\"2024-12-13T13:50:33+00:00\" \/>\n<meta property=\"og:image\" content=\"https:\/\/www.xn--pdaste-bua.ee\/wp-content\/uploads\/2012\/06\/2574602887_15291b0142_z.jpg\" \/>\n\t<meta property=\"og:image:width\" content=\"640\" \/>\n\t<meta property=\"og:image:height\" content=\"427\" \/>\n<meta name=\"twitter:card\" content=\"summary_large_image\" \/>\n<meta name=\"twitter:label1\" content=\"Est. reading time\">\n\t<meta name=\"twitter:data1\" content=\"2 minutit\">\n<script type=\"application\/ld+json\" class=\"yoast-schema-graph\">{\"@context\":\"https:\/\/schema.org\",\"@graph\":[{\"@type\":\"Organization\",\"@id\":\"https:\/\/padaste.ee\/#organization\",\"name\":\"P\\u00e4daste M\\u00f5is\",\"url\":\"https:\/\/padaste.ee\/\",\"sameAs\":[\"https:\/\/www.facebook.com\/Padastemanor\/\"],\"logo\":{\"@type\":\"ImageObject\",\"@id\":\"https:\/\/padaste.ee\/#logo\",\"inLanguage\":\"et\",\"url\":\"https:\/\/padaste.ee\/wp-content\/uploads\/2018\/12\/padaste_2011.jpg\",\"contentUrl\":\"https:\/\/padaste.ee\/wp-content\/uploads\/2018\/12\/padaste_2011.jpg\",\"width\":154,\"height\":61,\"caption\":\"P\\u00e4daste M\\u00f5is\"},\"image\":{\"@id\":\"https:\/\/padaste.ee\/#logo\"}},{\"@type\":\"WebSite\",\"@id\":\"https:\/\/padaste.ee\/#website\",\"url\":\"https:\/\/padaste.ee\/\",\"name\":\"\",\"description\":\"\",\"publisher\":{\"@id\":\"https:\/\/padaste.ee\/#organization\"},\"potentialAction\":[{\"@type\":\"SearchAction\",\"target\":\"https:\/\/padaste.ee\/?s={search_term_string}\",\"query-input\":\"required name=search_term_string\"}],\"inLanguage\":\"et\"},{\"@type\":\"ImageObject\",\"@id\":\"https:\/\/www.xn--pdaste-bua.eu\/et\/toad\/privaatne-talumaja\/#primaryimage\",\"inLanguage\":\"et\",\"url\":\"https:\/\/www.xn--pdaste-bua.ee\/wp-content\/uploads\/2012\/06\/2574602887_15291b0142_z.jpg\",\"contentUrl\":\"https:\/\/www.xn--pdaste-bua.ee\/wp-content\/uploads\/2012\/06\/2574602887_15291b0142_z.jpg\",\"width\":640,\"height\":427},{\"@type\":\"WebPage\",\"@id\":\"https:\/\/www.xn--pdaste-bua.eu\/et\/toad\/privaatne-talumaja\/#webpage\",\"url\":\"https:\/\/www.xn--pdaste-bua.eu\/et\/toad\/privaatne-talumaja\/\",\"name\":\"Privaatne talumaja -\",\"isPartOf\":{\"@id\":\"https:\/\/padaste.ee\/#website\"},\"primaryImageOfPage\":{\"@id\":\"https:\/\/www.xn--pdaste-bua.eu\/et\/toad\/privaatne-talumaja\/#primaryimage\"},\"datePublished\":\"2015-07-28T15:56:54+00:00\",\"dateModified\":\"2024-12-13T13:50:33+00:00\",\"breadcrumb\":{\"@id\":\"https:\/\/www.xn--pdaste-bua.eu\/et\/toad\/privaatne-talumaja\/#breadcrumb\"},\"inLanguage\":\"et\",\"potentialAction\":[{\"@type\":\"ReadAction\",\"target\":[\"https:\/\/www.xn--pdaste-bua.eu\/et\/toad\/privaatne-talumaja\/\"]}]},{\"@type\":\"BreadcrumbList\",\"@id\":\"https:\/\/www.xn--pdaste-bua.eu\/et\/toad\/privaatne-talumaja\/#breadcrumb\",\"itemListElement\":[{\"@type\":\"ListItem\",\"position\":1,\"item\":{\"@type\":\"WebPage\",\"@id\":\"https:\/\/padaste.ee\/et\/\",\"url\":\"https:\/\/padaste.ee\/et\/\",\"name\":\"Home\"}},{\"@type\":\"ListItem\",\"position\":2,\"item\":{\"@type\":\"WebPage\",\"@id\":\"https:\/\/www.xn--pdaste-bua.eu\/et\/toad\/\",\"url\":\"https:\/\/www.xn--pdaste-bua.eu\/et\/toad\/\",\"name\":\"Toad\"}},{\"@type\":\"ListItem\",\"position\":3,\"item\":{\"@type\":\"WebPage\",\"@id\":\"https:\/\/www.xn--pdaste-bua.eu\/et\/toad\/privaatne-talumaja\/\",\"url\":\"https:\/\/www.xn--pdaste-bua.eu\/et\/toad\/privaatne-talumaja\/\",\"name\":\"Privaatne talumaja\"}}]}]}<\/script>\n<!-- \/ Yoast SEO plugin. -->","_links":{"self":[{"href":"https:\/\/www.xn--pdaste-bua.ee\/et\/wp-json\/wp\/v2\/pages\/8644"}],"collection":[{"href":"https:\/\/www.xn--pdaste-bua.ee\/et\/wp-json\/wp\/v2\/pages"}],"about":[{"href":"https:\/\/www.xn--pdaste-bua.ee\/et\/wp-json\/wp\/v2\/types\/page"}],"author":[{"embeddable":true,"href":"https:\/\/www.xn--pdaste-bua.ee\/et\/wp-json\/wp\/v2\/users\/50"}],"replies":[{"embeddable":true,"href":"https:\/\/www.xn--pdaste-bua.ee\/et\/wp-json\/wp\/v2\/comments?post=8644"}],"version-history":[{"count":13,"href":"https:\/\/www.xn--pdaste-bua.ee\/et\/wp-json\/wp\/v2\/pages\/8644\/revisions"}],"predecessor-version":[{"id":22636,"href":"https:\/\/www.xn--pdaste-bua.ee\/et\/wp-json\/wp\/v2\/pages\/8644\/revisions\/22636"}],"up":[{"embeddable":true,"href":"https:\/\/www.xn--pdaste-bua.ee\/et\/wp-json\/wp\/v2\/pages\/8576"}],"wp:featuredmedia":[{"embeddable":true,"href":"https:\/\/www.xn--pdaste-bua.ee\/et\/wp-json\/wp\/v2\/media\/5640"}],"wp:attachment":[{"href":"https:\/\/www.xn--pdaste-bua.ee\/et\/wp-json\/wp\/v2\/media?parent=8644"}],"curies":[{"name":"wp","href":"https:\/\/api.w.org\/{rel}","templated":true}]}}