{"id":8647,"date":"2015-07-28T19:00:32","date_gmt":"2015-07-28T16:00:32","guid":{"rendered":"http:\/\/padastenew.local\/?page_id=8647"},"modified":"2025-03-10T22:46:55","modified_gmt":"2025-03-10T22:46:55","slug":"hinnakiri","status":"publish","type":"page","link":"https:\/\/www.xn--pdaste-bua.ee\/et\/toad\/hinnakiri\/","title":{"rendered":"Hinnakiri"},"content":{"rendered":"<p><span style=\"font-size: 15px; color: #ff0000;\"><strong>BEST AVAILABLE RATE <\/strong><\/span><\/p>\n<p><span style=\"font-size: 15px;\">Tavahinnast kuni 30% soodsamad pakkumised internetis broneerijatele! Best Available Rate on meie garanteeritult parim pakkumine valitud kuup\u00e4evaks ja soovitud toat\u00fc\u00fcbile!<\/span><\/p>\n<p>&nbsp;<\/p>\n<p><span style=\"font-size: 15px; color: #ff0000;\"><strong>P\u00c4DASTE M\u00d5IS &#8211; LETIHINNAD<\/strong> <\/span><\/p>\n<p><span style=\"font-size: 15px;\">4. aprill 2025 \u2013 26. oktoober 2025<\/span><\/p>\n<p>&nbsp;<\/p>\n<div style=\"margin: 0px; padding: 5px; font-family: Arial,Verdana,sans-serif; font-size: 12px;\">\n<table style=\"width: 72.6047%; height: 660px; border: 1px dotted #d3d3d3;\" border=\"0\">\n<tbody>\n<tr class=\"spliterTop\" style=\"height: 22px;\">\n<td style=\"font-family: Arial, Verdana, sans-serif; font-size: 12px; height: 22px; width: 194.617%;\" colspan=\"5\"><span style=\"font-size: 15px;\">&nbsp;<\/span><\/td>\n<\/tr>\n<tr style=\"height: 22px;\">\n<td style=\"font-family: Arial, Verdana, sans-serif; font-size: 12px; text-align: left; height: 22px; width: 84.3215%;\"><span style=\"font-size: 15px;\">&nbsp;<\/span><\/td>\n<td style=\"font-family: Arial, Verdana, sans-serif; font-size: 12px; height: 22px; width: 110.295%;\" colspan=\"4\"><span style=\"font-size: 15px;\">&nbsp;<\/span><\/td>\n<\/tr>\n<tr class=\"spliterTop\" style=\"height: 22px;\">\n<td style=\"font-family: Arial, Verdana, sans-serif; font-size: 12px; height: 22px; width: 194.617%;\" colspan=\"5\"><span style=\"font-size: 15px;\">KAHEKOHALISED TOAD<\/span><\/td>\n<\/tr>\n<\/tbody>\n<tbody>\n<tr style=\"height: 22px;\">\n<td style=\"font-family: Arial, Verdana, sans-serif; font-size: 12px; height: 22px; width: 84.3215%;\"><span style=\"font-size: 15px;\">&nbsp;<\/span><\/td>\n<td style=\"font-family: Arial, Verdana, sans-serif; font-size: 12px; height: 22px; width: 10.9354%;\"><span style=\"font-size: 15px;\"><strong>EUR<\/strong><\/span><\/td>\n<td style=\"font-family: Arial, Verdana, sans-serif; font-size: 12px; height: 22px; width: 98.0422%;\" colspan=\"2\"><span style=\"font-size: 15px;\">&nbsp;<\/span><\/td>\n<\/tr>\n<tr class=\"second\" style=\"height: 22px;\">\n<td style=\"font-family: Arial, Verdana, sans-serif; font-size: 12px; height: 22px; width: 84.3215%;\"><span style=\"font-size: 15px;\">Kahekohaline tuba T\u00f5llakuuris<\/span><\/td>\n<td style=\"font-family: Arial, Verdana, sans-serif; font-size: 12px; height: 22px; width: 10.9354%;\"><span style=\"font-size: 15px;\">352<\/span><\/td>\n<td style=\"font-family: Arial, Verdana, sans-serif; font-size: 12px; height: 22px; width: 98.0422%;\" colspan=\"2\"><span style=\"font-size: 15px;\">&nbsp;<\/span><\/td>\n<\/tr>\n<tr style=\"height: 22px;\">\n<td style=\"font-family: Arial, Verdana, sans-serif; font-size: 12px; text-align: right; height: 22px; width: 84.3215%;\"><span style=\"font-size: 15px;\"><em>\u00dcksinda toas<\/em><\/span><\/td>\n<td style=\"font-family: Arial, Verdana, sans-serif; font-size: 12px; height: 22px; width: 10.9354%;\"><span style=\"font-size: 15px;\"><em>342<\/em><\/span><\/td>\n<td style=\"font-family: Arial, Verdana, sans-serif; font-size: 12px; height: 22px; width: 98.0422%;\" colspan=\"2\"><span style=\"font-size: 15px;\">&nbsp;<\/span><\/td>\n<\/tr>\n<tr class=\"second\" style=\"height: 22px;\">\n<td style=\"font-family: Arial, Verdana, sans-serif; font-size: 12px; text-align: right; height: 22px; width: 84.3215%;\"><span style=\"font-size: 15px;\"><em>Lisak\u00fclaline<\/em><\/span><\/td>\n<td style=\"font-family: Arial, Verdana, sans-serif; font-size: 12px; height: 22px; width: 10.9354%;\"><span style=\"font-size: 15px;\"><em>N\/A<\/em><\/span><\/td>\n<td style=\"font-family: Arial, Verdana, sans-serif; font-size: 12px; height: 22px; width: 98.0422%;\" colspan=\"2\"><span style=\"font-size: 15px;\">&nbsp;<\/span><\/td>\n<\/tr>\n<tr style=\"height: 22px;\">\n<td style=\"font-family: Arial, Verdana, sans-serif; font-size: 12px; height: 22px; width: 84.3215%;\"><span style=\"font-size: 15px;\">Deluxe kahekohaline tuba H\u00e4rrastemajas<\/span><\/td>\n<td style=\"font-family: Arial, Verdana, sans-serif; font-size: 12px; height: 22px; width: 10.9354%;\"><span style=\"font-size: 15px;\">523<\/span><\/td>\n<td style=\"font-family: Arial, Verdana, sans-serif; font-size: 12px; height: 22px; width: 98.0422%;\" colspan=\"2\"><span style=\"font-size: 15px;\">&nbsp;<\/span><\/td>\n<\/tr>\n<tr class=\"second\" style=\"height: 22px;\">\n<td style=\"font-family: Arial, Verdana, sans-serif; font-size: 12px; text-align: right; height: 22px; width: 84.3215%;\"><span style=\"font-size: 15px;\"><em>\u00dcksinda toas<\/em><\/span><\/td>\n<td style=\"font-family: Arial, Verdana, sans-serif; font-size: 12px; height: 22px; width: 10.9354%;\"><span style=\"font-size: 15px;\"><em>513<\/em><\/span><\/td>\n<td style=\"font-family: Arial, Verdana, sans-serif; font-size: 12px; height: 22px; width: 98.0422%;\" colspan=\"2\"><span style=\"font-size: 15px;\">&nbsp;<\/span><\/td>\n<\/tr>\n<tr style=\"height: 22px;\">\n<td style=\"font-family: Arial, Verdana, sans-serif; font-size: 12px; text-align: right; height: 22px; width: 84.3215%;\"><span style=\"font-size: 15px;\"><em>Lisak\u00fclaline<\/em><\/span><\/td>\n<td style=\"font-family: Arial, Verdana, sans-serif; font-size: 12px; height: 22px; width: 10.9354%;\"><span style=\"font-size: 15px;\"><em>N\/A<\/em><\/span><\/td>\n<td style=\"font-family: Arial, Verdana, sans-serif; font-size: 12px; height: 22px; width: 98.0422%;\" colspan=\"2\"><span style=\"font-size: 15px;\">&nbsp;<\/span><\/td>\n<\/tr>\n<tr class=\"second\" style=\"height: 22px;\">\n<td style=\"font-family: Arial, Verdana, sans-serif; font-size: 12px; height: 22px; width: 84.3215%;\"><span style=\"font-size: 15px;\">Superior kahekohaline tuba H\u00e4rrastemajas<\/span><\/td>\n<td style=\"font-family: Arial, Verdana, sans-serif; font-size: 12px; height: 22px; width: 10.9354%;\"><span style=\"font-size: 15px;\"><em>717<\/em><\/span><\/td>\n<td style=\"font-family: Arial, Verdana, sans-serif; font-size: 12px; height: 22px; width: 98.0422%;\" colspan=\"2\"><span style=\"font-size: 15px;\">&nbsp;<\/span><\/td>\n<\/tr>\n<tr style=\"height: 22px;\">\n<td style=\"font-family: Arial, Verdana, sans-serif; font-size: 12px; text-align: right; height: 22px; width: 84.3215%;\"><span style=\"font-size: 15px;\"><em>\u00dcksinda toas<\/em><\/span><\/td>\n<td style=\"font-family: Arial, Verdana, sans-serif; font-size: 12px; height: 22px; width: 10.9354%;\"><span style=\"font-size: 15px;\"><em>707<\/em><\/span><\/td>\n<td style=\"font-family: Arial, Verdana, sans-serif; font-size: 12px; height: 22px; width: 98.0422%;\" colspan=\"2\"><span style=\"font-size: 15px;\">&nbsp;<\/span><\/td>\n<\/tr>\n<tr class=\"second\" style=\"height: 22px;\">\n<td style=\"font-family: Arial, Verdana, sans-serif; font-size: 12px; text-align: right; height: 22px; width: 84.3215%;\"><span style=\"font-size: 15px;\"><em>Lisak\u00fclaline<\/em><\/span><\/td>\n<td style=\"font-family: Arial, Verdana, sans-serif; font-size: 12px; height: 22px; width: 10.9354%;\"><span style=\"font-size: 15px;\"><em>N\/A<\/em><\/span><\/td>\n<td style=\"font-family: Arial, Verdana, sans-serif; font-size: 12px; height: 22px; width: 98.0422%;\" colspan=\"2\"><span style=\"font-size: 15px;\">&nbsp;<\/span><\/td>\n<\/tr>\n<\/tbody>\n<tbody>\n<tr class=\"spliterTop\" style=\"height: 22px;\">\n<td style=\"font-family: Arial, Verdana, sans-serif; font-size: 12px; height: 22px; width: 194.617%;\" colspan=\"5\"><span style=\"font-size: 15px;\">&nbsp;<\/span><\/td>\n<\/tr>\n<tr style=\"height: 22px;\">\n<td style=\"font-family: Arial, Verdana, sans-serif; font-size: 12px; height: 22px; width: 84.3215%;\"><span style=\"font-size: 15px;\">&nbsp;<\/span><\/td>\n<td style=\"font-family: Arial, Verdana, sans-serif; font-size: 12px; height: 22px; width: 12.0986%;\" colspan=\"2\"><span style=\"font-size: 15px;\">&nbsp;<\/span><\/td>\n<td class=\"last\" style=\"font-family: Arial, Verdana, sans-serif; font-size: 12px; height: 22px; width: 98.1966%;\" colspan=\"2\"><span style=\"font-size: 15px;\">&nbsp;<\/span><\/td>\n<\/tr>\n<tr class=\"spliterTop\" style=\"height: 22px;\">\n<td style=\"font-family: Arial, Verdana, sans-serif; font-size: 12px; height: 22px; width: 194.617%;\" colspan=\"5\"><span style=\"font-size: 15px;\">SVIIDID<\/span><\/td>\n<\/tr>\n<\/tbody>\n<tbody>\n<tr style=\"height: 22px;\">\n<td style=\"font-family: Arial, Verdana, sans-serif; font-size: 12px; height: 22px; width: 84.3215%;\"><span style=\"font-size: 15px;\">&nbsp;<\/span><\/td>\n<td style=\"font-family: Arial, Verdana, sans-serif; font-size: 12px; height: 22px; width: 10.9354%;\"><span style=\"font-size: 15px;\"><strong>EUR<\/strong><\/span><\/td>\n<td style=\"font-family: Arial, Verdana, sans-serif; font-size: 12px; height: 22px; width: 98.0422%;\" colspan=\"2\"><span style=\"font-size: 15px;\">&nbsp;<\/span><\/td>\n<\/tr>\n<tr class=\"second\" style=\"height: 22px;\">\n<td style=\"font-family: Arial, Verdana, sans-serif; font-size: 12px; height: 22px; width: 84.3215%;\"><span style=\"font-size: 15px;\">Junior sviit T\u00f5llakuuris<\/span><\/td>\n<td style=\"font-family: Arial, Verdana, sans-serif; font-size: 12px; height: 22px; width: 10.9354%;\"><span style=\"font-size: 15px;\">609<\/span><\/td>\n<td style=\"font-family: Arial, Verdana, sans-serif; font-size: 12px; height: 22px; width: 98.0422%;\" colspan=\"2\"><span style=\"font-size: 15px;\">&nbsp;<\/span><\/td>\n<\/tr>\n<tr style=\"height: 22px;\">\n<td style=\"font-family: Arial, Verdana, sans-serif; font-size: 12px; text-align: right; height: 22px; width: 84.3215%;\"><span style=\"font-size: 15px;\"><em>\u00dcksinda toas<\/em><\/span><\/td>\n<td style=\"font-family: Arial, Verdana, sans-serif; font-size: 12px; height: 22px; width: 10.9354%;\"><span style=\"font-size: 15px;\"><i>599<\/i><\/span><\/td>\n<td style=\"font-family: Arial, Verdana, sans-serif; font-size: 12px; height: 22px; width: 98.0422%;\" colspan=\"2\"><span style=\"font-size: 15px;\">&nbsp;<\/span><\/td>\n<\/tr>\n<tr class=\"second\" style=\"height: 22px;\">\n<td style=\"font-family: Arial, Verdana, sans-serif; font-size: 12px; text-align: right; height: 22px; width: 84.3215%;\"><span style=\"font-size: 15px;\"><em>Lisak\u00fclaline<\/em><\/span><\/td>\n<td style=\"font-family: Arial, Verdana, sans-serif; font-size: 12px; height: 22px; width: 10.9354%;\"><span style=\"font-size: 15px;\"><i>113<\/i><\/span><\/td>\n<td style=\"font-family: Arial, Verdana, sans-serif; font-size: 12px; height: 22px; width: 98.0422%;\" colspan=\"2\"><span style=\"font-size: 15px;\">&nbsp;<\/span><\/td>\n<\/tr>\n<tr style=\"height: 22px;\">\n<td style=\"font-family: Arial, Verdana, sans-serif; font-size: 12px; height: 22px; width: 84.3215%;\"><span style=\"font-size: 15px;\">Superior Junior sviit T\u00f5llakuuris<\/span><\/td>\n<td style=\"font-family: Arial, Verdana, sans-serif; font-size: 12px; height: 22px; width: 10.9354%;\"><span style=\"font-size: 15px;\">787<\/span><\/td>\n<td style=\"font-family: Arial, Verdana, sans-serif; font-size: 12px; height: 22px; width: 98.0422%;\" colspan=\"2\"><span style=\"font-size: 15px;\">&nbsp;<\/span><\/td>\n<\/tr>\n<tr class=\"second\" style=\"height: 22px;\">\n<td style=\"font-family: Arial, Verdana, sans-serif; font-size: 12px; text-align: right; height: 22px; width: 84.3215%;\"><span style=\"font-size: 15px;\"><em>\u00dcksinda toas<\/em><\/span><\/td>\n<td style=\"font-family: Arial, Verdana, sans-serif; font-size: 12px; height: 22px; width: 10.9354%;\"><span style=\"font-size: 15px;\"><i>777<\/i><\/span><\/td>\n<td style=\"font-family: Arial, Verdana, sans-serif; font-size: 12px; height: 22px; width: 98.0422%;\" colspan=\"2\"><span style=\"font-size: 15px;\">&nbsp;<\/span><\/td>\n<\/tr>\n<tr style=\"height: 22px;\">\n<td style=\"font-family: Arial, Verdana, sans-serif; font-size: 12px; text-align: right; height: 22px; width: 84.3215%;\"><span style=\"font-size: 15px;\"><em>Lisak\u00fclaline<\/em><\/span><\/td>\n<td style=\"font-family: Arial, Verdana, sans-serif; font-size: 12px; height: 22px; width: 10.9354%;\"><span style=\"font-size: 15px;\"><i>113<\/i><\/span><\/td>\n<td style=\"font-family: Arial, Verdana, sans-serif; font-size: 12px; height: 22px; width: 98.0422%;\" colspan=\"2\"><span style=\"font-size: 15px;\">&nbsp;<\/span><\/td>\n<\/tr>\n<tr class=\"second\" style=\"height: 22px;\">\n<td style=\"font-family: Arial, Verdana, sans-serif; font-size: 12px; height: 22px; width: 84.3215%;\"><span style=\"font-size: 15px;\">Superior Junior sviit H\u00e4rrastemajas<\/span><\/td>\n<td style=\"font-family: Arial, Verdana, sans-serif; font-size: 12px; height: 22px; width: 10.9354%;\"><span style=\"font-size: 15px;\">950<\/span><\/td>\n<td style=\"font-family: Arial, Verdana, sans-serif; font-size: 12px; height: 22px; width: 98.0422%;\" colspan=\"2\"><span style=\"font-size: 15px;\">&nbsp;<\/span><\/td>\n<\/tr>\n<tr style=\"height: 22px;\">\n<td style=\"font-family: Arial, Verdana, sans-serif; font-size: 12px; text-align: right; height: 22px; width: 84.3215%;\"><span style=\"font-size: 15px;\"><em>\u00dcksinda toas<\/em><\/span><\/td>\n<td style=\"font-family: Arial, Verdana, sans-serif; font-size: 12px; height: 22px; width: 10.9354%;\"><span style=\"font-size: 15px;\"><i>940<\/i><\/span><\/td>\n<td style=\"font-family: Arial, Verdana, sans-serif; font-size: 12px; height: 22px; width: 98.0422%;\" colspan=\"2\"><span style=\"font-size: 15px;\">&nbsp;<\/span><\/td>\n<\/tr>\n<tr class=\"second\" style=\"height: 22px;\">\n<td style=\"font-family: Arial, Verdana, sans-serif; font-size: 12px; text-align: right; height: 22px; width: 84.3215%;\"><span style=\"font-size: 15px;\"><em>Lisak\u00fclaline<\/em><\/span><\/td>\n<td style=\"font-family: Arial, Verdana, sans-serif; font-size: 12px; height: 22px; width: 10.9354%;\"><span style=\"font-size: 15px;\"><em>N\/A<\/em><\/span><\/td>\n<td style=\"font-family: Arial, Verdana, sans-serif; font-size: 12px; height: 22px; width: 98.0422%;\" colspan=\"2\"><span style=\"font-size: 15px;\">&nbsp;<\/span><\/td>\n<\/tr>\n<tr style=\"height: 22px;\">\n<td style=\"font-family: Arial, Verdana, sans-serif; font-size: 12px; height: 22px; width: 84.3215%;\"><span style=\"font-size: 15px;\">Grand sviit H\u00e4rrastemajas<\/span><\/td>\n<td style=\"font-family: Arial, Verdana, sans-serif; font-size: 12px; height: 22px; width: 10.9354%;\"><span style=\"font-size: 15px;\">1330<\/span><\/td>\n<td style=\"font-family: Arial, Verdana, sans-serif; font-size: 12px; height: 22px; width: 98.0422%;\" colspan=\"2\"><span style=\"font-size: 15px;\">&nbsp;<\/span><\/td>\n<\/tr>\n<tr class=\"second\" style=\"height: 22px;\">\n<td style=\"font-family: Arial, Verdana, sans-serif; font-size: 12px; text-align: right; height: 22px; width: 84.3215%;\"><span style=\"font-size: 15px;\"><em>\u00dcksinda toas<\/em><\/span><\/td>\n<td style=\"font-family: Arial, Verdana, sans-serif; font-size: 12px; height: 22px; width: 10.9354%;\"><span style=\"font-size: 15px;\"><em>N\/A<\/em><\/span><\/td>\n<td style=\"font-family: Arial, Verdana, sans-serif; font-size: 12px; height: 22px; width: 98.0422%;\" colspan=\"2\"><span style=\"font-size: 15px;\">&nbsp;<\/span><\/td>\n<\/tr>\n<tr style=\"height: 22px;\">\n<td style=\"font-family: Arial, Verdana, sans-serif; font-size: 12px; text-align: right; height: 22px; width: 84.3215%;\"><span style=\"font-size: 15px;\"><em>Lisak\u00fclaline<\/em><\/span><\/td>\n<td style=\"font-family: Arial, Verdana, sans-serif; font-size: 12px; height: 22px; width: 10.9354%;\"><span style=\"font-size: 15px;\"><em>N\/A<\/em><\/span><\/td>\n<td style=\"font-family: Arial, Verdana, sans-serif; font-size: 12px; height: 22px; width: 98.0422%;\" colspan=\"2\"><span style=\"font-size: 15px;\">&nbsp;<\/span><\/td>\n<\/tr>\n<tr class=\"spliterBottom\" style=\"height: 22px;\">\n<td style=\"font-family: Arial, Verdana, sans-serif; font-size: 12px; height: 22px; width: 193.299%;\" colspan=\"4\"><span style=\"font-size: 15px;\">&nbsp;<\/span><\/td>\n<\/tr>\n<\/tbody>\n<\/table>\n<h3>&nbsp;<\/h3>\n<p><strong><span style=\"font-size: 15px;\">PRIVAATNE TALUMAJA<\/span><\/strong><\/p>\n<p><span style=\"font-size: 15px;\"><em>Kaks suurt magamistuba, Junior kahekohaline tuba, meelelahutuste tuba, 2 vanni ja 1 du\u0161s, kamin, raamatukogu, terrass, privaatne aed ja merevaatega saun.<\/em><\/span><\/p>\n<p>&nbsp;<\/p>\n<table style=\"width: 767px; height: 167px; border: 1px dotted #d3d3d3;\" border=\"0\">\n<tbody>\n<tr>\n<td style=\"font-family: Arial,Verdana,sans-serif; font-size: 12px;\"><span style=\"font-size: 15px;\">&nbsp;<\/span><\/td>\n<td style=\"font-family: Arial,Verdana,sans-serif; font-size: 12px;\" colspan=\"4\"><span style=\"font-size: 15px;\">&nbsp;<\/span><\/td>\n<\/tr>\n<tr class=\"spliterTop\">\n<td style=\"font-family: Arial,Verdana,sans-serif; font-size: 12px;\" colspan=\"5\"><span style=\"font-size: 15px;\">PRIVAATNE TALUMAJA<\/span><\/td>\n<\/tr>\n<\/tbody>\n<tbody>\n<tr>\n<td style=\"font-family: Arial,Verdana,sans-serif; font-size: 12px;\"><span style=\"font-size: 15px;\">&nbsp;<\/span><\/td>\n<td style=\"font-family: Arial,Verdana,sans-serif; font-size: 12px;\"><span style=\"font-size: 15px;\"><strong>EUR<\/strong><\/span><\/td>\n<td style=\"font-family: Arial,Verdana,sans-serif; font-size: 12px;\" colspan=\"2\"><span style=\"font-size: 15px;\">&nbsp;<\/span><\/td>\n<\/tr>\n<tr class=\"second\">\n<td style=\"font-family: Arial,Verdana,sans-serif; font-size: 12px;\"><span style=\"font-size: 15px;\">Talumaja, 4 k\u00fclalist<\/span><\/td>\n<td style=\"font-family: Arial,Verdana,sans-serif; font-size: 12px;\"><span style=\"font-size: 15px;\">2112<\/span><\/td>\n<td style=\"font-family: Arial,Verdana,sans-serif; font-size: 12px;\" colspan=\"2\"><span style=\"font-size: 15px;\">&nbsp;<\/span><\/td>\n<\/tr>\n<tr>\n<td style=\"font-family: Arial,Verdana,sans-serif; font-size: 12px; text-align: right;\"><span style=\"font-size: 15px;\"><em>Iga lisak\u00fclaline (kokku kuni 8 k\u00fclalist)<\/em><\/span><\/td>\n<td style=\"font-family: Arial,Verdana,sans-serif; font-size: 12px;\"><span style=\"font-size: 15px;\"><i>113<\/i><\/span><\/td>\n<td style=\"font-family: Arial,Verdana,sans-serif; font-size: 12px;\" colspan=\"2\"><span style=\"font-size: 15px;\">&nbsp;<\/span><\/td>\n<\/tr>\n<tr class=\"second\">\n<td style=\"font-family: Arial,Verdana,sans-serif; font-size: 12px; text-align: right;\"><span style=\"font-size: 15px;\"><em>\u00dcksinda toas<\/em><\/span><\/td>\n<td style=\"font-family: Arial,Verdana,sans-serif; font-size: 12px;\"><span style=\"font-size: 15px;\"><em>N\/A<\/em><\/span><\/td>\n<td style=\"font-family: Arial,Verdana,sans-serif; font-size: 12px;\" colspan=\"2\"><span style=\"font-size: 15px;\">&nbsp;<\/span><\/td>\n<\/tr>\n<tr class=\"spliterBottom\">\n<td style=\"font-family: Arial,Verdana,sans-serif; font-size: 12px;\" colspan=\"4\"><span style=\"font-size: 15px;\">&nbsp;<\/span><\/td>\n<\/tr>\n<\/tbody>\n<\/table>\n<h3>&nbsp;<\/h3>\n<p><span style=\"color: #ff0000;\"><strong><span style=\"font-size: 15px;\">T\u00c4ISPANSION<\/span><\/strong><\/span><\/p>\n<p><span style=\"font-size: 15px;\">P\u00e4daste M\u00f5is pakub t\u00e4ispansionit, mis sisaldab kahek\u00e4igulist l\u00f5unas\u00f6\u00f6ki ja neljak\u00e4igulist <em>Table d&#8217;H\u00f4te<\/em> \u00f5htus\u00f6\u00f6ki; rikkalik hommikus\u00f6\u00f6k sisaldub juba majutuse hinnas. T\u00e4ispansion on saadaval vaid majutusega samaaegsel broneerimisel. <\/span><\/p>\n<p>&nbsp;<\/p>\n<p><span style=\"font-size: 15px;\"><strong>T\u00e4ispansioni lisatasu k\u00fclalise kohta\/p\u00e4ev<\/strong>&nbsp;<strong>146 EUR<\/strong><\/span><\/p>\n<h3>&nbsp;<\/h3>\n<p><span style=\"color: #ff0000;\"><strong><span style=\"font-size: 15px;\">TINGIMUSED<\/span><\/strong><\/span><\/p>\n<p><span style=\"font-size: 15px;\">K\u00f5ik hinnad p\u00f5hinevad majutusel kaks inimest toas ja sisaldavad hommikus\u00f6\u00f6ki, kui ei ole m\u00e4rgitud teisiti. Majutushinnad kehtivad perioodil 4. aprill 2025 kuni 15. oktoober 2025. K\u00f5ikidele P\u00e4daste M\u00f5isa poolt kinnitatud broneeringutele kehtib <a href=\"http:\/\/www.padaste.ee\/et\/annulleerimistingimused-uldinfo\/\" target=\"_parent\" rel=\"noopener noreferrer\">annulleerimiskord <\/a>J\u00e4tame omale \u00f5iguse hindade muutmiseks ilma eelneva teatamiseta.<\/span><\/p>\n<\/div>\n","protected":false},"excerpt":{"rendered":"<p>BEST AVAILABLE RATE Tavahinnast kuni 30% soodsamad pakkumised internetis broneerijatele! Best Available Rate on meie garanteeritult parim pakkumine valitud kuup\u00e4evaks ja soovitud toat\u00fc\u00fcbile! &nbsp; P\u00c4DASTE M\u00d5IS &#8211; LETIHINNAD 4. aprill 2025 \u2013 26. oktoober 2025 &nbsp; &nbsp; &nbsp; &nbsp; KAHEKOHALISED TOAD &nbsp; EUR &nbsp; Kahekohaline tuba T\u00f5llakuuris 352 &nbsp; \u00dcksinda toas 342 &nbsp; Lisak\u00fclaline N\/A [&hellip;]<\/p>\n","protected":false},"author":50,"featured_media":8646,"parent":8576,"menu_order":4,"comment_status":"closed","ping_status":"closed","template":"","meta":{"ngg_post_thumbnail":0,"_links_to":"","_links_to_target":""},"yoast_head":"<!-- This site is optimized with the Yoast SEO plugin v16.1.1 - https:\/\/yoast.com\/wordpress\/plugins\/seo\/ -->\n<title>Hinnakiri -<\/title>\n<link rel=\"canonical\" href=\"https:\/\/www.xn--pdaste-bua.ee\/et\/toad\/hinnakiri\/\" \/>\n<meta property=\"og:locale\" content=\"et_EE\" \/>\n<meta property=\"og:type\" content=\"article\" \/>\n<meta property=\"og:title\" content=\"Hinnakiri -\" \/>\n<meta property=\"og:description\" content=\"BEST AVAILABLE RATE Tavahinnast kuni 30% soodsamad pakkumised internetis broneerijatele! Best Available Rate on meie garanteeritult parim pakkumine valitud kuup\u00e4evaks ja soovitud toat\u00fc\u00fcbile! &nbsp; P\u00c4DASTE M\u00d5IS &#8211; LETIHINNAD 4. aprill 2025 \u2013 26. oktoober 2025 &nbsp; &nbsp; &nbsp; &nbsp; KAHEKOHALISED TOAD &nbsp; EUR &nbsp; Kahekohaline tuba T\u00f5llakuuris 352 &nbsp; \u00dcksinda toas 342 &nbsp; Lisak\u00fclaline N\/A [&hellip;]\" \/>\n<meta property=\"og:url\" content=\"https:\/\/www.xn--pdaste-bua.ee\/et\/toad\/hinnakiri\/\" \/>\n<meta property=\"article:publisher\" content=\"https:\/\/www.facebook.com\/Padastemanor\/\" \/>\n<meta property=\"article:modified_time\" content=\"2025-03-10T22:46:55+00:00\" \/>\n<meta property=\"og:image\" content=\"https:\/\/www.xn--pdaste-bua.ee\/wp-content\/uploads\/2015\/07\/6995023847-1024x768.jpg\" \/>\n\t<meta property=\"og:image:width\" content=\"1024\" \/>\n\t<meta property=\"og:image:height\" content=\"768\" \/>\n<meta name=\"twitter:card\" content=\"summary_large_image\" \/>\n<meta name=\"twitter:label1\" content=\"Est. reading time\">\n\t<meta name=\"twitter:data1\" content=\"2 minutit\">\n<script type=\"application\/ld+json\" class=\"yoast-schema-graph\">{\"@context\":\"https:\/\/schema.org\",\"@graph\":[{\"@type\":\"Organization\",\"@id\":\"https:\/\/padaste.ee\/#organization\",\"name\":\"P\\u00e4daste M\\u00f5is\",\"url\":\"https:\/\/padaste.ee\/\",\"sameAs\":[\"https:\/\/www.facebook.com\/Padastemanor\/\"],\"logo\":{\"@type\":\"ImageObject\",\"@id\":\"https:\/\/padaste.ee\/#logo\",\"inLanguage\":\"et\",\"url\":\"https:\/\/padaste.ee\/wp-content\/uploads\/2018\/12\/padaste_2011.jpg\",\"contentUrl\":\"https:\/\/padaste.ee\/wp-content\/uploads\/2018\/12\/padaste_2011.jpg\",\"width\":154,\"height\":61,\"caption\":\"P\\u00e4daste M\\u00f5is\"},\"image\":{\"@id\":\"https:\/\/padaste.ee\/#logo\"}},{\"@type\":\"WebSite\",\"@id\":\"https:\/\/padaste.ee\/#website\",\"url\":\"https:\/\/padaste.ee\/\",\"name\":\"\",\"description\":\"\",\"publisher\":{\"@id\":\"https:\/\/padaste.ee\/#organization\"},\"potentialAction\":[{\"@type\":\"SearchAction\",\"target\":\"https:\/\/padaste.ee\/?s={search_term_string}\",\"query-input\":\"required name=search_term_string\"}],\"inLanguage\":\"et\"},{\"@type\":\"ImageObject\",\"@id\":\"https:\/\/www.xn--pdaste-bua.ee\/et\/toad\/hinnakiri\/#primaryimage\",\"inLanguage\":\"et\",\"url\":\"https:\/\/www.xn--pdaste-bua.ee\/wp-content\/uploads\/2015\/07\/6995023847.jpg\",\"contentUrl\":\"https:\/\/www.xn--pdaste-bua.ee\/wp-content\/uploads\/2015\/07\/6995023847.jpg\",\"width\":3264,\"height\":2448},{\"@type\":\"WebPage\",\"@id\":\"https:\/\/www.xn--pdaste-bua.ee\/et\/toad\/hinnakiri\/#webpage\",\"url\":\"https:\/\/www.xn--pdaste-bua.ee\/et\/toad\/hinnakiri\/\",\"name\":\"Hinnakiri -\",\"isPartOf\":{\"@id\":\"https:\/\/padaste.ee\/#website\"},\"primaryImageOfPage\":{\"@id\":\"https:\/\/www.xn--pdaste-bua.ee\/et\/toad\/hinnakiri\/#primaryimage\"},\"datePublished\":\"2015-07-28T16:00:32+00:00\",\"dateModified\":\"2025-03-10T22:46:55+00:00\",\"breadcrumb\":{\"@id\":\"https:\/\/www.xn--pdaste-bua.ee\/et\/toad\/hinnakiri\/#breadcrumb\"},\"inLanguage\":\"et\",\"potentialAction\":[{\"@type\":\"ReadAction\",\"target\":[\"https:\/\/www.xn--pdaste-bua.ee\/et\/toad\/hinnakiri\/\"]}]},{\"@type\":\"BreadcrumbList\",\"@id\":\"https:\/\/www.xn--pdaste-bua.ee\/et\/toad\/hinnakiri\/#breadcrumb\",\"itemListElement\":[{\"@type\":\"ListItem\",\"position\":1,\"item\":{\"@type\":\"WebPage\",\"@id\":\"https:\/\/padaste.ee\/et\/\",\"url\":\"https:\/\/padaste.ee\/et\/\",\"name\":\"Home\"}},{\"@type\":\"ListItem\",\"position\":2,\"item\":{\"@type\":\"WebPage\",\"@id\":\"https:\/\/www.xn--pdaste-bua.eu\/et\/toad\/\",\"url\":\"https:\/\/www.xn--pdaste-bua.eu\/et\/toad\/\",\"name\":\"Toad\"}},{\"@type\":\"ListItem\",\"position\":3,\"item\":{\"@type\":\"WebPage\",\"@id\":\"https:\/\/www.xn--pdaste-bua.ee\/et\/toad\/hinnakiri\/\",\"url\":\"https:\/\/www.xn--pdaste-bua.ee\/et\/toad\/hinnakiri\/\",\"name\":\"Hinnakiri\"}}]}]}<\/script>\n<!-- \/ Yoast SEO plugin. -->","_links":{"self":[{"href":"https:\/\/www.xn--pdaste-bua.ee\/et\/wp-json\/wp\/v2\/pages\/8647"}],"collection":[{"href":"https:\/\/www.xn--pdaste-bua.ee\/et\/wp-json\/wp\/v2\/pages"}],"about":[{"href":"https:\/\/www.xn--pdaste-bua.ee\/et\/wp-json\/wp\/v2\/types\/page"}],"author":[{"embeddable":true,"href":"https:\/\/www.xn--pdaste-bua.ee\/et\/wp-json\/wp\/v2\/users\/50"}],"replies":[{"embeddable":true,"href":"https:\/\/www.xn--pdaste-bua.ee\/et\/wp-json\/wp\/v2\/comments?post=8647"}],"version-history":[{"count":22,"href":"https:\/\/www.xn--pdaste-bua.ee\/et\/wp-json\/wp\/v2\/pages\/8647\/revisions"}],"predecessor-version":[{"id":16216,"href":"https:\/\/www.xn--pdaste-bua.ee\/et\/wp-json\/wp\/v2\/pages\/8647\/revisions\/16216"}],"up":[{"embeddable":true,"href":"https:\/\/www.xn--pdaste-bua.ee\/et\/wp-json\/wp\/v2\/pages\/8576"}],"wp:featuredmedia":[{"embeddable":true,"href":"https:\/\/www.xn--pdaste-bua.ee\/et\/wp-json\/wp\/v2\/media\/8646"}],"wp:attachment":[{"href":"https:\/\/www.xn--pdaste-bua.ee\/et\/wp-json\/wp\/v2\/media?parent=8647"}],"curies":[{"name":"wp","href":"https:\/\/api.w.org\/{rel}","templated":true}]}}