{"id":8665,"date":"2018-01-09T11:27:22","date_gmt":"2018-01-09T11:27:22","guid":{"rendered":"http:\/\/padastenew.local\/?page_id=8665"},"modified":"2024-08-07T00:40:43","modified_gmt":"2024-08-07T00:40:43","slug":"kuuma-merevee-tors","status":"publish","type":"page","link":"https:\/\/www.xn--pdaste-bua.ee\/et\/spa\/kuuma-merevee-tors\/","title":{"rendered":"Kuuma merevee t\u00f5rs"},"content":{"rendered":"<p><strong><span style=\"color: #ff0000; font-size: 24px;\">Naudi kuuma mereveet\u00fcnni puutumata loodusega P\u00e4daste lahe kaldal<\/span><\/strong><\/p>\n<p>&nbsp;<\/p>\n<p>Tervislik ja kergelt soolakas P\u00e4daste lahe merevesi soojendatakse puuk\u00fcttega ahjus kehale mugava temperatuurini, muutes k\u00fcmblemise nauditavaks nii jahedamal suve\u00f5htul kui ka k\u00fclmal talvep\u00e4eval. &nbsp;Vesi &nbsp;on &nbsp;rikas mineraalide ja vetikate toel.&nbsp;<\/p>\n<p>&nbsp;<\/p>\n<p>Kogege \u00fclimat noorenemist Thalassoteraapiaga \u2013 ainulaadse kuuma merevee h\u00fcdroteraapia ja elavdava merelise mikrokliima sulamiga. See teraapia on teie tee optimaalse tervise juurde. Saate v\u00f5imendada tervenemise kogemust temperatuuri kontrastide kogemisega, &nbsp;k\u00e4ige kuuma merevee t\u00fcnnist aegajalt jahedas merevees ennast karastamas. Merre viib m\u00f5ne sammu kaugusel t\u00f5rre juurest trepp.&nbsp;<\/p>\n<p>&nbsp;<\/p>\n<p>Thalassoteraapia on tuntud oma positiivsete m\u00f5jude poolest:<\/p>\n<ul>\n<li><strong>Detoksifikatsioon:<\/strong> Merevee mineraalid aitavad toksiine v\u00e4ljutada, j\u00e4ttes teid v\u00e4rskendatuks ja noorendatuks.<\/li>\n<li><strong>Paranenud vereringe:<\/strong> H\u00fcdroteraapia stimuleerib verevoolu, parandades toitainete ja hapniku kohaletoimetamist kogu kehas.<\/li>\n<li><strong>Valu leevendamine:<\/strong> Merevee ujuvus ja soojus v\u00e4hendavad lihas- ja liigesevalu, soodustades l\u00f5\u00f5gastumist ja taastumist.<\/li>\n<li><strong>Naha tervis:<\/strong> Mineraaliderikas merevesi aitab puhastada ja toita nahka, parandades selle tekstuuri ja v\u00e4limust.<\/li>\n<li><strong>Stressi v\u00e4hendamine:<\/strong> Rahulik merekeskkond koos terapeutiliste protseduuridega rahustab meelt, leevendades stressi ja \u00e4revust, toetab head unereziimi, t\u00f5stab \u00fcldist heaolu ja suurendab f\u00fc\u00fcsilist v\u00f5imekust.<\/li>\n<\/ul>\n<p>Kujutage ette, et teie p\u00e4evad on peale seda kogemust t\u00e4is energiat, \u00f6\u00f6d s\u00fcgavat, taastavat und ja maksimaalset tootlikkust. T\u00f5stke oma heaoluteekonda Thalassoteraapiaga P\u00e4daste merevee kuumas t\u00fcnnis \u2013 sest te v\u00e4\u00e4rite end tunda oma parimas vormis, p\u00e4eval ja \u00f6\u00f6sel.<\/p>\n<p>&nbsp;<\/p>\n<p>See on ka parim paik romantiliseks ajaveetmiseks oma kaaslasega, vaadates p\u00e4ikese loojumist ja t\u00e4histaevast ning nautides klaasikest \u0161ampanjat.<\/p>\n<p>&nbsp;<\/p>\n<p><a href=\"http:\/\/www.padaste.ee\/wp-content\/uploads\/2018\/02\/seawater-hottub2.jpg\"><img loading=\"lazy\" class=\" wp-image-14852 alignleft\" src=\"http:\/\/www.padaste.ee\/wp-content\/uploads\/2018\/02\/seawater-hottub2-300x169.jpg\" alt=\"\" width=\"1173\" height=\"661\" srcset=\"https:\/\/www.xn--pdaste-bua.ee\/wp-content\/uploads\/2018\/02\/seawater-hottub2-300x169.jpg 300w, https:\/\/www.xn--pdaste-bua.ee\/wp-content\/uploads\/2018\/02\/seawater-hottub2-768x432.jpg 768w, https:\/\/www.xn--pdaste-bua.ee\/wp-content\/uploads\/2018\/02\/seawater-hottub2-1024x576.jpg 1024w, https:\/\/www.xn--pdaste-bua.ee\/wp-content\/uploads\/2018\/02\/seawater-hottub2-24x14.jpg 24w, https:\/\/www.xn--pdaste-bua.ee\/wp-content\/uploads\/2018\/02\/seawater-hottub2-36x20.jpg 36w, https:\/\/www.xn--pdaste-bua.ee\/wp-content\/uploads\/2018\/02\/seawater-hottub2-48x27.jpg 48w\" sizes=\"(max-width: 1173px) 100vw, 1173px\" \/><\/a><\/p>\n<p>&nbsp;<\/p>\n<p><img loading=\"lazy\" class=\"alignnone  wp-image-22226\" src=\"http:\/\/padaste.ee\/wp-content\/uploads\/2024\/08\/img_5062-225x300.jpeg\" alt=\"\" width=\"289\" height=\"385\" srcset=\"https:\/\/www.xn--pdaste-bua.ee\/wp-content\/uploads\/2024\/08\/img_5062-225x300.jpeg 225w, https:\/\/www.xn--pdaste-bua.ee\/wp-content\/uploads\/2024\/08\/img_5062-768x1024.jpeg 768w, https:\/\/www.xn--pdaste-bua.ee\/wp-content\/uploads\/2024\/08\/img_5062-1152x1536.jpeg 1152w, https:\/\/www.xn--pdaste-bua.ee\/wp-content\/uploads\/2024\/08\/img_5062-1536x2048.jpeg 1536w, https:\/\/www.xn--pdaste-bua.ee\/wp-content\/uploads\/2024\/08\/img_5062-18x24.jpeg 18w, https:\/\/www.xn--pdaste-bua.ee\/wp-content\/uploads\/2024\/08\/img_5062-27x36.jpeg 27w, https:\/\/www.xn--pdaste-bua.ee\/wp-content\/uploads\/2024\/08\/img_5062-36x48.jpeg 36w, https:\/\/www.xn--pdaste-bua.ee\/wp-content\/uploads\/2024\/08\/img_5062-scaled.jpeg 1920w\" sizes=\"(max-width: 289px) 100vw, 289px\" \/> <img loading=\"lazy\" class=\"alignnone  wp-image-22228\" src=\"http:\/\/padaste.ee\/wp-content\/uploads\/2024\/08\/img_1644-225x300.jpeg\" alt=\"\" width=\"287\" height=\"383\" srcset=\"https:\/\/www.xn--pdaste-bua.ee\/wp-content\/uploads\/2024\/08\/img_1644-225x300.jpeg 225w, https:\/\/www.xn--pdaste-bua.ee\/wp-content\/uploads\/2024\/08\/img_1644-768x1024.jpeg 768w, https:\/\/www.xn--pdaste-bua.ee\/wp-content\/uploads\/2024\/08\/img_1644-1152x1536.jpeg 1152w, https:\/\/www.xn--pdaste-bua.ee\/wp-content\/uploads\/2024\/08\/img_1644-1536x2048.jpeg 1536w, https:\/\/www.xn--pdaste-bua.ee\/wp-content\/uploads\/2024\/08\/img_1644-18x24.jpeg 18w, https:\/\/www.xn--pdaste-bua.ee\/wp-content\/uploads\/2024\/08\/img_1644-27x36.jpeg 27w, https:\/\/www.xn--pdaste-bua.ee\/wp-content\/uploads\/2024\/08\/img_1644-36x48.jpeg 36w, https:\/\/www.xn--pdaste-bua.ee\/wp-content\/uploads\/2024\/08\/img_1644-scaled.jpeg 1920w\" sizes=\"(max-width: 287px) 100vw, 287px\" \/>&nbsp;<img loading=\"lazy\" class=\"alignnone  wp-image-22230\" src=\"http:\/\/padaste.ee\/wp-content\/uploads\/2024\/08\/img_1490-225x300.jpeg\" alt=\"\" width=\"288\" height=\"384\" srcset=\"https:\/\/www.xn--pdaste-bua.ee\/wp-content\/uploads\/2024\/08\/img_1490-225x300.jpeg 225w, https:\/\/www.xn--pdaste-bua.ee\/wp-content\/uploads\/2024\/08\/img_1490-768x1024.jpeg 768w, https:\/\/www.xn--pdaste-bua.ee\/wp-content\/uploads\/2024\/08\/img_1490-1152x1536.jpeg 1152w, https:\/\/www.xn--pdaste-bua.ee\/wp-content\/uploads\/2024\/08\/img_1490-1536x2048.jpeg 1536w, https:\/\/www.xn--pdaste-bua.ee\/wp-content\/uploads\/2024\/08\/img_1490-18x24.jpeg 18w, https:\/\/www.xn--pdaste-bua.ee\/wp-content\/uploads\/2024\/08\/img_1490-27x36.jpeg 27w, https:\/\/www.xn--pdaste-bua.ee\/wp-content\/uploads\/2024\/08\/img_1490-36x48.jpeg 36w, https:\/\/www.xn--pdaste-bua.ee\/wp-content\/uploads\/2024\/08\/img_1490-scaled.jpeg 1920w\" sizes=\"(max-width: 288px) 100vw, 288px\" \/><img loading=\"lazy\" class=\"alignnone  wp-image-22232\" src=\"http:\/\/padaste.ee\/wp-content\/uploads\/2024\/08\/img_2798-225x300.jpeg\" alt=\"\" width=\"288\" height=\"384\" srcset=\"https:\/\/www.xn--pdaste-bua.ee\/wp-content\/uploads\/2024\/08\/img_2798-225x300.jpeg 225w, https:\/\/www.xn--pdaste-bua.ee\/wp-content\/uploads\/2024\/08\/img_2798-768x1024.jpeg 768w, https:\/\/www.xn--pdaste-bua.ee\/wp-content\/uploads\/2024\/08\/img_2798-1152x1536.jpeg 1152w, https:\/\/www.xn--pdaste-bua.ee\/wp-content\/uploads\/2024\/08\/img_2798-1536x2048.jpeg 1536w, https:\/\/www.xn--pdaste-bua.ee\/wp-content\/uploads\/2024\/08\/img_2798-18x24.jpeg 18w, https:\/\/www.xn--pdaste-bua.ee\/wp-content\/uploads\/2024\/08\/img_2798-27x36.jpeg 27w, https:\/\/www.xn--pdaste-bua.ee\/wp-content\/uploads\/2024\/08\/img_2798-36x48.jpeg 36w, https:\/\/www.xn--pdaste-bua.ee\/wp-content\/uploads\/2024\/08\/img_2798-scaled.jpeg 1920w\" sizes=\"(max-width: 288px) 100vw, 288px\" \/> <img loading=\"lazy\" class=\"alignnone  wp-image-22224\" src=\"http:\/\/padaste.ee\/wp-content\/uploads\/2024\/08\/img_4398-300x225.jpeg\" alt=\"\" width=\"1155\" height=\"866\" srcset=\"https:\/\/www.xn--pdaste-bua.ee\/wp-content\/uploads\/2024\/08\/img_4398-300x225.jpeg 300w, https:\/\/www.xn--pdaste-bua.ee\/wp-content\/uploads\/2024\/08\/img_4398-1024x768.jpeg 1024w, https:\/\/www.xn--pdaste-bua.ee\/wp-content\/uploads\/2024\/08\/img_4398-768x576.jpeg 768w, https:\/\/www.xn--pdaste-bua.ee\/wp-content\/uploads\/2024\/08\/img_4398-1536x1152.jpeg 1536w, https:\/\/www.xn--pdaste-bua.ee\/wp-content\/uploads\/2024\/08\/img_4398-2048x1536.jpeg 2048w, https:\/\/www.xn--pdaste-bua.ee\/wp-content\/uploads\/2024\/08\/img_4398-24x18.jpeg 24w, https:\/\/www.xn--pdaste-bua.ee\/wp-content\/uploads\/2024\/08\/img_4398-36x27.jpeg 36w, https:\/\/www.xn--pdaste-bua.ee\/wp-content\/uploads\/2024\/08\/img_4398-48x36.jpeg 48w\" sizes=\"(max-width: 1155px) 100vw, 1155px\" \/><\/p>\n<p>P\u00e4daste M\u00f5is (P\u00e4daste O\u00dc) taotles struktuuritoetust <b>Turismiettev\u00f5tete \u00e4rimudelite rakendamise toetamine<\/b><b>&nbsp;&#8211; v\u00e4ikeprojektid.<\/b>&nbsp; Projekti toetati Euroopa Regionaalarengu Fondi vahenditest. Projekti eesm\u00e4rgiks on uute tehnoloogiliste lahenduste ning \u00e4riplaani v\u00e4ljaarendamine ning P\u00e4daste M\u00f5isa Spa energiat\u00f5husus, mille raames on paigaldatud uus energiats\u00e4\u00e4stev kuuma merevee t\u00f5rs.<\/p>\n<p>\n<\/p>\n<p><a href=\"http:\/\/www.padaste.ee\/wp-content\/uploads\/2021\/03\/eas-logo.jpg\"><img loading=\"lazy\" class=\"size-medium wp-image-16800 alignright\" src=\"http:\/\/www.padaste.ee\/wp-content\/uploads\/2021\/03\/eas-logo-300x94.jpg\" alt=\"\" width=\"300\" height=\"94\" srcset=\"https:\/\/www.xn--pdaste-bua.ee\/wp-content\/uploads\/2021\/03\/eas-logo-300x94.jpg 300w, https:\/\/www.xn--pdaste-bua.ee\/wp-content\/uploads\/2021\/03\/eas-logo-768x242.jpg 768w, https:\/\/www.xn--pdaste-bua.ee\/wp-content\/uploads\/2021\/03\/eas-logo-1024x322.jpg 1024w, https:\/\/www.xn--pdaste-bua.ee\/wp-content\/uploads\/2021\/03\/eas-logo-24x8.jpg 24w, https:\/\/www.xn--pdaste-bua.ee\/wp-content\/uploads\/2021\/03\/eas-logo-36x11.jpg 36w, https:\/\/www.xn--pdaste-bua.ee\/wp-content\/uploads\/2021\/03\/eas-logo-48x15.jpg 48w, https:\/\/www.xn--pdaste-bua.ee\/wp-content\/uploads\/2021\/03\/eas-logo.jpg 1790w\" sizes=\"(max-width: 300px) 100vw, 300px\" \/><\/a><\/p>\n<p style=\"text-align: center;\">&nbsp;<\/p>\n","protected":false},"excerpt":{"rendered":"<p>Naudi kuuma mereveet\u00fcnni puutumata loodusega P\u00e4daste lahe kaldal &nbsp; Tervislik ja kergelt soolakas P\u00e4daste lahe merevesi soojendatakse puuk\u00fcttega ahjus kehale mugava temperatuurini, muutes k\u00fcmblemise nauditavaks nii jahedamal suve\u00f5htul kui ka k\u00fclmal talvep\u00e4eval. &nbsp;Vesi &nbsp;on &nbsp;rikas mineraalide ja vetikate toel.&nbsp; &nbsp; Kogege \u00fclimat noorenemist Thalassoteraapiaga \u2013 ainulaadse kuuma merevee h\u00fcdroteraapia ja elavdava merelise mikrokliima sulamiga. See [&hellip;]<\/p>\n","protected":false},"author":50,"featured_media":5401,"parent":8578,"menu_order":5,"comment_status":"closed","ping_status":"closed","template":"","meta":{"ngg_post_thumbnail":0,"_links_to":"","_links_to_target":""},"yoast_head":"<!-- This site is optimized with the Yoast SEO plugin v16.1.1 - https:\/\/yoast.com\/wordpress\/plugins\/seo\/ -->\n<title>Kuuma merevee t\u00f5rs -<\/title>\n<link rel=\"canonical\" href=\"https:\/\/xn--pdaste-bua.ee\/et\/spa\/kuuma-merevee-tors\/\" \/>\n<meta property=\"og:locale\" content=\"et_EE\" \/>\n<meta property=\"og:type\" content=\"article\" \/>\n<meta property=\"og:title\" content=\"Kuuma merevee t\u00f5rs -\" \/>\n<meta property=\"og:description\" content=\"Naudi kuuma mereveet\u00fcnni puutumata loodusega P\u00e4daste lahe kaldal &nbsp; Tervislik ja kergelt soolakas P\u00e4daste lahe merevesi soojendatakse puuk\u00fcttega ahjus kehale mugava temperatuurini, muutes k\u00fcmblemise nauditavaks nii jahedamal suve\u00f5htul kui ka k\u00fclmal talvep\u00e4eval. &nbsp;Vesi &nbsp;on &nbsp;rikas mineraalide ja vetikate toel.&nbsp; &nbsp; Kogege \u00fclimat noorenemist Thalassoteraapiaga \u2013 ainulaadse kuuma merevee h\u00fcdroteraapia ja elavdava merelise mikrokliima sulamiga. See [&hellip;]\" \/>\n<meta property=\"og:url\" content=\"https:\/\/xn--pdaste-bua.ee\/et\/spa\/kuuma-merevee-tors\/\" \/>\n<meta property=\"article:publisher\" content=\"https:\/\/www.facebook.com\/Padastemanor\/\" \/>\n<meta property=\"article:modified_time\" content=\"2024-08-07T00:40:43+00:00\" \/>\n<meta property=\"og:image\" content=\"https:\/\/www.xn--pdaste-bua.ee\/wp-content\/uploads\/2012\/04\/5961006521_f45425a5b2_b.jpg\" \/>\n\t<meta property=\"og:image:width\" content=\"1024\" \/>\n\t<meta property=\"og:image:height\" content=\"684\" \/>\n<meta name=\"twitter:card\" content=\"summary_large_image\" \/>\n<meta name=\"twitter:label1\" content=\"Est. reading time\">\n\t<meta name=\"twitter:data1\" content=\"3 minutit\">\n<script type=\"application\/ld+json\" class=\"yoast-schema-graph\">{\"@context\":\"https:\/\/schema.org\",\"@graph\":[{\"@type\":\"Organization\",\"@id\":\"https:\/\/padaste.ee\/#organization\",\"name\":\"P\\u00e4daste M\\u00f5is\",\"url\":\"https:\/\/padaste.ee\/\",\"sameAs\":[\"https:\/\/www.facebook.com\/Padastemanor\/\"],\"logo\":{\"@type\":\"ImageObject\",\"@id\":\"https:\/\/padaste.ee\/#logo\",\"inLanguage\":\"et\",\"url\":\"https:\/\/padaste.ee\/wp-content\/uploads\/2018\/12\/padaste_2011.jpg\",\"contentUrl\":\"https:\/\/padaste.ee\/wp-content\/uploads\/2018\/12\/padaste_2011.jpg\",\"width\":154,\"height\":61,\"caption\":\"P\\u00e4daste M\\u00f5is\"},\"image\":{\"@id\":\"https:\/\/padaste.ee\/#logo\"}},{\"@type\":\"WebSite\",\"@id\":\"https:\/\/padaste.ee\/#website\",\"url\":\"https:\/\/padaste.ee\/\",\"name\":\"\",\"description\":\"\",\"publisher\":{\"@id\":\"https:\/\/padaste.ee\/#organization\"},\"potentialAction\":[{\"@type\":\"SearchAction\",\"target\":\"https:\/\/padaste.ee\/?s={search_term_string}\",\"query-input\":\"required name=search_term_string\"}],\"inLanguage\":\"et\"},{\"@type\":\"ImageObject\",\"@id\":\"https:\/\/xn--pdaste-bua.ee\/et\/spa\/kuuma-merevee-tors\/#primaryimage\",\"inLanguage\":\"et\",\"url\":\"https:\/\/www.xn--pdaste-bua.ee\/wp-content\/uploads\/2012\/04\/5961006521_f45425a5b2_b.jpg\",\"contentUrl\":\"https:\/\/www.xn--pdaste-bua.ee\/wp-content\/uploads\/2012\/04\/5961006521_f45425a5b2_b.jpg\",\"width\":1024,\"height\":684},{\"@type\":\"WebPage\",\"@id\":\"https:\/\/xn--pdaste-bua.ee\/et\/spa\/kuuma-merevee-tors\/#webpage\",\"url\":\"https:\/\/xn--pdaste-bua.ee\/et\/spa\/kuuma-merevee-tors\/\",\"name\":\"Kuuma merevee t\\u00f5rs -\",\"isPartOf\":{\"@id\":\"https:\/\/padaste.ee\/#website\"},\"primaryImageOfPage\":{\"@id\":\"https:\/\/xn--pdaste-bua.ee\/et\/spa\/kuuma-merevee-tors\/#primaryimage\"},\"datePublished\":\"2018-01-09T11:27:22+00:00\",\"dateModified\":\"2024-08-07T00:40:43+00:00\",\"breadcrumb\":{\"@id\":\"https:\/\/xn--pdaste-bua.ee\/et\/spa\/kuuma-merevee-tors\/#breadcrumb\"},\"inLanguage\":\"et\",\"potentialAction\":[{\"@type\":\"ReadAction\",\"target\":[\"https:\/\/xn--pdaste-bua.ee\/et\/spa\/kuuma-merevee-tors\/\"]}]},{\"@type\":\"BreadcrumbList\",\"@id\":\"https:\/\/xn--pdaste-bua.ee\/et\/spa\/kuuma-merevee-tors\/#breadcrumb\",\"itemListElement\":[{\"@type\":\"ListItem\",\"position\":1,\"item\":{\"@type\":\"WebPage\",\"@id\":\"https:\/\/padaste.ee\/et\/\",\"url\":\"https:\/\/padaste.ee\/et\/\",\"name\":\"Home\"}},{\"@type\":\"ListItem\",\"position\":2,\"item\":{\"@type\":\"WebPage\",\"@id\":\"https:\/\/padaste.ee\/et\/spa\/\",\"url\":\"https:\/\/padaste.ee\/et\/spa\/\",\"name\":\"Spa &#8211; Kuue meele p\\u00fchamu\"}},{\"@type\":\"ListItem\",\"position\":3,\"item\":{\"@type\":\"WebPage\",\"@id\":\"https:\/\/xn--pdaste-bua.ee\/et\/spa\/kuuma-merevee-tors\/\",\"url\":\"https:\/\/xn--pdaste-bua.ee\/et\/spa\/kuuma-merevee-tors\/\",\"name\":\"Kuuma merevee t\\u00f5rs\"}}]}]}<\/script>\n<!-- \/ Yoast SEO plugin. -->","_links":{"self":[{"href":"https:\/\/www.xn--pdaste-bua.ee\/et\/wp-json\/wp\/v2\/pages\/8665"}],"collection":[{"href":"https:\/\/www.xn--pdaste-bua.ee\/et\/wp-json\/wp\/v2\/pages"}],"about":[{"href":"https:\/\/www.xn--pdaste-bua.ee\/et\/wp-json\/wp\/v2\/types\/page"}],"author":[{"embeddable":true,"href":"https:\/\/www.xn--pdaste-bua.ee\/et\/wp-json\/wp\/v2\/users\/50"}],"replies":[{"embeddable":true,"href":"https:\/\/www.xn--pdaste-bua.ee\/et\/wp-json\/wp\/v2\/comments?post=8665"}],"version-history":[{"count":28,"href":"https:\/\/www.xn--pdaste-bua.ee\/et\/wp-json\/wp\/v2\/pages\/8665\/revisions"}],"predecessor-version":[{"id":22255,"href":"https:\/\/www.xn--pdaste-bua.ee\/et\/wp-json\/wp\/v2\/pages\/8665\/revisions\/22255"}],"up":[{"embeddable":true,"href":"https:\/\/www.xn--pdaste-bua.ee\/et\/wp-json\/wp\/v2\/pages\/8578"}],"wp:featuredmedia":[{"embeddable":true,"href":"https:\/\/www.xn--pdaste-bua.ee\/et\/wp-json\/wp\/v2\/media\/5401"}],"wp:attachment":[{"href":"https:\/\/www.xn--pdaste-bua.ee\/et\/wp-json\/wp\/v2\/media?parent=8665"}],"curies":[{"name":"wp","href":"https:\/\/api.w.org\/{rel}","templated":true}]}}