{"id":8667,"date":"2018-01-10T11:28:54","date_gmt":"2018-01-10T11:28:54","guid":{"rendered":"http:\/\/padastenew.local\/?page_id=8667"},"modified":"2024-01-03T09:48:12","modified_gmt":"2024-01-03T09:48:12","slug":"paikesetekk","status":"publish","type":"page","link":"https:\/\/www.xn--pdaste-bua.ee\/et\/spa\/paikesetekk\/","title":{"rendered":"P\u00e4ikesetekk paadisadamas"},"content":{"rendered":"<p><a href=\"http:\/\/www.padaste.ee\/wp-content\/uploads\/2018\/02\/316532452.jpg\"><img loading=\"lazy\" class=\"alignright wp-image-11772 size-medium\" src=\"http:\/\/www.padaste.ee\/wp-content\/uploads\/2018\/02\/316532452-300x200.jpg\" alt=\"\" width=\"300\" height=\"200\" srcset=\"https:\/\/www.xn--pdaste-bua.ee\/wp-content\/uploads\/2018\/02\/316532452-300x200.jpg 300w, https:\/\/www.xn--pdaste-bua.ee\/wp-content\/uploads\/2018\/02\/316532452-768x512.jpg 768w, https:\/\/www.xn--pdaste-bua.ee\/wp-content\/uploads\/2018\/02\/316532452-1024x683.jpg 1024w, https:\/\/www.xn--pdaste-bua.ee\/wp-content\/uploads\/2018\/02\/316532452-24x16.jpg 24w, https:\/\/www.xn--pdaste-bua.ee\/wp-content\/uploads\/2018\/02\/316532452-36x24.jpg 36w, https:\/\/www.xn--pdaste-bua.ee\/wp-content\/uploads\/2018\/02\/316532452-48x32.jpg 48w\" sizes=\"(max-width: 300px) 100vw, 300px\" \/><\/a><\/p>\n<h1><span style=\"color: #ff0000;\">Lahe\u00e4\u00e4rne p\u00e4ikesetekk v\u00e4ikeses P\u00e4daste sadamas on m\u00f5eldud eranditult P\u00e4daste k\u00fclalistele<\/span><\/h1>\n<p>&nbsp;<\/p>\n<p>P\u00e4ikesetekk aub puutumata looduse keskel, maalilise vaatega lahele. Sadamast v\u00f5ib alustada ka l\u00f5\u00f5gastavat retke s\u00f5udepaadiga v\u00f5i seiklust kanuul. See on imeline paik p\u00e4ikese ja karastavate supluste nautlemiseks.<\/p>\n","protected":false},"excerpt":{"rendered":"<p>Lahe\u00e4\u00e4rne p\u00e4ikesetekk v\u00e4ikeses P\u00e4daste sadamas on m\u00f5eldud eranditult P\u00e4daste k\u00fclalistele &nbsp; P\u00e4ikesetekk aub puutumata looduse keskel, maalilise vaatega lahele. Sadamast v\u00f5ib alustada ka l\u00f5\u00f5gastavat retke s\u00f5udepaadiga v\u00f5i seiklust kanuul. See on imeline paik p\u00e4ikese ja karastavate supluste nautlemiseks.<\/p>\n","protected":false},"author":50,"featured_media":5723,"parent":8578,"menu_order":6,"comment_status":"closed","ping_status":"closed","template":"","meta":{"ngg_post_thumbnail":0,"_links_to":"","_links_to_target":""},"yoast_head":"<!-- This site is optimized with the Yoast SEO plugin v16.1.1 - https:\/\/yoast.com\/wordpress\/plugins\/seo\/ -->\n<title>P\u00e4ikesetekk paadisadamas -<\/title>\n<link rel=\"canonical\" href=\"https:\/\/www.xn--pdaste-bua.ee\/et\/spa\/paikesetekk\/\" \/>\n<meta property=\"og:locale\" content=\"et_EE\" \/>\n<meta property=\"og:type\" content=\"article\" \/>\n<meta property=\"og:title\" content=\"P\u00e4ikesetekk paadisadamas -\" \/>\n<meta property=\"og:description\" content=\"Lahe\u00e4\u00e4rne p\u00e4ikesetekk v\u00e4ikeses P\u00e4daste sadamas on m\u00f5eldud eranditult P\u00e4daste k\u00fclalistele &nbsp; P\u00e4ikesetekk aub puutumata looduse keskel, maalilise vaatega lahele. Sadamast v\u00f5ib alustada ka l\u00f5\u00f5gastavat retke s\u00f5udepaadiga v\u00f5i seiklust kanuul. See on imeline paik p\u00e4ikese ja karastavate supluste nautlemiseks.\" \/>\n<meta property=\"og:url\" content=\"https:\/\/www.xn--pdaste-bua.ee\/et\/spa\/paikesetekk\/\" \/>\n<meta property=\"article:publisher\" content=\"https:\/\/www.facebook.com\/Padastemanor\/\" \/>\n<meta property=\"article:modified_time\" content=\"2024-01-03T09:48:12+00:00\" \/>\n<meta property=\"og:image\" content=\"https:\/\/www.xn--pdaste-bua.ee\/wp-content\/uploads\/2012\/06\/5961154019_0087c5d432.jpg\" \/>\n\t<meta property=\"og:image:width\" content=\"500\" \/>\n\t<meta property=\"og:image:height\" content=\"343\" \/>\n<meta name=\"twitter:card\" content=\"summary_large_image\" \/>\n<meta name=\"twitter:label1\" content=\"Est. reading time\">\n\t<meta name=\"twitter:data1\" content=\"1 minut\">\n<script type=\"application\/ld+json\" class=\"yoast-schema-graph\">{\"@context\":\"https:\/\/schema.org\",\"@graph\":[{\"@type\":\"Organization\",\"@id\":\"https:\/\/padaste.ee\/#organization\",\"name\":\"P\\u00e4daste M\\u00f5is\",\"url\":\"https:\/\/padaste.ee\/\",\"sameAs\":[\"https:\/\/www.facebook.com\/Padastemanor\/\"],\"logo\":{\"@type\":\"ImageObject\",\"@id\":\"https:\/\/padaste.ee\/#logo\",\"inLanguage\":\"et\",\"url\":\"https:\/\/padaste.ee\/wp-content\/uploads\/2018\/12\/padaste_2011.jpg\",\"contentUrl\":\"https:\/\/padaste.ee\/wp-content\/uploads\/2018\/12\/padaste_2011.jpg\",\"width\":154,\"height\":61,\"caption\":\"P\\u00e4daste M\\u00f5is\"},\"image\":{\"@id\":\"https:\/\/padaste.ee\/#logo\"}},{\"@type\":\"WebSite\",\"@id\":\"https:\/\/padaste.ee\/#website\",\"url\":\"https:\/\/padaste.ee\/\",\"name\":\"\",\"description\":\"\",\"publisher\":{\"@id\":\"https:\/\/padaste.ee\/#organization\"},\"potentialAction\":[{\"@type\":\"SearchAction\",\"target\":\"https:\/\/padaste.ee\/?s={search_term_string}\",\"query-input\":\"required name=search_term_string\"}],\"inLanguage\":\"et\"},{\"@type\":\"ImageObject\",\"@id\":\"https:\/\/www.xn--pdaste-bua.ee\/et\/spa\/paikesetekk\/#primaryimage\",\"inLanguage\":\"et\",\"url\":\"https:\/\/www.xn--pdaste-bua.ee\/wp-content\/uploads\/2012\/06\/5961154019_0087c5d432.jpg\",\"contentUrl\":\"https:\/\/www.xn--pdaste-bua.ee\/wp-content\/uploads\/2012\/06\/5961154019_0087c5d432.jpg\",\"width\":500,\"height\":343},{\"@type\":\"WebPage\",\"@id\":\"https:\/\/www.xn--pdaste-bua.ee\/et\/spa\/paikesetekk\/#webpage\",\"url\":\"https:\/\/www.xn--pdaste-bua.ee\/et\/spa\/paikesetekk\/\",\"name\":\"P\\u00e4ikesetekk paadisadamas -\",\"isPartOf\":{\"@id\":\"https:\/\/padaste.ee\/#website\"},\"primaryImageOfPage\":{\"@id\":\"https:\/\/www.xn--pdaste-bua.ee\/et\/spa\/paikesetekk\/#primaryimage\"},\"datePublished\":\"2018-01-10T11:28:54+00:00\",\"dateModified\":\"2024-01-03T09:48:12+00:00\",\"breadcrumb\":{\"@id\":\"https:\/\/www.xn--pdaste-bua.ee\/et\/spa\/paikesetekk\/#breadcrumb\"},\"inLanguage\":\"et\",\"potentialAction\":[{\"@type\":\"ReadAction\",\"target\":[\"https:\/\/www.xn--pdaste-bua.ee\/et\/spa\/paikesetekk\/\"]}]},{\"@type\":\"BreadcrumbList\",\"@id\":\"https:\/\/www.xn--pdaste-bua.ee\/et\/spa\/paikesetekk\/#breadcrumb\",\"itemListElement\":[{\"@type\":\"ListItem\",\"position\":1,\"item\":{\"@type\":\"WebPage\",\"@id\":\"https:\/\/padaste.ee\/et\/\",\"url\":\"https:\/\/padaste.ee\/et\/\",\"name\":\"Home\"}},{\"@type\":\"ListItem\",\"position\":2,\"item\":{\"@type\":\"WebPage\",\"@id\":\"https:\/\/padaste.ee\/et\/spa\/\",\"url\":\"https:\/\/padaste.ee\/et\/spa\/\",\"name\":\"Spa &#8211; Kuue meele p\\u00fchamu\"}},{\"@type\":\"ListItem\",\"position\":3,\"item\":{\"@type\":\"WebPage\",\"@id\":\"https:\/\/www.xn--pdaste-bua.ee\/et\/spa\/paikesetekk\/\",\"url\":\"https:\/\/www.xn--pdaste-bua.ee\/et\/spa\/paikesetekk\/\",\"name\":\"P\\u00e4ikesetekk paadisadamas\"}}]}]}<\/script>\n<!-- \/ Yoast SEO plugin. -->","_links":{"self":[{"href":"https:\/\/www.xn--pdaste-bua.ee\/et\/wp-json\/wp\/v2\/pages\/8667"}],"collection":[{"href":"https:\/\/www.xn--pdaste-bua.ee\/et\/wp-json\/wp\/v2\/pages"}],"about":[{"href":"https:\/\/www.xn--pdaste-bua.ee\/et\/wp-json\/wp\/v2\/types\/page"}],"author":[{"embeddable":true,"href":"https:\/\/www.xn--pdaste-bua.ee\/et\/wp-json\/wp\/v2\/users\/50"}],"replies":[{"embeddable":true,"href":"https:\/\/www.xn--pdaste-bua.ee\/et\/wp-json\/wp\/v2\/comments?post=8667"}],"version-history":[{"count":4,"href":"https:\/\/www.xn--pdaste-bua.ee\/et\/wp-json\/wp\/v2\/pages\/8667\/revisions"}],"predecessor-version":[{"id":20924,"href":"https:\/\/www.xn--pdaste-bua.ee\/et\/wp-json\/wp\/v2\/pages\/8667\/revisions\/20924"}],"up":[{"embeddable":true,"href":"https:\/\/www.xn--pdaste-bua.ee\/et\/wp-json\/wp\/v2\/pages\/8578"}],"wp:featuredmedia":[{"embeddable":true,"href":"https:\/\/www.xn--pdaste-bua.ee\/et\/wp-json\/wp\/v2\/media\/5723"}],"wp:attachment":[{"href":"https:\/\/www.xn--pdaste-bua.ee\/et\/wp-json\/wp\/v2\/media?parent=8667"}],"curies":[{"name":"wp","href":"https:\/\/api.w.org\/{rel}","templated":true}]}}