{"id":8675,"date":"2015-04-12T11:39:38","date_gmt":"2015-04-12T11:39:38","guid":{"rendered":"http:\/\/padastenew.local\/?page_id=8675"},"modified":"2025-04-25T08:18:58","modified_gmt":"2025-04-25T08:18:58","slug":"baar","status":"publish","type":"page","link":"https:\/\/www.xn--pdaste-bua.ee\/et\/kook\/baar\/","title":{"rendered":"Baar"},"content":{"rendered":"<p><a href=\"http:\/\/padaste.ee\/wp-content\/uploads\/2012\/06\/2569489713_da58723724_z.jpg\"><img loading=\"lazy\" class=\"  alignright wp-image-5680\" title=\"Baar P\u00e4daste M\u00f5isas\" src=\"http:\/\/padaste.ee\/wp-content\/uploads\/2012\/06\/2569489713_da58723724_z.jpg\" alt=\"2569489713_da58723724_z\" width=\"401\" height=\"268\" srcset=\"https:\/\/www.xn--pdaste-bua.ee\/wp-content\/uploads\/2012\/06\/2569489713_da58723724_z.jpg 640w, https:\/\/www.xn--pdaste-bua.ee\/wp-content\/uploads\/2012\/06\/2569489713_da58723724_z-300x200.jpg 300w, https:\/\/www.xn--pdaste-bua.ee\/wp-content\/uploads\/2012\/06\/2569489713_da58723724_z-24x16.jpg 24w, https:\/\/www.xn--pdaste-bua.ee\/wp-content\/uploads\/2012\/06\/2569489713_da58723724_z-36x24.jpg 36w, https:\/\/www.xn--pdaste-bua.ee\/wp-content\/uploads\/2012\/06\/2569489713_da58723724_z-48x32.jpg 48w\" sizes=\"(max-width: 401px) 100vw, 401px\" \/><\/a>Selles avaras, puuk\u00fcttekamina soojusega ning ajalooliste seinavappidega kaunistatud Muhu-meelses hubasuses pakume k\u00fclalistele tassikest kohvi ning kokteile ja sundimatut olustikku teiste k\u00fclalistega kohtumiseks ning vestluseks.<\/p>\n<p>&nbsp;<\/p>\n<p>M\u00f5isa lahked teenindajad abistavad Teid meeleldi v\u00e4ikseimagi k\u00fcsimuse ja palvega, nii spa-broneeringute koostamisel ja l\u00f5una-ning \u00f5htus\u00f6\u00f6givalikutel kui ka p\u00e4evategevuste ja edasiste reisiplaanide koostamisel. Oleme meelsasti abiks k\u00f5iges, millest meie suurep\u00e4rases m\u00f5isakompleksis ja kaunil Muhu saarel r\u00f5\u00f5mu ja l\u00f5\u00f5gastust tunda v\u00f5iksite<\/p>\n","protected":false},"excerpt":{"rendered":"<p>Selles avaras, puuk\u00fcttekamina soojusega ning ajalooliste seinavappidega kaunistatud Muhu-meelses hubasuses pakume k\u00fclalistele tassikest kohvi ning kokteile ja sundimatut olustikku teiste k\u00fclalistega kohtumiseks ning vestluseks. &nbsp; M\u00f5isa lahked teenindajad abistavad Teid meeleldi v\u00e4ikseimagi k\u00fcsimuse ja palvega, nii spa-broneeringute koostamisel ja l\u00f5una-ning \u00f5htus\u00f6\u00f6givalikutel kui ka p\u00e4evategevuste ja edasiste reisiplaanide koostamisel. Oleme meelsasti abiks k\u00f5iges, millest meie suurep\u00e4rases [&hellip;]<\/p>\n","protected":false},"author":50,"featured_media":5680,"parent":8580,"menu_order":3,"comment_status":"closed","ping_status":"closed","template":"","meta":{"ngg_post_thumbnail":0,"_links_to":"","_links_to_target":""},"yoast_head":"<!-- This site is optimized with the Yoast SEO plugin v16.1.1 - https:\/\/yoast.com\/wordpress\/plugins\/seo\/ -->\n<title>Baar -<\/title>\n<link rel=\"canonical\" href=\"https:\/\/www.xn--pdaste-bua.ee\/et\/kook\/baar\/\" \/>\n<meta property=\"og:locale\" content=\"et_EE\" \/>\n<meta property=\"og:type\" content=\"article\" \/>\n<meta property=\"og:title\" content=\"Baar -\" \/>\n<meta property=\"og:description\" content=\"Selles avaras, puuk\u00fcttekamina soojusega ning ajalooliste seinavappidega kaunistatud Muhu-meelses hubasuses pakume k\u00fclalistele tassikest kohvi ning kokteile ja sundimatut olustikku teiste k\u00fclalistega kohtumiseks ning vestluseks. &nbsp; M\u00f5isa lahked teenindajad abistavad Teid meeleldi v\u00e4ikseimagi k\u00fcsimuse ja palvega, nii spa-broneeringute koostamisel ja l\u00f5una-ning \u00f5htus\u00f6\u00f6givalikutel kui ka p\u00e4evategevuste ja edasiste reisiplaanide koostamisel. Oleme meelsasti abiks k\u00f5iges, millest meie suurep\u00e4rases [&hellip;]\" \/>\n<meta property=\"og:url\" content=\"https:\/\/www.xn--pdaste-bua.ee\/et\/kook\/baar\/\" \/>\n<meta property=\"article:publisher\" content=\"https:\/\/www.facebook.com\/Padastemanor\/\" \/>\n<meta property=\"article:modified_time\" content=\"2025-04-25T08:18:58+00:00\" \/>\n<meta property=\"og:image\" content=\"https:\/\/www.xn--pdaste-bua.ee\/wp-content\/uploads\/2012\/06\/2569489713_da58723724_z.jpg\" \/>\n\t<meta property=\"og:image:width\" content=\"640\" \/>\n\t<meta property=\"og:image:height\" content=\"427\" \/>\n<meta name=\"twitter:card\" content=\"summary_large_image\" \/>\n<script type=\"application\/ld+json\" class=\"yoast-schema-graph\">{\"@context\":\"https:\/\/schema.org\",\"@graph\":[{\"@type\":\"Organization\",\"@id\":\"https:\/\/padaste.ee\/#organization\",\"name\":\"P\\u00e4daste M\\u00f5is\",\"url\":\"https:\/\/padaste.ee\/\",\"sameAs\":[\"https:\/\/www.facebook.com\/Padastemanor\/\"],\"logo\":{\"@type\":\"ImageObject\",\"@id\":\"https:\/\/padaste.ee\/#logo\",\"inLanguage\":\"et\",\"url\":\"https:\/\/padaste.ee\/wp-content\/uploads\/2018\/12\/padaste_2011.jpg\",\"contentUrl\":\"https:\/\/padaste.ee\/wp-content\/uploads\/2018\/12\/padaste_2011.jpg\",\"width\":154,\"height\":61,\"caption\":\"P\\u00e4daste M\\u00f5is\"},\"image\":{\"@id\":\"https:\/\/padaste.ee\/#logo\"}},{\"@type\":\"WebSite\",\"@id\":\"https:\/\/padaste.ee\/#website\",\"url\":\"https:\/\/padaste.ee\/\",\"name\":\"\",\"description\":\"\",\"publisher\":{\"@id\":\"https:\/\/padaste.ee\/#organization\"},\"potentialAction\":[{\"@type\":\"SearchAction\",\"target\":\"https:\/\/padaste.ee\/?s={search_term_string}\",\"query-input\":\"required name=search_term_string\"}],\"inLanguage\":\"et\"},{\"@type\":\"ImageObject\",\"@id\":\"https:\/\/www.xn--pdaste-bua.ee\/et\/kook\/baar\/#primaryimage\",\"inLanguage\":\"et\",\"url\":\"https:\/\/www.xn--pdaste-bua.ee\/wp-content\/uploads\/2012\/06\/2569489713_da58723724_z.jpg\",\"contentUrl\":\"https:\/\/www.xn--pdaste-bua.ee\/wp-content\/uploads\/2012\/06\/2569489713_da58723724_z.jpg\",\"width\":640,\"height\":427},{\"@type\":\"WebPage\",\"@id\":\"https:\/\/www.xn--pdaste-bua.ee\/et\/kook\/baar\/#webpage\",\"url\":\"https:\/\/www.xn--pdaste-bua.ee\/et\/kook\/baar\/\",\"name\":\"Baar -\",\"isPartOf\":{\"@id\":\"https:\/\/padaste.ee\/#website\"},\"primaryImageOfPage\":{\"@id\":\"https:\/\/www.xn--pdaste-bua.ee\/et\/kook\/baar\/#primaryimage\"},\"datePublished\":\"2015-04-12T11:39:38+00:00\",\"dateModified\":\"2025-04-25T08:18:58+00:00\",\"breadcrumb\":{\"@id\":\"https:\/\/www.xn--pdaste-bua.ee\/et\/kook\/baar\/#breadcrumb\"},\"inLanguage\":\"et\",\"potentialAction\":[{\"@type\":\"ReadAction\",\"target\":[\"https:\/\/www.xn--pdaste-bua.ee\/et\/kook\/baar\/\"]}]},{\"@type\":\"BreadcrumbList\",\"@id\":\"https:\/\/www.xn--pdaste-bua.ee\/et\/kook\/baar\/#breadcrumb\",\"itemListElement\":[{\"@type\":\"ListItem\",\"position\":1,\"item\":{\"@type\":\"WebPage\",\"@id\":\"https:\/\/padaste.ee\/et\/\",\"url\":\"https:\/\/padaste.ee\/et\/\",\"name\":\"Home\"}},{\"@type\":\"ListItem\",\"position\":2,\"item\":{\"@type\":\"WebPage\",\"@id\":\"https:\/\/www.padaste.ee\/et\/kook\/\",\"url\":\"https:\/\/www.padaste.ee\/et\/kook\/\",\"name\":\"K\\u00f6\\u00f6k\"}},{\"@type\":\"ListItem\",\"position\":3,\"item\":{\"@type\":\"WebPage\",\"@id\":\"https:\/\/www.xn--pdaste-bua.ee\/et\/kook\/baar\/\",\"url\":\"https:\/\/www.xn--pdaste-bua.ee\/et\/kook\/baar\/\",\"name\":\"Baar\"}}]}]}<\/script>\n<!-- \/ Yoast SEO plugin. -->","_links":{"self":[{"href":"https:\/\/www.xn--pdaste-bua.ee\/et\/wp-json\/wp\/v2\/pages\/8675"}],"collection":[{"href":"https:\/\/www.xn--pdaste-bua.ee\/et\/wp-json\/wp\/v2\/pages"}],"about":[{"href":"https:\/\/www.xn--pdaste-bua.ee\/et\/wp-json\/wp\/v2\/types\/page"}],"author":[{"embeddable":true,"href":"https:\/\/www.xn--pdaste-bua.ee\/et\/wp-json\/wp\/v2\/users\/50"}],"replies":[{"embeddable":true,"href":"https:\/\/www.xn--pdaste-bua.ee\/et\/wp-json\/wp\/v2\/comments?post=8675"}],"version-history":[{"count":1,"href":"https:\/\/www.xn--pdaste-bua.ee\/et\/wp-json\/wp\/v2\/pages\/8675\/revisions"}],"predecessor-version":[{"id":12089,"href":"https:\/\/www.xn--pdaste-bua.ee\/et\/wp-json\/wp\/v2\/pages\/8675\/revisions\/12089"}],"up":[{"embeddable":true,"href":"https:\/\/www.xn--pdaste-bua.ee\/et\/wp-json\/wp\/v2\/pages\/8580"}],"wp:featuredmedia":[{"embeddable":true,"href":"https:\/\/www.xn--pdaste-bua.ee\/et\/wp-json\/wp\/v2\/media\/5680"}],"wp:attachment":[{"href":"https:\/\/www.xn--pdaste-bua.ee\/et\/wp-json\/wp\/v2\/media?parent=8675"}],"curies":[{"name":"wp","href":"https:\/\/api.w.org\/{rel}","templated":true}]}}