{"id":8686,"date":"2018-04-14T11:47:17","date_gmt":"2018-04-14T11:47:17","guid":{"rendered":"http:\/\/padastenew.local\/?page_id=8686"},"modified":"2025-04-25T08:19:37","modified_gmt":"2025-04-25T08:19:37","slug":"sinu-personaalne-kokk","status":"publish","type":"page","link":"https:\/\/www.xn--pdaste-bua.ee\/et\/kook\/sinu-personaalne-kokk\/","title":{"rendered":"Sinu personaalne kokk"},"content":{"rendered":"<p style=\"padding-left: 30px; text-align: center;\"><span style=\"font-size: 18px; color: #ff0000;\"><strong>Kutsu oma k\u00fclalised osa saama erilisest \u00f5htus\u00f6\u00f6gielamusest&#8230;.<\/strong><\/span><\/p>\n<p style=\"padding-left: 90px; text-align: center;\"><span style=\"font-size: medium;\"><span style=\"color: #cc0000;\"><strong><span style=\"font-size: 18px; color: #ff0000;\">ja anna meile volitus vallutada Sinu k\u00f6\u00f6k!<\/span><br \/>\n<\/strong><\/span><\/span><\/p>\n<p style=\"padding-left: 90px;\">&nbsp;<\/p>\n<p>&nbsp;<\/p>\n<p>Meie peakokk v\u00f5i \u00fcks meie kahest suurep\u00e4rasest sous-chef&#8217;ist valmistavad ja serveerivad Sulle ja s\u00f5pradele Sinu oma kodu mugavuses P\u00f5hjala saarte k\u00f6\u00f6gi suurep\u00e4raseid maitseelamusi.<\/p>\n<p>&nbsp;<\/p>\n<p>&nbsp;<\/p>\n<p><a href=\"http:\/\/www.padaste.ee\/wp-content\/uploads\/2023\/04\/imgc1483_fullsize_fotograaf-lauri_-laan_-scaled.jpg\"><img loading=\"lazy\" class=\"wp-image-19798 size-medium aligncenter\" src=\"http:\/\/www.padaste.ee\/wp-content\/uploads\/2023\/04\/imgc1483_fullsize_fotograaf-lauri_-laan_-300x200.jpg\" alt=\"\" width=\"300\" height=\"200\" srcset=\"https:\/\/www.xn--pdaste-bua.ee\/wp-content\/uploads\/2023\/04\/imgc1483_fullsize_fotograaf-lauri_-laan_-300x200.jpg 300w, https:\/\/www.xn--pdaste-bua.ee\/wp-content\/uploads\/2023\/04\/imgc1483_fullsize_fotograaf-lauri_-laan_-1024x683.jpg 1024w, https:\/\/www.xn--pdaste-bua.ee\/wp-content\/uploads\/2023\/04\/imgc1483_fullsize_fotograaf-lauri_-laan_-768x512.jpg 768w, https:\/\/www.xn--pdaste-bua.ee\/wp-content\/uploads\/2023\/04\/imgc1483_fullsize_fotograaf-lauri_-laan_-1536x1025.jpg 1536w, https:\/\/www.xn--pdaste-bua.ee\/wp-content\/uploads\/2023\/04\/imgc1483_fullsize_fotograaf-lauri_-laan_-2048x1366.jpg 2048w, https:\/\/www.xn--pdaste-bua.ee\/wp-content\/uploads\/2023\/04\/imgc1483_fullsize_fotograaf-lauri_-laan_-24x16.jpg 24w, https:\/\/www.xn--pdaste-bua.ee\/wp-content\/uploads\/2023\/04\/imgc1483_fullsize_fotograaf-lauri_-laan_-36x24.jpg 36w, https:\/\/www.xn--pdaste-bua.ee\/wp-content\/uploads\/2023\/04\/imgc1483_fullsize_fotograaf-lauri_-laan_-48x32.jpg 48w\" sizes=\"(max-width: 300px) 100vw, 300px\" \/><\/a><\/p>\n<p>&nbsp;<\/p>\n<p>\u00dcheskoos planeerides koostame Sulle sobiliku l\u00f5unaeine v\u00f5i \u00f5htus\u00f6\u00f6gimen\u00fc\u00fc.<br \/>\nT\u00f6\u00f6tame just samasuguse p\u00fchendumusega kui Alexander restoranis! Sina ja s\u00f5brad v\u00f5ite soovi korral ettevalmistuses abiks olla ning miks mitte assisteerida kokka ka toidu valmistamisel!<\/p>\n<p>&nbsp;<\/p>\n<p>Sinu huvip\u00e4ringut ja k\u00fcsimusi ootab meie&nbsp;<i>Celebration &amp; Event Manager <\/i>meilile <a href=\"mailto:event@padaste.ee\">event@padaste.ee<\/a>.<br \/>\nPalume v\u00f5imalusel maksimaalselt pikka etteteatamisaega &#8211; teenuse eksklusiivsus eelab m\u00f5istagi p\u00f5hjalikku planeerimist ning ettevalmistusi.<\/p>\n","protected":false},"excerpt":{"rendered":"<p>Kutsu oma k\u00fclalised osa saama erilisest \u00f5htus\u00f6\u00f6gielamusest&#8230;. ja anna meile volitus vallutada Sinu k\u00f6\u00f6k! &nbsp; &nbsp; Meie peakokk v\u00f5i \u00fcks meie kahest suurep\u00e4rasest sous-chef&#8217;ist valmistavad ja serveerivad Sulle ja s\u00f5pradele Sinu oma kodu mugavuses P\u00f5hjala saarte k\u00f6\u00f6gi suurep\u00e4raseid maitseelamusi. &nbsp; &nbsp; &nbsp; \u00dcheskoos planeerides koostame Sulle sobiliku l\u00f5unaeine v\u00f5i \u00f5htus\u00f6\u00f6gimen\u00fc\u00fc. T\u00f6\u00f6tame just samasuguse p\u00fchendumusega kui [&hellip;]<\/p>\n","protected":false},"author":50,"featured_media":12175,"parent":8580,"menu_order":8,"comment_status":"closed","ping_status":"closed","template":"","meta":{"ngg_post_thumbnail":0,"_links_to":"","_links_to_target":""},"yoast_head":"<!-- This site is optimized with the Yoast SEO plugin v16.1.1 - https:\/\/yoast.com\/wordpress\/plugins\/seo\/ -->\n<title>Sinu personaalne kokk -<\/title>\n<link rel=\"canonical\" href=\"https:\/\/www.padaste.ee\/et\/kook\/sinu-personaalne-kokk\/\" \/>\n<meta property=\"og:locale\" content=\"et_EE\" \/>\n<meta property=\"og:type\" content=\"article\" \/>\n<meta property=\"og:title\" content=\"Sinu personaalne kokk -\" \/>\n<meta property=\"og:description\" content=\"Kutsu oma k\u00fclalised osa saama erilisest \u00f5htus\u00f6\u00f6gielamusest&#8230;. ja anna meile volitus vallutada Sinu k\u00f6\u00f6k! &nbsp; &nbsp; Meie peakokk v\u00f5i \u00fcks meie kahest suurep\u00e4rasest sous-chef&#8217;ist valmistavad ja serveerivad Sulle ja s\u00f5pradele Sinu oma kodu mugavuses P\u00f5hjala saarte k\u00f6\u00f6gi suurep\u00e4raseid maitseelamusi. &nbsp; &nbsp; &nbsp; \u00dcheskoos planeerides koostame Sulle sobiliku l\u00f5unaeine v\u00f5i \u00f5htus\u00f6\u00f6gimen\u00fc\u00fc. T\u00f6\u00f6tame just samasuguse p\u00fchendumusega kui [&hellip;]\" \/>\n<meta property=\"og:url\" content=\"https:\/\/www.padaste.ee\/et\/kook\/sinu-personaalne-kokk\/\" \/>\n<meta property=\"article:publisher\" content=\"https:\/\/www.facebook.com\/Padastemanor\/\" \/>\n<meta property=\"article:modified_time\" content=\"2025-04-25T08:19:37+00:00\" \/>\n<meta property=\"og:image\" content=\"https:\/\/www.xn--pdaste-bua.ee\/wp-content\/uploads\/2018\/03\/13077692645-1024x683.jpg\" \/>\n\t<meta property=\"og:image:width\" content=\"1024\" \/>\n\t<meta property=\"og:image:height\" content=\"683\" \/>\n<meta name=\"twitter:card\" content=\"summary_large_image\" \/>\n<meta name=\"twitter:label1\" content=\"Est. reading time\">\n\t<meta name=\"twitter:data1\" content=\"1 minut\">\n<script type=\"application\/ld+json\" class=\"yoast-schema-graph\">{\"@context\":\"https:\/\/schema.org\",\"@graph\":[{\"@type\":\"Organization\",\"@id\":\"https:\/\/padaste.ee\/#organization\",\"name\":\"P\\u00e4daste M\\u00f5is\",\"url\":\"https:\/\/padaste.ee\/\",\"sameAs\":[\"https:\/\/www.facebook.com\/Padastemanor\/\"],\"logo\":{\"@type\":\"ImageObject\",\"@id\":\"https:\/\/padaste.ee\/#logo\",\"inLanguage\":\"et\",\"url\":\"https:\/\/padaste.ee\/wp-content\/uploads\/2018\/12\/padaste_2011.jpg\",\"contentUrl\":\"https:\/\/padaste.ee\/wp-content\/uploads\/2018\/12\/padaste_2011.jpg\",\"width\":154,\"height\":61,\"caption\":\"P\\u00e4daste M\\u00f5is\"},\"image\":{\"@id\":\"https:\/\/padaste.ee\/#logo\"}},{\"@type\":\"WebSite\",\"@id\":\"https:\/\/padaste.ee\/#website\",\"url\":\"https:\/\/padaste.ee\/\",\"name\":\"\",\"description\":\"\",\"publisher\":{\"@id\":\"https:\/\/padaste.ee\/#organization\"},\"potentialAction\":[{\"@type\":\"SearchAction\",\"target\":\"https:\/\/padaste.ee\/?s={search_term_string}\",\"query-input\":\"required name=search_term_string\"}],\"inLanguage\":\"et\"},{\"@type\":\"ImageObject\",\"@id\":\"https:\/\/www.padaste.ee\/et\/kook\/sinu-personaalne-kokk\/#primaryimage\",\"inLanguage\":\"et\",\"url\":\"https:\/\/www.xn--pdaste-bua.ee\/wp-content\/uploads\/2018\/03\/13077692645.jpg\",\"contentUrl\":\"https:\/\/www.xn--pdaste-bua.ee\/wp-content\/uploads\/2018\/03\/13077692645.jpg\",\"width\":5616,\"height\":3744},{\"@type\":\"WebPage\",\"@id\":\"https:\/\/www.padaste.ee\/et\/kook\/sinu-personaalne-kokk\/#webpage\",\"url\":\"https:\/\/www.padaste.ee\/et\/kook\/sinu-personaalne-kokk\/\",\"name\":\"Sinu personaalne kokk -\",\"isPartOf\":{\"@id\":\"https:\/\/padaste.ee\/#website\"},\"primaryImageOfPage\":{\"@id\":\"https:\/\/www.padaste.ee\/et\/kook\/sinu-personaalne-kokk\/#primaryimage\"},\"datePublished\":\"2018-04-14T11:47:17+00:00\",\"dateModified\":\"2025-04-25T08:19:37+00:00\",\"breadcrumb\":{\"@id\":\"https:\/\/www.padaste.ee\/et\/kook\/sinu-personaalne-kokk\/#breadcrumb\"},\"inLanguage\":\"et\",\"potentialAction\":[{\"@type\":\"ReadAction\",\"target\":[\"https:\/\/www.padaste.ee\/et\/kook\/sinu-personaalne-kokk\/\"]}]},{\"@type\":\"BreadcrumbList\",\"@id\":\"https:\/\/www.padaste.ee\/et\/kook\/sinu-personaalne-kokk\/#breadcrumb\",\"itemListElement\":[{\"@type\":\"ListItem\",\"position\":1,\"item\":{\"@type\":\"WebPage\",\"@id\":\"https:\/\/padaste.ee\/et\/\",\"url\":\"https:\/\/padaste.ee\/et\/\",\"name\":\"Home\"}},{\"@type\":\"ListItem\",\"position\":2,\"item\":{\"@type\":\"WebPage\",\"@id\":\"https:\/\/www.padaste.ee\/et\/kook\/\",\"url\":\"https:\/\/www.padaste.ee\/et\/kook\/\",\"name\":\"K\\u00f6\\u00f6k\"}},{\"@type\":\"ListItem\",\"position\":3,\"item\":{\"@type\":\"WebPage\",\"@id\":\"https:\/\/www.padaste.ee\/et\/kook\/sinu-personaalne-kokk\/\",\"url\":\"https:\/\/www.padaste.ee\/et\/kook\/sinu-personaalne-kokk\/\",\"name\":\"Sinu personaalne kokk\"}}]}]}<\/script>\n<!-- \/ Yoast SEO plugin. -->","_links":{"self":[{"href":"https:\/\/www.xn--pdaste-bua.ee\/et\/wp-json\/wp\/v2\/pages\/8686"}],"collection":[{"href":"https:\/\/www.xn--pdaste-bua.ee\/et\/wp-json\/wp\/v2\/pages"}],"about":[{"href":"https:\/\/www.xn--pdaste-bua.ee\/et\/wp-json\/wp\/v2\/types\/page"}],"author":[{"embeddable":true,"href":"https:\/\/www.xn--pdaste-bua.ee\/et\/wp-json\/wp\/v2\/users\/50"}],"replies":[{"embeddable":true,"href":"https:\/\/www.xn--pdaste-bua.ee\/et\/wp-json\/wp\/v2\/comments?post=8686"}],"version-history":[{"count":8,"href":"https:\/\/www.xn--pdaste-bua.ee\/et\/wp-json\/wp\/v2\/pages\/8686\/revisions"}],"predecessor-version":[{"id":19801,"href":"https:\/\/www.xn--pdaste-bua.ee\/et\/wp-json\/wp\/v2\/pages\/8686\/revisions\/19801"}],"up":[{"embeddable":true,"href":"https:\/\/www.xn--pdaste-bua.ee\/et\/wp-json\/wp\/v2\/pages\/8580"}],"wp:featuredmedia":[{"embeddable":true,"href":"https:\/\/www.xn--pdaste-bua.ee\/et\/wp-json\/wp\/v2\/media\/12175"}],"wp:attachment":[{"href":"https:\/\/www.xn--pdaste-bua.ee\/et\/wp-json\/wp\/v2\/media?parent=8686"}],"curies":[{"name":"wp","href":"https:\/\/api.w.org\/{rel}","templated":true}]}}