{"id":8780,"date":"2015-07-29T14:19:14","date_gmt":"2015-07-29T11:19:14","guid":{"rendered":"http:\/\/padastenew.local\/?page_id=8780"},"modified":"2025-06-27T11:07:25","modified_gmt":"2025-06-27T11:07:25","slug":"tahtpaevad","status":"publish","type":"page","link":"https:\/\/www.xn--pdaste-bua.ee\/et\/tahtpaevad\/","title":{"rendered":"T\u00e4htp\u00e4evad"},"content":{"rendered":"<p>P\u00e4daste M\u00f5is on juba paljudele tuttav kui suurep\u00e4raselt sobilik ja meeldiva teenindusega koht korraldamaks riiklikult k\u00f5rgel tasemel pidulik \u00f5htus\u00f6\u00f6k; ettev\u00f5tte juhtkonna koosolek v\u00f5i meeskonna seminar; uutmoodi tootetutvustus v\u00f5i v\u00f5tmeklientide v\u00e4ljas\u00f5it; suurejooneline pulmapidu v\u00f5i pereringi l\u00e4hedastega t\u00e4htp\u00e4ev.<\/p>\n<p>&nbsp;<\/p>\n<p>Koostame suurima heameelega igale p\u00e4ringule individuaalselt just Teile sobiliku pakkumise!<\/p>\n<p>&nbsp;<\/p>\n<p><a href=\"https:\/\/padaste.ee\/et\/tahtpaevad\/padaste-eksklusiivselt-teie\/\"><strong>P\u00e4daste eksklusiivselt Teie<\/strong><\/a><\/p>\n<p><a href=\"https:\/\/padaste.ee\/et\/tahtpaevad\/pulmad\/\"><strong>Pulmad<\/strong><\/a><\/p>\n<p><a href=\"https:\/\/padaste.ee\/et\/tahtpaevad\/noupidamised\/\"><strong>N\u00f5upidamised<\/strong><\/a><\/p>\n<p><a href=\"https:\/\/padaste.ee\/et\/tahtpaevad\/kusi-personaalset-pakkumist\/\"><strong>K\u00fcsi personaalset pakkumist<\/strong><\/a><\/p>\n<p><a href=\"https:\/\/padaste.ee\/et\/uritused-padaste-moisas\/\"><strong>Avalikud \u00fcritused<\/strong><\/a><\/p>\n<p>&nbsp;<\/p><!-- index.php -->\n<div\n\tclass=\"ngg-galleryoverview ngg-ajax-pagination-none\"\n\tid=\"ngg-gallery-a580547b1ad58b10082705f50450d084-1\">\n\n    \t\t<!-- Thumbnails -->\n\t\t\t\t<div id=\"ngg-image-0\" class=\"ngg-gallery-thumbnail-box\" >\n\t\t\t\t        <div class=\"ngg-gallery-thumbnail\">\n            <a href=\"https:\/\/www.xn--pdaste-bua.ee\/wp-content\/gallery\/meetings-parties\/t2_img_6566-med-res.jpg\"\n               title=\"\"\n               data-src=\"https:\/\/www.xn--pdaste-bua.ee\/wp-content\/gallery\/meetings-parties\/t2_img_6566-med-res.jpg\"\n               data-thumbnail=\"https:\/\/www.xn--pdaste-bua.ee\/wp-content\/gallery\/meetings-parties\/thumbs\/thumbs_t2_img_6566-med-res.jpg\"\n               data-image-id=\"34\"\n               data-title=\"t2_img_6566-med-res.jpg\"\n               data-description=\"\"\n               data-image-slug=\"t2_img_6566-med-res-jpg\"\n               >\n                <img\n                    title=\"t2_img_6566-med-res.jpg\"\n                    alt=\"t2_img_6566-med-res.jpg\"\n                    src=\"https:\/\/www.xn--pdaste-bua.ee\/wp-content\/gallery\/meetings-parties\/thumbs\/thumbs_t2_img_6566-med-res.jpg\"\n                    width=\"270\"\n                    height=\"180\"\n                    style=\"max-width:100%;\"\n                \/>\n            <\/a>\n        <\/div>\n\t\t\t\t\t\t\t<\/div> \n\t\t\t\n        \n\t\t\t\t<div id=\"ngg-image-1\" class=\"ngg-gallery-thumbnail-box\" >\n\t\t\t\t        <div class=\"ngg-gallery-thumbnail\">\n            <a href=\"https:\/\/www.xn--pdaste-bua.ee\/wp-content\/gallery\/meetings-parties\/t2_img_6616-med-res.jpg\"\n               title=\"\"\n               data-src=\"https:\/\/www.xn--pdaste-bua.ee\/wp-content\/gallery\/meetings-parties\/t2_img_6616-med-res.jpg\"\n               data-thumbnail=\"https:\/\/www.xn--pdaste-bua.ee\/wp-content\/gallery\/meetings-parties\/thumbs\/thumbs_t2_img_6616-med-res.jpg\"\n               data-image-id=\"35\"\n               data-title=\"t2_img_6616-med-res.jpg\"\n               data-description=\"\"\n               data-image-slug=\"t2_img_6616-med-res-jpg\"\n               >\n                <img\n                    title=\"t2_img_6616-med-res.jpg\"\n                    alt=\"t2_img_6616-med-res.jpg\"\n                    src=\"https:\/\/www.xn--pdaste-bua.ee\/wp-content\/gallery\/meetings-parties\/thumbs\/thumbs_t2_img_6616-med-res.jpg\"\n                    width=\"270\"\n                    height=\"180\"\n                    style=\"max-width:100%;\"\n                \/>\n            <\/a>\n        <\/div>\n\t\t\t\t\t\t\t<\/div> \n\t\t\t\n        \n\t\t\t\t<div id=\"ngg-image-2\" class=\"ngg-gallery-thumbnail-box\" >\n\t\t\t\t        <div class=\"ngg-gallery-thumbnail\">\n            <a href=\"https:\/\/www.xn--pdaste-bua.ee\/wp-content\/gallery\/meetings-parties\/t2_meetings1.jpg\"\n               title=\"\"\n               data-src=\"https:\/\/www.xn--pdaste-bua.ee\/wp-content\/gallery\/meetings-parties\/t2_meetings1.jpg\"\n               data-thumbnail=\"https:\/\/www.xn--pdaste-bua.ee\/wp-content\/gallery\/meetings-parties\/thumbs\/thumbs_t2_meetings1.jpg\"\n               data-image-id=\"37\"\n               data-title=\"t2_meetings1.jpg\"\n               data-description=\"\"\n               data-image-slug=\"t2_meetings1-jpg\"\n               >\n                <img\n                    title=\"t2_meetings1.jpg\"\n                    alt=\"t2_meetings1.jpg\"\n                    src=\"https:\/\/www.xn--pdaste-bua.ee\/wp-content\/gallery\/meetings-parties\/thumbs\/thumbs_t2_meetings1.jpg\"\n                    width=\"270\"\n                    height=\"180\"\n                    style=\"max-width:100%;\"\n                \/>\n            <\/a>\n        <\/div>\n\t\t\t\t\t\t\t<\/div> \n\t\t\t\n        \n\t\t\t\t<div id=\"ngg-image-3\" class=\"ngg-gallery-thumbnail-box\" >\n\t\t\t\t        <div class=\"ngg-gallery-thumbnail\">\n            <a href=\"https:\/\/www.xn--pdaste-bua.ee\/wp-content\/gallery\/meetings-parties\/t2_meetings2.jpg\"\n               title=\"\"\n               data-src=\"https:\/\/www.xn--pdaste-bua.ee\/wp-content\/gallery\/meetings-parties\/t2_meetings2.jpg\"\n               data-thumbnail=\"https:\/\/www.xn--pdaste-bua.ee\/wp-content\/gallery\/meetings-parties\/thumbs\/thumbs_t2_meetings2.jpg\"\n               data-image-id=\"38\"\n               data-title=\"t2_meetings2.jpg\"\n               data-description=\"\"\n               data-image-slug=\"t2_meetings2-jpg\"\n               >\n                <img\n                    title=\"t2_meetings2.jpg\"\n                    alt=\"t2_meetings2.jpg\"\n                    src=\"https:\/\/www.xn--pdaste-bua.ee\/wp-content\/gallery\/meetings-parties\/thumbs\/thumbs_t2_meetings2.jpg\"\n                    width=\"270\"\n                    height=\"180\"\n                    style=\"max-width:100%;\"\n                \/>\n            <\/a>\n        <\/div>\n\t\t\t\t\t\t\t<\/div> \n\t\t\t\n        \n\t\t\t\t<div id=\"ngg-image-4\" class=\"ngg-gallery-thumbnail-box\" >\n\t\t\t\t        <div class=\"ngg-gallery-thumbnail\">\n            <a href=\"https:\/\/www.xn--pdaste-bua.ee\/wp-content\/gallery\/meetings-parties\/t2_meetings3.jpg\"\n               title=\"\"\n               data-src=\"https:\/\/www.xn--pdaste-bua.ee\/wp-content\/gallery\/meetings-parties\/t2_meetings3.jpg\"\n               data-thumbnail=\"https:\/\/www.xn--pdaste-bua.ee\/wp-content\/gallery\/meetings-parties\/thumbs\/thumbs_t2_meetings3.jpg\"\n               data-image-id=\"39\"\n               data-title=\"t2_meetings3.jpg\"\n               data-description=\"\"\n               data-image-slug=\"t2_meetings3-jpg\"\n               >\n                <img\n                    title=\"t2_meetings3.jpg\"\n                    alt=\"t2_meetings3.jpg\"\n                    src=\"https:\/\/www.xn--pdaste-bua.ee\/wp-content\/gallery\/meetings-parties\/thumbs\/thumbs_t2_meetings3.jpg\"\n                    width=\"270\"\n                    height=\"180\"\n                    style=\"max-width:100%;\"\n                \/>\n            <\/a>\n        <\/div>\n\t\t\t\t\t\t\t<\/div> \n\t\t\t\n        \n\t\t\t\t<div id=\"ngg-image-5\" class=\"ngg-gallery-thumbnail-box\" >\n\t\t\t\t        <div class=\"ngg-gallery-thumbnail\">\n            <a href=\"https:\/\/www.xn--pdaste-bua.ee\/wp-content\/gallery\/meetings-parties\/6146391650_1bb08e1075_o_0.jpg\"\n               title=\"\"\n               data-src=\"https:\/\/www.xn--pdaste-bua.ee\/wp-content\/gallery\/meetings-parties\/6146391650_1bb08e1075_o_0.jpg\"\n               data-thumbnail=\"https:\/\/www.xn--pdaste-bua.ee\/wp-content\/gallery\/meetings-parties\/thumbs\/thumbs_6146391650_1bb08e1075_o_0.jpg\"\n               data-image-id=\"116\"\n               data-title=\"6146391650_1bb08e1075_o_0.jpg\"\n               data-description=\"\"\n               data-image-slug=\"6146391650_1bb08e1075_o_0-jpg\"\n               >\n                <img\n                    title=\"6146391650_1bb08e1075_o_0.jpg\"\n                    alt=\"6146391650_1bb08e1075_o_0.jpg\"\n                    src=\"https:\/\/www.xn--pdaste-bua.ee\/wp-content\/gallery\/meetings-parties\/thumbs\/thumbs_6146391650_1bb08e1075_o_0.jpg\"\n                    width=\"270\"\n                    height=\"180\"\n                    style=\"max-width:100%;\"\n                \/>\n            <\/a>\n        <\/div>\n\t\t\t\t\t\t\t<\/div> \n\t\t\t\n        \n\t\t\t\t<div id=\"ngg-image-6\" class=\"ngg-gallery-thumbnail-box\" >\n\t\t\t\t        <div class=\"ngg-gallery-thumbnail\">\n            <a href=\"https:\/\/www.xn--pdaste-bua.ee\/wp-content\/gallery\/meetings-parties\/6145842985_ff09e57f9d_z.jpg\"\n               title=\"\"\n               data-src=\"https:\/\/www.xn--pdaste-bua.ee\/wp-content\/gallery\/meetings-parties\/6145842985_ff09e57f9d_z.jpg\"\n               data-thumbnail=\"https:\/\/www.xn--pdaste-bua.ee\/wp-content\/gallery\/meetings-parties\/thumbs\/thumbs_6145842985_ff09e57f9d_z.jpg\"\n               data-image-id=\"117\"\n               data-title=\"6145842985_ff09e57f9d_z.jpg\"\n               data-description=\"\"\n               data-image-slug=\"6145842985_ff09e57f9d_z-jpg\"\n               >\n                <img\n                    title=\"6145842985_ff09e57f9d_z.jpg\"\n                    alt=\"6145842985_ff09e57f9d_z.jpg\"\n                    src=\"https:\/\/www.xn--pdaste-bua.ee\/wp-content\/gallery\/meetings-parties\/thumbs\/thumbs_6145842985_ff09e57f9d_z.jpg\"\n                    width=\"270\"\n                    height=\"180\"\n                    style=\"max-width:100%;\"\n                \/>\n            <\/a>\n        <\/div>\n\t\t\t\t\t\t\t<\/div> \n\t\t\t\n        \n\t\t\n\t\t<!-- Pagination -->\n\t<div class='ngg-clear'><\/div>\t<\/div>\n","protected":false},"excerpt":{"rendered":"<p>P\u00e4daste M\u00f5is on juba paljudele tuttav kui suurep\u00e4raselt sobilik ja meeldiva teenindusega koht korraldamaks riiklikult k\u00f5rgel tasemel pidulik \u00f5htus\u00f6\u00f6k; ettev\u00f5tte juhtkonna koosolek v\u00f5i meeskonna seminar; uutmoodi tootetutvustus v\u00f5i v\u00f5tmeklientide v\u00e4ljas\u00f5it; suurejooneline pulmapidu v\u00f5i pereringi l\u00e4hedastega t\u00e4htp\u00e4ev. &nbsp; Koostame suurima heameelega igale p\u00e4ringule individuaalselt just Teile sobiliku pakkumise! &nbsp; P\u00e4daste eksklusiivselt Teie Pulmad N\u00f5upidamised K\u00fcsi personaalset [&hellip;]<\/p>\n","protected":false},"author":50,"featured_media":0,"parent":0,"menu_order":86,"comment_status":"closed","ping_status":"closed","template":"","meta":{"ngg_post_thumbnail":0,"_links_to":"","_links_to_target":""},"yoast_head":"<!-- This site is optimized with the Yoast SEO plugin v16.1.1 - https:\/\/yoast.com\/wordpress\/plugins\/seo\/ -->\n<title>T\u00e4htp\u00e4evad -<\/title>\n<link rel=\"canonical\" href=\"https:\/\/padaste.ee\/et\/tahtpaevad\/\" \/>\n<meta property=\"og:locale\" content=\"et_EE\" \/>\n<meta property=\"og:type\" content=\"article\" \/>\n<meta property=\"og:title\" content=\"T\u00e4htp\u00e4evad -\" \/>\n<meta property=\"og:description\" content=\"P\u00e4daste M\u00f5is on juba paljudele tuttav kui suurep\u00e4raselt sobilik ja meeldiva teenindusega koht korraldamaks riiklikult k\u00f5rgel tasemel pidulik \u00f5htus\u00f6\u00f6k; ettev\u00f5tte juhtkonna koosolek v\u00f5i meeskonna seminar; uutmoodi tootetutvustus v\u00f5i v\u00f5tmeklientide v\u00e4ljas\u00f5it; suurejooneline pulmapidu v\u00f5i pereringi l\u00e4hedastega t\u00e4htp\u00e4ev. &nbsp; Koostame suurima heameelega igale p\u00e4ringule individuaalselt just Teile sobiliku pakkumise! &nbsp; P\u00e4daste eksklusiivselt Teie Pulmad N\u00f5upidamised K\u00fcsi personaalset [&hellip;]\" \/>\n<meta property=\"og:url\" content=\"https:\/\/padaste.ee\/et\/tahtpaevad\/\" \/>\n<meta property=\"article:publisher\" content=\"https:\/\/www.facebook.com\/Padastemanor\/\" \/>\n<meta property=\"article:modified_time\" content=\"2025-06-27T11:07:25+00:00\" \/>\n<meta name=\"twitter:card\" content=\"summary_large_image\" \/>\n<meta name=\"twitter:label1\" content=\"Est. reading time\">\n\t<meta name=\"twitter:data1\" content=\"1 minut\">\n<script type=\"application\/ld+json\" class=\"yoast-schema-graph\">{\"@context\":\"https:\/\/schema.org\",\"@graph\":[{\"@type\":\"Organization\",\"@id\":\"https:\/\/padaste.ee\/#organization\",\"name\":\"P\\u00e4daste M\\u00f5is\",\"url\":\"https:\/\/padaste.ee\/\",\"sameAs\":[\"https:\/\/www.facebook.com\/Padastemanor\/\"],\"logo\":{\"@type\":\"ImageObject\",\"@id\":\"https:\/\/padaste.ee\/#logo\",\"inLanguage\":\"et\",\"url\":\"https:\/\/padaste.ee\/wp-content\/uploads\/2018\/12\/padaste_2011.jpg\",\"contentUrl\":\"https:\/\/padaste.ee\/wp-content\/uploads\/2018\/12\/padaste_2011.jpg\",\"width\":154,\"height\":61,\"caption\":\"P\\u00e4daste M\\u00f5is\"},\"image\":{\"@id\":\"https:\/\/padaste.ee\/#logo\"}},{\"@type\":\"WebSite\",\"@id\":\"https:\/\/padaste.ee\/#website\",\"url\":\"https:\/\/padaste.ee\/\",\"name\":\"\",\"description\":\"\",\"publisher\":{\"@id\":\"https:\/\/padaste.ee\/#organization\"},\"potentialAction\":[{\"@type\":\"SearchAction\",\"target\":\"https:\/\/padaste.ee\/?s={search_term_string}\",\"query-input\":\"required name=search_term_string\"}],\"inLanguage\":\"et\"},{\"@type\":\"WebPage\",\"@id\":\"https:\/\/padaste.ee\/et\/tahtpaevad\/#webpage\",\"url\":\"https:\/\/padaste.ee\/et\/tahtpaevad\/\",\"name\":\"T\\u00e4htp\\u00e4evad -\",\"isPartOf\":{\"@id\":\"https:\/\/padaste.ee\/#website\"},\"datePublished\":\"2015-07-29T11:19:14+00:00\",\"dateModified\":\"2025-06-27T11:07:25+00:00\",\"breadcrumb\":{\"@id\":\"https:\/\/padaste.ee\/et\/tahtpaevad\/#breadcrumb\"},\"inLanguage\":\"et\",\"potentialAction\":[{\"@type\":\"ReadAction\",\"target\":[\"https:\/\/padaste.ee\/et\/tahtpaevad\/\"]}]},{\"@type\":\"BreadcrumbList\",\"@id\":\"https:\/\/padaste.ee\/et\/tahtpaevad\/#breadcrumb\",\"itemListElement\":[{\"@type\":\"ListItem\",\"position\":1,\"item\":{\"@type\":\"WebPage\",\"@id\":\"https:\/\/padaste.ee\/et\/\",\"url\":\"https:\/\/padaste.ee\/et\/\",\"name\":\"Home\"}},{\"@type\":\"ListItem\",\"position\":2,\"item\":{\"@type\":\"WebPage\",\"@id\":\"https:\/\/padaste.ee\/et\/tahtpaevad\/\",\"url\":\"https:\/\/padaste.ee\/et\/tahtpaevad\/\",\"name\":\"T\\u00e4htp\\u00e4evad\"}}]}]}<\/script>\n<!-- \/ Yoast SEO plugin. -->","_links":{"self":[{"href":"https:\/\/www.xn--pdaste-bua.ee\/et\/wp-json\/wp\/v2\/pages\/8780"}],"collection":[{"href":"https:\/\/www.xn--pdaste-bua.ee\/et\/wp-json\/wp\/v2\/pages"}],"about":[{"href":"https:\/\/www.xn--pdaste-bua.ee\/et\/wp-json\/wp\/v2\/types\/page"}],"author":[{"embeddable":true,"href":"https:\/\/www.xn--pdaste-bua.ee\/et\/wp-json\/wp\/v2\/users\/50"}],"replies":[{"embeddable":true,"href":"https:\/\/www.xn--pdaste-bua.ee\/et\/wp-json\/wp\/v2\/comments?post=8780"}],"version-history":[{"count":2,"href":"https:\/\/www.xn--pdaste-bua.ee\/et\/wp-json\/wp\/v2\/pages\/8780\/revisions"}],"predecessor-version":[{"id":24101,"href":"https:\/\/www.xn--pdaste-bua.ee\/et\/wp-json\/wp\/v2\/pages\/8780\/revisions\/24101"}],"wp:attachment":[{"href":"https:\/\/www.xn--pdaste-bua.ee\/et\/wp-json\/wp\/v2\/media?parent=8780"}],"curies":[{"name":"wp","href":"https:\/\/api.w.org\/{rel}","templated":true}]}}