{"id":8898,"date":"2015-07-29T16:23:48","date_gmt":"2015-07-29T13:23:48","guid":{"rendered":"http:\/\/padastenew.local\/?page_id=8898"},"modified":"2022-11-08T09:19:23","modified_gmt":"2022-11-08T09:19:23","slug":"limousine-transfer","status":"publish","type":"page","link":"https:\/\/www.xn--pdaste-bua.ee\/et\/mois\/asukoht\/limousine-transfer\/","title":{"rendered":"Transfeeri teenus"},"content":{"rendered":"<p>Limusiinitransfeer on k\u00f5ige mugavam viis P\u00e4daste M\u00f5isa j\u00f5udmiseks.<\/p>\n<p>&nbsp;<\/p>\n<p>Meie autojuht kohtub teiega&nbsp; kokkulepitud kohas. Autojuht on kogu transfeeri v\u00e4ltel teie k\u00e4sutuses: lisaks sellele, et ta aitab teid pagasiga, on ta ka oma laialdaste teadmistega Eesti ajaloost ja kultuurist suurep\u00e4raseks teejuhiks Muhu saarele reisides.<\/p>\n<p>&nbsp;<\/p>\n<p>Hinnad s\u00f5idul Tallinnast v\u00f5i Tallinnasse:<\/p>\n<ul>\n<li>Mercedes limusiin <strong>345 \u20ac<\/strong> \u00fcks suund<\/li>\n<li>Mercedes v\u00e4ikebuss <strong>465 \u20ac<\/strong> \u00fcks suund<\/li>\n<\/ul>\n<p>&nbsp;<\/p>\n<p>Hinnad s\u00f5idul Riiast v\u00f5i Riiga:<\/p>\n<ul>\n<li>Mercedes limusiin <strong>592 \u20ac<\/strong> \u00fcks suund<\/li>\n<li>Mercedes v\u00e4ikebuss <strong>645&nbsp;\u20ac<\/strong> \u00fcks suund<\/li>\n<\/ul>\n<p>&nbsp;<\/p>\n<p>Meie limusiin mahutab kuni 3 k\u00fclalist, ning mugav v\u00e4ikebuss kuni 7 k\u00fclalist. Transfeeri hind sisaldab ka praamis\u00f5itu Muhu saarele.<\/p>\n<p>&nbsp;<\/p>\n<p style=\"padding-left: 60px;\"><strong><a class=\"back\" href=\"http:\/\/padaste.ee\/manor\/location\/\" target=\"_parent\" rel=\"noopener\">Back<\/a><\/strong><\/p>\n","protected":false},"excerpt":{"rendered":"<p>Limusiinitransfeer on k\u00f5ige mugavam viis P\u00e4daste M\u00f5isa j\u00f5udmiseks. &nbsp; Meie autojuht kohtub teiega&nbsp; kokkulepitud kohas. Autojuht on kogu transfeeri v\u00e4ltel teie k\u00e4sutuses: lisaks sellele, et ta aitab teid pagasiga, on ta ka oma laialdaste teadmistega Eesti ajaloost ja kultuurist suurep\u00e4raseks teejuhiks Muhu saarele reisides. &nbsp; Hinnad s\u00f5idul Tallinnast v\u00f5i Tallinnasse: Mercedes limusiin 345 \u20ac \u00fcks [&hellip;]<\/p>\n","protected":false},"author":50,"featured_media":0,"parent":8633,"menu_order":4,"comment_status":"closed","ping_status":"closed","template":"","meta":{"ngg_post_thumbnail":0,"_links_to":"","_links_to_target":""},"yoast_head":"<!-- This site is optimized with the Yoast SEO plugin v16.1.1 - https:\/\/yoast.com\/wordpress\/plugins\/seo\/ -->\n<title>Transfeeri teenus -<\/title>\n<link rel=\"canonical\" href=\"https:\/\/www.xn--pdaste-bua.ee\/et\/mois\/asukoht\/limousine-transfer\/\" \/>\n<meta property=\"og:locale\" content=\"et_EE\" \/>\n<meta property=\"og:type\" content=\"article\" \/>\n<meta property=\"og:title\" content=\"Transfeeri teenus -\" \/>\n<meta property=\"og:description\" content=\"Limusiinitransfeer on k\u00f5ige mugavam viis P\u00e4daste M\u00f5isa j\u00f5udmiseks. &nbsp; Meie autojuht kohtub teiega&nbsp; kokkulepitud kohas. Autojuht on kogu transfeeri v\u00e4ltel teie k\u00e4sutuses: lisaks sellele, et ta aitab teid pagasiga, on ta ka oma laialdaste teadmistega Eesti ajaloost ja kultuurist suurep\u00e4raseks teejuhiks Muhu saarele reisides. &nbsp; Hinnad s\u00f5idul Tallinnast v\u00f5i Tallinnasse: Mercedes limusiin 345 \u20ac \u00fcks [&hellip;]\" \/>\n<meta property=\"og:url\" content=\"https:\/\/www.xn--pdaste-bua.ee\/et\/mois\/asukoht\/limousine-transfer\/\" \/>\n<meta property=\"article:publisher\" content=\"https:\/\/www.facebook.com\/Padastemanor\/\" \/>\n<meta property=\"article:modified_time\" content=\"2022-11-08T09:19:23+00:00\" \/>\n<meta name=\"twitter:card\" content=\"summary_large_image\" \/>\n<meta name=\"twitter:label1\" content=\"Est. reading time\">\n\t<meta name=\"twitter:data1\" content=\"1 minut\">\n<script type=\"application\/ld+json\" class=\"yoast-schema-graph\">{\"@context\":\"https:\/\/schema.org\",\"@graph\":[{\"@type\":\"Organization\",\"@id\":\"https:\/\/padaste.ee\/#organization\",\"name\":\"P\\u00e4daste M\\u00f5is\",\"url\":\"https:\/\/padaste.ee\/\",\"sameAs\":[\"https:\/\/www.facebook.com\/Padastemanor\/\"],\"logo\":{\"@type\":\"ImageObject\",\"@id\":\"https:\/\/padaste.ee\/#logo\",\"inLanguage\":\"et\",\"url\":\"https:\/\/padaste.ee\/wp-content\/uploads\/2018\/12\/padaste_2011.jpg\",\"contentUrl\":\"https:\/\/padaste.ee\/wp-content\/uploads\/2018\/12\/padaste_2011.jpg\",\"width\":154,\"height\":61,\"caption\":\"P\\u00e4daste M\\u00f5is\"},\"image\":{\"@id\":\"https:\/\/padaste.ee\/#logo\"}},{\"@type\":\"WebSite\",\"@id\":\"https:\/\/padaste.ee\/#website\",\"url\":\"https:\/\/padaste.ee\/\",\"name\":\"\",\"description\":\"\",\"publisher\":{\"@id\":\"https:\/\/padaste.ee\/#organization\"},\"potentialAction\":[{\"@type\":\"SearchAction\",\"target\":\"https:\/\/padaste.ee\/?s={search_term_string}\",\"query-input\":\"required name=search_term_string\"}],\"inLanguage\":\"et\"},{\"@type\":\"WebPage\",\"@id\":\"https:\/\/www.xn--pdaste-bua.ee\/et\/mois\/asukoht\/limousine-transfer\/#webpage\",\"url\":\"https:\/\/www.xn--pdaste-bua.ee\/et\/mois\/asukoht\/limousine-transfer\/\",\"name\":\"Transfeeri teenus -\",\"isPartOf\":{\"@id\":\"https:\/\/padaste.ee\/#website\"},\"datePublished\":\"2015-07-29T13:23:48+00:00\",\"dateModified\":\"2022-11-08T09:19:23+00:00\",\"breadcrumb\":{\"@id\":\"https:\/\/www.xn--pdaste-bua.ee\/et\/mois\/asukoht\/limousine-transfer\/#breadcrumb\"},\"inLanguage\":\"et\",\"potentialAction\":[{\"@type\":\"ReadAction\",\"target\":[\"https:\/\/www.xn--pdaste-bua.ee\/et\/mois\/asukoht\/limousine-transfer\/\"]}]},{\"@type\":\"BreadcrumbList\",\"@id\":\"https:\/\/www.xn--pdaste-bua.ee\/et\/mois\/asukoht\/limousine-transfer\/#breadcrumb\",\"itemListElement\":[{\"@type\":\"ListItem\",\"position\":1,\"item\":{\"@type\":\"WebPage\",\"@id\":\"https:\/\/padaste.ee\/et\/\",\"url\":\"https:\/\/padaste.ee\/et\/\",\"name\":\"Home\"}},{\"@type\":\"ListItem\",\"position\":2,\"item\":{\"@type\":\"WebPage\",\"@id\":\"https:\/\/padaste.ee\/et\/mois\/\",\"url\":\"https:\/\/padaste.ee\/et\/mois\/\",\"name\":\"M\\u00f5is\"}},{\"@type\":\"ListItem\",\"position\":3,\"item\":{\"@type\":\"WebPage\",\"@id\":\"https:\/\/padaste.ee\/et\/mois\/asukoht\/\",\"url\":\"https:\/\/padaste.ee\/et\/mois\/asukoht\/\",\"name\":\"Asukoht\"}},{\"@type\":\"ListItem\",\"position\":4,\"item\":{\"@type\":\"WebPage\",\"@id\":\"https:\/\/www.xn--pdaste-bua.ee\/et\/mois\/asukoht\/limousine-transfer\/\",\"url\":\"https:\/\/www.xn--pdaste-bua.ee\/et\/mois\/asukoht\/limousine-transfer\/\",\"name\":\"Transfeeri teenus\"}}]}]}<\/script>\n<!-- \/ Yoast SEO plugin. -->","_links":{"self":[{"href":"https:\/\/www.xn--pdaste-bua.ee\/et\/wp-json\/wp\/v2\/pages\/8898"}],"collection":[{"href":"https:\/\/www.xn--pdaste-bua.ee\/et\/wp-json\/wp\/v2\/pages"}],"about":[{"href":"https:\/\/www.xn--pdaste-bua.ee\/et\/wp-json\/wp\/v2\/types\/page"}],"author":[{"embeddable":true,"href":"https:\/\/www.xn--pdaste-bua.ee\/et\/wp-json\/wp\/v2\/users\/50"}],"replies":[{"embeddable":true,"href":"https:\/\/www.xn--pdaste-bua.ee\/et\/wp-json\/wp\/v2\/comments?post=8898"}],"version-history":[{"count":8,"href":"https:\/\/www.xn--pdaste-bua.ee\/et\/wp-json\/wp\/v2\/pages\/8898\/revisions"}],"predecessor-version":[{"id":19105,"href":"https:\/\/www.xn--pdaste-bua.ee\/et\/wp-json\/wp\/v2\/pages\/8898\/revisions\/19105"}],"up":[{"embeddable":true,"href":"https:\/\/www.xn--pdaste-bua.ee\/et\/wp-json\/wp\/v2\/pages\/8633"}],"wp:attachment":[{"href":"https:\/\/www.xn--pdaste-bua.ee\/et\/wp-json\/wp\/v2\/media?parent=8898"}],"curies":[{"name":"wp","href":"https:\/\/api.w.org\/{rel}","templated":true}]}}