{"id":8914,"date":"2015-07-29T17:27:56","date_gmt":"2015-07-29T14:27:56","guid":{"rendered":"http:\/\/padastenew.local\/?page_id=8914"},"modified":"2025-06-27T11:07:18","modified_gmt":"2025-06-27T11:07:18","slug":"broneeringud","status":"publish","type":"page","link":"https:\/\/www.xn--pdaste-bua.ee\/et\/broneeringud\/","title":{"rendered":"Broneeringud"},"content":{"rendered":"<h1 style=\"text-align: left;\"><span style=\"font-size: 20px; color: #ff0000;\"><strong>Teretulemast hotellibroneeringute lehele<\/strong><\/span><\/h1>\n<p style=\"text-align: left;\">&nbsp;<\/p>\n<p>Pakume Teile mugavat v\u00f5imalust broneerida tuba reaalajas meie online broneeringutes\u00fcsteemis internetis. Saate vaadata vabade tubade olemasolu ning saada broneeritule koheselt ka kinnitus. Meie online broneeringutes\u00fcsteem garanteerib Teile k\u00e4esoleva hetke best available rate k\u00e4ttesaadavuse! Palun liikuge &#8216;reserveeri tuba&#8217; ikoonile, et j\u00e4tkata.<\/p>\n<p>&nbsp;<\/p>\n<p>Teise v\u00f5imalusena v\u00f5tke \u00fchendust meie Guest Relations Manageriga valides lahtiolekuaegadel +372 45 48 800 v\u00f5i saates emaili aadressile <a href=\"mailto:info@padaste.ee\">info@padaste.ee<\/a><\/p>\n<p>&nbsp;<\/p>\n<p><a href=\"https:\/\/www.yourreservation.net\/tb3\/?bf=PadasteManor\" target=\"_blank\" rel=\"noopener noreferrer\"><img loading=\"lazy\" class=\"alignnone wp-image-9257 size-full\" src=\"http:\/\/padaste.ee\/wp-content\/uploads\/2015\/07\/book_your_room_button_est.png\" alt=\"book_your_room_button_est\" width=\"199\" height=\"30\" srcset=\"https:\/\/www.xn--pdaste-bua.ee\/wp-content\/uploads\/2015\/07\/book_your_room_button_est.png 199w, https:\/\/www.xn--pdaste-bua.ee\/wp-content\/uploads\/2015\/07\/book_your_room_button_est-24x4.png 24w, https:\/\/www.xn--pdaste-bua.ee\/wp-content\/uploads\/2015\/07\/book_your_room_button_est-36x5.png 36w, https:\/\/www.xn--pdaste-bua.ee\/wp-content\/uploads\/2015\/07\/book_your_room_button_est-48x7.png 48w\" sizes=\"(max-width: 199px) 100vw, 199px\" \/><\/a><\/p>\n<p>&nbsp;<\/p>\n<h2><span style=\"color: #ff0000; font-size: 20px;\"><strong>Talvepuhkus<\/strong><\/span><\/h2>\n<p>2. novembrist 2024 kuni 4. aprillini 2025 on P\u00e4daste M\u00f5is iga-aastasel talvepuhkusel.<br \/>\n&nbsp;<br \/>\nPakume Teile v\u00f5imalust \u00f6\u00f6bida P\u00e4daste M\u00f5isa hubases ja eraldatud talumajas, mis on talvel saadaval iseteenindusega, ja nautida Muhu Talvise Imedemaad.&nbsp;<br \/>\n&nbsp;<br \/>\nPuhkeperioodil on m\u00f5isakompleksi v\u00f5imalik broneerida&nbsp;pidulike \u00fcrituste ja korporatiivsete \u00fcrituste korraldamiseks spetsiaalse kokkuleppe alusel (v\u00e4hemalt 16 tuba v\u00e4hemalt 2 \u00f6\u00f6d peatudes).<br \/>\nKogu hooajalise puhkuse ajal on t\u00f6\u00f6p\u00e4eviti broneeringute ja j\u00e4relep\u00e4rimiste jaoks v\u00f5imalik \u00fchendust v\u00f5tta telefonil +372 45 48 800 v\u00f5i&nbsp;info@padaste.ee<br \/>\nMeie online broneerimiss\u00fcsteem t\u00f6\u00f6tab 24\/7.<\/p>\n","protected":false},"excerpt":{"rendered":"<p>Teretulemast hotellibroneeringute lehele &nbsp; Pakume Teile mugavat v\u00f5imalust broneerida tuba reaalajas meie online broneeringutes\u00fcsteemis internetis. Saate vaadata vabade tubade olemasolu ning saada broneeritule koheselt ka kinnitus. Meie online broneeringutes\u00fcsteem garanteerib Teile k\u00e4esoleva hetke best available rate k\u00e4ttesaadavuse! Palun liikuge &#8216;reserveeri tuba&#8217; ikoonile, et j\u00e4tkata. &nbsp; Teise v\u00f5imalusena v\u00f5tke \u00fchendust meie Guest Relations Manageriga valides lahtiolekuaegadel [&hellip;]<\/p>\n","protected":false},"author":50,"featured_media":0,"parent":0,"menu_order":120,"comment_status":"closed","ping_status":"closed","template":"","meta":{"ngg_post_thumbnail":0,"_links_to":"","_links_to_target":""},"yoast_head":"<!-- This site is optimized with the Yoast SEO plugin v16.1.1 - https:\/\/yoast.com\/wordpress\/plugins\/seo\/ -->\n<title>Broneeringud -<\/title>\n<link rel=\"canonical\" href=\"https:\/\/xn--pdaste-bua.ee\/et\/broneeringud\/\" \/>\n<meta property=\"og:locale\" content=\"et_EE\" \/>\n<meta property=\"og:type\" content=\"article\" \/>\n<meta property=\"og:title\" content=\"Broneeringud -\" \/>\n<meta property=\"og:description\" content=\"Teretulemast hotellibroneeringute lehele &nbsp; Pakume Teile mugavat v\u00f5imalust broneerida tuba reaalajas meie online broneeringutes\u00fcsteemis internetis. Saate vaadata vabade tubade olemasolu ning saada broneeritule koheselt ka kinnitus. Meie online broneeringutes\u00fcsteem garanteerib Teile k\u00e4esoleva hetke best available rate k\u00e4ttesaadavuse! Palun liikuge &#8216;reserveeri tuba&#8217; ikoonile, et j\u00e4tkata. &nbsp; Teise v\u00f5imalusena v\u00f5tke \u00fchendust meie Guest Relations Manageriga valides lahtiolekuaegadel [&hellip;]\" \/>\n<meta property=\"og:url\" content=\"https:\/\/xn--pdaste-bua.ee\/et\/broneeringud\/\" \/>\n<meta property=\"article:publisher\" content=\"https:\/\/www.facebook.com\/Padastemanor\/\" \/>\n<meta property=\"article:modified_time\" content=\"2025-06-27T11:07:18+00:00\" \/>\n<meta property=\"og:image\" content=\"http:\/\/padaste.ee\/wp-content\/uploads\/2015\/07\/book_your_room_button_est.png\" \/>\n<meta name=\"twitter:card\" content=\"summary_large_image\" \/>\n<meta name=\"twitter:label1\" content=\"Est. reading time\">\n\t<meta name=\"twitter:data1\" content=\"1 minut\">\n<script type=\"application\/ld+json\" class=\"yoast-schema-graph\">{\"@context\":\"https:\/\/schema.org\",\"@graph\":[{\"@type\":\"Organization\",\"@id\":\"https:\/\/padaste.ee\/#organization\",\"name\":\"P\\u00e4daste M\\u00f5is\",\"url\":\"https:\/\/padaste.ee\/\",\"sameAs\":[\"https:\/\/www.facebook.com\/Padastemanor\/\"],\"logo\":{\"@type\":\"ImageObject\",\"@id\":\"https:\/\/padaste.ee\/#logo\",\"inLanguage\":\"et\",\"url\":\"https:\/\/padaste.ee\/wp-content\/uploads\/2018\/12\/padaste_2011.jpg\",\"contentUrl\":\"https:\/\/padaste.ee\/wp-content\/uploads\/2018\/12\/padaste_2011.jpg\",\"width\":154,\"height\":61,\"caption\":\"P\\u00e4daste M\\u00f5is\"},\"image\":{\"@id\":\"https:\/\/padaste.ee\/#logo\"}},{\"@type\":\"WebSite\",\"@id\":\"https:\/\/padaste.ee\/#website\",\"url\":\"https:\/\/padaste.ee\/\",\"name\":\"\",\"description\":\"\",\"publisher\":{\"@id\":\"https:\/\/padaste.ee\/#organization\"},\"potentialAction\":[{\"@type\":\"SearchAction\",\"target\":\"https:\/\/padaste.ee\/?s={search_term_string}\",\"query-input\":\"required name=search_term_string\"}],\"inLanguage\":\"et\"},{\"@type\":\"ImageObject\",\"@id\":\"https:\/\/xn--pdaste-bua.ee\/et\/broneeringud\/#primaryimage\",\"inLanguage\":\"et\",\"url\":\"http:\/\/padaste.ee\/wp-content\/uploads\/2015\/07\/book_your_room_button_est.png\",\"contentUrl\":\"http:\/\/padaste.ee\/wp-content\/uploads\/2015\/07\/book_your_room_button_est.png\"},{\"@type\":\"WebPage\",\"@id\":\"https:\/\/xn--pdaste-bua.ee\/et\/broneeringud\/#webpage\",\"url\":\"https:\/\/xn--pdaste-bua.ee\/et\/broneeringud\/\",\"name\":\"Broneeringud -\",\"isPartOf\":{\"@id\":\"https:\/\/padaste.ee\/#website\"},\"primaryImageOfPage\":{\"@id\":\"https:\/\/xn--pdaste-bua.ee\/et\/broneeringud\/#primaryimage\"},\"datePublished\":\"2015-07-29T14:27:56+00:00\",\"dateModified\":\"2025-06-27T11:07:18+00:00\",\"breadcrumb\":{\"@id\":\"https:\/\/xn--pdaste-bua.ee\/et\/broneeringud\/#breadcrumb\"},\"inLanguage\":\"et\",\"potentialAction\":[{\"@type\":\"ReadAction\",\"target\":[\"https:\/\/xn--pdaste-bua.ee\/et\/broneeringud\/\"]}]},{\"@type\":\"BreadcrumbList\",\"@id\":\"https:\/\/xn--pdaste-bua.ee\/et\/broneeringud\/#breadcrumb\",\"itemListElement\":[{\"@type\":\"ListItem\",\"position\":1,\"item\":{\"@type\":\"WebPage\",\"@id\":\"https:\/\/padaste.ee\/et\/\",\"url\":\"https:\/\/padaste.ee\/et\/\",\"name\":\"Home\"}},{\"@type\":\"ListItem\",\"position\":2,\"item\":{\"@type\":\"WebPage\",\"@id\":\"https:\/\/xn--pdaste-bua.ee\/et\/broneeringud\/\",\"url\":\"https:\/\/xn--pdaste-bua.ee\/et\/broneeringud\/\",\"name\":\"Broneeringud\"}}]}]}<\/script>\n<!-- \/ Yoast SEO plugin. -->","_links":{"self":[{"href":"https:\/\/www.xn--pdaste-bua.ee\/et\/wp-json\/wp\/v2\/pages\/8914"}],"collection":[{"href":"https:\/\/www.xn--pdaste-bua.ee\/et\/wp-json\/wp\/v2\/pages"}],"about":[{"href":"https:\/\/www.xn--pdaste-bua.ee\/et\/wp-json\/wp\/v2\/types\/page"}],"author":[{"embeddable":true,"href":"https:\/\/www.xn--pdaste-bua.ee\/et\/wp-json\/wp\/v2\/users\/50"}],"replies":[{"embeddable":true,"href":"https:\/\/www.xn--pdaste-bua.ee\/et\/wp-json\/wp\/v2\/comments?post=8914"}],"version-history":[{"count":15,"href":"https:\/\/www.xn--pdaste-bua.ee\/et\/wp-json\/wp\/v2\/pages\/8914\/revisions"}],"predecessor-version":[{"id":22613,"href":"https:\/\/www.xn--pdaste-bua.ee\/et\/wp-json\/wp\/v2\/pages\/8914\/revisions\/22613"}],"wp:attachment":[{"href":"https:\/\/www.xn--pdaste-bua.ee\/et\/wp-json\/wp\/v2\/media?parent=8914"}],"curies":[{"name":"wp","href":"https:\/\/api.w.org\/{rel}","templated":true}]}}