{"id":8953,"date":"2015-07-29T20:45:05","date_gmt":"2015-07-29T17:45:05","guid":{"rendered":"http:\/\/padastenew.local\/?page_id=8953"},"modified":"2022-08-16T08:03:50","modified_gmt":"2022-08-16T08:03:50","slug":"best-rate-guaranteed","status":"publish","type":"page","link":"https:\/\/www.xn--pdaste-bua.ee\/et\/broneeringud\/best-rate-guaranteed\/","title":{"rendered":"Best Rate Guaranteed"},"content":{"rendered":"<p><span style=\"color: #ff0000;\"><strong>BEST AVAILABLE RATE<\/strong><\/span><br \/>\nTavahinnast kuni 30% soodsamad pakkumised internetis broneerijatele! <em>Best Available Rate<\/em> on meie garanteeritult parim pakkumine valitud kuup\u00e4evaks ja soovitud toat\u00fc\u00fcbile &#8211; vaata soovitud kuup\u00e4eva hind meie online broneerimiss\u00fcsteemist!<\/p>\n<p>&nbsp;<\/p>\n<p><strong><span style=\"color: #ff0000;\">ADVANCE PURCHASE RATE<\/span><span style=\"color: #cc0000;\"><span style=\"background-color: #ffffff;\"><br \/>\n<\/span><\/span><\/strong>Broneerides majutust 30 p\u00e4eva v\u00f5i rohkemgi ette, pakub meie <em>Advance Purchase Rate<\/em> veelgi paremat tehingut! <em>Advance Purchase Rate<\/em> broneeringute tasu arvestatakse Sinu krediitkaardilt maha broneerimise hetkel. Selle hinnaga vormistatud broneeringuid ei saa muuta ega tasuta t\u00fchistada,<\/p>\n<p>&nbsp;<\/p>\n<p><span style=\"color: #ff0000;\"><strong>Miks kasutada meie online broneerimis\u00fcsteemi?<\/strong><\/span><\/p>\n<ul>\n<li>Ei mingit broneerimistasu<\/li>\n<li>Alati garanteeritult parim hind<\/li>\n<li>Broneerid otse hotelli, ilma vahendajata<\/li>\n<li>Ei mingeid krediitkaarditasusid, v\u00e4lja arvatud <em>Advance Purchase Rate<\/em> broneeringute puhul<\/li>\n<li>Automaatne kinnituskiri broneeringule otse hotellist<\/li>\n<li>Saad osa meie parimatest pakkumistest<\/li>\n<\/ul>\n<p>&nbsp;<\/p>\n<p><span style=\"color: #ff0000;\"><strong>Teie online broneering on garanteeritud<\/strong><\/span><\/p>\n<ul>\n<li>Kui meieni on j\u00f5udnud teie online broneering eelautoriseerime me teie krediitkaardi, kuid makset ei toimu. Tasumine toimub hotellist lahkudes v\u00e4lja arvatud juhul kui te valite meie <em>Advance Purchase<\/em> hinna. Sel juhul v\u00f5etakse broneeringu kogumaksumus maha koheselt teie krediitkaardilt. Sama tingimus kehtib ka teatud eripakkumistele, mis n\u00f5uavad kohest ettemaksu.\n<\/li>\n<\/ul>\n<p><span style=\"color: #ff0000;\"><strong> Lisakasud<\/strong><\/span><\/p>\n<ul>\n<li>Eksklusiivsed pakkumised: Registreeri end uudiskirja lugejaks ning saad osa meie parimatest pakkumistest<\/li>\n<li>Klienditeenindus: Hotelli <em>Guest Relations<\/em> meeskond abistab Sind k\u00f5igi k\u00fcsimustega mis v\u00f5ivad internetibroneeringute raames tekkida. Saad meiega alati \u00fchendust telefoni teel 45 48 800. Oleme avatud igap\u00e4evaselt 09.00 kuni 17.00 v\u00f5i e-posti teel <a href=\"mailto:info@padaste.ee\">info@padaste.ee<\/a><\/li>\n<li>Korralduslik abi enne reisi: <em>Meie Guest Relations<\/em> meeskond aitab Sulle broneerida \u00f5htus\u00f6\u00f6gi kahele meie restoranis, reisikorraldusega seotud k\u00fcsimuses v\u00f5i piletitega ooperisse. Saad meiega alati \u00fchendust telefoni teel 45 48 800 v\u00f5i e-posti teel <a href=\"mailto:info@padaste.ee\">info@padaste.ee<\/a><\/li>\n<li>Asjatundlikkus: meie enda koduleht pakub alati hotelli kohta k\u00f5ige v\u00e4rskemat infot\n<p>P\u00e4daste M\u00f5isa <em>Best Rate Guaranteed<\/em>. Sellest paremat pakkumist ei ole olemas!<\/p>\n<p>&nbsp;<\/p>\n<\/li>\n<\/ul>\n<p><span style=\"color: #ff0000;\"><strong>P\u00e4daste M\u00f5is Best Rate Guaranteed. Pole paremat varianti broneerimiseks!<\/strong><\/span><\/p>\n<p>Oleme sedav\u00f5rd veendunud, et broneerides otse meie juures, saate parima hinna, et kui juhtuksite leidma 24 tunni jooksul peale oma broneeringu vormistamist <a href=\"http:\/\/padaste.ee\/et\/\">www.padaste.ee<\/a> lehel internetist sama kuup\u00e4eva, inimeste arvu ja tingimuste kohta parema pakkumise, austame seda pakkumist ning teeme Sulle sellest hinnast veel 10% soodustust ja tasuta upgrade\u2019i j\u00e4rgmise kategooria tuppa (v\u00f5imalus oleneb t\u00e4ituvusest). Lowest Best Rate Guarantee kehtib vaid avalikult pakkumises olevatele online hindadele. Grupihinnad, korporatiivhinnad v\u00f5i muud erikokkulepped teistel tingimustel ei l\u00e4he siinkohal arvesse.<\/p>\n<dl id=\"attachment_1831\" style=\"width: 165px;\"><\/dl>\n<div>&nbsp;<\/div>\n","protected":false},"excerpt":{"rendered":"<p>BEST AVAILABLE RATE Tavahinnast kuni 30% soodsamad pakkumised internetis broneerijatele! Best Available Rate on meie garanteeritult parim pakkumine valitud kuup\u00e4evaks ja soovitud toat\u00fc\u00fcbile &#8211; vaata soovitud kuup\u00e4eva hind meie online broneerimiss\u00fcsteemist! &nbsp; ADVANCE PURCHASE RATE Broneerides majutust 30 p\u00e4eva v\u00f5i rohkemgi ette, pakub meie Advance Purchase Rate veelgi paremat tehingut! Advance Purchase Rate broneeringute tasu [&hellip;]<\/p>\n","protected":false},"author":50,"featured_media":0,"parent":8914,"menu_order":0,"comment_status":"closed","ping_status":"closed","template":"","meta":{"ngg_post_thumbnail":0,"_links_to":"","_links_to_target":""},"yoast_head":"<!-- This site is optimized with the Yoast SEO plugin v16.1.1 - https:\/\/yoast.com\/wordpress\/plugins\/seo\/ -->\n<title>Best Rate Guaranteed -<\/title>\n<link rel=\"canonical\" href=\"https:\/\/www.xn--pdaste-bua.ee\/et\/broneeringud\/best-rate-guaranteed\/\" \/>\n<meta property=\"og:locale\" content=\"et_EE\" \/>\n<meta property=\"og:type\" content=\"article\" \/>\n<meta property=\"og:title\" content=\"Best Rate Guaranteed -\" \/>\n<meta property=\"og:description\" content=\"BEST AVAILABLE RATE Tavahinnast kuni 30% soodsamad pakkumised internetis broneerijatele! Best Available Rate on meie garanteeritult parim pakkumine valitud kuup\u00e4evaks ja soovitud toat\u00fc\u00fcbile &#8211; vaata soovitud kuup\u00e4eva hind meie online broneerimiss\u00fcsteemist! &nbsp; ADVANCE PURCHASE RATE Broneerides majutust 30 p\u00e4eva v\u00f5i rohkemgi ette, pakub meie Advance Purchase Rate veelgi paremat tehingut! Advance Purchase Rate broneeringute tasu [&hellip;]\" \/>\n<meta property=\"og:url\" content=\"https:\/\/www.xn--pdaste-bua.ee\/et\/broneeringud\/best-rate-guaranteed\/\" \/>\n<meta property=\"article:publisher\" content=\"https:\/\/www.facebook.com\/Padastemanor\/\" \/>\n<meta property=\"article:modified_time\" content=\"2022-08-16T08:03:50+00:00\" \/>\n<meta name=\"twitter:card\" content=\"summary_large_image\" \/>\n<meta name=\"twitter:label1\" content=\"Est. reading time\">\n\t<meta name=\"twitter:data1\" content=\"2 minutit\">\n<script type=\"application\/ld+json\" class=\"yoast-schema-graph\">{\"@context\":\"https:\/\/schema.org\",\"@graph\":[{\"@type\":\"Organization\",\"@id\":\"https:\/\/padaste.ee\/#organization\",\"name\":\"P\\u00e4daste M\\u00f5is\",\"url\":\"https:\/\/padaste.ee\/\",\"sameAs\":[\"https:\/\/www.facebook.com\/Padastemanor\/\"],\"logo\":{\"@type\":\"ImageObject\",\"@id\":\"https:\/\/padaste.ee\/#logo\",\"inLanguage\":\"et\",\"url\":\"https:\/\/padaste.ee\/wp-content\/uploads\/2018\/12\/padaste_2011.jpg\",\"contentUrl\":\"https:\/\/padaste.ee\/wp-content\/uploads\/2018\/12\/padaste_2011.jpg\",\"width\":154,\"height\":61,\"caption\":\"P\\u00e4daste M\\u00f5is\"},\"image\":{\"@id\":\"https:\/\/padaste.ee\/#logo\"}},{\"@type\":\"WebSite\",\"@id\":\"https:\/\/padaste.ee\/#website\",\"url\":\"https:\/\/padaste.ee\/\",\"name\":\"\",\"description\":\"\",\"publisher\":{\"@id\":\"https:\/\/padaste.ee\/#organization\"},\"potentialAction\":[{\"@type\":\"SearchAction\",\"target\":\"https:\/\/padaste.ee\/?s={search_term_string}\",\"query-input\":\"required name=search_term_string\"}],\"inLanguage\":\"et\"},{\"@type\":\"WebPage\",\"@id\":\"https:\/\/www.xn--pdaste-bua.ee\/et\/broneeringud\/best-rate-guaranteed\/#webpage\",\"url\":\"https:\/\/www.xn--pdaste-bua.ee\/et\/broneeringud\/best-rate-guaranteed\/\",\"name\":\"Best Rate Guaranteed -\",\"isPartOf\":{\"@id\":\"https:\/\/padaste.ee\/#website\"},\"datePublished\":\"2015-07-29T17:45:05+00:00\",\"dateModified\":\"2022-08-16T08:03:50+00:00\",\"breadcrumb\":{\"@id\":\"https:\/\/www.xn--pdaste-bua.ee\/et\/broneeringud\/best-rate-guaranteed\/#breadcrumb\"},\"inLanguage\":\"et\",\"potentialAction\":[{\"@type\":\"ReadAction\",\"target\":[\"https:\/\/www.xn--pdaste-bua.ee\/et\/broneeringud\/best-rate-guaranteed\/\"]}]},{\"@type\":\"BreadcrumbList\",\"@id\":\"https:\/\/www.xn--pdaste-bua.ee\/et\/broneeringud\/best-rate-guaranteed\/#breadcrumb\",\"itemListElement\":[{\"@type\":\"ListItem\",\"position\":1,\"item\":{\"@type\":\"WebPage\",\"@id\":\"https:\/\/padaste.ee\/et\/\",\"url\":\"https:\/\/padaste.ee\/et\/\",\"name\":\"Home\"}},{\"@type\":\"ListItem\",\"position\":2,\"item\":{\"@type\":\"WebPage\",\"@id\":\"https:\/\/xn--pdaste-bua.ee\/et\/broneeringud\/\",\"url\":\"https:\/\/xn--pdaste-bua.ee\/et\/broneeringud\/\",\"name\":\"Broneeringud\"}},{\"@type\":\"ListItem\",\"position\":3,\"item\":{\"@type\":\"WebPage\",\"@id\":\"https:\/\/www.xn--pdaste-bua.ee\/et\/broneeringud\/best-rate-guaranteed\/\",\"url\":\"https:\/\/www.xn--pdaste-bua.ee\/et\/broneeringud\/best-rate-guaranteed\/\",\"name\":\"Best Rate Guaranteed\"}}]}]}<\/script>\n<!-- \/ Yoast SEO plugin. -->","_links":{"self":[{"href":"https:\/\/www.xn--pdaste-bua.ee\/et\/wp-json\/wp\/v2\/pages\/8953"}],"collection":[{"href":"https:\/\/www.xn--pdaste-bua.ee\/et\/wp-json\/wp\/v2\/pages"}],"about":[{"href":"https:\/\/www.xn--pdaste-bua.ee\/et\/wp-json\/wp\/v2\/types\/page"}],"author":[{"embeddable":true,"href":"https:\/\/www.xn--pdaste-bua.ee\/et\/wp-json\/wp\/v2\/users\/50"}],"replies":[{"embeddable":true,"href":"https:\/\/www.xn--pdaste-bua.ee\/et\/wp-json\/wp\/v2\/comments?post=8953"}],"version-history":[{"count":5,"href":"https:\/\/www.xn--pdaste-bua.ee\/et\/wp-json\/wp\/v2\/pages\/8953\/revisions"}],"predecessor-version":[{"id":18804,"href":"https:\/\/www.xn--pdaste-bua.ee\/et\/wp-json\/wp\/v2\/pages\/8953\/revisions\/18804"}],"up":[{"embeddable":true,"href":"https:\/\/www.xn--pdaste-bua.ee\/et\/wp-json\/wp\/v2\/pages\/8914"}],"wp:attachment":[{"href":"https:\/\/www.xn--pdaste-bua.ee\/et\/wp-json\/wp\/v2\/media?parent=8953"}],"curies":[{"name":"wp","href":"https:\/\/api.w.org\/{rel}","templated":true}]}}