{"id":8956,"date":"2015-07-29T20:48:49","date_gmt":"2015-07-29T17:48:49","guid":{"rendered":"http:\/\/padastenew.local\/?page_id=8956"},"modified":"2022-08-22T13:31:12","modified_gmt":"2022-08-22T13:31:12","slug":"contact","status":"publish","type":"page","link":"https:\/\/www.xn--pdaste-bua.ee\/et\/broneeringud\/contact\/","title":{"rendered":"Kontakt"},"content":{"rendered":"<table style=\"width: 338px;\" border=\"0\" cellspacing=\"0\" cellpadding=\"0\">\n<tbody>\n<tr>\n<td width=\"162\">\n<div><span style=\"font-size: 15px;\">Telefon<\/span><\/div>\n<\/td>\n<td width=\"158\"><span style=\"font-size: 15px;\">+372 &#8211; 454 8800<\/span><\/td>\n<\/tr>\n<tr>\n<td width=\"162\">\n<div><span style=\"font-size: 15px;\">Faks<\/span><\/div>\n<\/td>\n<td width=\"158\"><span style=\"font-size: 15px;\">+372 &#8211; 454 8811<\/span><\/td>\n<\/tr>\n<tr>\n<td width=\"162\">\n<div><span style=\"font-size: 15px;\">Ajav\u00f6\u00f6nd<\/span><\/div>\n<\/td>\n<td width=\"158\"><span style=\"font-size: 15px;\">CET+1<\/span><\/td>\n<\/tr>\n<\/tbody>\n<\/table>\n<table style=\"width: 338px;\" border=\"0\" cellspacing=\"0\" cellpadding=\"0\">\n<tbody>\n<tr>\n<td width=\"161\">\n<div><span style=\"font-size: 15px;\">Postiaadress<\/span><\/div>\n<\/td>\n<td width=\"158\"><span style=\"font-size: 15px;\">P\u00e4daste M\u00f5is<\/span><\/td>\n<\/tr>\n<tr>\n<td width=\"161\"><span style=\"font-size: 15px;\">&nbsp;<\/span><\/td>\n<td width=\"158\"><span style=\"font-size: 15px;\">Muhu saar<\/span><\/td>\n<\/tr>\n<tr>\n<td width=\"161\"><span style=\"font-size: 15px;\">&nbsp;<\/span><\/td>\n<td width=\"158\"><span style=\"font-size: 15px;\">94716 Eesti<\/span><\/td>\n<\/tr>\n<\/tbody>\n<\/table>\n<p align=\"left\">&nbsp;<\/p>\n<p align=\"left\">V\u00f5i saada meile kiri aadressile <a href=\"mailto:info@padaste.ee\">info@padaste.ee<\/a><\/p>\n<p>&nbsp;<\/p>\n<p>P\u00e4daste M\u00f5is on perioodil 31. oktoober 2022 kuni 9. m\u00e4rts 2023 iga-aastasel talvepuhkusel.<\/p>\n<p>&nbsp;<\/p>\n<p>Sel perioodil v\u00f5tame vastu broneeringuid vaid seltskondade privaatseteks pidustusteks ja korporatiivs\u00fcndmusteks.<\/p>\n<p>&nbsp;<\/p>\n<p>Broneeringuteks ja k\u00fcsimusteks oleme kogu talveperioodi k\u00e4ttesaadavad igal t\u00f6\u00f6p\u00e4eval 10.00-17.00.<\/p>\n","protected":false},"excerpt":{"rendered":"<p>Telefon +372 &#8211; 454 8800 Faks +372 &#8211; 454 8811 Ajav\u00f6\u00f6nd CET+1 Postiaadress P\u00e4daste M\u00f5is &nbsp; Muhu saar &nbsp; 94716 Eesti &nbsp; V\u00f5i saada meile kiri aadressile info@padaste.ee &nbsp; P\u00e4daste M\u00f5is on perioodil 31. oktoober 2022 kuni 9. m\u00e4rts 2023 iga-aastasel talvepuhkusel. &nbsp; Sel perioodil v\u00f5tame vastu broneeringuid vaid seltskondade privaatseteks pidustusteks ja korporatiivs\u00fcndmusteks. &nbsp; [&hellip;]<\/p>\n","protected":false},"author":50,"featured_media":0,"parent":8914,"menu_order":0,"comment_status":"closed","ping_status":"closed","template":"","meta":{"ngg_post_thumbnail":0,"_links_to":"","_links_to_target":""},"yoast_head":"<!-- This site is optimized with the Yoast SEO plugin v16.1.1 - https:\/\/yoast.com\/wordpress\/plugins\/seo\/ -->\n<title>Kontakt -<\/title>\n<link rel=\"canonical\" href=\"https:\/\/padaste.ee\/et\/broneeringud\/contact\/\" \/>\n<meta property=\"og:locale\" content=\"et_EE\" \/>\n<meta property=\"og:type\" content=\"article\" \/>\n<meta property=\"og:title\" content=\"Kontakt -\" \/>\n<meta property=\"og:description\" content=\"Telefon +372 &#8211; 454 8800 Faks +372 &#8211; 454 8811 Ajav\u00f6\u00f6nd CET+1 Postiaadress P\u00e4daste M\u00f5is &nbsp; Muhu saar &nbsp; 94716 Eesti &nbsp; V\u00f5i saada meile kiri aadressile info@padaste.ee &nbsp; P\u00e4daste M\u00f5is on perioodil 31. oktoober 2022 kuni 9. m\u00e4rts 2023 iga-aastasel talvepuhkusel. &nbsp; Sel perioodil v\u00f5tame vastu broneeringuid vaid seltskondade privaatseteks pidustusteks ja korporatiivs\u00fcndmusteks. &nbsp; [&hellip;]\" \/>\n<meta property=\"og:url\" content=\"https:\/\/padaste.ee\/et\/broneeringud\/contact\/\" \/>\n<meta property=\"article:publisher\" content=\"https:\/\/www.facebook.com\/Padastemanor\/\" \/>\n<meta property=\"article:modified_time\" content=\"2022-08-22T13:31:12+00:00\" \/>\n<meta name=\"twitter:card\" content=\"summary_large_image\" \/>\n<meta name=\"twitter:label1\" content=\"Est. reading time\">\n\t<meta name=\"twitter:data1\" content=\"1 minut\">\n<script type=\"application\/ld+json\" class=\"yoast-schema-graph\">{\"@context\":\"https:\/\/schema.org\",\"@graph\":[{\"@type\":\"Organization\",\"@id\":\"https:\/\/padaste.ee\/#organization\",\"name\":\"P\\u00e4daste M\\u00f5is\",\"url\":\"https:\/\/padaste.ee\/\",\"sameAs\":[\"https:\/\/www.facebook.com\/Padastemanor\/\"],\"logo\":{\"@type\":\"ImageObject\",\"@id\":\"https:\/\/padaste.ee\/#logo\",\"inLanguage\":\"et\",\"url\":\"https:\/\/padaste.ee\/wp-content\/uploads\/2018\/12\/padaste_2011.jpg\",\"contentUrl\":\"https:\/\/padaste.ee\/wp-content\/uploads\/2018\/12\/padaste_2011.jpg\",\"width\":154,\"height\":61,\"caption\":\"P\\u00e4daste M\\u00f5is\"},\"image\":{\"@id\":\"https:\/\/padaste.ee\/#logo\"}},{\"@type\":\"WebSite\",\"@id\":\"https:\/\/padaste.ee\/#website\",\"url\":\"https:\/\/padaste.ee\/\",\"name\":\"\",\"description\":\"\",\"publisher\":{\"@id\":\"https:\/\/padaste.ee\/#organization\"},\"potentialAction\":[{\"@type\":\"SearchAction\",\"target\":\"https:\/\/padaste.ee\/?s={search_term_string}\",\"query-input\":\"required name=search_term_string\"}],\"inLanguage\":\"et\"},{\"@type\":\"WebPage\",\"@id\":\"https:\/\/padaste.ee\/et\/broneeringud\/contact\/#webpage\",\"url\":\"https:\/\/padaste.ee\/et\/broneeringud\/contact\/\",\"name\":\"Kontakt -\",\"isPartOf\":{\"@id\":\"https:\/\/padaste.ee\/#website\"},\"datePublished\":\"2015-07-29T17:48:49+00:00\",\"dateModified\":\"2022-08-22T13:31:12+00:00\",\"breadcrumb\":{\"@id\":\"https:\/\/padaste.ee\/et\/broneeringud\/contact\/#breadcrumb\"},\"inLanguage\":\"et\",\"potentialAction\":[{\"@type\":\"ReadAction\",\"target\":[\"https:\/\/padaste.ee\/et\/broneeringud\/contact\/\"]}]},{\"@type\":\"BreadcrumbList\",\"@id\":\"https:\/\/padaste.ee\/et\/broneeringud\/contact\/#breadcrumb\",\"itemListElement\":[{\"@type\":\"ListItem\",\"position\":1,\"item\":{\"@type\":\"WebPage\",\"@id\":\"https:\/\/padaste.ee\/et\/\",\"url\":\"https:\/\/padaste.ee\/et\/\",\"name\":\"Home\"}},{\"@type\":\"ListItem\",\"position\":2,\"item\":{\"@type\":\"WebPage\",\"@id\":\"https:\/\/xn--pdaste-bua.ee\/et\/broneeringud\/\",\"url\":\"https:\/\/xn--pdaste-bua.ee\/et\/broneeringud\/\",\"name\":\"Broneeringud\"}},{\"@type\":\"ListItem\",\"position\":3,\"item\":{\"@type\":\"WebPage\",\"@id\":\"https:\/\/padaste.ee\/et\/broneeringud\/contact\/\",\"url\":\"https:\/\/padaste.ee\/et\/broneeringud\/contact\/\",\"name\":\"Kontakt\"}}]}]}<\/script>\n<!-- \/ Yoast SEO plugin. -->","_links":{"self":[{"href":"https:\/\/www.xn--pdaste-bua.ee\/et\/wp-json\/wp\/v2\/pages\/8956"}],"collection":[{"href":"https:\/\/www.xn--pdaste-bua.ee\/et\/wp-json\/wp\/v2\/pages"}],"about":[{"href":"https:\/\/www.xn--pdaste-bua.ee\/et\/wp-json\/wp\/v2\/types\/page"}],"author":[{"embeddable":true,"href":"https:\/\/www.xn--pdaste-bua.ee\/et\/wp-json\/wp\/v2\/users\/50"}],"replies":[{"embeddable":true,"href":"https:\/\/www.xn--pdaste-bua.ee\/et\/wp-json\/wp\/v2\/comments?post=8956"}],"version-history":[{"count":7,"href":"https:\/\/www.xn--pdaste-bua.ee\/et\/wp-json\/wp\/v2\/pages\/8956\/revisions"}],"predecessor-version":[{"id":18869,"href":"https:\/\/www.xn--pdaste-bua.ee\/et\/wp-json\/wp\/v2\/pages\/8956\/revisions\/18869"}],"up":[{"embeddable":true,"href":"https:\/\/www.xn--pdaste-bua.ee\/et\/wp-json\/wp\/v2\/pages\/8914"}],"wp:attachment":[{"href":"https:\/\/www.xn--pdaste-bua.ee\/et\/wp-json\/wp\/v2\/media?parent=8956"}],"curies":[{"name":"wp","href":"https:\/\/api.w.org\/{rel}","templated":true}]}}