{"id":8959,"date":"2015-07-29T21:22:49","date_gmt":"2015-07-29T18:22:49","guid":{"rendered":"http:\/\/padastenew.local\/?page_id=8959"},"modified":"2025-10-14T10:30:37","modified_gmt":"2025-10-14T10:30:37","slug":"paketid","status":"publish","type":"page","link":"https:\/\/www.xn--pdaste-bua.ee\/et\/paketid\/","title":{"rendered":"Paketid"},"content":{"rendered":"<p style=\"text-align: right;\"><img loading=\"lazy\" src=\"http:\/\/www.padaste.ee\/\/wp-content\/uploads\/image\/images\/packages\/packages.jpg\" alt=\"Packages\" width=\"312\" height=\"106\"\/><\/p>\n<p><strong>P\u00c4DASTE ELAMUSPAKETID<\/strong>.<\/p>\n<p>Muhu saar on imeline paik paarip\u00e4evase puhkuse veetmiseks. Vaid paaritunnise reisi kaugusel enamikust P\u00f5hja-Euroopa linnadest, toob see teid siiski ennastunustavalt kaugele argistest askeldustest, puutumata looduse keskele. Id\u00fclliline v\u00e4ikesaar ja sellel asuv kaunis P\u00e4daste M\u00f5is on teie jaoks koostanud parimad puhkusepakkumised. Oleme loonud mitmeid 2-ja 3-p\u00e4evaseid t\u00e4ispakette, et saaksite l\u00f5\u00f5gastuda ja r\u00f5\u00f5mustada lihtsate naudingute \u00fcle, mis elul pakkuda. K\u00f5ik paketid on koostatud t\u00e4helepanelikkusega n\u00f5udlikule reisijale, hoolitseme teie ja teie s\u00f5prade eest ootusp\u00e4raselt esmaklassilisel viisil, nii nagu seda P\u00e4daste M\u00f5isas ikka tehakse.<\/p>\n<p>&nbsp;<\/p>\n<table style=\"width: 100%; height: 161px;\" border=\"0\" cellspacing=\"0\" cellpadding=\"0\">\n<tbody>\n<tr style=\"height: 23px;\">\n<td style=\"height: 23px; width: 58.2938%;\">&nbsp;<\/td>\n<td style=\"height: 23px; width: 41.5166%;\">&nbsp;<\/td>\n<\/tr>\n<tr style=\"height: 23px;\">\n<td style=\"height: 23px; width: 58.2938%;\"><span style=\"font-size: 15px;\"><a title=\"Avasta Muhu saar\" href=\"http:\/\/padaste.ee\/et\/paketid\/avasta-muhu\/\" target=\"_blank\" rel=\"noopener noreferrer\">Avasta Muhu saart, 2 \u00f6\u00f6d<\/a><\/span><\/td>\n<td style=\"height: 23px; width: 41.5166%;\">Hind alates 979 \u20ac<\/td>\n<\/tr>\n<tr class=\"second\" style=\"height: 23px;\">\n<td style=\"height: 23px; width: 58.2938%;\"><span style=\"font-size: 15px;\"><a title=\"Avasta Muhu-ja Saaremaa\" href=\"http:\/\/padaste.ee\/et\/paketid\/avasta-muhu-ja-saaremaa\/\" target=\"_blank\" rel=\"noopener noreferrer\">Avasta Muhu- ja Saaremaad, 3 \u00f6\u00f6d<\/a><\/span><\/td>\n<td style=\"height: 23px; width: 41.5166%;\">Hind alates 1829 \u20ac<\/td>\n<\/tr>\n<tr style=\"height: 23px;\">\n<td style=\"height: 23px; width: 58.2938%;\"><a href=\"http:\/\/www.padaste.ee\/et\/paketid\/muhu-avastused-ratsu-seljas\/\" target=\"_blank\" rel=\"noopener noreferrer\"><span style=\"font-size: 15px;\">Muhu Avastused Ratsu Seljas, 3 \u00f6\u00f6d<\/span><\/a><\/td>\n<td style=\"height: 23px; width: 41.5166%;\">Hind alates 1359 \u20ac<\/td>\n<\/tr>\n<tr class=\"second\" style=\"height: 23px;\">\n<td style=\"height: 23px; width: 58.2938%;\"><a href=\"http:\/\/www.padaste.ee\/et\/paketid\/golf-padastega\/\" target=\"_blank\" rel=\"noopener noreferrer\"><span style=\"font-size: 15px;\">Golf P\u00e4dastega, 2 \u00f6\u00f6d<\/span><\/a><\/td>\n<td style=\"height: 23px; width: 41.5166%;\">Hind alates 639 \u20ac<\/td>\n<\/tr>\n<tr style=\"height: 23px;\">\n<td style=\"height: 23px; width: 58.2938%;\">&nbsp;<\/td>\n<td style=\"height: 23px; width: 41.5166%;\">&nbsp;<\/td>\n<\/tr>\n<\/tbody>\n<\/table>\n<p>&nbsp;<\/p>\n<p><strong>Hinnad vastavalt hooajale<\/strong><br \/>\nBroneerimiseks ja lisak\u00fcsimuste korral v\u00f5tke \u00fchendust meie <em>Guest Relations Manageriga<\/em> kirjutades aadressile <a href=\"mailto:info@padaste.ee\">info@padaste.ee<\/a> v\u00f5i helistades numbrile +372 45 48 800.<\/p>\n<p><strong>Broneerimistingmused<\/strong><br \/>\nPaketi saab broneerida minimaalset 2 k\u00fclalist ja maksimaalselt 6 k\u00fclalist.<br \/>\nSuurematele seltskondadele k\u00fcsige palun meie k\u00e4est personaalset pakkumist. Piiratud tubade arvu t\u00f5ttu soovitame pakett broneerida v\u00e4hemalt 5 n\u00e4dalat enne saabumist.<\/p>\n<div><strong><br \/>\nEripakkumised<br \/>\n<\/strong><\/div>\n<p>Tutvu siitsamast ka k\u00f5ikide teiste P\u00e4daste M\u00f5isa <a href=\"http:\/\/padaste.ee\/et\/eripakkumised\/\">eripakkumistega.<\/a><\/p>\n","protected":false},"excerpt":{"rendered":"<p>P\u00c4DASTE ELAMUSPAKETID. Muhu saar on imeline paik paarip\u00e4evase puhkuse veetmiseks. Vaid paaritunnise reisi kaugusel enamikust P\u00f5hja-Euroopa linnadest, toob see teid siiski ennastunustavalt kaugele argistest askeldustest, puutumata looduse keskele. Id\u00fclliline v\u00e4ikesaar ja sellel asuv kaunis P\u00e4daste M\u00f5is on teie jaoks koostanud parimad puhkusepakkumised. Oleme loonud mitmeid 2-ja 3-p\u00e4evaseid t\u00e4ispakette, et saaksite l\u00f5\u00f5gastuda ja r\u00f5\u00f5mustada lihtsate naudingute [&hellip;]<\/p>\n","protected":false},"author":50,"featured_media":0,"parent":0,"menu_order":16,"comment_status":"closed","ping_status":"closed","template":"","meta":{"ngg_post_thumbnail":0,"_links_to":"","_links_to_target":""},"yoast_head":"<!-- This site is optimized with the Yoast SEO plugin v16.1.1 - https:\/\/yoast.com\/wordpress\/plugins\/seo\/ -->\n<title>Paketid -<\/title>\n<link rel=\"canonical\" href=\"https:\/\/xn--pdaste-bua.ee\/et\/paketid\/\" \/>\n<meta property=\"og:locale\" content=\"et_EE\" \/>\n<meta property=\"og:type\" content=\"article\" \/>\n<meta property=\"og:title\" content=\"Paketid -\" \/>\n<meta property=\"og:description\" content=\"P\u00c4DASTE ELAMUSPAKETID. Muhu saar on imeline paik paarip\u00e4evase puhkuse veetmiseks. Vaid paaritunnise reisi kaugusel enamikust P\u00f5hja-Euroopa linnadest, toob see teid siiski ennastunustavalt kaugele argistest askeldustest, puutumata looduse keskele. Id\u00fclliline v\u00e4ikesaar ja sellel asuv kaunis P\u00e4daste M\u00f5is on teie jaoks koostanud parimad puhkusepakkumised. Oleme loonud mitmeid 2-ja 3-p\u00e4evaseid t\u00e4ispakette, et saaksite l\u00f5\u00f5gastuda ja r\u00f5\u00f5mustada lihtsate naudingute [&hellip;]\" \/>\n<meta property=\"og:url\" content=\"https:\/\/xn--pdaste-bua.ee\/et\/paketid\/\" \/>\n<meta property=\"article:publisher\" content=\"https:\/\/www.facebook.com\/Padastemanor\/\" \/>\n<meta property=\"article:modified_time\" content=\"2025-10-14T10:30:37+00:00\" \/>\n<meta property=\"og:image\" content=\"http:\/\/www.padaste.ee\/\/wp-content\/uploads\/image\/images\/packages\/packages.jpg\" \/>\n<meta name=\"twitter:card\" content=\"summary_large_image\" \/>\n<meta name=\"twitter:label1\" content=\"Est. reading time\">\n\t<meta name=\"twitter:data1\" content=\"2 minutit\">\n<script type=\"application\/ld+json\" class=\"yoast-schema-graph\">{\"@context\":\"https:\/\/schema.org\",\"@graph\":[{\"@type\":\"Organization\",\"@id\":\"https:\/\/padaste.ee\/#organization\",\"name\":\"P\\u00e4daste M\\u00f5is\",\"url\":\"https:\/\/padaste.ee\/\",\"sameAs\":[\"https:\/\/www.facebook.com\/Padastemanor\/\"],\"logo\":{\"@type\":\"ImageObject\",\"@id\":\"https:\/\/padaste.ee\/#logo\",\"inLanguage\":\"et\",\"url\":\"https:\/\/padaste.ee\/wp-content\/uploads\/2018\/12\/padaste_2011.jpg\",\"contentUrl\":\"https:\/\/padaste.ee\/wp-content\/uploads\/2018\/12\/padaste_2011.jpg\",\"width\":154,\"height\":61,\"caption\":\"P\\u00e4daste M\\u00f5is\"},\"image\":{\"@id\":\"https:\/\/padaste.ee\/#logo\"}},{\"@type\":\"WebSite\",\"@id\":\"https:\/\/padaste.ee\/#website\",\"url\":\"https:\/\/padaste.ee\/\",\"name\":\"\",\"description\":\"\",\"publisher\":{\"@id\":\"https:\/\/padaste.ee\/#organization\"},\"potentialAction\":[{\"@type\":\"SearchAction\",\"target\":\"https:\/\/padaste.ee\/?s={search_term_string}\",\"query-input\":\"required name=search_term_string\"}],\"inLanguage\":\"et\"},{\"@type\":\"ImageObject\",\"@id\":\"https:\/\/xn--pdaste-bua.ee\/et\/paketid\/#primaryimage\",\"inLanguage\":\"et\",\"url\":\"http:\/\/www.padaste.ee\/\/wp-content\/uploads\/image\/images\/packages\/packages.jpg\",\"contentUrl\":\"http:\/\/www.padaste.ee\/\/wp-content\/uploads\/image\/images\/packages\/packages.jpg\"},{\"@type\":\"WebPage\",\"@id\":\"https:\/\/xn--pdaste-bua.ee\/et\/paketid\/#webpage\",\"url\":\"https:\/\/xn--pdaste-bua.ee\/et\/paketid\/\",\"name\":\"Paketid -\",\"isPartOf\":{\"@id\":\"https:\/\/padaste.ee\/#website\"},\"primaryImageOfPage\":{\"@id\":\"https:\/\/xn--pdaste-bua.ee\/et\/paketid\/#primaryimage\"},\"datePublished\":\"2015-07-29T18:22:49+00:00\",\"dateModified\":\"2025-10-14T10:30:37+00:00\",\"breadcrumb\":{\"@id\":\"https:\/\/xn--pdaste-bua.ee\/et\/paketid\/#breadcrumb\"},\"inLanguage\":\"et\",\"potentialAction\":[{\"@type\":\"ReadAction\",\"target\":[\"https:\/\/xn--pdaste-bua.ee\/et\/paketid\/\"]}]},{\"@type\":\"BreadcrumbList\",\"@id\":\"https:\/\/xn--pdaste-bua.ee\/et\/paketid\/#breadcrumb\",\"itemListElement\":[{\"@type\":\"ListItem\",\"position\":1,\"item\":{\"@type\":\"WebPage\",\"@id\":\"https:\/\/padaste.ee\/et\/\",\"url\":\"https:\/\/padaste.ee\/et\/\",\"name\":\"Home\"}},{\"@type\":\"ListItem\",\"position\":2,\"item\":{\"@type\":\"WebPage\",\"@id\":\"https:\/\/xn--pdaste-bua.ee\/et\/paketid\/\",\"url\":\"https:\/\/xn--pdaste-bua.ee\/et\/paketid\/\",\"name\":\"Paketid\"}}]}]}<\/script>\n<!-- \/ Yoast SEO plugin. -->","_links":{"self":[{"href":"https:\/\/www.xn--pdaste-bua.ee\/et\/wp-json\/wp\/v2\/pages\/8959"}],"collection":[{"href":"https:\/\/www.xn--pdaste-bua.ee\/et\/wp-json\/wp\/v2\/pages"}],"about":[{"href":"https:\/\/www.xn--pdaste-bua.ee\/et\/wp-json\/wp\/v2\/types\/page"}],"author":[{"embeddable":true,"href":"https:\/\/www.xn--pdaste-bua.ee\/et\/wp-json\/wp\/v2\/users\/50"}],"replies":[{"embeddable":true,"href":"https:\/\/www.xn--pdaste-bua.ee\/et\/wp-json\/wp\/v2\/comments?post=8959"}],"version-history":[{"count":22,"href":"https:\/\/www.xn--pdaste-bua.ee\/et\/wp-json\/wp\/v2\/pages\/8959\/revisions"}],"predecessor-version":[{"id":25537,"href":"https:\/\/www.xn--pdaste-bua.ee\/et\/wp-json\/wp\/v2\/pages\/8959\/revisions\/25537"}],"wp:attachment":[{"href":"https:\/\/www.xn--pdaste-bua.ee\/et\/wp-json\/wp\/v2\/media?parent=8959"}],"curies":[{"name":"wp","href":"https:\/\/api.w.org\/{rel}","templated":true}]}}