{"id":8961,"date":"2015-07-29T21:24:30","date_gmt":"2015-07-29T18:24:30","guid":{"rendered":"http:\/\/padastenew.local\/?page_id=8961"},"modified":"2025-10-14T09:35:55","modified_gmt":"2025-10-14T09:35:55","slug":"avasta-muhu","status":"publish","type":"page","link":"https:\/\/www.xn--pdaste-bua.ee\/et\/paketid\/avasta-muhu\/","title":{"rendered":"Avasta Muhu"},"content":{"rendered":"<p><a href=\"http:\/\/www.padaste.ee\/wp-content\/uploads\/2018\/02\/muhu-island.jpg\"><img loading=\"lazy\" class=\"alignright wp-image-11836 size-medium\" src=\"http:\/\/www.padaste.ee\/wp-content\/uploads\/2018\/02\/muhu-island-300x199.jpg\" alt=\"\" width=\"300\" height=\"199\" srcset=\"https:\/\/www.xn--pdaste-bua.ee\/wp-content\/uploads\/2018\/02\/muhu-island-300x199.jpg 300w, https:\/\/www.xn--pdaste-bua.ee\/wp-content\/uploads\/2018\/02\/muhu-island-768x511.jpg 768w, https:\/\/www.xn--pdaste-bua.ee\/wp-content\/uploads\/2018\/02\/muhu-island-1024x681.jpg 1024w, https:\/\/www.xn--pdaste-bua.ee\/wp-content\/uploads\/2018\/02\/muhu-island-24x16.jpg 24w, https:\/\/www.xn--pdaste-bua.ee\/wp-content\/uploads\/2018\/02\/muhu-island-36x24.jpg 36w, https:\/\/www.xn--pdaste-bua.ee\/wp-content\/uploads\/2018\/02\/muhu-island-48x32.jpg 48w\" sizes=\"(max-width: 300px) 100vw, 300px\" \/><\/a><\/p>\n<h1><span style=\"font-size: 22px; color: #ff0000;\">AVASTA MUHU SAART, 2 \u00f6\u00f6d<\/span><\/h1>\n<p>&nbsp;<\/p>\n<p>&nbsp;<\/p>\n<p><strong>Pakett sisaldab:<\/strong><\/p>\n<p>&nbsp;<\/p>\n<ul>\n<li>Tervituseks klaas vahuveini<\/li>\n<li>Valik P\u00e4daste Gourmet h\u00f5rgutisi ootamas teie toas<\/li>\n<li>2 \u00f6\u00f6d majutust P\u00e4daste M\u00f5isas<\/li>\n<li>2 neljak\u00e4igulist <em>Table d&#8217;H\u00f4te<\/em> \u00f5htus\u00f6\u00f6ki restoranis Alexander<\/li>\n<li>Kahek\u00e4iguline <em>Table d&#8217;H\u00f4te<\/em> l\u00f5unas\u00f6\u00f6k<\/li>\n<li>Muhumaa ringreis asjatundliku giidiga (eesti\/inglise keeles) koos meiepoolse transpordiga, 4 tundi<\/li>\n<li>\u201cT\u00f5use ja s\u00e4ra\u201d hommikuv\u00f5imlemine iga p\u00e4ev kell 09:00 \u2013 joogal p\u00f5hinev virgutus ja venitused parima p\u00e4eva alustamiseks!<\/li>\n<\/ul>\n<p>&nbsp;<\/p>\n<p><strong>Hind alates 975 \u20ac<\/strong><\/p>\n<p>&nbsp;<\/p>\n<p><a href=\"http:\/\/www.padaste.ee\/et\/paketid\/avasta-muhu\/paketi-detailid-avasta-muhu\/\">Paketi detailid ja hinnad<\/a><\/p>\n<p>&nbsp;<\/p>\n<p>Broneerimiseks v\u00f5tke meiega \u00fchendust emailil&nbsp;<a href=\"mailto:info@padaste.ee\">info@padaste.ee<\/a>&nbsp;v\u00f5i helistage numbril +372 45 48 800<\/p>\n<p>&nbsp;<\/p>\n","protected":false},"excerpt":{"rendered":"<p>AVASTA MUHU SAART, 2 \u00f6\u00f6d &nbsp; &nbsp; Pakett sisaldab: &nbsp; Tervituseks klaas vahuveini Valik P\u00e4daste Gourmet h\u00f5rgutisi ootamas teie toas 2 \u00f6\u00f6d majutust P\u00e4daste M\u00f5isas 2 neljak\u00e4igulist Table d&#8217;H\u00f4te \u00f5htus\u00f6\u00f6ki restoranis Alexander Kahek\u00e4iguline Table d&#8217;H\u00f4te l\u00f5unas\u00f6\u00f6k Muhumaa ringreis asjatundliku giidiga (eesti\/inglise keeles) koos meiepoolse transpordiga, 4 tundi \u201cT\u00f5use ja s\u00e4ra\u201d hommikuv\u00f5imlemine iga p\u00e4ev kell 09:00 [&hellip;]<\/p>\n","protected":false},"author":50,"featured_media":11836,"parent":8959,"menu_order":0,"comment_status":"closed","ping_status":"closed","template":"","meta":{"ngg_post_thumbnail":0,"_links_to":"","_links_to_target":""},"yoast_head":"<!-- This site is optimized with the Yoast SEO plugin v16.1.1 - https:\/\/yoast.com\/wordpress\/plugins\/seo\/ -->\n<title>Avasta Muhu -<\/title>\n<link rel=\"canonical\" href=\"https:\/\/xn--pdaste-bua.ee\/et\/paketid\/avasta-muhu\/\" \/>\n<meta property=\"og:locale\" content=\"et_EE\" \/>\n<meta property=\"og:type\" content=\"article\" \/>\n<meta property=\"og:title\" content=\"Avasta Muhu -\" \/>\n<meta property=\"og:description\" content=\"AVASTA MUHU SAART, 2 \u00f6\u00f6d &nbsp; &nbsp; Pakett sisaldab: &nbsp; Tervituseks klaas vahuveini Valik P\u00e4daste Gourmet h\u00f5rgutisi ootamas teie toas 2 \u00f6\u00f6d majutust P\u00e4daste M\u00f5isas 2 neljak\u00e4igulist Table d&#8217;H\u00f4te \u00f5htus\u00f6\u00f6ki restoranis Alexander Kahek\u00e4iguline Table d&#8217;H\u00f4te l\u00f5unas\u00f6\u00f6k Muhumaa ringreis asjatundliku giidiga (eesti\/inglise keeles) koos meiepoolse transpordiga, 4 tundi \u201cT\u00f5use ja s\u00e4ra\u201d hommikuv\u00f5imlemine iga p\u00e4ev kell 09:00 [&hellip;]\" \/>\n<meta property=\"og:url\" content=\"https:\/\/xn--pdaste-bua.ee\/et\/paketid\/avasta-muhu\/\" \/>\n<meta property=\"article:publisher\" content=\"https:\/\/www.facebook.com\/Padastemanor\/\" \/>\n<meta property=\"article:modified_time\" content=\"2025-10-14T09:35:55+00:00\" \/>\n<meta property=\"og:image\" content=\"https:\/\/www.xn--pdaste-bua.ee\/wp-content\/uploads\/2018\/02\/muhu-island-1024x681.jpg\" \/>\n\t<meta property=\"og:image:width\" content=\"1024\" \/>\n\t<meta property=\"og:image:height\" content=\"681\" \/>\n<meta name=\"twitter:card\" content=\"summary_large_image\" \/>\n<meta name=\"twitter:label1\" content=\"Est. reading time\">\n\t<meta name=\"twitter:data1\" content=\"1 minut\">\n<script type=\"application\/ld+json\" class=\"yoast-schema-graph\">{\"@context\":\"https:\/\/schema.org\",\"@graph\":[{\"@type\":\"Organization\",\"@id\":\"https:\/\/padaste.ee\/#organization\",\"name\":\"P\\u00e4daste M\\u00f5is\",\"url\":\"https:\/\/padaste.ee\/\",\"sameAs\":[\"https:\/\/www.facebook.com\/Padastemanor\/\"],\"logo\":{\"@type\":\"ImageObject\",\"@id\":\"https:\/\/padaste.ee\/#logo\",\"inLanguage\":\"et\",\"url\":\"https:\/\/padaste.ee\/wp-content\/uploads\/2018\/12\/padaste_2011.jpg\",\"contentUrl\":\"https:\/\/padaste.ee\/wp-content\/uploads\/2018\/12\/padaste_2011.jpg\",\"width\":154,\"height\":61,\"caption\":\"P\\u00e4daste M\\u00f5is\"},\"image\":{\"@id\":\"https:\/\/padaste.ee\/#logo\"}},{\"@type\":\"WebSite\",\"@id\":\"https:\/\/padaste.ee\/#website\",\"url\":\"https:\/\/padaste.ee\/\",\"name\":\"\",\"description\":\"\",\"publisher\":{\"@id\":\"https:\/\/padaste.ee\/#organization\"},\"potentialAction\":[{\"@type\":\"SearchAction\",\"target\":\"https:\/\/padaste.ee\/?s={search_term_string}\",\"query-input\":\"required name=search_term_string\"}],\"inLanguage\":\"et\"},{\"@type\":\"ImageObject\",\"@id\":\"https:\/\/xn--pdaste-bua.ee\/et\/paketid\/avasta-muhu\/#primaryimage\",\"inLanguage\":\"et\",\"url\":\"https:\/\/www.xn--pdaste-bua.ee\/wp-content\/uploads\/2018\/02\/muhu-island.jpg\",\"contentUrl\":\"https:\/\/www.xn--pdaste-bua.ee\/wp-content\/uploads\/2018\/02\/muhu-island.jpg\",\"width\":4096,\"height\":2723},{\"@type\":\"WebPage\",\"@id\":\"https:\/\/xn--pdaste-bua.ee\/et\/paketid\/avasta-muhu\/#webpage\",\"url\":\"https:\/\/xn--pdaste-bua.ee\/et\/paketid\/avasta-muhu\/\",\"name\":\"Avasta Muhu -\",\"isPartOf\":{\"@id\":\"https:\/\/padaste.ee\/#website\"},\"primaryImageOfPage\":{\"@id\":\"https:\/\/xn--pdaste-bua.ee\/et\/paketid\/avasta-muhu\/#primaryimage\"},\"datePublished\":\"2015-07-29T18:24:30+00:00\",\"dateModified\":\"2025-10-14T09:35:55+00:00\",\"breadcrumb\":{\"@id\":\"https:\/\/xn--pdaste-bua.ee\/et\/paketid\/avasta-muhu\/#breadcrumb\"},\"inLanguage\":\"et\",\"potentialAction\":[{\"@type\":\"ReadAction\",\"target\":[\"https:\/\/xn--pdaste-bua.ee\/et\/paketid\/avasta-muhu\/\"]}]},{\"@type\":\"BreadcrumbList\",\"@id\":\"https:\/\/xn--pdaste-bua.ee\/et\/paketid\/avasta-muhu\/#breadcrumb\",\"itemListElement\":[{\"@type\":\"ListItem\",\"position\":1,\"item\":{\"@type\":\"WebPage\",\"@id\":\"https:\/\/padaste.ee\/et\/\",\"url\":\"https:\/\/padaste.ee\/et\/\",\"name\":\"Home\"}},{\"@type\":\"ListItem\",\"position\":2,\"item\":{\"@type\":\"WebPage\",\"@id\":\"https:\/\/xn--pdaste-bua.ee\/et\/paketid\/\",\"url\":\"https:\/\/xn--pdaste-bua.ee\/et\/paketid\/\",\"name\":\"Paketid\"}},{\"@type\":\"ListItem\",\"position\":3,\"item\":{\"@type\":\"WebPage\",\"@id\":\"https:\/\/xn--pdaste-bua.ee\/et\/paketid\/avasta-muhu\/\",\"url\":\"https:\/\/xn--pdaste-bua.ee\/et\/paketid\/avasta-muhu\/\",\"name\":\"Avasta Muhu\"}}]}]}<\/script>\n<!-- \/ Yoast SEO plugin. -->","_links":{"self":[{"href":"https:\/\/www.xn--pdaste-bua.ee\/et\/wp-json\/wp\/v2\/pages\/8961"}],"collection":[{"href":"https:\/\/www.xn--pdaste-bua.ee\/et\/wp-json\/wp\/v2\/pages"}],"about":[{"href":"https:\/\/www.xn--pdaste-bua.ee\/et\/wp-json\/wp\/v2\/types\/page"}],"author":[{"embeddable":true,"href":"https:\/\/www.xn--pdaste-bua.ee\/et\/wp-json\/wp\/v2\/users\/50"}],"replies":[{"embeddable":true,"href":"https:\/\/www.xn--pdaste-bua.ee\/et\/wp-json\/wp\/v2\/comments?post=8961"}],"version-history":[{"count":14,"href":"https:\/\/www.xn--pdaste-bua.ee\/et\/wp-json\/wp\/v2\/pages\/8961\/revisions"}],"predecessor-version":[{"id":25524,"href":"https:\/\/www.xn--pdaste-bua.ee\/et\/wp-json\/wp\/v2\/pages\/8961\/revisions\/25524"}],"up":[{"embeddable":true,"href":"https:\/\/www.xn--pdaste-bua.ee\/et\/wp-json\/wp\/v2\/pages\/8959"}],"wp:featuredmedia":[{"embeddable":true,"href":"https:\/\/www.xn--pdaste-bua.ee\/et\/wp-json\/wp\/v2\/media\/11836"}],"wp:attachment":[{"href":"https:\/\/www.xn--pdaste-bua.ee\/et\/wp-json\/wp\/v2\/media?parent=8961"}],"curies":[{"name":"wp","href":"https:\/\/api.w.org\/{rel}","templated":true}]}}