{"id":8971,"date":"2015-07-29T21:30:01","date_gmt":"2015-07-29T18:30:01","guid":{"rendered":"http:\/\/padastenew.local\/?page_id=8971"},"modified":"2025-10-14T08:13:26","modified_gmt":"2025-10-14T08:13:26","slug":"muhu-avastused-ratsu-seljas","status":"publish","type":"page","link":"https:\/\/www.xn--pdaste-bua.ee\/et\/paketid\/muhu-avastused-ratsu-seljas\/","title":{"rendered":"Muhu avastused ratsu seljas"},"content":{"rendered":"<h1><a href=\"http:\/\/www.padaste.ee\/wp-content\/uploads\/2018\/02\/11-10-2015-342.jpg\"><img loading=\"lazy\" class=\"alignright wp-image-11934 size-medium\" src=\"http:\/\/www.padaste.ee\/wp-content\/uploads\/2018\/02\/11-10-2015-342-300x201.jpg\" alt=\"\" width=\"300\" height=\"201\" srcset=\"https:\/\/www.xn--pdaste-bua.ee\/wp-content\/uploads\/2018\/02\/11-10-2015-342-300x201.jpg 300w, https:\/\/www.xn--pdaste-bua.ee\/wp-content\/uploads\/2018\/02\/11-10-2015-342-768x514.jpg 768w, https:\/\/www.xn--pdaste-bua.ee\/wp-content\/uploads\/2018\/02\/11-10-2015-342-1024x685.jpg 1024w, https:\/\/www.xn--pdaste-bua.ee\/wp-content\/uploads\/2018\/02\/11-10-2015-342-24x16.jpg 24w, https:\/\/www.xn--pdaste-bua.ee\/wp-content\/uploads\/2018\/02\/11-10-2015-342-36x24.jpg 36w, https:\/\/www.xn--pdaste-bua.ee\/wp-content\/uploads\/2018\/02\/11-10-2015-342-48x32.jpg 48w\" sizes=\"(max-width: 300px) 100vw, 300px\" \/><\/a><\/h1>\n<h1><span style=\"font-size: 22px; color: #ff0000;\">MUHU AVASTUSED RATSU SELJAS, 3 \u00f6\u00f6d<\/span><\/h1>\n<p>&nbsp;<\/p>\n<p>&nbsp;<\/p>\n<p><strong>Paketis sisaldub:<\/strong><\/p>\n<p>&nbsp;<\/p>\n<ul>\n<li>Tervituseks klaas vahuveini<\/li>\n<li>Valik P\u00e4daste Gourmet h\u00f5rgutisi ootamas teie toas<\/li>\n<li>3 \u00f6\u00f6d majutust P\u00e4daste M\u00f5isas<\/li>\n<li>3 neljak\u00e4igulist <em>Table d&#8217;H\u00f4te<\/em> \u00f5htus\u00f6\u00f6ki restoranis Alexander<\/li>\n<li>Kahek\u00e4iguline Table d&#8217;Hote l\u00f5unas\u00f6\u00f6k<\/li>\n<li>Ratsutamismatkad Muhumaa metsaradadel; 3 tundi teisel p\u00e4eval ning 5 tundi kolmandal p\u00e4eval<\/li>\n<li>Piknikul\u00f5una v\u00f5i l\u00f5una hobutalus<\/li>\n<li>Transfeer hobutalusse ja tagasi<\/li>\n<li>Osaline massa\u017e essentsi\u00f5liga<\/li>\n<li>\u201cT\u00f5use ja s\u00e4ra\u201d hommikuv\u00f5imlemine iga p\u00e4ev kell 09:00 \u2013 joogal p\u00f5hinev virgutus ja venitused parima p\u00e4eva alustamiseks!<\/li>\n<\/ul>\n<p>&nbsp;<\/p>\n<p>Pakett ei ole soovitatav algajatele ratsutajatale.<\/p>\n<p>&nbsp;<\/p>\n<p><strong>Hind alates 1359 \u20ac<\/strong><\/p>\n<p>&nbsp;<\/p>\n<p><a href=\"http:\/\/www.padaste.ee\/et\/paketid\/muhu-avastused-ratsu-seljas\/paketi-detailid-muhu-avastused-ratsu-seljas\/\">Paketi detailid ja hinnad<\/a><\/p>\n<p>&nbsp;<\/p>\n<p>Broneerimiseks v\u00f5tke meiega \u00fchendust emailil&nbsp;<a href=\"mailto:info@padaste.ee\">info@padaste.ee<\/a>&nbsp;v\u00f5i helistage numbril +372 45 48 800<\/p>\n","protected":false},"excerpt":{"rendered":"<p>MUHU AVASTUSED RATSU SELJAS, 3 \u00f6\u00f6d &nbsp; &nbsp; Paketis sisaldub: &nbsp; Tervituseks klaas vahuveini Valik P\u00e4daste Gourmet h\u00f5rgutisi ootamas teie toas 3 \u00f6\u00f6d majutust P\u00e4daste M\u00f5isas 3 neljak\u00e4igulist Table d&#8217;H\u00f4te \u00f5htus\u00f6\u00f6ki restoranis Alexander Kahek\u00e4iguline Table d&#8217;Hote l\u00f5unas\u00f6\u00f6k Ratsutamismatkad Muhumaa metsaradadel; 3 tundi teisel p\u00e4eval ning 5 tundi kolmandal p\u00e4eval Piknikul\u00f5una v\u00f5i l\u00f5una hobutalus Transfeer hobutalusse [&hellip;]<\/p>\n","protected":false},"author":50,"featured_media":11934,"parent":8959,"menu_order":0,"comment_status":"closed","ping_status":"closed","template":"","meta":{"ngg_post_thumbnail":0,"_links_to":"","_links_to_target":""},"yoast_head":"<!-- This site is optimized with the Yoast SEO plugin v16.1.1 - https:\/\/yoast.com\/wordpress\/plugins\/seo\/ -->\n<title>Muhu avastused ratsu seljas -<\/title>\n<link rel=\"canonical\" href=\"https:\/\/www.xn--pdaste-bua.ee\/et\/paketid\/muhu-avastused-ratsu-seljas\/\" \/>\n<meta property=\"og:locale\" content=\"et_EE\" \/>\n<meta property=\"og:type\" content=\"article\" \/>\n<meta property=\"og:title\" content=\"Muhu avastused ratsu seljas -\" \/>\n<meta property=\"og:description\" content=\"MUHU AVASTUSED RATSU SELJAS, 3 \u00f6\u00f6d &nbsp; &nbsp; Paketis sisaldub: &nbsp; Tervituseks klaas vahuveini Valik P\u00e4daste Gourmet h\u00f5rgutisi ootamas teie toas 3 \u00f6\u00f6d majutust P\u00e4daste M\u00f5isas 3 neljak\u00e4igulist Table d&#8217;H\u00f4te \u00f5htus\u00f6\u00f6ki restoranis Alexander Kahek\u00e4iguline Table d&#8217;Hote l\u00f5unas\u00f6\u00f6k Ratsutamismatkad Muhumaa metsaradadel; 3 tundi teisel p\u00e4eval ning 5 tundi kolmandal p\u00e4eval Piknikul\u00f5una v\u00f5i l\u00f5una hobutalus Transfeer hobutalusse [&hellip;]\" \/>\n<meta property=\"og:url\" content=\"https:\/\/www.xn--pdaste-bua.ee\/et\/paketid\/muhu-avastused-ratsu-seljas\/\" \/>\n<meta property=\"article:publisher\" content=\"https:\/\/www.facebook.com\/Padastemanor\/\" \/>\n<meta property=\"article:modified_time\" content=\"2025-10-14T08:13:26+00:00\" \/>\n<meta property=\"og:image\" content=\"https:\/\/www.xn--pdaste-bua.ee\/wp-content\/uploads\/2018\/02\/11-10-2015-342-1024x685.jpg\" \/>\n\t<meta property=\"og:image:width\" content=\"1024\" \/>\n\t<meta property=\"og:image:height\" content=\"685\" \/>\n<meta name=\"twitter:card\" content=\"summary_large_image\" \/>\n<meta name=\"twitter:label1\" content=\"Est. reading time\">\n\t<meta name=\"twitter:data1\" content=\"1 minut\">\n<script type=\"application\/ld+json\" class=\"yoast-schema-graph\">{\"@context\":\"https:\/\/schema.org\",\"@graph\":[{\"@type\":\"Organization\",\"@id\":\"https:\/\/padaste.ee\/#organization\",\"name\":\"P\\u00e4daste M\\u00f5is\",\"url\":\"https:\/\/padaste.ee\/\",\"sameAs\":[\"https:\/\/www.facebook.com\/Padastemanor\/\"],\"logo\":{\"@type\":\"ImageObject\",\"@id\":\"https:\/\/padaste.ee\/#logo\",\"inLanguage\":\"et\",\"url\":\"https:\/\/padaste.ee\/wp-content\/uploads\/2018\/12\/padaste_2011.jpg\",\"contentUrl\":\"https:\/\/padaste.ee\/wp-content\/uploads\/2018\/12\/padaste_2011.jpg\",\"width\":154,\"height\":61,\"caption\":\"P\\u00e4daste M\\u00f5is\"},\"image\":{\"@id\":\"https:\/\/padaste.ee\/#logo\"}},{\"@type\":\"WebSite\",\"@id\":\"https:\/\/padaste.ee\/#website\",\"url\":\"https:\/\/padaste.ee\/\",\"name\":\"\",\"description\":\"\",\"publisher\":{\"@id\":\"https:\/\/padaste.ee\/#organization\"},\"potentialAction\":[{\"@type\":\"SearchAction\",\"target\":\"https:\/\/padaste.ee\/?s={search_term_string}\",\"query-input\":\"required name=search_term_string\"}],\"inLanguage\":\"et\"},{\"@type\":\"ImageObject\",\"@id\":\"https:\/\/www.xn--pdaste-bua.ee\/et\/paketid\/muhu-avastused-ratsu-seljas\/#primaryimage\",\"inLanguage\":\"et\",\"url\":\"https:\/\/www.xn--pdaste-bua.ee\/wp-content\/uploads\/2018\/02\/11-10-2015-342.jpg\",\"contentUrl\":\"https:\/\/www.xn--pdaste-bua.ee\/wp-content\/uploads\/2018\/02\/11-10-2015-342.jpg\",\"width\":3872,\"height\":2592},{\"@type\":\"WebPage\",\"@id\":\"https:\/\/www.xn--pdaste-bua.ee\/et\/paketid\/muhu-avastused-ratsu-seljas\/#webpage\",\"url\":\"https:\/\/www.xn--pdaste-bua.ee\/et\/paketid\/muhu-avastused-ratsu-seljas\/\",\"name\":\"Muhu avastused ratsu seljas -\",\"isPartOf\":{\"@id\":\"https:\/\/padaste.ee\/#website\"},\"primaryImageOfPage\":{\"@id\":\"https:\/\/www.xn--pdaste-bua.ee\/et\/paketid\/muhu-avastused-ratsu-seljas\/#primaryimage\"},\"datePublished\":\"2015-07-29T18:30:01+00:00\",\"dateModified\":\"2025-10-14T08:13:26+00:00\",\"breadcrumb\":{\"@id\":\"https:\/\/www.xn--pdaste-bua.ee\/et\/paketid\/muhu-avastused-ratsu-seljas\/#breadcrumb\"},\"inLanguage\":\"et\",\"potentialAction\":[{\"@type\":\"ReadAction\",\"target\":[\"https:\/\/www.xn--pdaste-bua.ee\/et\/paketid\/muhu-avastused-ratsu-seljas\/\"]}]},{\"@type\":\"BreadcrumbList\",\"@id\":\"https:\/\/www.xn--pdaste-bua.ee\/et\/paketid\/muhu-avastused-ratsu-seljas\/#breadcrumb\",\"itemListElement\":[{\"@type\":\"ListItem\",\"position\":1,\"item\":{\"@type\":\"WebPage\",\"@id\":\"https:\/\/padaste.ee\/et\/\",\"url\":\"https:\/\/padaste.ee\/et\/\",\"name\":\"Home\"}},{\"@type\":\"ListItem\",\"position\":2,\"item\":{\"@type\":\"WebPage\",\"@id\":\"https:\/\/xn--pdaste-bua.ee\/et\/paketid\/\",\"url\":\"https:\/\/xn--pdaste-bua.ee\/et\/paketid\/\",\"name\":\"Paketid\"}},{\"@type\":\"ListItem\",\"position\":3,\"item\":{\"@type\":\"WebPage\",\"@id\":\"https:\/\/www.xn--pdaste-bua.ee\/et\/paketid\/muhu-avastused-ratsu-seljas\/\",\"url\":\"https:\/\/www.xn--pdaste-bua.ee\/et\/paketid\/muhu-avastused-ratsu-seljas\/\",\"name\":\"Muhu avastused ratsu seljas\"}}]}]}<\/script>\n<!-- \/ Yoast SEO plugin. -->","_links":{"self":[{"href":"https:\/\/www.xn--pdaste-bua.ee\/et\/wp-json\/wp\/v2\/pages\/8971"}],"collection":[{"href":"https:\/\/www.xn--pdaste-bua.ee\/et\/wp-json\/wp\/v2\/pages"}],"about":[{"href":"https:\/\/www.xn--pdaste-bua.ee\/et\/wp-json\/wp\/v2\/types\/page"}],"author":[{"embeddable":true,"href":"https:\/\/www.xn--pdaste-bua.ee\/et\/wp-json\/wp\/v2\/users\/50"}],"replies":[{"embeddable":true,"href":"https:\/\/www.xn--pdaste-bua.ee\/et\/wp-json\/wp\/v2\/comments?post=8971"}],"version-history":[{"count":21,"href":"https:\/\/www.xn--pdaste-bua.ee\/et\/wp-json\/wp\/v2\/pages\/8971\/revisions"}],"predecessor-version":[{"id":25499,"href":"https:\/\/www.xn--pdaste-bua.ee\/et\/wp-json\/wp\/v2\/pages\/8971\/revisions\/25499"}],"up":[{"embeddable":true,"href":"https:\/\/www.xn--pdaste-bua.ee\/et\/wp-json\/wp\/v2\/pages\/8959"}],"wp:featuredmedia":[{"embeddable":true,"href":"https:\/\/www.xn--pdaste-bua.ee\/et\/wp-json\/wp\/v2\/media\/11934"}],"wp:attachment":[{"href":"https:\/\/www.xn--pdaste-bua.ee\/et\/wp-json\/wp\/v2\/media?parent=8971"}],"curies":[{"name":"wp","href":"https:\/\/api.w.org\/{rel}","templated":true}]}}