{"id":8975,"date":"2015-07-29T21:32:58","date_gmt":"2015-07-29T18:32:58","guid":{"rendered":"http:\/\/padastenew.local\/?page_id=8975"},"modified":"2025-09-16T14:03:51","modified_gmt":"2025-09-16T14:03:51","slug":"eripakkumised","status":"publish","type":"page","link":"https:\/\/www.xn--pdaste-bua.ee\/et\/eripakkumised\/","title":{"rendered":"Eripakkumised"},"content":{"rendered":"<p><strong><a href=\"https:\/\/padaste.ee\/et\/eripakkumised\/kuldne-sugislummus\/\" target=\"_blank\" rel=\"noopener\">Kuldne s\u00fcgislummus, 1 v\u00f5i 2 \u00f6\u00f6d<\/a><\/strong> | Kogege Muhu saare kuldset varas\u00fcgise lummust!<\/p>\n<p>&nbsp;<\/p>\n<p><a href=\"http:\/\/www.padaste.ee\/et\/eripakkumised\/romantiline-pogenemine\/\" target=\"_blank\" rel=\"noopener noreferrer\"><strong>Romantiline p\u00f5genemine, 2 \u00f6\u00f6d<\/strong><\/a>\u00a0| L\u00f5\u00f5gastuge romantilisel Muhu saarel!<\/p>\n<p>&nbsp;<\/p>\n<p><strong><a href=\"http:\/\/www.padaste.ee\/et\/eripakkumised\/vaimustav-spa\/\" target=\"_blank\" rel=\"noopener noreferrer\">Vaimustav Spa, 3 \u00f6\u00f6d<\/a> <\/strong>| Nauding rahust, loodusest ja hingest, mille poolest P\u00e4daste Spa tuntud on!<\/p>\n<p>&nbsp;<\/p>\n<p><strong><a href=\"http:\/\/www.padaste.ee\/et\/eripakkumised\/hooli-endast\/\" target=\"_blank\" rel=\"noopener noreferrer\">Hooli endast, 2 \u00f6\u00f6d<\/a> |<\/strong>\u00a0Kujunda enda Spa kogemus koos P\u00e4daste Spa Terapistiga!<\/p>\n<p>&nbsp;<\/p>\n<p><a href=\"http:\/\/padaste.ee\/et\/eripakkumised\/neljas-oo-tasuta\/\" target=\"_blank\" rel=\"noopener noreferrer\"><strong>Neljas \u00f6\u00f6 meie kulul, 4 \u00f6\u00f6d<\/strong><\/a> | Broneeri neli \u00f6\u00f6d ning maksa kolme eest!<\/p>\n<p>&nbsp;<\/p>\n<p><strong><a href=\"http:\/\/padaste.ee\/et\/eripakkumised\/viis-ood-full-board\/\" target=\"_blank\" rel=\"noopener noreferrer\">Viis \u00f6\u00f6d full board, 5 \u00f6\u00f6d<\/a><\/strong> | Hellitage ennast viis \u00f6\u00f6d full board pakkumisega ning laske meil teie eest hoolitseda!<\/p>\n<p>&nbsp;<\/p>\n<p>&nbsp;<\/p>\n<p>&nbsp;<\/p>\n<p>Kindlasti nimeta meile broneeringusoovis ka eripakkumise nimi!<\/p>\n<p>&nbsp;<\/p>\n<p>Broneerimiseks v\u00f5tke meiega \u00fchendust emailil\u00a0<a href=\"mailto:info@padaste.ee\">info@padaste.ee<\/a>\u00a0v\u00f5i helistage numbril +372 45 48 800<\/p>\n<p>&nbsp;<\/p>\n<p>&nbsp;<\/p>\n<p><strong>P\u00e4daste elamuspaketid<\/strong><br \/>\n<a title=\"Tutvu P\u00e4daste elamuspakettidega siin\" href=\"http:\/\/padaste.ee\/et\/paketid\/\">Tutvu P\u00e4daste elamuspakettidega siin<\/a><\/p>\n","protected":false},"excerpt":{"rendered":"<p>Kuldne s\u00fcgislummus, 1 v\u00f5i 2 \u00f6\u00f6d | Kogege Muhu saare kuldset varas\u00fcgise lummust! &nbsp; Romantiline p\u00f5genemine, 2 \u00f6\u00f6d\u00a0| L\u00f5\u00f5gastuge romantilisel Muhu saarel! &nbsp; Vaimustav Spa, 3 \u00f6\u00f6d | Nauding rahust, loodusest ja hingest, mille poolest P\u00e4daste Spa tuntud on! &nbsp; Hooli endast, 2 \u00f6\u00f6d |\u00a0Kujunda enda Spa kogemus koos P\u00e4daste Spa Terapistiga! &nbsp; Neljas \u00f6\u00f6 [&hellip;]<\/p>\n","protected":false},"author":50,"featured_media":0,"parent":0,"menu_order":139,"comment_status":"closed","ping_status":"closed","template":"","meta":{"ngg_post_thumbnail":0,"_links_to":"","_links_to_target":""},"yoast_head":"<!-- This site is optimized with the Yoast SEO plugin v16.1.1 - https:\/\/yoast.com\/wordpress\/plugins\/seo\/ -->\n<title>Eripakkumised -<\/title>\n<meta name=\"description\" content=\"P\u00e4daste M\u00f5isa imelised eripakkumised!\" \/>\n<link rel=\"canonical\" href=\"https:\/\/xn--pdaste-bua.ee\/et\/eripakkumised\/\" \/>\n<meta property=\"og:locale\" content=\"et_EE\" \/>\n<meta property=\"og:type\" content=\"article\" \/>\n<meta property=\"og:title\" content=\"Eripakkumised -\" \/>\n<meta property=\"og:description\" content=\"P\u00e4daste M\u00f5isa imelised eripakkumised!\" \/>\n<meta property=\"og:url\" content=\"https:\/\/xn--pdaste-bua.ee\/et\/eripakkumised\/\" \/>\n<meta property=\"article:publisher\" content=\"https:\/\/www.facebook.com\/Padastemanor\/\" \/>\n<meta property=\"article:modified_time\" content=\"2025-09-16T14:03:51+00:00\" \/>\n<meta name=\"twitter:card\" content=\"summary_large_image\" \/>\n<meta name=\"twitter:label1\" content=\"Est. reading time\">\n\t<meta name=\"twitter:data1\" content=\"1 minut\">\n<script type=\"application\/ld+json\" class=\"yoast-schema-graph\">{\"@context\":\"https:\/\/schema.org\",\"@graph\":[{\"@type\":\"Organization\",\"@id\":\"https:\/\/padaste.ee\/#organization\",\"name\":\"P\\u00e4daste M\\u00f5is\",\"url\":\"https:\/\/padaste.ee\/\",\"sameAs\":[\"https:\/\/www.facebook.com\/Padastemanor\/\"],\"logo\":{\"@type\":\"ImageObject\",\"@id\":\"https:\/\/padaste.ee\/#logo\",\"inLanguage\":\"et\",\"url\":\"https:\/\/padaste.ee\/wp-content\/uploads\/2018\/12\/padaste_2011.jpg\",\"contentUrl\":\"https:\/\/padaste.ee\/wp-content\/uploads\/2018\/12\/padaste_2011.jpg\",\"width\":154,\"height\":61,\"caption\":\"P\\u00e4daste M\\u00f5is\"},\"image\":{\"@id\":\"https:\/\/padaste.ee\/#logo\"}},{\"@type\":\"WebSite\",\"@id\":\"https:\/\/padaste.ee\/#website\",\"url\":\"https:\/\/padaste.ee\/\",\"name\":\"\",\"description\":\"\",\"publisher\":{\"@id\":\"https:\/\/padaste.ee\/#organization\"},\"potentialAction\":[{\"@type\":\"SearchAction\",\"target\":\"https:\/\/padaste.ee\/?s={search_term_string}\",\"query-input\":\"required name=search_term_string\"}],\"inLanguage\":\"et\"},{\"@type\":\"WebPage\",\"@id\":\"https:\/\/xn--pdaste-bua.ee\/et\/eripakkumised\/#webpage\",\"url\":\"https:\/\/xn--pdaste-bua.ee\/et\/eripakkumised\/\",\"name\":\"Eripakkumised -\",\"isPartOf\":{\"@id\":\"https:\/\/padaste.ee\/#website\"},\"datePublished\":\"2015-07-29T18:32:58+00:00\",\"dateModified\":\"2025-09-16T14:03:51+00:00\",\"description\":\"P\\u00e4daste M\\u00f5isa imelised eripakkumised!\",\"breadcrumb\":{\"@id\":\"https:\/\/xn--pdaste-bua.ee\/et\/eripakkumised\/#breadcrumb\"},\"inLanguage\":\"et\",\"potentialAction\":[{\"@type\":\"ReadAction\",\"target\":[\"https:\/\/xn--pdaste-bua.ee\/et\/eripakkumised\/\"]}]},{\"@type\":\"BreadcrumbList\",\"@id\":\"https:\/\/xn--pdaste-bua.ee\/et\/eripakkumised\/#breadcrumb\",\"itemListElement\":[{\"@type\":\"ListItem\",\"position\":1,\"item\":{\"@type\":\"WebPage\",\"@id\":\"https:\/\/padaste.ee\/et\/\",\"url\":\"https:\/\/padaste.ee\/et\/\",\"name\":\"Home\"}},{\"@type\":\"ListItem\",\"position\":2,\"item\":{\"@type\":\"WebPage\",\"@id\":\"https:\/\/xn--pdaste-bua.ee\/et\/eripakkumised\/\",\"url\":\"https:\/\/xn--pdaste-bua.ee\/et\/eripakkumised\/\",\"name\":\"Eripakkumised\"}}]}]}<\/script>\n<!-- \/ Yoast SEO plugin. -->","_links":{"self":[{"href":"https:\/\/www.xn--pdaste-bua.ee\/et\/wp-json\/wp\/v2\/pages\/8975"}],"collection":[{"href":"https:\/\/www.xn--pdaste-bua.ee\/et\/wp-json\/wp\/v2\/pages"}],"about":[{"href":"https:\/\/www.xn--pdaste-bua.ee\/et\/wp-json\/wp\/v2\/types\/page"}],"author":[{"embeddable":true,"href":"https:\/\/www.xn--pdaste-bua.ee\/et\/wp-json\/wp\/v2\/users\/50"}],"replies":[{"embeddable":true,"href":"https:\/\/www.xn--pdaste-bua.ee\/et\/wp-json\/wp\/v2\/comments?post=8975"}],"version-history":[{"count":71,"href":"https:\/\/www.xn--pdaste-bua.ee\/et\/wp-json\/wp\/v2\/pages\/8975\/revisions"}],"predecessor-version":[{"id":25282,"href":"https:\/\/www.xn--pdaste-bua.ee\/et\/wp-json\/wp\/v2\/pages\/8975\/revisions\/25282"}],"wp:attachment":[{"href":"https:\/\/www.xn--pdaste-bua.ee\/et\/wp-json\/wp\/v2\/media?parent=8975"}],"curies":[{"name":"wp","href":"https:\/\/api.w.org\/{rel}","templated":true}]}}