{"id":8986,"date":"2015-07-29T21:39:53","date_gmt":"2015-07-29T18:39:53","guid":{"rendered":"http:\/\/padastenew.local\/?page_id=8986"},"modified":"2025-08-11T17:02:09","modified_gmt":"2025-08-11T17:02:09","slug":"puhkehetked","status":"publish","type":"page","link":"https:\/\/www.xn--pdaste-bua.ee\/et\/puhkehetked\/","title":{"rendered":"Puhkehetked"},"content":{"rendered":"<p style=\"text-align: right;\">\u00a0<\/p>\n<p><a href=\"http:\/\/www.padaste.ee\/wp-content\/uploads\/2018\/02\/seahouse-pond.jpg\"><img loading=\"lazy\" class=\"alignright wp-image-11731 size-medium\" src=\"http:\/\/www.padaste.ee\/wp-content\/uploads\/2018\/02\/seahouse-pond-300x169.jpg\" alt=\"\" width=\"300\" height=\"169\" srcset=\"https:\/\/www.xn--pdaste-bua.ee\/wp-content\/uploads\/2018\/02\/seahouse-pond-300x169.jpg 300w, https:\/\/www.xn--pdaste-bua.ee\/wp-content\/uploads\/2018\/02\/seahouse-pond-768x432.jpg 768w, https:\/\/www.xn--pdaste-bua.ee\/wp-content\/uploads\/2018\/02\/seahouse-pond-1024x576.jpg 1024w, https:\/\/www.xn--pdaste-bua.ee\/wp-content\/uploads\/2018\/02\/seahouse-pond-24x14.jpg 24w, https:\/\/www.xn--pdaste-bua.ee\/wp-content\/uploads\/2018\/02\/seahouse-pond-36x20.jpg 36w, https:\/\/www.xn--pdaste-bua.ee\/wp-content\/uploads\/2018\/02\/seahouse-pond-48x27.jpg 48w\" sizes=\"(max-width: 300px) 100vw, 300px\" \/><\/a><\/p>\n<p>\u00dcmbritsetuna k\u00fclluslikust ja rikkumata loodusest, puutumatuna ruttavast ja l\u00e4rmakast linnaelust, m\u00f5jub id\u00fclliline Muhu saar justkui p\u00e4\u00e4semisena. K\u00fcll aga on siin samaaegselt paljugi, millest r\u00f5\u00f5mu tunda ja mida nautida. <br \/>\nLoodusretked, ratsutamine, kalastamine ja palju muud kohalikku ning p\u00f5nevat.<\/p>\n<p>&nbsp;<\/p>\n<p>V\u00f5ime uhkusega lubada, et meie poolt pakutav on meie k\u00fclalise jaoks t\u00f5eliselt eriline elamus:<\/p>\n<p>&nbsp;<\/p>\n<p style=\"padding-left: 90px;\"><a href=\"http:\/\/www.padaste.ee\/et\/puhkehetked\/rahustav\/\">Rahustav<\/a><\/p>\n<p style=\"padding-left: 90px;\"><a href=\"http:\/\/www.padaste.ee\/et\/puhkehetked\/inspireeriv\/\">Inspireeriv<\/a><\/p>\n<p style=\"padding-left: 90px;\"><a href=\"http:\/\/www.padaste.ee\/et\/puhkehetked\/toeline-muhu\/\">T\u00f5eline Muhu<\/a><\/p>\n<p style=\"padding-left: 90px;\"><a href=\"http:\/\/www.padaste.ee\/et\/puhkehetked\/hoogne\/\">Hoogne<\/a><\/p>\n","protected":false},"excerpt":{"rendered":"<p>\u00a0 \u00dcmbritsetuna k\u00fclluslikust ja rikkumata loodusest, puutumatuna ruttavast ja l\u00e4rmakast linnaelust, m\u00f5jub id\u00fclliline Muhu saar justkui p\u00e4\u00e4semisena. K\u00fcll aga on siin samaaegselt paljugi, millest r\u00f5\u00f5mu tunda ja mida nautida. Loodusretked, ratsutamine, kalastamine ja palju muud kohalikku ning p\u00f5nevat. &nbsp; V\u00f5ime uhkusega lubada, et meie poolt pakutav on meie k\u00fclalise jaoks t\u00f5eliselt eriline elamus: &nbsp; Rahustav [&hellip;]<\/p>\n","protected":false},"author":50,"featured_media":0,"parent":0,"menu_order":78,"comment_status":"closed","ping_status":"closed","template":"","meta":{"ngg_post_thumbnail":0,"_links_to":"","_links_to_target":""},"yoast_head":"<!-- This site is optimized with the Yoast SEO plugin v16.1.1 - https:\/\/yoast.com\/wordpress\/plugins\/seo\/ -->\n<title>Puhkehetked -<\/title>\n<link rel=\"canonical\" href=\"https:\/\/xn--pdaste-bua.ee\/et\/puhkehetked\/\" \/>\n<meta property=\"og:locale\" content=\"et_EE\" \/>\n<meta property=\"og:type\" content=\"article\" \/>\n<meta property=\"og:title\" content=\"Puhkehetked -\" \/>\n<meta property=\"og:description\" content=\"\u00a0 \u00dcmbritsetuna k\u00fclluslikust ja rikkumata loodusest, puutumatuna ruttavast ja l\u00e4rmakast linnaelust, m\u00f5jub id\u00fclliline Muhu saar justkui p\u00e4\u00e4semisena. K\u00fcll aga on siin samaaegselt paljugi, millest r\u00f5\u00f5mu tunda ja mida nautida. Loodusretked, ratsutamine, kalastamine ja palju muud kohalikku ning p\u00f5nevat. &nbsp; V\u00f5ime uhkusega lubada, et meie poolt pakutav on meie k\u00fclalise jaoks t\u00f5eliselt eriline elamus: &nbsp; Rahustav [&hellip;]\" \/>\n<meta property=\"og:url\" content=\"https:\/\/xn--pdaste-bua.ee\/et\/puhkehetked\/\" \/>\n<meta property=\"article:publisher\" content=\"https:\/\/www.facebook.com\/Padastemanor\/\" \/>\n<meta property=\"article:modified_time\" content=\"2025-08-11T17:02:09+00:00\" \/>\n<meta property=\"og:image\" content=\"http:\/\/www.padaste.ee\/wp-content\/uploads\/2018\/02\/seahouse-pond-300x169.jpg\" \/>\n<meta name=\"twitter:card\" content=\"summary_large_image\" \/>\n<meta name=\"twitter:label1\" content=\"Est. reading time\">\n\t<meta name=\"twitter:data1\" content=\"1 minut\">\n<script type=\"application\/ld+json\" class=\"yoast-schema-graph\">{\"@context\":\"https:\/\/schema.org\",\"@graph\":[{\"@type\":\"Organization\",\"@id\":\"https:\/\/padaste.ee\/#organization\",\"name\":\"P\\u00e4daste M\\u00f5is\",\"url\":\"https:\/\/padaste.ee\/\",\"sameAs\":[\"https:\/\/www.facebook.com\/Padastemanor\/\"],\"logo\":{\"@type\":\"ImageObject\",\"@id\":\"https:\/\/padaste.ee\/#logo\",\"inLanguage\":\"et\",\"url\":\"https:\/\/padaste.ee\/wp-content\/uploads\/2018\/12\/padaste_2011.jpg\",\"contentUrl\":\"https:\/\/padaste.ee\/wp-content\/uploads\/2018\/12\/padaste_2011.jpg\",\"width\":154,\"height\":61,\"caption\":\"P\\u00e4daste M\\u00f5is\"},\"image\":{\"@id\":\"https:\/\/padaste.ee\/#logo\"}},{\"@type\":\"WebSite\",\"@id\":\"https:\/\/padaste.ee\/#website\",\"url\":\"https:\/\/padaste.ee\/\",\"name\":\"\",\"description\":\"\",\"publisher\":{\"@id\":\"https:\/\/padaste.ee\/#organization\"},\"potentialAction\":[{\"@type\":\"SearchAction\",\"target\":\"https:\/\/padaste.ee\/?s={search_term_string}\",\"query-input\":\"required name=search_term_string\"}],\"inLanguage\":\"et\"},{\"@type\":\"ImageObject\",\"@id\":\"https:\/\/xn--pdaste-bua.ee\/et\/puhkehetked\/#primaryimage\",\"inLanguage\":\"et\",\"url\":\"http:\/\/www.padaste.ee\/wp-content\/uploads\/2018\/02\/seahouse-pond-300x169.jpg\",\"contentUrl\":\"http:\/\/www.padaste.ee\/wp-content\/uploads\/2018\/02\/seahouse-pond-300x169.jpg\"},{\"@type\":\"WebPage\",\"@id\":\"https:\/\/xn--pdaste-bua.ee\/et\/puhkehetked\/#webpage\",\"url\":\"https:\/\/xn--pdaste-bua.ee\/et\/puhkehetked\/\",\"name\":\"Puhkehetked -\",\"isPartOf\":{\"@id\":\"https:\/\/padaste.ee\/#website\"},\"primaryImageOfPage\":{\"@id\":\"https:\/\/xn--pdaste-bua.ee\/et\/puhkehetked\/#primaryimage\"},\"datePublished\":\"2015-07-29T18:39:53+00:00\",\"dateModified\":\"2025-08-11T17:02:09+00:00\",\"breadcrumb\":{\"@id\":\"https:\/\/xn--pdaste-bua.ee\/et\/puhkehetked\/#breadcrumb\"},\"inLanguage\":\"et\",\"potentialAction\":[{\"@type\":\"ReadAction\",\"target\":[\"https:\/\/xn--pdaste-bua.ee\/et\/puhkehetked\/\"]}]},{\"@type\":\"BreadcrumbList\",\"@id\":\"https:\/\/xn--pdaste-bua.ee\/et\/puhkehetked\/#breadcrumb\",\"itemListElement\":[{\"@type\":\"ListItem\",\"position\":1,\"item\":{\"@type\":\"WebPage\",\"@id\":\"https:\/\/padaste.ee\/et\/\",\"url\":\"https:\/\/padaste.ee\/et\/\",\"name\":\"Home\"}},{\"@type\":\"ListItem\",\"position\":2,\"item\":{\"@type\":\"WebPage\",\"@id\":\"https:\/\/xn--pdaste-bua.ee\/et\/puhkehetked\/\",\"url\":\"https:\/\/xn--pdaste-bua.ee\/et\/puhkehetked\/\",\"name\":\"Puhkehetked\"}}]}]}<\/script>\n<!-- \/ Yoast SEO plugin. -->","_links":{"self":[{"href":"https:\/\/www.xn--pdaste-bua.ee\/et\/wp-json\/wp\/v2\/pages\/8986"}],"collection":[{"href":"https:\/\/www.xn--pdaste-bua.ee\/et\/wp-json\/wp\/v2\/pages"}],"about":[{"href":"https:\/\/www.xn--pdaste-bua.ee\/et\/wp-json\/wp\/v2\/types\/page"}],"author":[{"embeddable":true,"href":"https:\/\/www.xn--pdaste-bua.ee\/et\/wp-json\/wp\/v2\/users\/50"}],"replies":[{"embeddable":true,"href":"https:\/\/www.xn--pdaste-bua.ee\/et\/wp-json\/wp\/v2\/comments?post=8986"}],"version-history":[{"count":4,"href":"https:\/\/www.xn--pdaste-bua.ee\/et\/wp-json\/wp\/v2\/pages\/8986\/revisions"}],"predecessor-version":[{"id":24827,"href":"https:\/\/www.xn--pdaste-bua.ee\/et\/wp-json\/wp\/v2\/pages\/8986\/revisions\/24827"}],"wp:attachment":[{"href":"https:\/\/www.xn--pdaste-bua.ee\/et\/wp-json\/wp\/v2\/media?parent=8986"}],"curies":[{"name":"wp","href":"https:\/\/api.w.org\/{rel}","templated":true}]}}