{"id":9000,"date":"2015-07-29T21:45:04","date_gmt":"2015-07-29T18:45:04","guid":{"rendered":"http:\/\/padastenew.local\/?page_id=9000"},"modified":"2015-08-02T15:29:51","modified_gmt":"2015-08-02T12:29:51","slug":"muhu-saar","status":"publish","type":"page","link":"https:\/\/www.xn--pdaste-bua.ee\/et\/puhkehetked\/muhu-saar\/","title":{"rendered":"Muhu saar"},"content":{"rendered":"<p><a href=\"http:\/\/padaste.ee\/wp-content\/uploads\/2010\/04\/dancing.jpg\"><img loading=\"lazy\" class=\" size-medium wp-image-2700 alignright\" src=\"http:\/\/padaste.ee\/wp-content\/uploads\/2010\/04\/dancing-300x291.jpg\" alt=\"dancing\" width=\"300\" height=\"291\" srcset=\"https:\/\/www.xn--pdaste-bua.ee\/wp-content\/uploads\/2010\/04\/dancing-300x291.jpg 300w, https:\/\/www.xn--pdaste-bua.ee\/wp-content\/uploads\/2010\/04\/dancing-24x24.jpg 24w, https:\/\/www.xn--pdaste-bua.ee\/wp-content\/uploads\/2010\/04\/dancing-36x36.jpg 36w, https:\/\/www.xn--pdaste-bua.ee\/wp-content\/uploads\/2010\/04\/dancing-48x48.jpg 48w, https:\/\/www.xn--pdaste-bua.ee\/wp-content\/uploads\/2010\/04\/dancing.jpg 360w\" sizes=\"(max-width: 300px) 100vw, 300px\" \/><\/a>Muhu saar on justkui rikkumata aare.<br \/> Miski v\u00e4ga eriline tunne on sellel saarel s\u00e4ilinud, andes endast m\u00e4rku suvistel aasadel, kadakametsades ja uhkes \u00fcksinduses toimivates taludes.Dolomiidikalju ja koopad p\u00f5hjarannikul, 13.sajandist p\u00e4rinev Katariina kirik ja Koguva rannak\u00fcla &#8211;<br \/> k\u00f5ik need paigad eranditult on v\u00e4\u00e4rt k\u00fclastamist.<\/p>\n<p><a href=\"http:\/\/www.muhu.info\/\" target=\"_blank\"><img loading=\"lazy\" style=\"margin: 10px; border: 0pt none; float: left;\" src=\"http:\/\/www.padaste.ee\/\/wp-content\/uploads\/image\/images\/muhu\/t_muhu_webbutton_final.gif\" alt=\"\" width=\"101\" height=\"34\" \/><\/a><\/p>\n","protected":false},"excerpt":{"rendered":"<p>Muhu saar on justkui rikkumata aare. Miski v\u00e4ga eriline tunne on sellel saarel s\u00e4ilinud, andes endast m\u00e4rku suvistel aasadel, kadakametsades ja uhkes \u00fcksinduses toimivates taludes.Dolomiidikalju ja koopad p\u00f5hjarannikul, 13.sajandist p\u00e4rinev Katariina kirik ja Koguva rannak\u00fcla &#8211; k\u00f5ik need paigad eranditult on v\u00e4\u00e4rt k\u00fclastamist.<\/p>\n","protected":false},"author":50,"featured_media":0,"parent":8986,"menu_order":0,"comment_status":"closed","ping_status":"closed","template":"","meta":{"ngg_post_thumbnail":0,"_links_to":"","_links_to_target":""},"yoast_head":"<!-- This site is optimized with the Yoast SEO plugin v16.1.1 - https:\/\/yoast.com\/wordpress\/plugins\/seo\/ -->\n<title>Muhu saar -<\/title>\n<link rel=\"canonical\" href=\"https:\/\/www.xn--pdaste-bua.ee\/et\/puhkehetked\/muhu-saar\/\" \/>\n<meta property=\"og:locale\" content=\"et_EE\" \/>\n<meta property=\"og:type\" content=\"article\" \/>\n<meta property=\"og:title\" content=\"Muhu saar -\" \/>\n<meta property=\"og:description\" content=\"Muhu saar on justkui rikkumata aare. Miski v\u00e4ga eriline tunne on sellel saarel s\u00e4ilinud, andes endast m\u00e4rku suvistel aasadel, kadakametsades ja uhkes \u00fcksinduses toimivates taludes.Dolomiidikalju ja koopad p\u00f5hjarannikul, 13.sajandist p\u00e4rinev Katariina kirik ja Koguva rannak\u00fcla &#8211; k\u00f5ik need paigad eranditult on v\u00e4\u00e4rt k\u00fclastamist.\" \/>\n<meta property=\"og:url\" content=\"https:\/\/www.xn--pdaste-bua.ee\/et\/puhkehetked\/muhu-saar\/\" \/>\n<meta property=\"article:publisher\" content=\"https:\/\/www.facebook.com\/Padastemanor\/\" \/>\n<meta property=\"article:modified_time\" content=\"2015-08-02T12:29:51+00:00\" \/>\n<meta property=\"og:image\" content=\"http:\/\/padaste.ee\/wp-content\/uploads\/2010\/04\/dancing-300x291.jpg\" \/>\n<meta name=\"twitter:card\" content=\"summary_large_image\" \/>\n<script type=\"application\/ld+json\" class=\"yoast-schema-graph\">{\"@context\":\"https:\/\/schema.org\",\"@graph\":[{\"@type\":\"Organization\",\"@id\":\"https:\/\/padaste.ee\/#organization\",\"name\":\"P\\u00e4daste M\\u00f5is\",\"url\":\"https:\/\/padaste.ee\/\",\"sameAs\":[\"https:\/\/www.facebook.com\/Padastemanor\/\"],\"logo\":{\"@type\":\"ImageObject\",\"@id\":\"https:\/\/padaste.ee\/#logo\",\"inLanguage\":\"et\",\"url\":\"https:\/\/padaste.ee\/wp-content\/uploads\/2018\/12\/padaste_2011.jpg\",\"contentUrl\":\"https:\/\/padaste.ee\/wp-content\/uploads\/2018\/12\/padaste_2011.jpg\",\"width\":154,\"height\":61,\"caption\":\"P\\u00e4daste M\\u00f5is\"},\"image\":{\"@id\":\"https:\/\/padaste.ee\/#logo\"}},{\"@type\":\"WebSite\",\"@id\":\"https:\/\/padaste.ee\/#website\",\"url\":\"https:\/\/padaste.ee\/\",\"name\":\"\",\"description\":\"\",\"publisher\":{\"@id\":\"https:\/\/padaste.ee\/#organization\"},\"potentialAction\":[{\"@type\":\"SearchAction\",\"target\":\"https:\/\/padaste.ee\/?s={search_term_string}\",\"query-input\":\"required name=search_term_string\"}],\"inLanguage\":\"et\"},{\"@type\":\"ImageObject\",\"@id\":\"https:\/\/www.xn--pdaste-bua.ee\/et\/puhkehetked\/muhu-saar\/#primaryimage\",\"inLanguage\":\"et\",\"url\":\"http:\/\/padaste.ee\/wp-content\/uploads\/2010\/04\/dancing-300x291.jpg\",\"contentUrl\":\"http:\/\/padaste.ee\/wp-content\/uploads\/2010\/04\/dancing-300x291.jpg\"},{\"@type\":\"WebPage\",\"@id\":\"https:\/\/www.xn--pdaste-bua.ee\/et\/puhkehetked\/muhu-saar\/#webpage\",\"url\":\"https:\/\/www.xn--pdaste-bua.ee\/et\/puhkehetked\/muhu-saar\/\",\"name\":\"Muhu saar -\",\"isPartOf\":{\"@id\":\"https:\/\/padaste.ee\/#website\"},\"primaryImageOfPage\":{\"@id\":\"https:\/\/www.xn--pdaste-bua.ee\/et\/puhkehetked\/muhu-saar\/#primaryimage\"},\"datePublished\":\"2015-07-29T18:45:04+00:00\",\"dateModified\":\"2015-08-02T12:29:51+00:00\",\"breadcrumb\":{\"@id\":\"https:\/\/www.xn--pdaste-bua.ee\/et\/puhkehetked\/muhu-saar\/#breadcrumb\"},\"inLanguage\":\"et\",\"potentialAction\":[{\"@type\":\"ReadAction\",\"target\":[\"https:\/\/www.xn--pdaste-bua.ee\/et\/puhkehetked\/muhu-saar\/\"]}]},{\"@type\":\"BreadcrumbList\",\"@id\":\"https:\/\/www.xn--pdaste-bua.ee\/et\/puhkehetked\/muhu-saar\/#breadcrumb\",\"itemListElement\":[{\"@type\":\"ListItem\",\"position\":1,\"item\":{\"@type\":\"WebPage\",\"@id\":\"https:\/\/padaste.ee\/et\/\",\"url\":\"https:\/\/padaste.ee\/et\/\",\"name\":\"Home\"}},{\"@type\":\"ListItem\",\"position\":2,\"item\":{\"@type\":\"WebPage\",\"@id\":\"https:\/\/xn--pdaste-bua.ee\/et\/puhkehetked\/\",\"url\":\"https:\/\/xn--pdaste-bua.ee\/et\/puhkehetked\/\",\"name\":\"Puhkehetked\"}},{\"@type\":\"ListItem\",\"position\":3,\"item\":{\"@type\":\"WebPage\",\"@id\":\"https:\/\/www.xn--pdaste-bua.ee\/et\/puhkehetked\/muhu-saar\/\",\"url\":\"https:\/\/www.xn--pdaste-bua.ee\/et\/puhkehetked\/muhu-saar\/\",\"name\":\"Muhu saar\"}}]}]}<\/script>\n<!-- \/ Yoast SEO plugin. -->","_links":{"self":[{"href":"https:\/\/www.xn--pdaste-bua.ee\/et\/wp-json\/wp\/v2\/pages\/9000"}],"collection":[{"href":"https:\/\/www.xn--pdaste-bua.ee\/et\/wp-json\/wp\/v2\/pages"}],"about":[{"href":"https:\/\/www.xn--pdaste-bua.ee\/et\/wp-json\/wp\/v2\/types\/page"}],"author":[{"embeddable":true,"href":"https:\/\/www.xn--pdaste-bua.ee\/et\/wp-json\/wp\/v2\/users\/50"}],"replies":[{"embeddable":true,"href":"https:\/\/www.xn--pdaste-bua.ee\/et\/wp-json\/wp\/v2\/comments?post=9000"}],"version-history":[{"count":0,"href":"https:\/\/www.xn--pdaste-bua.ee\/et\/wp-json\/wp\/v2\/pages\/9000\/revisions"}],"up":[{"embeddable":true,"href":"https:\/\/www.xn--pdaste-bua.ee\/et\/wp-json\/wp\/v2\/pages\/8986"}],"wp:attachment":[{"href":"https:\/\/www.xn--pdaste-bua.ee\/et\/wp-json\/wp\/v2\/media?parent=9000"}],"curies":[{"name":"wp","href":"https:\/\/api.w.org\/{rel}","templated":true}]}}